{"id":55844,"date":"2025-11-10T14:47:23","date_gmt":"2025-11-10T19:47:23","guid":{"rendered":"https:\/\/staging.raic.symbiodev.xyz\/?page_id=55844"},"modified":"2026-01-27T10:01:24","modified_gmt":"2026-01-27T15:01:24","slug":"comment-faire-un-don","status":"publish","type":"page","link":"https:\/\/raic.org\/fr\/fondation-de-lirac\/soutenez-la-fondation-de-lirac\/comment-faire-un-don\/","title":{"rendered":"Comment faire un don"},"content":{"rendered":"\n<div class=\"wp-block-columns is-layout-flex wp-container-core-columns-is-layout-9d6595d7 wp-block-columns-is-layout-flex\">\n<div class=\"wp-block-column is-vertically-aligned-center is-layout-flow wp-block-column-is-layout-flow\" style=\"flex-basis:50%\">\n<figure class=\"wp-block-image size-full is-resized is-style-rounded\"><img decoding=\"async\" width=\"750\" height=\"500\" data-src=\"https:\/\/raic.org\/sites\/raic.org\/wp-content\/uploads\/2026\/01\/ralph-wiesbrock.webp\" alt=\"\" class=\"wp-image-56495 lazyload\" style=\"--smush-placeholder-width: 750px; --smush-placeholder-aspect-ratio: 750\/500;width:453px;height:auto\" data-srcset=\"https:\/\/raic.org\/sites\/raic.org\/wp-content\/uploads\/2026\/01\/ralph-wiesbrock.webp 750w, https:\/\/raic.org\/sites\/raic.org\/wp-content\/uploads\/2026\/01\/ralph-wiesbrock-300x200.webp 300w\" data-sizes=\"(max-width: 750px) 100vw, 750px\" src=\"data:image\/svg+xml;base64,PHN2ZyB3aWR0aD0iMSIgaGVpZ2h0PSIxIiB4bWxucz0iaHR0cDovL3d3dy53My5vcmcvMjAwMC9zdmciPjwvc3ZnPg==\" \/><\/figure>\n<\/div>\n\n\n\n<div class=\"wp-block-column is-layout-flow wp-block-column-is-layout-flow\" style=\"flex-basis:50%\">\n<div class=\"wp-block-raic-blocks-raic-block-quote\">\n    <blockquote class=\"raic-block-quote\">\n                \n        <p class=\"raic-block-quote-text\"><em>\u00a0<br><em><em>\u00ab Je soutiens la Fondation de l\u2019IRAC parce que je crois \u00e0 l\u2019architecture et je crois \u00e0 la profession. Je crois \u00e0 la valeur de nos contributions, en tant qu\u2019architectes, au Canada et \u00e0 l\u2019\u00e9tranger. C\u2019est pour moi une \u00e9vidence\u00a0: soutenir la Fondation de l\u2019IRAC est la fa\u00e7on la plus directe et la plus simple de manifester cette conviction. \u00bb<\/em><\/em><\/em><\/p>\n        \n                    <cite class=\"raic-block-quote-byline\">\n                                    Ralph Wiesbrock, FRAIC, associ\u00e9 \u00e9m\u00e9rite, KWC Architects inc..                            <\/cite>\n            <\/blockquote>\n<\/div><\/div>\n<\/div>\n\n\n\n<p>Vous pouvez contribuer par un don unique ou par des dons mensuels en cliquant sur le bouton&nbsp;<a href=\"https:\/\/www.canadahelps.org\/en\/dn\/38875\" target=\"_blank\" rel=\"noreferrer noopener\">CanaDon.org<\/a>&nbsp;ci-dessus. Vous pouvez aussi faire votre don en envoyant un ch\u00e8que libell\u00e9 \u00e0 l\u2019ordre de la Fondation de l\u2019IRAC \u00e0 l\u2019adresse suivante<\/p>\n\n\n\n<p>Fondation de l\u2019IRAC<br>415, rue McLeod<br>Ottawa, ON K2P 1A5<\/p>\n\n\n\n<div class=\"raic-anchor-target-point wp-block-raic-blocks-raic-anchor-target\" id=\"section-f94599\" aria-label=\"Comment faire un don\" data-menu-label=\"Comment faire un don\">\n        <\/div>\n\n\n<p><strong>Devenez un donateur mensuel<\/strong><\/p>\n\n\n\n<p>Nous vous invitons \u00e0 devenir un donateur mensuel en pr\u00e9autorisant des retraits r\u00e9guliers de votre compte de banque. Pour ce faire, veuillez compl\u00e9ter le formulaire d\u2019autorisation en cliquant sur le bouton&nbsp;<a href=\"https:\/\/www.raic.org\/sites\/default\/files\/raic\/documents\/eft_application-foundation_e.pdf\" target=\"_blank\" rel=\"noreferrer noopener\">autorisation&nbsp;<\/a>, puis envoyez-le par la poste \u00e0 l\u2019adresse ci-dessus.<\/p>\n\n\n\n<p>Un re\u00e7u fiscal sera \u00e9mis pour tous les dons \u00e0 la Fondation de l\u2019IRAC.<\/p>\n\n\n\n<p>Pour plus d\u2019information, ou si vous avez des questions au sujet de votre don, veuillez envoyer un courriel \u00e0&nbsp;<a href=\"mailto:james.taggart@raicf.ca\">Jim Taggart, FRAIC (Executive Director) RAIC Foundation<\/a><\/p>\n\n\n\n<p>Nos bourses et nos prix soutiennent les \u00e9tudiants, les stagiaires et les jeunes architectes, futurs cr\u00e9ateurs de l\u2019environnement b\u00e2ti.<\/p>\n\n\n\n<div class=\"raic-anchor-target-point wp-block-raic-blocks-raic-anchor-target\" id=\"section-91708a\" aria-label=\"Contact\" data-menu-label=\"Contact\">\n        <\/div>","protected":false},"excerpt":{"rendered":"<p>Vous pouvez contribuer par un don unique ou par des dons mensuels en cliquant sur le bouton&nbsp;CanaDon.org&nbsp;ci-dessus. Vous pouvez aussi faire votre don en envoyant un ch\u00e8que libell\u00e9 \u00e0 l\u2019ordre de la Fondation de l\u2019IRAC \u00e0 l\u2019adresse suivante Fondation de l\u2019IRAC415, rue McLeodOttawa, ON K2P 1A5 Devenez un donateur mensuel Nous vous invitons \u00e0 devenir [&hellip;]<\/p>\n","protected":false},"author":2114,"featured_media":0,"parent":55805,"menu_order":1,"comment_status":"closed","ping_status":"closed","template":"template-foundation.php","meta":{"_acf_changed":false,"footnotes":""},"class_list":["post-55844","page","type-page","status-publish","hentry"],"acf":[],"_links":{"self":[{"href":"https:\/\/raic.org\/fr\/wp-json\/wp\/v2\/pages\/55844","targetHints":{"allow":["GET"]}}],"collection":[{"href":"https:\/\/raic.org\/fr\/wp-json\/wp\/v2\/pages"}],"about":[{"href":"https:\/\/raic.org\/fr\/wp-json\/wp\/v2\/types\/page"}],"author":[{"embeddable":true,"href":"https:\/\/raic.org\/fr\/wp-json\/wp\/v2\/users\/2114"}],"replies":[{"embeddable":true,"href":"https:\/\/raic.org\/fr\/wp-json\/wp\/v2\/comments?post=55844"}],"version-history":[{"count":4,"href":"https:\/\/raic.org\/fr\/wp-json\/wp\/v2\/pages\/55844\/revisions"}],"predecessor-version":[{"id":59099,"href":"https:\/\/raic.org\/fr\/wp-json\/wp\/v2\/pages\/55844\/revisions\/59099"}],"up":[{"embeddable":true,"href":"https:\/\/raic.org\/fr\/wp-json\/wp\/v2\/pages\/55805"}],"wp:attachment":[{"href":"https:\/\/raic.org\/fr\/wp-json\/wp\/v2\/media?parent=55844"}],"curies":[{"name":"wp","href":"https:\/\/api.w.org\/{rel}","templated":true}]}}