{"id":55816,"date":"2025-11-10T15:07:52","date_gmt":"2025-11-10T20:07:52","guid":{"rendered":"https:\/\/staging.raic.symbiodev.xyz\/?page_id=55816"},"modified":"2026-01-22T13:15:17","modified_gmt":"2026-01-22T18:15:17","slug":"why-support-the-raic-foundation","status":"publish","type":"page","link":"https:\/\/raic.org\/fr\/fondation-de-lirac\/soutenez-la-fondation-de-lirac\/why-support-the-raic-foundation\/","title":{"rendered":"Pourquoi soutenir la Fondation de l\u2019IRAC"},"content":{"rendered":"\n<p>Nos bourses et nos prix soutiennent les \u00e9tudiants, les stagiaires et les jeunes architectes, futurs cr\u00e9ateurs de l\u2019environnement b\u00e2ti.<\/p>\n\n\n\n<p>Nos bourses et nos prix sont con\u00e7us pour atteindre les objectifs suivants:<\/p>\n\n\n\n<h6 class=\"wp-block-heading\"><strong>1. Soutenir les \u00e9tudiants et les stagiaires en architecture<\/strong><\/h6>\n\n\n\n<div style=\"height:0px\" aria-hidden=\"true\" class=\"wp-block-spacer\"><\/div>\n\n\n\n<div class=\"wp-block-columns is-layout-flex wp-container-core-columns-is-layout-9d6595d7 wp-block-columns-is-layout-flex\">\n<div class=\"wp-block-column is-layout-flow wp-block-column-is-layout-flow\">\n<div class=\"wp-block-raic-blocks-raic-block-quote\">\n    <blockquote class=\"raic-block-quote\">\n                \n        <p class=\"raic-block-quote-text\"><em><em>\u00ab Recevoir le Prix Bing Thom pour mon essai sur un b\u00e2timent transformateur a valid\u00e9 mes id\u00e9es et confirm\u00e9 qu\u2019il y a place dans la profession pour une pens\u00e9e critique au sujet du r\u00f4le de l\u2019architecture dans l\u2019\u00e9volution de la soci\u00e9t\u00e9. Ce prix a contribu\u00e9 \u00e0 financer mes \u00e9tudes et a inspir\u00e9 le projet de th\u00e8se \u00e0 travers lequel je continue \u00e0 explorer la fa\u00e7on dont les id\u00e9es peuvent \u00e9voluer de la r\u00e9flexion \u00e0 un r\u00e9el vecteur de changement. \u00bb<\/em><\/em><\/p>\n        \n                    <cite class=\"raic-block-quote-byline\">\n                                    Adam Cohen, laur\u00e9at 2025 d\u2019un Prix Bing Thom                            <\/cite>\n            <\/blockquote>\n<\/div><\/div>\n\n\n\n<div class=\"wp-block-column is-vertically-aligned-center is-layout-flow wp-block-column-is-layout-flow\"><div class=\"wp-block-image is-style-rounded\">\n<figure class=\"aligncenter size-full\"><img decoding=\"async\" width=\"227\" height=\"266\" data-src=\"https:\/\/raic.org\/sites\/raic.org\/wp-content\/uploads\/2025\/11\/f2025_bingthom_a.jpg\" alt=\"\" class=\"wp-image-38435 lazyload\" src=\"data:image\/svg+xml;base64,PHN2ZyB3aWR0aD0iMSIgaGVpZ2h0PSIxIiB4bWxucz0iaHR0cDovL3d3dy53My5vcmcvMjAwMC9zdmciPjwvc3ZnPg==\" style=\"--smush-placeholder-width: 227px; --smush-placeholder-aspect-ratio: 227\/266;\" \/><\/figure>\n<\/div><\/div>\n<\/div>\n\n\n\n<div class=\"wp-block-columns is-layout-flex wp-container-core-columns-is-layout-9d6595d7 wp-block-columns-is-layout-flex\">\n<div class=\"wp-block-column is-vertically-aligned-center is-layout-flow wp-block-column-is-layout-flow\"><div class=\"wp-block-image is-style-rounded\">\n<figure class=\"aligncenter size-full is-resized\"><img decoding=\"async\" width=\"1080\" height=\"1802\" data-src=\"https:\/\/raic.org\/sites\/raic.org\/wp-content\/uploads\/2025\/11\/Li_Janet-Large.jpg\" alt=\"\" class=\"wp-image-38371 lazyload\" style=\"--smush-placeholder-width: 1080px; --smush-placeholder-aspect-ratio: 1080\/1802;aspect-ratio:0.9305555555555556;object-fit:cover;width:236px;height:auto\" data-srcset=\"https:\/\/raic.org\/sites\/raic.org\/wp-content\/uploads\/2025\/11\/Li_Janet-Large.jpg 1080w, https:\/\/raic.org\/sites\/raic.org\/wp-content\/uploads\/2025\/11\/Li_Janet-Large-180x300.jpg 180w, https:\/\/raic.org\/sites\/raic.org\/wp-content\/uploads\/2025\/11\/Li_Janet-Large-614x1024.jpg 614w, https:\/\/raic.org\/sites\/raic.org\/wp-content\/uploads\/2025\/11\/Li_Janet-Large-768x1281.jpg 768w, https:\/\/raic.org\/sites\/raic.org\/wp-content\/uploads\/2025\/11\/Li_Janet-Large-921x1536.jpg 921w, https:\/\/raic.org\/sites\/raic.org\/wp-content\/uploads\/2025\/11\/Li_Janet-Large-300x501.jpg 300w\" data-sizes=\"(max-width: 1080px) 100vw, 1080px\" src=\"data:image\/svg+xml;base64,PHN2ZyB3aWR0aD0iMSIgaGVpZ2h0PSIxIiB4bWxucz0iaHR0cDovL3d3dy53My5vcmcvMjAwMC9zdmciPjwvc3ZnPg==\" \/><\/figure>\n<\/div><\/div>\n\n\n\n<div class=\"wp-block-column is-layout-flow wp-block-column-is-layout-flow\">\n<div class=\"wp-block-raic-blocks-raic-block-quote\">\n    <blockquote class=\"raic-block-quote\">\n                \n        <p class=\"raic-block-quote-text\"><em><em>\u00ab La r\u00e9ception de ce prix m\u2019a fait sentir comprise et m\u2019a confirm\u00e9 que mon travail rejoint les autres, ce qui est si important \u00e0 cette \u00e9tape de mon cheminement. \u00c7a me donne de la confiance pour continuer \u00e0 faire ce qui me passionne alors que je continue \u00e0 \u00e9voluer et \u00e0 d\u00e9finir mon r\u00f4le au sein de la communaut\u00e9 architecturale. \u00bb<\/em><\/em><\/p>\n        \n                    <cite class=\"raic-block-quote-byline\">\n                                    Janet Li, laur\u00e9ate 2025 du Prix pour la conservation architecturale de la Fondation de l\u2019Arts and Letters Club of Toronto<br><em>\u00a0<\/em>                            <\/cite>\n            <\/blockquote>\n<\/div><\/div>\n<\/div>\n\n\n\n<h6 class=\"wp-block-heading\"><strong><strong>2. Soutenir la recherche d\u2019envergure en architecture<\/strong><\/strong><\/h6>\n\n\n\n<div style=\"height:0px\" aria-hidden=\"true\" class=\"wp-block-spacer\"><\/div>\n\n\n\n<div class=\"wp-block-columns is-layout-flex wp-container-core-columns-is-layout-9d6595d7 wp-block-columns-is-layout-flex\">\n<div class=\"wp-block-column is-layout-flow wp-block-column-is-layout-flow\">\n<div class=\"wp-block-raic-blocks-raic-block-quote\">\n    <blockquote class=\"raic-block-quote\">\n                \n        <p class=\"raic-block-quote-text\"><em>\u00ab Il y a tr\u00e8s peu de sources de financement pour les architectes praticiens qui souhaitent faire de la recherche, et le soutien de la Fondation de l\u2019IRAC a fourni l\u2019encouragement et les ressources cruciales dont j\u2019avais besoin pour d\u00e9marrer mon projet. \u00c7a m\u2019a donn\u00e9 la confiance d\u2019explorer de nouvelles id\u00e9es qui relient le design architectural aux d\u00e9fis sociaux urgents. Je suis profond\u00e9ment reconnaissant \u00e0 la Fondation de reconna\u00eetre et de soutenir ce type de travail, qui aide \u00e0 construire un environnement b\u00e2ti plus \u00e9quitable et durable. \u00bb<\/em><\/p>\n        \n                    <cite class=\"raic-block-quote-byline\">\n                                    Jean-Philippe Beauchamp, boursier 2025 de la Bourse de la Fondation de l\u2019IRAC                            <\/cite>\n            <\/blockquote>\n<\/div><\/div>\n\n\n\n<div class=\"wp-block-column is-vertically-aligned-center is-layout-flow wp-block-column-is-layout-flow\">\n<figure class=\"wp-block-image size-full is-style-rounded\"><img decoding=\"async\" width=\"225\" height=\"266\" data-src=\"https:\/\/raic.org\/sites\/raic.org\/wp-content\/uploads\/2025\/11\/f2025_bursary-1.jpg\" alt=\"\" class=\"wp-image-38451 lazyload\" src=\"data:image\/svg+xml;base64,PHN2ZyB3aWR0aD0iMSIgaGVpZ2h0PSIxIiB4bWxucz0iaHR0cDovL3d3dy53My5vcmcvMjAwMC9zdmciPjwvc3ZnPg==\" style=\"--smush-placeholder-width: 225px; --smush-placeholder-aspect-ratio: 225\/266;\" \/><\/figure>\n<\/div>\n<\/div>\n\n\n\n<h6 class=\"wp-block-heading\"><strong><strong>3. Promouvoir le d\u00e9bat public sur les id\u00e9es architecturales qui influencent la soci\u00e9t\u00e9 et l\u2019environnement b\u00e2ti<\/strong><\/strong><\/h6>\n\n\n\n<div style=\"height:0px\" aria-hidden=\"true\" class=\"wp-block-spacer\"><\/div>\n\n\n\n<div class=\"wp-block-columns is-layout-flex wp-container-core-columns-is-layout-9d6595d7 wp-block-columns-is-layout-flex\">\n<div class=\"wp-block-column is-layout-flow wp-block-column-is-layout-flow\">\n<div class=\"wp-block-raic-blocks-raic-block-quote\">\n    <blockquote class=\"raic-block-quote\">\n                \n        <p class=\"raic-block-quote-text\"><em><em>\u00ab La r\u00e9ception du Prix du leadership David Thom a \u00e9t\u00e9 \u00e0 la fois un encouragement et un point tournant dans mon d\u00e9but de carri\u00e8re. Ce fut une affirmation de l\u2019importance d\u2019\u00e9tablir un rapprochement entre l\u2019architecture et les communications publiques plus g\u00e9n\u00e9rales, ce qui me semble depuis longtemps essentiel pour faire progresser la litt\u00e9racie en durabilit\u00e9 et en design. Cette reconnaissance m\u2019a permis de poursuivre des projets qui rendent les id\u00e9es architecturales accessibles \u00e0 un plus vaste public et a renforc\u00e9 mon engagement \u00e0 utiliser le design comme moyen d\u2019avoir un impact social et environnemental. \u00bb<\/em><\/em><\/p>\n        \n                    <cite class=\"raic-block-quote-byline\">\n                                    Kurtis Chen, laur\u00e9at 2025 du Prix du leadership David Thom                            <\/cite>\n            <\/blockquote>\n<\/div><\/div>\n\n\n\n<div class=\"wp-block-column is-vertically-aligned-center is-layout-flow wp-block-column-is-layout-flow\"><div class=\"wp-block-image is-style-rounded\">\n<figure class=\"aligncenter size-full\"><img decoding=\"async\" width=\"223\" height=\"266\" data-src=\"https:\/\/raic.org\/sites\/raic.org\/wp-content\/uploads\/2025\/11\/f2025_davidthom.jpg\" alt=\"\" class=\"wp-image-38465 lazyload\" src=\"data:image\/svg+xml;base64,PHN2ZyB3aWR0aD0iMSIgaGVpZ2h0PSIxIiB4bWxucz0iaHR0cDovL3d3dy53My5vcmcvMjAwMC9zdmciPjwvc3ZnPg==\" style=\"--smush-placeholder-width: 223px; --smush-placeholder-aspect-ratio: 223\/266;\" \/><\/figure>\n<\/div><\/div>\n<\/div>\n\n\n\n<div class=\"raic-anchor-target-point wp-block-raic-blocks-raic-anchor-target\" id=\"section-76b8af\" aria-label=\"Contact\" data-menu-label=\"Contact\">\n        <\/div>","protected":false},"excerpt":{"rendered":"<p>Nos bourses et nos prix soutiennent les \u00e9tudiants, les stagiaires et les jeunes architectes, futurs cr\u00e9ateurs de l\u2019environnement b\u00e2ti. Nos bourses et nos prix sont con\u00e7us pour atteindre les objectifs suivants: 1. Soutenir les \u00e9tudiants et les stagiaires en architecture 2. Soutenir la recherche d\u2019envergure en architecture 3. Promouvoir le d\u00e9bat public sur les id\u00e9es [&hellip;]<\/p>\n","protected":false},"author":2114,"featured_media":0,"parent":55805,"menu_order":0,"comment_status":"closed","ping_status":"closed","template":"template-foundation.php","meta":{"_acf_changed":false,"footnotes":""},"class_list":["post-55816","page","type-page","status-publish","hentry"],"acf":[],"_links":{"self":[{"href":"https:\/\/raic.org\/fr\/wp-json\/wp\/v2\/pages\/55816","targetHints":{"allow":["GET"]}}],"collection":[{"href":"https:\/\/raic.org\/fr\/wp-json\/wp\/v2\/pages"}],"about":[{"href":"https:\/\/raic.org\/fr\/wp-json\/wp\/v2\/types\/page"}],"author":[{"embeddable":true,"href":"https:\/\/raic.org\/fr\/wp-json\/wp\/v2\/users\/2114"}],"replies":[{"embeddable":true,"href":"https:\/\/raic.org\/fr\/wp-json\/wp\/v2\/comments?post=55816"}],"version-history":[{"count":4,"href":"https:\/\/raic.org\/fr\/wp-json\/wp\/v2\/pages\/55816\/revisions"}],"predecessor-version":[{"id":56274,"href":"https:\/\/raic.org\/fr\/wp-json\/wp\/v2\/pages\/55816\/revisions\/56274"}],"up":[{"embeddable":true,"href":"https:\/\/raic.org\/fr\/wp-json\/wp\/v2\/pages\/55805"}],"wp:attachment":[{"href":"https:\/\/raic.org\/fr\/wp-json\/wp\/v2\/media?parent=55816"}],"curies":[{"name":"wp","href":"https:\/\/api.w.org\/{rel}","templated":true}]}}