{"id":55805,"date":"2025-11-14T13:21:36","date_gmt":"2025-11-14T18:21:36","guid":{"rendered":"https:\/\/staging.raic.symbiodev.xyz\/?page_id=55805"},"modified":"2026-01-22T15:23:50","modified_gmt":"2026-01-22T20:23:50","slug":"soutenez-la-fondation-de-lirac","status":"publish","type":"page","link":"https:\/\/raic.org\/fr\/fondation-de-lirac\/soutenez-la-fondation-de-lirac\/","title":{"rendered":"Soutenez la Fondation de l\u2019IRAC"},"content":{"rendered":"\n<h2 class=\"wp-block-heading\"><strong> L\u2019impact de vos dons <\/strong><\/h2>\n\n\n\n<div class=\"wp-block-columns is-layout-flex wp-container-core-columns-is-layout-9d6595d7 wp-block-columns-is-layout-flex\">\n<div class=\"wp-block-column is-vertically-aligned-center is-layout-flow wp-block-column-is-layout-flow\" style=\"flex-basis:50%\"><div class=\"wp-block-image is-style-rounded\">\n<figure class=\"aligncenter size-full is-resized\"><img decoding=\"async\" width=\"500\" height=\"500\" data-src=\"https:\/\/raic.org\/sites\/raic.org\/wp-content\/uploads\/2025\/12\/Eric-Poxleitner.webp\" alt=\"\" class=\"wp-image-53084 lazyload\" style=\"--smush-placeholder-width: 500px; --smush-placeholder-aspect-ratio: 500\/500;width:396px\" data-srcset=\"https:\/\/raic.org\/sites\/raic.org\/wp-content\/uploads\/2025\/12\/Eric-Poxleitner.webp 500w, https:\/\/raic.org\/sites\/raic.org\/wp-content\/uploads\/2025\/12\/Eric-Poxleitner-300x300.webp 300w, https:\/\/raic.org\/sites\/raic.org\/wp-content\/uploads\/2025\/12\/Eric-Poxleitner-150x150.webp 150w, https:\/\/raic.org\/sites\/raic.org\/wp-content\/uploads\/2025\/12\/Eric-Poxleitner-100x100.webp 100w\" data-sizes=\"(max-width: 500px) 100vw, 500px\" src=\"data:image\/svg+xml;base64,PHN2ZyB3aWR0aD0iMSIgaGVpZ2h0PSIxIiB4bWxucz0iaHR0cDovL3d3dy53My5vcmcvMjAwMC9zdmciPjwvc3ZnPg==\" \/><\/figure>\n<\/div><\/div>\n\n\n\n<div class=\"wp-block-column is-layout-flow wp-block-column-is-layout-flow\" style=\"flex-basis:50%\">\n<div class=\"wp-block-raic-blocks-raic-block-quote\">\n    <blockquote class=\"raic-block-quote\">\n                \n        <p class=\"raic-block-quote-text\"><em><em>\u00ab Au fil de l\u2019\u00e9volution de notre pratique, nous recherchons et engageons les personnes les plus talentueuses de l\u2019industrie. Plusieurs d\u2019entre elles sont des dipl\u00f4m\u00e9s r\u00e9cents, dont les id\u00e9es fra\u00eeches, l\u2019enthousiasme et l\u2019esprit de collaboration nous aident dans nos efforts d\u2019am\u00e9lioration des services \u00e0 nos clients, ajoutent de la valeur \u00e0 nos projets et r\u00e9duisent l\u2019empreinte carbone de nos b\u00e2timents. Avec sa passion pour la durabilit\u00e9, la jeune g\u00e9n\u00e9ration nous pousse constamment \u00e0 faire mieux. Quand la Fondation de l\u2019IRAC nous a approch\u00e9s, nous avons tout de suite compris que ses programmes correspondaient bien \u00e0 nos valeurs et nous avons voulu y participer. \u00bb\u2019\u00a0\u00a0<\/em><\/em><\/p>\n        \n                    <cite class=\"raic-block-quote-byline\">\n                                    Eric Poxleitner, associ\u00e9 s\u00e9nior, Keystone Architecture                            <\/cite>\n            <\/blockquote>\n<\/div><\/div>\n<\/div>\n\n\n\n<div class=\"wp-block-columns is-layout-flex wp-container-core-columns-is-layout-9d6595d7 wp-block-columns-is-layout-flex\">\n<div class=\"wp-block-column is-layout-flow wp-block-column-is-layout-flow\" style=\"flex-basis:50%\">\n<div class=\"wp-block-raic-blocks-raic-block-quote\">\n    <blockquote class=\"raic-block-quote\">\n                \n        <p class=\"raic-block-quote-text\"><em><em>\u00ab L\u2019architecture me passionne depuis longtemps, mais en tant qu\u2019adulte avec une famille, la d\u00e9cision de retourner aux \u00e9tudes n\u2019a pas \u00e9t\u00e9 facile. Gr\u00e2ce \u00e0 des bourses comme celle-ci, nous avons moins de soucis financiers et je peux me concentrer sur mes \u00e9tudes.\u00a0J\u2019appr\u00e9cie sinc\u00e8rement votre soutien et j\u2019ai bien h\u00e2te au jour o\u00f9 je deviendrai membre de votre profession.\u00bb<\/em><\/em><\/p>\n        \n                    <cite class=\"raic-block-quote-byline\">\n                                    Steven Lamotte, boursier 2023 de la Bourse autochtone de la Fondation de l\u2019IRAC                            <\/cite>\n            <\/blockquote>\n<\/div><\/div>\n\n\n\n<div class=\"wp-block-column is-vertically-aligned-center is-layout-flow wp-block-column-is-layout-flow\" style=\"flex-basis:50%\"><div class=\"wp-block-image is-style-rounded\">\n<figure class=\"aligncenter size-full is-resized\"><img decoding=\"async\" width=\"357\" height=\"168\" data-src=\"https:\/\/raic.org\/sites\/raic.org\/wp-content\/uploads\/2025\/12\/logo-indspire_RGB@2x-002-e1768587831142.png\" alt=\"\" class=\"wp-image-53074 lazyload\" style=\"--smush-placeholder-width: 357px; --smush-placeholder-aspect-ratio: 357\/168;aspect-ratio:1.2095343680709534;object-fit:contain;width:396px;height:auto\" data-srcset=\"https:\/\/raic.org\/sites\/raic.org\/wp-content\/uploads\/2025\/12\/logo-indspire_RGB@2x-002-e1768587831142.png 357w, https:\/\/raic.org\/sites\/raic.org\/wp-content\/uploads\/2025\/12\/logo-indspire_RGB@2x-002-e1768587831142-300x141.png 300w\" data-sizes=\"(max-width: 357px) 100vw, 357px\" src=\"data:image\/svg+xml;base64,PHN2ZyB3aWR0aD0iMSIgaGVpZ2h0PSIxIiB4bWxucz0iaHR0cDovL3d3dy53My5vcmcvMjAwMC9zdmciPjwvc3ZnPg==\" \/><\/figure>\n<\/div><\/div>\n<\/div>\n\n\n\n<div class=\"wp-block-columns is-layout-flex wp-container-core-columns-is-layout-9d6595d7 wp-block-columns-is-layout-flex\">\n<div class=\"wp-block-column is-vertically-aligned-center is-layout-flow wp-block-column-is-layout-flow\" style=\"flex-basis:50%\"><div class=\"wp-block-image is-style-rounded\">\n<figure class=\"aligncenter size-large is-resized\"><img decoding=\"async\" width=\"1024\" height=\"1024\" data-src=\"https:\/\/raic.org\/sites\/raic.org\/wp-content\/uploads\/2025\/12\/Ross-wood-1024x1024.jpg\" alt=\"\" class=\"wp-image-53070 lazyload\" style=\"--smush-placeholder-width: 1024px; --smush-placeholder-aspect-ratio: 1024\/1024;width:396px\" data-srcset=\"https:\/\/raic.org\/sites\/raic.org\/wp-content\/uploads\/2025\/12\/Ross-wood-1024x1024.jpg 1024w, https:\/\/raic.org\/sites\/raic.org\/wp-content\/uploads\/2025\/12\/Ross-wood-300x300.jpg 300w, https:\/\/raic.org\/sites\/raic.org\/wp-content\/uploads\/2025\/12\/Ross-wood-150x150.jpg 150w, https:\/\/raic.org\/sites\/raic.org\/wp-content\/uploads\/2025\/12\/Ross-wood-768x768.jpg 768w, https:\/\/raic.org\/sites\/raic.org\/wp-content\/uploads\/2025\/12\/Ross-wood-1536x1536.jpg 1536w, https:\/\/raic.org\/sites\/raic.org\/wp-content\/uploads\/2025\/12\/Ross-wood-2048x2048.jpg 2048w, https:\/\/raic.org\/sites\/raic.org\/wp-content\/uploads\/2025\/12\/Ross-wood-100x100.jpg 100w\" data-sizes=\"(max-width: 1024px) 100vw, 1024px\" src=\"data:image\/svg+xml;base64,PHN2ZyB3aWR0aD0iMSIgaGVpZ2h0PSIxIiB4bWxucz0iaHR0cDovL3d3dy53My5vcmcvMjAwMC9zdmciPjwvc3ZnPg==\" \/><\/figure>\n<\/div><\/div>\n\n\n\n<div class=\"wp-block-column is-layout-flow wp-block-column-is-layout-flow\" style=\"flex-basis:50%\">\n<div class=\"wp-block-raic-blocks-raic-block-quote\">\n    <blockquote class=\"raic-block-quote\">\n                \n        <p class=\"raic-block-quote-text\"><em><em>\u00ab La Fondation de l\u2019IRAC a g\u00e9n\u00e9reusement soutenu mon projet de recherche, \u00ab Historical Tall Wood Toronto \u00bb, un catalogue d\u00e9taill\u00e9 des principaux b\u00e2timents patrimoniaux en gros bois d\u2019\u0153uvre de Toronto, et a \u00e9mis un commentaire au sujet du rapport entre la construction vernaculaire en bois d\u2019\u0153uvre et la technologie actuelle de construction en bois massif. Ce support m\u2019a permis d\u2019apporter une contribution utile \u00e0 la profession architecturale au Canada\u2019.<\/em><\/em><\/p>\n        \n                    <cite class=\"raic-block-quote-byline\">\n                                    Ross Wood, boursier 2024 de la Bourse de la Fondation de l\u2019IRAC                            <\/cite>\n            <\/blockquote>\n<\/div><\/div>\n<\/div>\n\n\n\n<p>Voyez comment faire un don par le biais de notre partenaire caritatif,&nbsp;<a href=\"https:\/\/www.canadahelps.org\/en\/dn\/38875\">CanaDon<\/a>&nbsp;, ou visitez notre page <a href=\"http:\/\/http\/fr\/fondation-de-lirac\/soutenez-la-fondation-de-lirac\/comment-faire-un-don\/\">Comment faire un don <\/a><\/p>\n\n\n\n<div class=\"raic-anchor-target-point wp-block-raic-blocks-raic-anchor-target\" id=\"section-eefa56\" aria-label=\"Contact\" data-menu-label=\"Contact\">\n        <\/div>","protected":false},"excerpt":{"rendered":"<p>L\u2019impact de vos dons Voyez comment faire un don par le biais de notre partenaire caritatif,&nbsp;CanaDon&nbsp;, ou visitez notre page Comment faire un don<\/p>\n","protected":false},"author":2114,"featured_media":0,"parent":35295,"menu_order":4,"comment_status":"closed","ping_status":"closed","template":"template-foundation.php","meta":{"_acf_changed":false,"footnotes":""},"class_list":["post-55805","page","type-page","status-publish","hentry"],"acf":[],"_links":{"self":[{"href":"https:\/\/raic.org\/fr\/wp-json\/wp\/v2\/pages\/55805","targetHints":{"allow":["GET"]}}],"collection":[{"href":"https:\/\/raic.org\/fr\/wp-json\/wp\/v2\/pages"}],"about":[{"href":"https:\/\/raic.org\/fr\/wp-json\/wp\/v2\/types\/page"}],"author":[{"embeddable":true,"href":"https:\/\/raic.org\/fr\/wp-json\/wp\/v2\/users\/2114"}],"replies":[{"embeddable":true,"href":"https:\/\/raic.org\/fr\/wp-json\/wp\/v2\/comments?post=55805"}],"version-history":[{"count":3,"href":"https:\/\/raic.org\/fr\/wp-json\/wp\/v2\/pages\/55805\/revisions"}],"predecessor-version":[{"id":56322,"href":"https:\/\/raic.org\/fr\/wp-json\/wp\/v2\/pages\/55805\/revisions\/56322"}],"up":[{"embeddable":true,"href":"https:\/\/raic.org\/fr\/wp-json\/wp\/v2\/pages\/35295"}],"wp:attachment":[{"href":"https:\/\/raic.org\/fr\/wp-json\/wp\/v2\/media?parent=55805"}],"curies":[{"name":"wp","href":"https:\/\/api.w.org\/{rel}","templated":true}]}}