{"id":55570,"date":"2026-01-12T16:03:04","date_gmt":"2026-01-12T21:03:04","guid":{"rendered":"https:\/\/staging.raic.symbiodev.xyz\/?page_id=55570"},"modified":"2026-02-02T16:53:11","modified_gmt":"2026-02-02T21:53:11","slug":"guide-du-site-web-de-lirac","status":"publish","type":"page","link":"https:\/\/raic.org\/fr\/guide-du-site-web-de-lirac\/","title":{"rendered":"Guide du site Web de l\u2019IRAC"},"content":{"rendered":"\n<h2 class=\"wp-block-heading\">Bienvenue sur le nouveau site Web de l\u2019IRAC&nbsp;<\/h2>\n\n\n\n<p>Nous sommes ravis de vous pr\u00e9senter notre site Web enti\u00e8rement repens\u00e9, con\u00e7u en pla\u00e7ant vos commentaires au c\u0153ur de chaque d\u00e9cision. Ce guide vous aidera \u00e0 d\u00e9couvrir les nouvelles fonctionnalit\u00e9s et \u00e0 trouver rapidement et facilement tout ce dont vous avez besoin.<\/p>\n\n\n<div class=\"raic-anchor-menu alignfull alignfull wp-block-raic-blocks-anchor-menu\" data-target-selector=\".raic-anchor-target-point\" data-sticky-top=\"115px\" data-instance-id=\"raic-anchor-instance-6a03ad112ca00\">\n    <div class=\"container\">\n        <div class=\"raic-anchor-desktop d-none d-md-flex\">\n                            <span class=\"raic-anchor-label\">Aller \u00e0<\/span>\n                                    <\/div>\n            <\/div>\n<\/div>\n\n<div class=\"raic-anchor-mobile d-md-none\" data-sticky-top=\"0px\" data-instance-id=\"raic-anchor-instance-6a03ad112ca00\">\n    <div class=\"raic-anchor-dropdown\">\n        <button class=\"raic-anchor-toggle\" aria-expanded=\"false\" aria-controls=\"raicAnchorDropdownMenu-raic-anchor-instance-6a03ad112ca00\">\n            On this page <i class=\"bi bi-chevron-down\"><\/i>\n        <\/button>\n        <div class=\"raic-anchor-dropdown-menu\" id=\"raicAnchorDropdownMenu-raic-anchor-instance-6a03ad112ca00\">\n                    <\/div>\n    <\/div>\n<\/div>\n\n\n<div class=\"raic-anchor-target-point wp-block-raic-blocks-raic-anchor-target\" id=\"section-778f81\" aria-label=\"Quoi de neuf?\" data-menu-label=\"Quoi de neuf?\">\n        <\/div>\n\n\n<h3 class=\"wp-block-heading\"><strong>Nouvelles fonctionnalit\u00e9s<\/strong><\/h3>\n\n\n\n<div style=\"height:25px\" aria-hidden=\"true\" class=\"wp-block-spacer\"><\/div>\n\n\n\n<h4 class=\"wp-block-heading\"><strong>Mon portail&nbsp;<\/strong><\/h4>\n\n\n\n<div style=\"height:25px\" aria-hidden=\"true\" class=\"wp-block-spacer\"><\/div>\n\n\n\n<p>Votre carrefour personnalis\u00e9 pour tout ce qui concerne l\u2019IRAC. Le portail regroupe l\u2019essentiel au m\u00eame endroit, vous \u00e9vitant de parcourir plusieurs pages pour acc\u00e9der \u00e0 l\u2019information importante.<\/p>\n\n\n\n<p>Lorsque vous vous connectez, vous arrivez sur votre tableau de bord, qui pr\u00e9sente en un coup d\u2019\u0153il :<\/p>\n\n\n\n<ul class=\"wp-block-list\">\n<li>vos inscriptions.<\/li>\n\n\n\n<li>des informations cl\u00e9s,<\/li>\n\n\n\n<li>des liens rapides,<\/li>\n\n\n\n<li>les derni\u00e8res nouvelles et activit\u00e9s,<\/li>\n<\/ul>\n\n\n\n<div class=\"wp-block-raic-blocks-raic-block-quote\">\n    <blockquote class=\"raic-block-quote\">\n                    <h3 class=\"raic-block-quote-heading\">NOTE:<\/h3>\n                \n        <p class=\"raic-block-quote-text\">Les renouvellements d\u2019adh\u00e9sion se font directement dans le portail. Pour renouveler, s\u00e9lectionnez la banni\u00e8re jaune \u00ab Renouvelez votre adh\u00e9sion \u00bb affich\u00e9e sur votre tableau de bord.<\/p>\n        \n            <\/blockquote>\n<\/div>\n\n\n<div class=\"wp-block-columns is-layout-flex wp-container-core-columns-is-layout-9d6595d7 wp-block-columns-is-layout-flex\">\n<div class=\"wp-block-column is-layout-flow wp-block-column-is-layout-flow\">\n<h5 class=\"wp-block-heading has-white-color has-black-background-color has-text-color has-background has-link-color wp-elements-67b70a8f008aa42675d851280b2f6874\">Menu principal<\/h5>\n<\/div>\n\n\n\n<div class=\"wp-block-column is-layout-flow wp-block-column-is-layout-flow\"><\/div>\n<\/div>\n\n\n\n<p>Dans le menu principal \u00e0 gauche, vous pouvez :<\/p>\n\n\n\n<ul class=\"wp-block-list\">\n<li><strong>G\u00e9rer votre compte<\/strong> : mettre \u00e0 jour vos renseignements, ajouter un profil et consulter les t\u00e9l\u00e9chargements et politiques.<\/li>\n\n\n\n<li><strong>Mettre \u00e0 jour vos pr\u00e9f\u00e9rences de communication<\/strong> : configurer et modifier votre abonnement aux courriels, y compris les sujets qui vous int\u00e9ressent le plus.<\/li>\n\n\n\n<li><strong>Consulter vos paiements<\/strong> : revoir votre historique de paiements et t\u00e9l\u00e9charger vos re\u00e7us.<\/li>\n<\/ul>\n\n\n\n<p>Les membres ont acc\u00e8s \u00e0 des fonctionnalit\u00e9s additionnelles dans Mon portail, notamment :<\/p>\n\n\n\n<ul class=\"wp-block-list\">\n<li><strong>Acc\u00e9der \u00e0 vos avantages<\/strong> : renseignements sur les rabais d\u2019assurance, ressources de pratique et publications, avantages sant\u00e9 et voyage, etc.<\/li>\n\n\n\n<li><strong>G\u00e9rer votre inscription \u00e0 l\u2019annuaire<\/strong> : consulter et mettre \u00e0 jour vos param\u00e8tres et renseignements.<\/li>\n\n\n\n<li><strong>Consulter vos renseignements d\u2019adh\u00e9sion<\/strong> : v\u00e9rifier votre statut, vos param\u00e8tres de renouvellement automatique et les options d\u2019adh\u00e9sion suppl\u00e9mentaires.<\/li>\n<\/ul>\n\n\n\n<div style=\"height:25px\" aria-hidden=\"true\" class=\"wp-block-spacer\"><\/div>\n\n\n\n<div class=\"wp-block-columns is-layout-flex wp-container-core-columns-is-layout-9d6595d7 wp-block-columns-is-layout-flex\">\n<div class=\"wp-block-column is-layout-flow wp-block-column-is-layout-flow\">\n<h5 class=\"wp-block-heading has-white-color has-black-background-color has-text-color has-background has-link-color wp-elements-da380ad92dfe0fc187d5173af40e769f\">Services li\u00e9s \u00e0 l&#8217;IRAC<\/h5>\n<\/div>\n\n\n\n<div class=\"wp-block-column is-layout-flow wp-block-column-is-layout-flow\"><\/div>\n<\/div>\n\n\n\n<p>The RAIC Linked Services menu&nbsp;contains&nbsp;links&nbsp;to&nbsp;all the external platforms related to the RAIC. This includes:&nbsp;<\/p>\n\n\n\n<ul class=\"wp-block-list\">\n<li>IRAC Connects<\/li>\n\n\n\n<li>LMS IRAC<\/li>\n\n\n\n<li>IRAC Contrats Numeriques<\/li>\n\n\n\n<li>RAIC Award Force<\/li>\n\n\n\n<li>Magasin IRAC<\/li>\n\n\n\n<li>Calculateur des co\u00fbts de construction pour les membres de l\u2019IRAC<\/li>\n<\/ul>\n\n\n\n<div class=\"raic-generic-button-wrapper has-text-align-left wp-block-raic-blocks-raic-generic-button\">\n    <a href=\"https:\/\/raic.org\/fr\/my-portal\/tableau-de-bord\/\" \n       class=\"raic-generic-btn raic-secondary-btn-style\"\n       target=\"_blank\" rel=\"noopener noreferrer\">\n        Acc\u00e9der \u00e0 votre portail    <\/a>\n<\/div>\n\n\n\n\n<h4 class=\"wp-block-heading\"><strong>Ressources<\/strong><\/h4>\n\n\n\n<p>Notre nouvelle section Ressources facilite plus que jamais l\u2019acc\u00e8s aux documents et outils professionnels dont vous avez besoin :<\/p>\n\n\n\n<ul class=\"wp-block-list\">\n<li><strong>Ressources populaires<\/strong> \u2013 Acc\u00e9dez rapidement \u00e0 vos ressources les plus consult\u00e9es<\/li>\n\n\n\n<li><strong>Fonction de recherche am\u00e9lior\u00e9e<\/strong> \u2013 Recherchez des ressources par mots-cl\u00e9s ou filtrez par type de ressource ou par th\u00e8me<\/li>\n\n\n\n<li><strong>Aper\u00e7us visuels<\/strong> \u2013 Consultez des vignettes avant d\u2019ouvrir une ressource<\/li>\n<\/ul>\n\n\n\n<div class=\"raic-generic-button-wrapper has-text-align-left wp-block-raic-blocks-raic-generic-button\">\n    <a href=\"\/ressources\/\" \n       class=\"raic-generic-btn raic-secondary-btn-style\"\n       target=\"_blank\" rel=\"noopener noreferrer\">\n        Visiter la page Ressources    <\/a>\n<\/div>\n\n\n\n\n<div style=\"height:25px\" aria-hidden=\"true\" class=\"wp-block-spacer\"><\/div>\n\n\n\n<h4 class=\"wp-block-heading\"><strong>Fonctions de recherche am\u00e9lior\u00e9es<\/strong><\/h4>\n\n\n\n<p>Nous avons enti\u00e8rement repens\u00e9 les fonctions de recherche sur l\u2019ensemble du site :<\/p>\n\n\n\n<ul class=\"wp-block-list\">\n<li><strong>Barre de recherche unifi\u00e9e<\/strong> \u2013 Recherchez tous les types de contenu \u00e0 partir d\u2019un seul endroit dans la navigation principale<\/li>\n\n\n\n<li><strong>Fonctions de recherche cibl\u00e9es<\/strong> \u2013 Dans des sections cl\u00e9s comme la formation continue, le babillard d\u2019emplois, les ressources, les laur\u00e9ats des prix et les \u00e9v\u00e9nements<\/li>\n\n\n\n<li><strong>Filtres avanc\u00e9s<\/strong> \u2013 Affinez les r\u00e9sultats par type de contenu, date, lieu et plus encore<\/li>\n<\/ul>\n\n\n\n<div class=\"raic-generic-button-wrapper has-text-align-left wp-block-raic-blocks-raic-generic-button\">\n    <a href=\"#section-a47152\" \n       class=\"raic-generic-btn raic-secondary-btn-style\"\n       >\n        En savoir plus    <\/a>\n<\/div>\n\n\n\n\n<div style=\"height:50px\" aria-hidden=\"true\" class=\"wp-block-spacer\"><\/div>\n\n\n\n<div class=\"raic-anchor-target-point wp-block-raic-blocks-raic-anchor-target\" id=\"section-46cb02\" aria-label=\"Qu\u2019est-ce qui a chang\u00e9?\" data-menu-label=\"Qu\u2019est-ce qui a chang\u00e9?\">\n        <\/div>\n\n\n<h3 class=\"wp-block-heading\"><strong>Qu\u2019est-ce qui a chang\u00e9?<\/strong><\/h3>\n\n\n\n<div style=\"height:25px\" aria-hidden=\"true\" class=\"wp-block-spacer\"><\/div>\n\n\n\n<p>Nous avons r\u00e9organis\u00e9 le site Web afin de rendre certaines pages plus faciles \u00e0 trouver. Voici o\u00f9 acc\u00e9der aux contenus cl\u00e9s sur le nouveau site et mettre \u00e0 jour vos signets, le cas \u00e9ch\u00e9ant.<\/p>\n\n\n\n<h5 class=\"wp-block-heading\"><strong>Renseignements g\u00e9n\u00e9raux sur l\u2019adh\u00e9sion<\/strong><\/h5>\n\n\n\n<ul class=\"wp-block-list\">\n<li>Avant : sous \u00ab Adh\u00e9sion \u00bb dans le menu principal<\/li>\n\n\n\n<li>Maintenant : en cliquant sur le bouton \u00ab <strong>Adh\u00e9rer<\/strong> \u00bb dans le menu principal<\/li>\n<\/ul>\n\n\n\n<h5 class=\"wp-block-heading\"><strong>Renseignements sur le renouvellement<\/strong><\/h5>\n\n\n\n<ul class=\"wp-block-list\">\n<li>Avant : sous \u00ab Adh\u00e9sion \u00bb dans le menu principal<\/li>\n\n\n\n<li>Maintenant : dans le menu principal de <strong>Mon portail<\/strong><\/li>\n<\/ul>\n\n\n\n<h5 class=\"wp-block-heading\" id=\"instructions-lms-irac\"><strong>LMS IRAC<\/strong><\/h5>\n\n\n\n<ul class=\"wp-block-list\">\n<li>Avant : dans la barre vert lime en haut du site<\/li>\n\n\n\n<li>Maintenant : sous \u00ab Services li\u00e9s \u00e0 l\u2019IRAC \u00bb dans <strong>Mon portail<\/strong><\/li>\n<\/ul>\n\n\n\n<p><strong>Instructions pour acc\u00e9der au LMS IRAC:&nbsp;&nbsp;<\/strong><\/p>\n\n\n\n<ul class=\"wp-block-list\">\n<li>Assurez-vous d\u2019\u00eatre connect\u00e9 \u00e0 votre portail. Cliquez sur \u00ab LMS l\u2019IRAC \u00bb sous \u00ab Services li\u00e9s \u00e0 l\u2019IRAC \u00bb.<\/li>\n\n\n\n<li>Vous serez alors \u00e0 la page LMS IRAC. Il se peut qu\u2019un bouton bleu \u00ab Login \u00bb apparaisse. Cliquez sur \u00ab Login \u00bb.&nbsp;<\/li>\n\n\n\n<li>Vous serez dirig\u00e9 vers votre Tableau de bord. Dans ce tableau de bord, trouvez l\u2019atelier que vous cherchez.&nbsp;<\/li>\n\n\n\n<li>S\u00e9lectionnez le cours appropri\u00e9 pour \u00eatre redirig\u00e9 vers la page principale de ce cours.&nbsp;<\/li>\n\n\n\n<li>Sur la page principale du cours, vous trouverez les liens vers le webinaire, les fichiers, etc.&nbsp; &nbsp;<\/li>\n<\/ul>\n\n\n\n<h5 class=\"wp-block-heading\"><strong>Ressources<\/strong>&nbsp;<\/h5>\n\n\n\n<ul class=\"wp-block-list\">\n<li>Avant : r\u00e9parties sous \u00ab Ressources professionnelles \u00bb et \u00ab Ressources publiques &amp; Sensibilisation \u00bb<\/li>\n\n\n\n<li><strong>Maintenant<\/strong> : regroup\u00e9es sous <strong>\u00ab Ressources \u00bb<\/strong> dans le menu principal<\/li>\n<\/ul>\n\n\n\n<h5 class=\"wp-block-heading\"><strong>Mises \u00e0 jour en mati\u00e8re de<\/strong> <strong>Sensibilisation<\/strong><\/h5>\n\n\n\n<ul class=\"wp-block-list\">\n<li>Avant : r\u00e9parties sous \u00ab Ressources publiques et d\u00e9fense d\u2019int\u00e9r\u00eats \u00bb<\/li>\n\n\n\n<li>Maintenant : sous \u00ab Sensibilisation \u00bb dans le menu principal<\/li>\n<\/ul>\n\n\n\n<h5 class=\"wp-block-heading\"><strong>Emplois<\/strong><\/h5>\n\n\n\n<ul class=\"wp-block-list\">\n<li>Avant : dans la barre de navigation sup\u00e9rieure<\/li>\n\n\n\n<li>Maintenant : sous \u00ab D\u00e9veloppement professionnel \u00bb dans le menu principal<\/li>\n<\/ul>\n\n\n\n<h5 class=\"wp-block-heading\"><strong>Prix et distinctions<\/strong><\/h5>\n\n\n\n<p><strong>Modalit\u00e9s<\/strong>&nbsp;<\/p>\n\n\n\n<ul class=\"wp-block-list\">\n<li>Avant : affich\u00e9s individuellement sur chaque page de prix<\/li>\n\n\n\n<li>Maintenant : accessibles sur chaque page de prix \u00e0 partir de la page d\u2019accueil <strong>\u00ab Prix et distinctions \u00bb<\/strong><\/li>\n<\/ul>\n\n\n\n<p><strong>Laur\u00e9ats<\/strong><\/p>\n\n\n\n<ul class=\"wp-block-list\">\n<li>Avant : r\u00e9partis sur plusieurs pages de prix<\/li>\n\n\n\n<li>Maintenant : regroup\u00e9s sur la page <strong>\u00ab Vitrine des laur\u00e9ats \u00bb<\/strong>, accessible sous \u00ab Prix et distinctions \u00bb<\/li>\n<\/ul>\n\n\n\n<p><strong>Fonds et bourses d\u2019\u00e9tudes de la fondation de l&#8217;IRAC<\/strong><\/p>\n\n\n\n<ul class=\"wp-block-list\">\n<li>Avant : h\u00e9berg\u00e9es sur un site distinct<\/li>\n\n\n\n<li>Maintenant : h\u00e9berg\u00e9es sur le site Web de l\u2019IRAC, sous <strong>\u00ab Fondation de l\u2019IRAC \u00bb <\/strong>dans la barre de navigation noire sup\u00e9rieure<\/li>\n<\/ul>\n\n\n\n<div style=\"height:50px\" aria-hidden=\"true\" class=\"wp-block-spacer\"><\/div>\n\n\n\n<div class=\"raic-anchor-target-point wp-block-raic-blocks-raic-anchor-target\" id=\"section-a47152\" aria-label=\"Fonctions de recherche\" data-menu-label=\"Fonctions de recherche\">\n        <\/div>\n\n\n<h3 class=\"wp-block-heading\"><strong>Fonctions de recherche<\/strong><\/h3>\n\n\n\n<div style=\"height:25px\" aria-hidden=\"true\" class=\"wp-block-spacer\"><\/div>\n\n\n\n<h5 class=\"wp-block-heading\"><strong>Recherche en formation continue<\/strong><\/h5>\n\n\n\n<p><strong>Emplacement<\/strong> : <a href=\"https:\/\/raic.org\/fr\/developpement-professionnel\/education-continue\/recherche-formation-continue\/\" target=\"_blank\" rel=\"noreferrer noopener\">Perfectionnement \u2192 \u00c9ducation continue \u2192 Rechercher des cours<\/a><\/p>\n\n\n\n<p><strong>Recherche par<\/strong> :<\/p>\n\n\n\n<ul class=\"wp-block-list\">\n<li>Mots-cl\u00e9s<\/li>\n\n\n\n<li>Plage de dates<\/li>\n\n\n\n<li>Th\u00e8me<\/li>\n\n\n\n<li>S\u00e9rie<\/li>\n\n\n\n<li>Format (en direct, sur demande, hybride)<\/li>\n\n\n\n<li>Langue<\/li>\n\n\n\n<li>Webinaires ou cours (coin sup\u00e9rieur droit)<\/li>\n<\/ul>\n\n\n\n<h5 class=\"wp-block-heading\"><strong>Recherche d\u2019emplois<\/strong><\/h5>\n\n\n\n<p><strong>Location:<\/strong>&nbsp;<a href=\"https:\/\/raic.org\/fr\/developpement-professionnel\/tableau-demplois-de-lirac\/\">Perfectionnement&nbsp;\u2192&nbsp;Tableau d\u2019emplois de l\u2019IRAC<\/a><\/p>\n\n\n\n<p><strong>Recherche par<\/strong> :<\/p>\n\n\n\n<ul class=\"wp-block-list\">\n<li>Mots-cl\u00e9s<\/li>\n\n\n\n<li>R\u00e9gion<\/li>\n\n\n\n<li>Type d\u2019emploi (temps plein, stage, b\u00e9n\u00e9volat)<\/li>\n<\/ul>\n\n\n\n<h5 class=\"wp-block-heading\"><strong>Recherche de ressources<\/strong><\/h5>\n\n\n\n<p><strong>Emplacement<\/strong> : <a href=\"https:\/\/raic.org\/fr\/ressources\/\">Ressources<\/a><\/p>\n\n\n\n<p><strong>Recherche par<\/strong> :<\/p>\n\n\n\n<ul class=\"wp-block-list\">\n<li>Mots-cl\u00e9s ou titre du document<\/li>\n\n\n\n<li>Type de ressource ou th\u00e8me<\/li>\n<\/ul>\n\n\n\n<p>Les types de ressources comprennent des documents, des guides et d\u2019autres outils. Les th\u00e8mes incluent, entre autres : V\u00e9rit\u00e9 et r\u00e9conciliation, Action climatique, \u00c9quit\u00e9 et justice, Conception des soins de longue dur\u00e9e.<\/p>\n\n\n\n<h5 class=\"wp-block-heading\"><strong>Vitrine des laur\u00e9ats<\/strong><\/h5>\n\n\n\n<p><strong><strong>Emplacement<\/strong> :<\/strong>&nbsp;<a href=\"https:\/\/raic.org\/fr\/prix-et-distinctions\/\">Prix et distinctions<\/a> \u2192<a href=\"https:\/\/raic.org\/fr\/prix-et-distinctions\/vitrine-des-laureats\/\">Vitrine des laur\u00e9ats<\/a><\/p>\n\n\n\n<ul class=\"wp-block-list\">\n<li>Recherche par mots-cl\u00e9s<\/li>\n\n\n\n<li>Filtrer par cat\u00e9gorie et sous-cat\u00e9gorie de prix<\/li>\n\n\n\n<li>Trier par ann\u00e9e d\u2019attribution<\/li>\n<\/ul>\n\n\n\n<p><\/p>\n","protected":false},"excerpt":{"rendered":"<p>Bienvenue sur le nouveau site Web de l\u2019IRAC&nbsp; Nous sommes ravis de vous pr\u00e9senter notre site Web enti\u00e8rement repens\u00e9, con\u00e7u en pla\u00e7ant vos commentaires au c\u0153ur de chaque d\u00e9cision. Ce guide vous aidera \u00e0 d\u00e9couvrir les nouvelles fonctionnalit\u00e9s et \u00e0 trouver rapidement et facilement tout ce dont vous avez besoin. Nouvelles fonctionnalit\u00e9s Mon portail&nbsp; Votre [&hellip;]<\/p>\n","protected":false},"author":10,"featured_media":0,"parent":0,"menu_order":0,"comment_status":"closed","ping_status":"closed","template":"template-two-column-narrow.php","meta":{"_acf_changed":false,"footnotes":""},"class_list":["post-55570","page","type-page","status-publish","hentry"],"acf":[],"_links":{"self":[{"href":"https:\/\/raic.org\/fr\/wp-json\/wp\/v2\/pages\/55570","targetHints":{"allow":["GET"]}}],"collection":[{"href":"https:\/\/raic.org\/fr\/wp-json\/wp\/v2\/pages"}],"about":[{"href":"https:\/\/raic.org\/fr\/wp-json\/wp\/v2\/types\/page"}],"author":[{"embeddable":true,"href":"https:\/\/raic.org\/fr\/wp-json\/wp\/v2\/users\/10"}],"replies":[{"embeddable":true,"href":"https:\/\/raic.org\/fr\/wp-json\/wp\/v2\/comments?post=55570"}],"version-history":[{"count":4,"href":"https:\/\/raic.org\/fr\/wp-json\/wp\/v2\/pages\/55570\/revisions"}],"predecessor-version":[{"id":59437,"href":"https:\/\/raic.org\/fr\/wp-json\/wp\/v2\/pages\/55570\/revisions\/59437"}],"wp:attachment":[{"href":"https:\/\/raic.org\/fr\/wp-json\/wp\/v2\/media?parent=55570"}],"curies":[{"name":"wp","href":"https:\/\/api.w.org\/{rel}","templated":true}]}}