{"id":54542,"date":"2025-10-24T16:49:05","date_gmt":"2025-10-24T20:49:05","guid":{"rendered":"https:\/\/staging.raic.symbiodev.xyz\/?page_id=54542"},"modified":"2025-12-15T10:30:43","modified_gmt":"2025-12-15T15:30:43","slug":"nbs-chorus","status":"publish","type":"page","link":"https:\/\/raic.org\/fr\/ressources\/nbs-chorus\/","title":{"rendered":"NBS Chorus"},"content":{"rendered":"\n<p>NBS est une entreprise technologique en forte croissance depuis 50 ans, \u00e0 l\u2019\u00e9coute constante du secteur de la construction. Nous aidons les architectes, les prescripteurs et les ing\u00e9nieurs \u00e0 r\u00e9diger leurs devis gr\u00e2ce \u00e0 notre plateforme de r\u00e9f\u00e9rence, NBS Chorus.<\/p>\n\n\n\n<p>Nous mettons \u00e9galement en relation les fabricants et les prescripteurs par l\u2019entremise de NBS Source, une plateforme mutuellement avantageuse qui permet aux prescripteurs de s\u00e9lectionner des produits avec confiance et efficacit\u00e9, tout en offrant aux fabricants une occasion unique de mettre leurs produits en valeur au bon moment.<\/p>\n\n\n\n<p>Notre contenu technique et notre expertise sont au c\u0153ur de l\u2019ensemble de nos solutions : nous faisons tout, tout simplement !<\/p>\n\n\n\n<p>NBS propose \u00e0 ses clients une gamme de solutions adapt\u00e9es \u00e0 leurs besoins sp\u00e9cifiques. Nous sommes un guichet unique enti\u00e8rement int\u00e9gr\u00e9 offrant des logiciels et des services de r\u00e9daction de devis.<\/p>\n\n\n\n<div class=\"raic-anchor-target-point wp-block-raic-blocks-raic-anchor-target\" id=\"section-c5d4a0\" aria-label=\"NBS Chorus \" data-menu-label=\"NBS Chorus \">\n        <\/div>\n\n\n<div style=\"height:50px\" aria-hidden=\"true\" class=\"wp-block-spacer\"><\/div>\n\n\n\n<h6 class=\"wp-block-heading\"><strong>NBS Chorus of specifiers<\/strong><\/h6>\n\n\n\n<p><a href=\"https:\/\/vimeo.com\/468075465\/71c0436f42\" target=\"_blank\" rel=\"noreferrer noopener\">NBS Chorus<\/a>&nbsp;est une plateforme infonuagique qui permet de cr\u00e9er, de r\u00e9viser et de g\u00e9rer rapidement des devis techniques, de partout et sur tout appareil. Elle est utilis\u00e9e par des organisations de toutes tailles, des petits cabinets d\u2019architecture et de g\u00e9nie jusqu\u2019aux plus grandes entreprises de construction \u00e0 l\u2019\u00e9chelle mondiale. NBS Chorus est con\u00e7ue pour vous permettre de travailler de fa\u00e7on plus intelligente et plus s\u00e9curitaire, de mieux collaborer et de connecter l\u2019ensemble de vos flux de travail.<\/p>\n\n\n\n<p>Contrairement \u00e0 Microsoft Word, NBS Chorus a \u00e9t\u00e9 con\u00e7ue express\u00e9ment pour la r\u00e9daction de devis. Elle permet de d\u00e9velopper des devis jusqu\u2019\u00e0 70 % plus rapidement, en ligne et sur tout appareil, gr\u00e2ce \u00e0 un ensemble d\u2019outils intelligents qui font gagner du temps et am\u00e9liorent la pr\u00e9cision. La collaboration puissante par navigateur permet \u00e0 toute l\u2019\u00e9quipe de travailler ensemble en temps r\u00e9el. NBS Chorus donne \u00e9galement acc\u00e8s \u00e0 du contenu dynamique et \u00e0 jour pour le DDN (NMS) et le CMS, qui font r\u00e9f\u00e9rence aux contrats du CCDC.<\/p>\n\n\n\n<div style=\"height:50px\" aria-hidden=\"true\" class=\"wp-block-spacer\"><\/div>\n\n\n\n<h6 class=\"wp-block-heading\"><strong>NBS Chorus pour les fournisseurs de produits de construction<\/strong><\/h6>\n\n\n\n<p>NBS Chorus ne s\u2019adresse pas uniquement aux prescripteurs. Les fournisseurs de produits de construction utilisent \u00e9galement NBS Chorus pour r\u00e9diger, r\u00e9viser et collaborer avec leurs clients et les consultants sur leurs devis de produits. La plateforme permet d\u2019accro\u00eetre l\u2019efficacit\u00e9 des \u00e9quipes de ventes techniques lors du travail sur les devis et d\u2019offrir aux clients un moyen plus rapide de prescrire vos produits.<\/p>\n\n\n\n<p>Gr\u00e2ce \u00e0 l\u2019acquisition d\u2019Innovation Technology (ITI) et de Digicon, nous sommes en mesure d\u2019offrir, dans Chorus, une gamme compl\u00e8te de contenus pour le Canadian Master Specification (CMS) et le National Master Specification (NMS), mis \u00e0 jour automatiquement. Cela vous donne un contr\u00f4le total sur vos devis et vous aide \u00e0 bien faire les choses d\u00e8s la premi\u00e8re fois.<\/p>\n\n\n\n<div style=\"height:50px\" aria-hidden=\"true\" class=\"wp-block-spacer\"><\/div>\n\n\n\n<div class=\"raic-generic-button-wrapper has-text-align-left wp-block-raic-blocks-raic-generic-button\">\n    <a href=\"https:\/\/www.thenbs.com\/\" \n       class=\"raic-generic-btn raic-primary-btn-style\"\n       target=\"_blank\" rel=\"noopener noreferrer\">\n        Achetez NBS Chorus d\u00e8s aujourd\u2019hui !    <\/a>\n<\/div>\n\n\n\n\n<div style=\"height:50px\" aria-hidden=\"true\" class=\"wp-block-spacer\"><\/div>\n\n\n\n<h6 class=\"wp-block-heading\"><strong><strong>NBS Source<\/strong><\/strong><\/h6>\n\n\n\n<p>NBS Source est un outil qui cr\u00e9e une source unique d\u2019information sur les produits. Contrairement aux autres biblioth\u00e8ques de produits, NBS Source offre un niveau suppl\u00e9mentaire de donn\u00e9es produits enrichies, pr\u00e9sent\u00e9es dans un format coh\u00e9rent et structur\u00e9 qui s\u2019int\u00e8gre parfaitement \u00e0 votre flux de travail de projet. Cette nouvelle plateforme vous fera gagner des heures autrement consacr\u00e9es \u00e0 la recherche d\u2019informations sur le Web, aux appels t\u00e9l\u00e9phoniques et aux recherches manuelles dans la documentation des fabricants.<\/p>\n\n\n\n<p>NBS Source constitue \u00e9galement un excellent espace pour les fournisseurs de produits afin de pr\u00e9senter leurs produits, avec toutes les donn\u00e9es accessibles en un seul clic. Aidons-vous \u00e0 faire prescrire vos produits en les mettant en march\u00e9, en cr\u00e9ant des objets BIM et en vous accompagnant dans la r\u00e9daction et la gestion de vos devis.<\/p>\n\n\n\n<p><a href=\"https:\/\/www.youtube.com\/watch?v=JzS34J_5B20\" target=\"_blank\" rel=\"noreferrer noopener\">NBS Source<\/a>&nbsp;est une plateforme destin\u00e9e aux prescripteurs et aux fabricants.<\/p>\n\n\n\n<div class=\"raic-anchor-target-point wp-block-raic-blocks-raic-anchor-target\" id=\"section-10489e\" aria-label=\"Devis\" data-menu-label=\"Devis\">\n        <\/div>\n\n\n<div style=\"height:25px\" aria-hidden=\"true\" class=\"wp-block-spacer\"><\/div>\n\n\n\n<h6 class=\"wp-block-heading\"><strong><strong><strong>R\u00e9daction et r\u00e9vision de devis<\/strong><\/strong><\/strong><\/h6>\n\n\n\n<p>Les devis ne se limitent plus \u00e0 des mots dans un document contractuel. Ils constituent d\u00e9sormais des \u00e9l\u00e9ments fondamentaux de donn\u00e9es structur\u00e9es et int\u00e9gr\u00e9es. Notre \u00e9quipe poss\u00e8de les connaissances et l\u2019exp\u00e9rience issues de notre plateforme de r\u00e9daction de devis prim\u00e9e, NBS Chorus, ce qui nous permet d\u2019en exploiter pleinement les fonctionnalit\u00e9s et de livrer rapidement des donn\u00e9es solides et fiables. Gr\u00e2ce \u00e0 cette solution cl\u00e9 en main, l\u2019un de nos consultants r\u00e9digera vos devis et cr\u00e9era \u00e9galement vos propres gabarits et biblioth\u00e8ques de syst\u00e8mes, afin que vos devis futurs b\u00e9n\u00e9ficient non seulement de notre expertise et de notre exp\u00e9rience, mais soient aussi plus efficaces et plus rapides \u00e0 produire.<\/p>\n\n\n\n<p>De nombreuses firmes r\u00e9digent leurs devis \u00e0 l\u2019interne. Dans ce cas, nos services de r\u00e9vision de devis constituent une option tr\u00e8s utile pour s\u2019assurer que les \u00e9l\u00e9ments de base sont exacts, que le devis est solide et que les risques globaux sont r\u00e9duits au minimum.<\/p>\n\n\n\n<div style=\"height:25px\" aria-hidden=\"true\" class=\"wp-block-spacer\"><\/div>\n\n\n\n<h6 class=\"wp-block-heading\"><strong><strong><strong><strong>Gestion des devis, des projets et de la conception<\/strong><\/strong><\/strong><\/strong><\/h6>\n\n\n\n<p>La gestion des devis est un service con\u00e7u pour les dirigeantes et dirigeants qui souhaitent renforcer le leadership \u00e9clair\u00e9 de leur organisation en mati\u00e8re de devis. Nos consultants experts analysent vos pratiques de travail actuelles et fournissent des conseils ind\u00e9pendants sur les meilleures fa\u00e7ons de g\u00e9rer les devis, notamment par la mise en place de syst\u00e8mes appropri\u00e9s.<\/p>\n\n\n\n<p>La gestion de la conception est un service ax\u00e9 sur l\u2019application d\u2019une approche de gestion de projet au sein des \u00e9quipes de conception. Notre r\u00f4le consiste \u00e0 assurer le respect des obligations contractuelles gr\u00e2ce \u00e0 de solides proc\u00e9dures de gestion et d\u2019administration, permettant ainsi \u00e0 votre \u00e9quipe de se concentrer sur la conception. Les services de gestion de projet sont offerts sous deux formes : un soutien au quotidien (\u00e9galement appel\u00e9 soutien l\u00e9ger) ou un accompagnement complet de projet. L\u2019accompagnement complet peut notamment vous appuyer dans les situations suivantes :<\/p>\n\n\n\n<ul class=\"wp-block-list\">\n<li>Responsabilit\u00e9 contractuelle unique. Lorsqu\u2019un architecte, par exemple, assume un contrat multidisciplinaire et doit mandater des sous-consultants afin de constituer une seule \u00e9quipe de conception.<\/li>\n\n\n\n<li>Petit cabinet \u2013 grand projet. Un petit cabinet ou une nouvelle firme participe \u00e0 un concours de design pour un projet d\u2019envergure et le remporte. Dans ce contexte, la pratique peut ne pas \u00eatre structur\u00e9e pour g\u00e9rer une telle ampleur ou ne pas poss\u00e9der l\u2019exp\u00e9rience requise pour livrer le projet.<\/li>\n\n\n\n<li>Territoire non familier. Vous travaillez \u00e0 l\u2019international, dans un contexte que vous connaissez peu. Vous aurez alors besoin d\u2019un soutien pour comprendre et appliquer les proc\u00e9dures et processus locaux.<\/li>\n\n\n\n<li>Manque de comp\u00e9tences \u00e0 l\u2019interne. Votre organisation peut pr\u00e9senter certaines lacunes en mati\u00e8re de gestion de la conception et n\u00e9cessiter un appui sp\u00e9cialis\u00e9.<\/li>\n<\/ul>\n\n\n\n<div style=\"height:25px\" aria-hidden=\"true\" class=\"wp-block-spacer\"><\/div>\n\n\n\n<div class=\"raic-anchor-target-point wp-block-raic-blocks-raic-anchor-target\" id=\"section-31da3c\" aria-label=\"BIM\" data-menu-label=\"BIM\">\n        <\/div>\n\n\n<h6 class=\"wp-block-heading\"><strong><strong>Mod\u00e9lisation de l\u2019information du b\u00e2timent<\/strong><\/strong><\/h6>\n\n\n\n<p>Utilisez NBS pour d\u00e9velopper des mod\u00e8les 3D riches en information, enti\u00e8rement coordonn\u00e9s avec des informations de devis li\u00e9es. Au fil des ans, NBS a cr\u00e9\u00e9 des milliers d\u2019objets BIM tant pour les prescripteurs que pour les fournisseurs de produits de construction. R\u00e9dig\u00e9s conform\u00e9ment \u00e0 la norme des objets <a href=\"https:\/\/www.thenbs.com\/knowledge\/what-is-the-nbs-bim-object-standard-updated\" target=\"_blank\" rel=\"noreferrer noopener\">BIM de NBS<\/a>, ces objets sont produits selon une norme internationale et peuvent \u00eatre utilis\u00e9s sur de multiples plateformes.<\/p>\n\n\n\n<p>Si vous ne savez pas par o\u00f9 commencer ou si vous ne disposez pas des ressources n\u00e9cessaires \u00e0 l\u2019interne, NBS peut vous aider.<\/p>\n\n\n\n<div style=\"height:25px\" aria-hidden=\"true\" class=\"wp-block-spacer\"><\/div>\n\n\n\n<h6 class=\"wp-block-heading\"><strong>Association BIM et devis<\/strong><\/h6>\n\n\n\n<p>\u00cates-vous une firme qui \u00e9labore des devis \u00e0 partir du mod\u00e8le ? NBS peut vous aider \u00e0 rationaliser ce travail en vous donnant acc\u00e8s \u00e0 NBS Chorus gr\u00e2ce \u00e0 un type de licence sp\u00e9ciale con\u00e7ue pr\u00e9cis\u00e9ment pour ce type d\u2019activit\u00e9. Si vous avez besoin d\u2019aide pour cr\u00e9er vos devis \u00e0 partir du mod\u00e8le, nous pouvons \u00e9galement vous accompagner.<\/p>\n\n\n\n<p>Gr\u00e2ce \u00e0 notre partenariat avec l\u2019IRAC, NBS est l\u00e0 pour aider les prescripteurs et les fournisseurs de produits canadiens \u00e0 mieux collaborer sur leurs projets gr\u00e2ce \u00e0 des donn\u00e9es connect\u00e9es. Pour en savoir plus, veuillez nous \u00e9crire \u00e0 <a href=\"mailto:info@thenbs.ca\" target=\"_blank\" rel=\"noreferrer noopener\">info@thenbs.ca<\/a> ou visiter notre site Web \u00e0 l\u2019adresse <a href=\"http:\/\/www.thenbs.ca\" target=\"_blank\" rel=\"noreferrer noopener\">www.thenbs.ca<\/a>.<\/p>\n\n\n\n<div style=\"height:50px\" aria-hidden=\"true\" class=\"wp-block-spacer\"><\/div>\n","protected":false},"excerpt":{"rendered":"<p>NBS est une entreprise technologique en forte croissance depuis 50 ans, \u00e0 l\u2019\u00e9coute constante du secteur de la construction. Nous aidons les architectes, les prescripteurs et les ing\u00e9nieurs \u00e0 r\u00e9diger leurs devis gr\u00e2ce \u00e0 notre plateforme de r\u00e9f\u00e9rence, NBS Chorus. Nous mettons \u00e9galement en relation les fabricants et les prescripteurs par l\u2019entremise de NBS Source, [&hellip;]<\/p>\n","protected":false},"author":8,"featured_media":0,"parent":34873,"menu_order":0,"comment_status":"closed","ping_status":"closed","template":"template-two-column-wide.php","meta":{"_acf_changed":false,"footnotes":""},"class_list":["post-54542","page","type-page","status-publish","hentry"],"acf":[],"_links":{"self":[{"href":"https:\/\/raic.org\/fr\/wp-json\/wp\/v2\/pages\/54542","targetHints":{"allow":["GET"]}}],"collection":[{"href":"https:\/\/raic.org\/fr\/wp-json\/wp\/v2\/pages"}],"about":[{"href":"https:\/\/raic.org\/fr\/wp-json\/wp\/v2\/types\/page"}],"author":[{"embeddable":true,"href":"https:\/\/raic.org\/fr\/wp-json\/wp\/v2\/users\/8"}],"replies":[{"embeddable":true,"href":"https:\/\/raic.org\/fr\/wp-json\/wp\/v2\/comments?post=54542"}],"version-history":[{"count":3,"href":"https:\/\/raic.org\/fr\/wp-json\/wp\/v2\/pages\/54542\/revisions"}],"predecessor-version":[{"id":54550,"href":"https:\/\/raic.org\/fr\/wp-json\/wp\/v2\/pages\/54542\/revisions\/54550"}],"up":[{"embeddable":true,"href":"https:\/\/raic.org\/fr\/wp-json\/wp\/v2\/pages\/34873"}],"wp:attachment":[{"href":"https:\/\/raic.org\/fr\/wp-json\/wp\/v2\/media?parent=54542"}],"curies":[{"name":"wp","href":"https:\/\/api.w.org\/{rel}","templated":true}]}}