{"id":52412,"date":"2025-11-13T15:30:38","date_gmt":"2025-11-13T20:30:38","guid":{"rendered":"https:\/\/staging.raic.symbiodev.xyz\/?page_id=52412"},"modified":"2025-12-30T14:51:56","modified_gmt":"2025-12-30T19:51:56","slug":"evenements","status":"publish","type":"page","link":"https:\/\/raic.org\/fr\/communaute-evenements\/evenements\/","title":{"rendered":"\u00c9v\u00e9nements"},"content":{"rendered":"<div class=\"wp-block-raic-blocks-raic-banner-slider\" data-enable-autoplay=\"\" data-autoplay-delay=\"0\">\n\t<div class=\"raic-banner-slider\">\n\t\t<div class=\"swiper raic-swiper raic-swiper-6a03a0a7323d4\">\n\t\t\t<div class=\"swiper-wrapper\">\n\t\t\t\t\t\t\t\t\t\t\t\t\t\t\t<div class=\"swiper-slide raic-slide\">\n\t\t\t\t\t\t\t<div class=\"raic-slide-content-wrapper\">\n\t\t\t\t\t\t\t\t<div class=\"container\">\n\t\t\t\t\t\t\t\t\t<div class=\"raic-slide-content\">\n\t\t\t\t\t\t\t\t\t\t\t\t\t\t\t\t\t\t\t\t<h1 class=\"raic-slide-title\">\n\t\t\t\t\t\t\t\t\t\t\t<span class=\"accent-text\">Conf\u00e9rence 2026 de l\u2019IRAC<\/span>\t\t\t\t\t\t\t\t\t\t\t<span class=\"white-text\">sur l\u2019architecture<\/span>\t\t\t\t\t\t\t\t\t\t<\/h1>\n\t\t\t\t\t\t\t\t\t\t\n\t\t\t\t\t\t\t\t\t\t\t\t\t\t\t\t\t\t\t\t<p class=\"raic-slide-description\">L\u2019\u00e9v\u00e9nement phare en personne de l\u2019IRAC, la conf\u00e9rence de cette ann\u00e9e rassemblera des leaders de l\u2019industrie provenant de tous les secteurs de la communaut\u00e9 du design et de l\u2019architecture.<\/p>\n\t\t\t\t\t\t\t\t\t\t\n\t\t\t\t\t\t\t\t\t\t<div class=\"raic-slide-actions\">\n\t\t\t\t\t\t\t\t\t\t\t \t\t\t\t\t\t\t\t\t\t\t <a href=\"https:\/\/conference.raic.org\/fr\/\" class=\"raic-btn\" aria-label=\"En savoir plus - Conf\u00e9rence 2026 de l\u2019IRAC sur l\u2019architecture\">\n\t\t\t\t\t\t\t\t\t\t\t\t En savoir plus <i class=\"bi bi-arrow-right-short\"><\/i>\n\t\t\t\t\t\t\t\t\t\t\t <\/a>\n\t\t\t\t\t\t\t\t\t\t\t \t\t\t\t\t\t\t\t\t\t\t <button class=\"raic-nav-btn prev prev-raic-swiper-6a03a0a7323d4 desktop-nav\" aria-label=\"Previous\"> <i class=\"bi bi-arrow-left-short\"><\/i> <\/button>\n\t\t\t\t\t\t\t\t\t\t\t <button class=\"raic-nav-btn next next-raic-swiper-6a03a0a7323d4 desktop-nav\" aria-label=\"Next\"> <i class=\"bi bi-arrow-right-short\"><\/i> <\/button>\n\t\t\t\t\t\t\t\t\t\t<\/div>\n\t\t\t\t\t\t\t\t\t<\/div>\n\t\t\t\t\t\t\t\t<\/div>\n\t\t\t\t\t\t\t<\/div>\n\n\t\t\t\t\t\t\t\t\t\t\t\t\t\t<div class=\"raic-slide-image-wrapper\">\n\t\t\t\t\t\t\t\t <img decoding=\"async\" src=\"https:\/\/raic.org\/sites\/raic.org\/wp-content\/uploads\/2025\/05\/events-banner.png\" alt=\"Banner showing an exterior building with a person walking alongside.\" loading=\"eager\" fetchpriority=\"high\">\n\t\t\t\t\t\t\t\t <button class=\"raic-nav-btn prev prev-raic-swiper-6a03a0a7323d4 mobile-nav\" aria-label=\"Previous\"> <i class=\"bi bi-arrow-left-short\"><\/i> <\/button>\n\t\t\t\t\t\t\t\t <button class=\"raic-nav-btn next next-raic-swiper-6a03a0a7323d4 mobile-nav\" aria-label=\"Next\"> <i class=\"bi bi-arrow-right-short\"><\/i> <\/button>\n\t\t\t\t\t\t\t<\/div>\n\t\t\t\t\t\t\t\n\t\t\t\t\t\t\t\t\t\t\t\t\t<\/div>\n\t\t\t\t\t\t\t<\/div>\n\t\t\t<\/div>\n\t<\/div>\n<\/div>\n\n\n<p>[civicrm component=&#8221;afform&#8221; name=&#8221;afsearchEventListing&#8221;]<\/p>\n\n\n<section style=\"margin-bottom:-32px;\" class=\"raic-general-cta raic-general-cta--has-image raic-general-cta--full-width raic-general-cta--align-left wp-block-raic-blocks-raic-cta-banner\" ><img decoding=\"async\" data-src=\"https:\/\/raic.org\/wp-content\/uploads\/2025\/05\/geometric-vector-1.svg\" alt=\"\" class=\"raic-general-cta-bg lazyload\" src=\"data:image\/svg+xml;base64,PHN2ZyB3aWR0aD0iMSIgaGVpZ2h0PSIxIiB4bWxucz0iaHR0cDovL3d3dy53My5vcmcvMjAwMC9zdmciPjwvc3ZnPg==\"><div class=\"container\"><div class=\"raic-general-cta-container\"><div class=\"raic-general-cta-content\"><h2 class=\"raic-general-cta-title\">Promouvoir l\u2019architecture<\/h2><p class=\"raic-general-cta-description\">Joignez-vous \u00e0 l\u2019IRAC pour contribuer \u00e0 l\u2019\u00e9laboration des politiques, promouvoir la durabilit\u00e9 et d\u00e9fendre une communaut\u00e9 architecturale plus forte. <br>Participez d\u00e8s aujourd\u2019hui!<\/p><\/div><div class=\"raic-general-cta-action\"><a href=\"https:\/\/raic.org\/fr\/developpement-professionnel\/volunteer\/\" class=\"raic-general-cta-btn\" target=\"_blank\" rel=\"noopener noreferrer\" aria-label=\"Participer - Promouvoir l\u2019architecture\">Participer <i class=\"bi bi-arrow-right\" aria-hidden=\"true\"><\/i><\/a><\/div><\/div><\/div><\/section>","protected":false},"excerpt":{"rendered":"","protected":false},"author":3,"featured_media":0,"parent":5221,"menu_order":0,"comment_status":"closed","ping_status":"closed","template":"","meta":{"_acf_changed":false,"footnotes":""},"class_list":["post-52412","page","type-page","status-publish","hentry"],"acf":[],"_links":{"self":[{"href":"https:\/\/raic.org\/fr\/wp-json\/wp\/v2\/pages\/52412","targetHints":{"allow":["GET"]}}],"collection":[{"href":"https:\/\/raic.org\/fr\/wp-json\/wp\/v2\/pages"}],"about":[{"href":"https:\/\/raic.org\/fr\/wp-json\/wp\/v2\/types\/page"}],"author":[{"embeddable":true,"href":"https:\/\/raic.org\/fr\/wp-json\/wp\/v2\/users\/3"}],"replies":[{"embeddable":true,"href":"https:\/\/raic.org\/fr\/wp-json\/wp\/v2\/comments?post=52412"}],"version-history":[{"count":4,"href":"https:\/\/raic.org\/fr\/wp-json\/wp\/v2\/pages\/52412\/revisions"}],"predecessor-version":[{"id":55112,"href":"https:\/\/raic.org\/fr\/wp-json\/wp\/v2\/pages\/52412\/revisions\/55112"}],"up":[{"embeddable":true,"href":"https:\/\/raic.org\/fr\/wp-json\/wp\/v2\/pages\/5221"}],"wp:attachment":[{"href":"https:\/\/raic.org\/fr\/wp-json\/wp\/v2\/media?parent=52412"}],"curies":[{"name":"wp","href":"https:\/\/api.w.org\/{rel}","templated":true}]}}