{"id":5221,"date":"2025-04-23T20:16:56","date_gmt":"2025-04-24T00:16:56","guid":{"rendered":"https:\/\/staging.raic.symbiodev.xyz\/community-events\/"},"modified":"2025-07-28T22:53:46","modified_gmt":"2025-07-29T02:53:46","slug":"communaute-evenements","status":"publish","type":"page","link":"https:\/\/raic.org\/fr\/communaute-evenements\/","title":{"rendered":"Communaut\u00e9 et \u00e9v\u00e9nements"},"content":{"rendered":"<div class=\"wp-block-raic-blocks-raic-banner-slider\" data-enable-autoplay=\"\" data-autoplay-delay=\"0\">\n\t<div class=\"raic-banner-slider\">\n\t\t<div class=\"swiper raic-swiper raic-swiper-6a03ac34854c8\">\n\t\t\t<div class=\"swiper-wrapper\">\n\t\t\t\t\t\t\t\t\t\t\t\t\t\t\t<div class=\"swiper-slide raic-slide\">\n\t\t\t\t\t\t\t<div class=\"raic-slide-content-wrapper\">\n\t\t\t\t\t\t\t\t<div class=\"container\">\n\t\t\t\t\t\t\t\t\t<div class=\"raic-slide-content\">\n\t\t\t\t\t\t\t\t\t\t\t\t\t\t\t\t\t\t\t\t<h1 class=\"raic-slide-title\">\n\t\t\t\t\t\t\t\t\t\t\t<span class=\"accent-text\">2025 RAIC CONFERENCE<\/span>\t\t\t\t\t\t\t\t\t\t\t<span class=\"white-text\">ON ARCHITECTURE<\/span>\t\t\t\t\t\t\t\t\t\t<\/h1>\n\t\t\t\t\t\t\t\t\t\t\n\t\t\t\t\t\t\t\t\t\t\t\t\t\t\t\t\t\t\t\t<p class=\"raic-slide-description\">As the RAIC&#8217;s premiere face-to-face event, this year&#8217;s conference will be drawing industry leaders from all realms of the design and architecture community.<\/p>\n\t\t\t\t\t\t\t\t\t\t\n\t\t\t\t\t\t\t\t\t\t<div class=\"raic-slide-actions\">\n\t\t\t\t\t\t\t\t\t\t\t \t\t\t\t\t\t\t\t\t\t\t <a href=\"\/\" class=\"raic-btn\" aria-label=\"Learn More - 2025 RAIC CONFERENCE ON ARCHITECTURE\">\n\t\t\t\t\t\t\t\t\t\t\t\t Learn More <i class=\"bi bi-arrow-right-short\"><\/i>\n\t\t\t\t\t\t\t\t\t\t\t <\/a>\n\t\t\t\t\t\t\t\t\t\t\t \t\t\t\t\t\t\t\t\t\t\t <button class=\"raic-nav-btn prev prev-raic-swiper-6a03ac34854c8 desktop-nav\" aria-label=\"Previous\"> <i class=\"bi bi-arrow-left-short\"><\/i> <\/button>\n\t\t\t\t\t\t\t\t\t\t\t <button class=\"raic-nav-btn next next-raic-swiper-6a03ac34854c8 desktop-nav\" aria-label=\"Next\"> <i class=\"bi bi-arrow-right-short\"><\/i> <\/button>\n\t\t\t\t\t\t\t\t\t\t<\/div>\n\t\t\t\t\t\t\t\t\t<\/div>\n\t\t\t\t\t\t\t\t<\/div>\n\t\t\t\t\t\t\t<\/div>\n\n\t\t\t\t\t\t\t\t\t\t\t\t\t\t<div class=\"raic-slide-image-wrapper\">\n\t\t\t\t\t\t\t\t <img decoding=\"async\" src=\"https:\/\/raic.org\/wp-content\/uploads\/2025\/05\/events-banner.png\" alt=\"Events banner 1\" loading=\"eager\" fetchpriority=\"high\">\n\t\t\t\t\t\t\t\t <button class=\"raic-nav-btn prev prev-raic-swiper-6a03ac34854c8 mobile-nav\" aria-label=\"Previous\"> <i class=\"bi bi-arrow-left-short\"><\/i> <\/button>\n\t\t\t\t\t\t\t\t <button class=\"raic-nav-btn next next-raic-swiper-6a03ac34854c8 mobile-nav\" aria-label=\"Next\"> <i class=\"bi bi-arrow-right-short\"><\/i> <\/button>\n\t\t\t\t\t\t\t<\/div>\n\t\t\t\t\t\t\t\n\t\t\t\t\t\t\t\t\t\t\t\t\t\t<div class=\"raic-slide-caption\">\n\t\t\t\t\t\t\t\t<div class=\"container\">\n\t\t\t\t\t\t\t\t\t<div class=\"info-container\">\n\t\t\t\t\t\t\t\t\t\t<div class=\"caption-text\">\n\t\t\t\t\t\t\t\t\t\t\t<p class=\"main-text\"><strong>The Calgary Central Library<\/strong><\/p>\t\t\t\t\t\t\t\t\t\t\t<p class=\"sub-text\">Sn\u00f8hetta and Calgary&#039;s DIALOG<\/p>\t\t\t\t\t\t\t\t\t\t<\/div>\n\t\t\t\t\t\t\t\t\t\t<div class=\"info-icon\"> <i class=\"bi bi-info-circle\"><\/i> <\/div>\n\t\t\t\t\t\t\t\t\t<\/div>\n\t\t\t\t\t\t\t\t<\/div>\n\t\t\t\t\t\t\t<\/div>\n\t\t\t\t\t\t\t\t\t\t\t\t\t<\/div>\n\t\t\t\t\t\t\t\t\t\t\t\t\t\t\t<div class=\"swiper-slide raic-slide\">\n\t\t\t\t\t\t\t<div class=\"raic-slide-content-wrapper\">\n\t\t\t\t\t\t\t\t<div class=\"container\">\n\t\t\t\t\t\t\t\t\t<div class=\"raic-slide-content\">\n\t\t\t\t\t\t\t\t\t\t\t\t\t\t\t\t\t\t\t\t<h1 class=\"raic-slide-title\">\n\t\t\t\t\t\t\t\t\t\t\t<span class=\"accent-text\">2026 RAIC CONFERENCE<\/span>\t\t\t\t\t\t\t\t\t\t\t<span class=\"white-text\">ON ARCHITECTURE<\/span>\t\t\t\t\t\t\t\t\t\t<\/h1>\n\t\t\t\t\t\t\t\t\t\t\n\t\t\t\t\t\t\t\t\t\t\t\t\t\t\t\t\t\t\t\t<p class=\"raic-slide-description\">As the RAIC&#8217;s premiere face-to-face event, this year&#8217;s conference will be drawing industry leaders from all realms of the design and architecture community.<\/p>\n\t\t\t\t\t\t\t\t\t\t\n\t\t\t\t\t\t\t\t\t\t<div class=\"raic-slide-actions\">\n\t\t\t\t\t\t\t\t\t\t\t \t\t\t\t\t\t\t\t\t\t\t <a href=\"\/\" class=\"raic-btn\" aria-label=\"Learn More - 2026 RAIC CONFERENCE ON ARCHITECTURE\">\n\t\t\t\t\t\t\t\t\t\t\t\t Learn More <i class=\"bi bi-arrow-right-short\"><\/i>\n\t\t\t\t\t\t\t\t\t\t\t <\/a>\n\t\t\t\t\t\t\t\t\t\t\t \t\t\t\t\t\t\t\t\t\t\t <button class=\"raic-nav-btn prev prev-raic-swiper-6a03ac34854c8 desktop-nav\" aria-label=\"Previous\"> <i class=\"bi bi-arrow-left-short\"><\/i> <\/button>\n\t\t\t\t\t\t\t\t\t\t\t <button class=\"raic-nav-btn next next-raic-swiper-6a03ac34854c8 desktop-nav\" aria-label=\"Next\"> <i class=\"bi bi-arrow-right-short\"><\/i> <\/button>\n\t\t\t\t\t\t\t\t\t\t<\/div>\n\t\t\t\t\t\t\t\t\t<\/div>\n\t\t\t\t\t\t\t\t<\/div>\n\t\t\t\t\t\t\t<\/div>\n\n\t\t\t\t\t\t\t\t\t\t\t\t\t\t<div class=\"raic-slide-image-wrapper\">\n\t\t\t\t\t\t\t\t <img decoding=\"async\" data-src=\"https:\/\/raic.org\/wp-content\/uploads\/2025\/05\/events-banner.png\" alt=\"Event banner 2\" src=\"data:image\/svg+xml;base64,PHN2ZyB3aWR0aD0iMSIgaGVpZ2h0PSIxIiB4bWxucz0iaHR0cDovL3d3dy53My5vcmcvMjAwMC9zdmciPjwvc3ZnPg==\" class=\"lazyload\">\n\t\t\t\t\t\t\t\t <button class=\"raic-nav-btn prev prev-raic-swiper-6a03ac34854c8 mobile-nav\" aria-label=\"Previous\"> <i class=\"bi bi-arrow-left-short\"><\/i> <\/button>\n\t\t\t\t\t\t\t\t <button class=\"raic-nav-btn next next-raic-swiper-6a03ac34854c8 mobile-nav\" aria-label=\"Next\"> <i class=\"bi bi-arrow-right-short\"><\/i> <\/button>\n\t\t\t\t\t\t\t<\/div>\n\t\t\t\t\t\t\t\n\t\t\t\t\t\t\t\t\t\t\t\t\t\t<div class=\"raic-slide-caption\">\n\t\t\t\t\t\t\t\t<div class=\"container\">\n\t\t\t\t\t\t\t\t\t<div class=\"info-container\">\n\t\t\t\t\t\t\t\t\t\t<div class=\"caption-text\">\n\t\t\t\t\t\t\t\t\t\t\t<p class=\"main-text\"><strong>The Calgary Central Library<\/strong><\/p>\t\t\t\t\t\t\t\t\t\t\t<p class=\"sub-text\">Sn\u00f8hetta and Calgary&#039;s DIALOG<\/p>\t\t\t\t\t\t\t\t\t\t<\/div>\n\t\t\t\t\t\t\t\t\t\t<div class=\"info-icon\"> <i class=\"bi bi-info-circle\"><\/i> <\/div>\n\t\t\t\t\t\t\t\t\t<\/div>\n\t\t\t\t\t\t\t\t<\/div>\n\t\t\t\t\t\t\t<\/div>\n\t\t\t\t\t\t\t\t\t\t\t\t\t<\/div>\n\t\t\t\t\t\t\t<\/div>\n\t\t\t<\/div>\n\t<\/div>\n<\/div>\n\n\n<p>[civicrm component=&#8221;afform&#8221; name=&#8221;afsearchEventListing&#8221;]<\/p>\n\n\n<section style=\"margin-bottom:-32px;\" class=\"raic-general-cta raic-general-cta--has-image raic-general-cta--full-width raic-general-cta--align-left wp-block-raic-blocks-raic-cta-banner\" ><img decoding=\"async\" data-src=\"https:\/\/raic.org\/wp-content\/uploads\/2025\/05\/geometric-vector-1.svg\" alt=\"\" class=\"raic-general-cta-bg lazyload\" src=\"data:image\/svg+xml;base64,PHN2ZyB3aWR0aD0iMSIgaGVpZ2h0PSIxIiB4bWxucz0iaHR0cDovL3d3dy53My5vcmcvMjAwMC9zdmciPjwvc3ZnPg==\"><div class=\"container\"><div class=\"raic-general-cta-container\"><div class=\"raic-general-cta-content\"><h2 class=\"raic-general-cta-title\">Advocate for Architecture<\/h2><p class=\"raic-general-cta-description\">Join RAIC in shaping policies, promoting sustainability, and advocating for a stronger architectural community. Get involved today!<\/p><\/div><div class=\"raic-general-cta-action\"><a href=\"\/\" class=\"raic-general-cta-btn\"   aria-label=\"Get Involved - Advocate for Architecture\">Get Involved <i class=\"bi bi-arrow-right\" aria-hidden=\"true\"><\/i><\/a><\/div><\/div><\/div><\/section>","protected":false},"excerpt":{"rendered":"","protected":false},"author":1,"featured_media":0,"parent":0,"menu_order":0,"comment_status":"closed","ping_status":"closed","template":"template-two-column-wide.php","meta":{"_acf_changed":false,"footnotes":""},"class_list":["post-5221","page","type-page","status-publish","hentry"],"acf":[],"_links":{"self":[{"href":"https:\/\/raic.org\/fr\/wp-json\/wp\/v2\/pages\/5221","targetHints":{"allow":["GET"]}}],"collection":[{"href":"https:\/\/raic.org\/fr\/wp-json\/wp\/v2\/pages"}],"about":[{"href":"https:\/\/raic.org\/fr\/wp-json\/wp\/v2\/types\/page"}],"author":[{"embeddable":true,"href":"https:\/\/raic.org\/fr\/wp-json\/wp\/v2\/users\/1"}],"replies":[{"embeddable":true,"href":"https:\/\/raic.org\/fr\/wp-json\/wp\/v2\/comments?post=5221"}],"version-history":[{"count":1,"href":"https:\/\/raic.org\/fr\/wp-json\/wp\/v2\/pages\/5221\/revisions"}],"predecessor-version":[{"id":5222,"href":"https:\/\/raic.org\/fr\/wp-json\/wp\/v2\/pages\/5221\/revisions\/5222"}],"wp:attachment":[{"href":"https:\/\/raic.org\/fr\/wp-json\/wp\/v2\/media?parent=5221"}],"curies":[{"name":"wp","href":"https:\/\/api.w.org\/{rel}","templated":true}]}}