{"id":52093,"date":"2025-10-28T13:55:00","date_gmt":"2025-10-28T17:55:00","guid":{"rendered":"https:\/\/staging.raic.symbiodev.xyz\/?page_id=52093"},"modified":"2026-01-20T18:08:33","modified_gmt":"2026-01-20T23:08:33","slug":"conception-des-soins-de-longue-duree","status":"publish","type":"page","link":"https:\/\/raic.org\/fr\/sensibilisation\/pratique-professionnelle\/conception-des-soins-de-longue-duree\/","title":{"rendered":"Conception des soins de longue dur\u00e9e"},"content":{"rendered":"\n<div class=\"raic-anchor-target-point wp-block-raic-blocks-raic-anchor-target\" id=\"section-1356ab\" aria-label=\"Pourquoi nous plaidons\" data-menu-label=\"Pourquoi nous plaidons\">\n        <\/div>\n\n\n<h2 class=\"wp-block-heading\"><strong>Pourquoi nous plaidons<\/strong><\/h2>\n\n\n\n<div style=\"height:25px\" aria-hidden=\"true\" class=\"wp-block-spacer\"><\/div>\n\n\n\n<p>La population canadienne vieillit rapidement. D\u2019ici 2030, pr\u00e8s d\u2019un Canadien sur quatre aura plus de 65 ans, ce qui cr\u00e9era une demande sans pr\u00e9c\u00e9dent pour des milieux de soins de longue dur\u00e9e s\u00e9curitaires, adapt\u00e9s et empreints de dignit\u00e9. Pourtant, la pand\u00e9mie de COVID-19 a r\u00e9v\u00e9l\u00e9 d\u2019importantes lacunes syst\u00e9miques et conceptuelles dans les \u00e9tablissements existants, o\u00f9 plus de 40 % de tous les d\u00e9c\u00e8s li\u00e9s \u00e0 la pand\u00e9mie sont survenus. Ces r\u00e9sultats ont mis en lumi\u00e8re l\u2019influence directe de l\u2019architecture sur la sant\u00e9, la s\u00e9curit\u00e9 et la qualit\u00e9 de vie des r\u00e9sidents et du personnel soignant.<\/p>\n\n\n\n<p>La conception joue un r\u00f4le essentiel dans la fa\u00e7on dont les gens vivent, gu\u00e9rissent et interagissent au sein des environnements de soins. Des installations bien con\u00e7ues favorisent l\u2019autonomie, les interactions sociales et le bien-\u00eatre psychologique, tout en att\u00e9nuant les risques li\u00e9s aux infections, \u00e0 la surpopulation et \u00e0 l\u2019accessibilit\u00e9. Des caract\u00e9ristiques telles que des mod\u00e8les de milieux domestiques plus petits, un acc\u00e8s \u00e0 la nature, des espaces adaptables et une meilleure qualit\u00e9 de l\u2019air peuvent avoir un impact profond sur le confort et la s\u00e9curit\u00e9 des r\u00e9sidents et du personnel.<\/p>\n\n\n\n<p>\u00c0 mesure que les besoins en soins de longue dur\u00e9e augmentent, les architectes ont la responsabilit\u00e9 \u2014 et l\u2019occasion \u2014 de jouer un r\u00f4le de premier plan en cr\u00e9ant des environnements qui refl\u00e8tent la compassion, l\u2019\u00e9quit\u00e9 et l\u2019inclusion. Une conception r\u00e9fl\u00e9chie peut contribuer \u00e0 red\u00e9finir les soins de longue dur\u00e9e au Canada en un syst\u00e8me ancr\u00e9 dans la dignit\u00e9 et les relations humaines.<\/p>\n\n\n\n<p>Le Groupe de travail sur la conception des soins de longue dur\u00e9e (LTCWG) pr\u00e9conise une transition nationale vers une conception compatissante, inclusive et fond\u00e9e sur des donn\u00e9es probantes dans les \u00e9tablissements de soins de longue dur\u00e9e. Notre travail met l\u2019accent sur la dignit\u00e9, la s\u00e9curit\u00e9 et la qualit\u00e9 de vie de toutes les personnes r\u00e9sidentes, du personnel et des visiteurs gr\u00e2ce \u00e0 une architecture qui favorise la sant\u00e9, les liens humains et la r\u00e9silience.<\/p>\n\n\n\n<div style=\"height:25px\" aria-hidden=\"true\" class=\"wp-block-spacer\"><\/div>\n\n\n\n<h4 class=\"wp-block-heading\"><strong>Nous plaidons pour :<\/strong><\/h4>\n\n\n\n<div style=\"height:25px\" aria-hidden=\"true\" class=\"wp-block-spacer\"><\/div>\n\n\n\n<ul class=\"wp-block-list list-style-arrow\">\n<li>Des normes nationales et des pratiques exemplaires qui am\u00e9liorent la conception et l\u2019exploitation des \u00e9tablissements de soins de longue dur\u00e9e partout au Canada.<\/li>\n\n\n\n<li>Des solutions de conception qui renforcent la dignit\u00e9 et le bien-\u00eatre, favorisant l\u2019autonomie, l\u2019intimit\u00e9 et les interactions sociales.<\/li>\n\n\n\n<li>Des environnements b\u00e2tis qui soutiennent la s\u00e9curit\u00e9 et la sant\u00e9, notamment gr\u00e2ce \u00e0 une meilleure qualit\u00e9 de l\u2019air, au contr\u00f4le des infections et \u00e0 l\u2019accessibilit\u00e9.<\/li>\n\n\n\n<li>Des mod\u00e8les de soins durables et adaptables qui r\u00e9pondent aux changements d\u00e9mographiques, culturels et environnementaux.<\/li>\n\n\n\n<li>L\u2019\u00e9laboration de politiques en collaboration avec les gouvernements, les organisations professionnelles et les fournisseurs de soins, afin que l\u2019architecture demeure au c\u0153ur des discussions sur le vieillissement et les soins.<\/li>\n<\/ul>\n\n\n\n<p>Gr\u00e2ce \u00e0 ce travail, le LTCWG soutient un avenir o\u00f9 chaque milieu de soins de longue dur\u00e9e au Canada incarne le respect, l\u2019\u00e9quit\u00e9 et l\u2019excellence en conception.<\/p>\n\n\n\n<div style=\"height:0px\" aria-hidden=\"true\" class=\"wp-block-spacer\"><\/div>\n\n\n\n<div class=\"raic-anchor-target-point wp-block-raic-blocks-raic-anchor-target\" id=\"section-27c94e\" aria-label=\"Initiatives en cours\" data-menu-label=\"Initiatives en cours\">\n        <\/div>\n\n\n<div class=\"wp-block-group alignfull is-content-justification-center\" style=\"margin-top:0;margin-bottom:0;padding-top:calc( 0.5 * var(--wp--style--root--padding-right, var(--wp--custom--gap--horizontal)));padding-right:var(--wp--style--root--padding-right, var(--wp--custom--gap--horizontal));padding-bottom:calc( 0.5 * var(--wp--style--root--padding-right, var(--wp--custom--gap--horizontal)));padding-left:var(--wp--style--root--padding-left, var(--wp--custom--gap--horizontal))\"><div class=\"wp-block-group__inner-container is-layout-constrained wp-container-core-group-is-layout-b073b61b wp-block-group-is-layout-constrained\">\n<h2 class=\"wp-block-heading\"><strong>Initiatives en cours<\/strong><\/h2>\n\n\n\n<div style=\"height:25px\" aria-hidden=\"true\" class=\"wp-block-spacer\"><\/div>\n\n\n\n<p>Le Groupe de travail sur la conception des soins de longue dur\u00e9e (LTCWG) fait progresser le dialogue national et d\u00e9veloppe des outils concrets visant \u00e0 am\u00e9liorer la qualit\u00e9 et la conception des milieux de soins de longue dur\u00e9e au Canada. Nos initiatives actuelles mettent l\u2019accent sur le partage des connaissances, l\u2019influence des normes et le renforcement de la formation professionnelle.<\/p>\n\n\n\n<div class=\"wp-block-media-text is-stacked-on-mobile is-image-fill-element\" style=\"grid-template-columns:33% auto\"><figure class=\"wp-block-media-text__media\"><img decoding=\"async\" width=\"1024\" height=\"574\" data-src=\"https:\/\/raic.org\/sites\/raic.org\/wp-content\/uploads\/2025\/11\/LTC-design-1024x574.jpeg\" alt=\"\" class=\"wp-image-38765 size-full lazyload\" style=\"--smush-placeholder-width: 1024px; --smush-placeholder-aspect-ratio: 1024\/574;object-position:71% 23%\" src=\"data:image\/svg+xml;base64,PHN2ZyB3aWR0aD0iMSIgaGVpZ2h0PSIxIiB4bWxucz0iaHR0cDovL3d3dy53My5vcmcvMjAwMC9zdmciPjwvc3ZnPg==\" \/><\/figure><div class=\"wp-block-media-text__content\">\n<p><strong>Nous travaillons actuellement \u00e0 :<\/strong><\/p>\n\n\n\n<ul class=\"wp-block-list list-style-checkmark\">\n<li>Apporter une expertise \u00e0 l\u2019\u00e9laboration de normes nationales et de cadres f\u00e9d\u00e9raux li\u00e9s \u00e0 la conception des milieux de soins de longue dur\u00e9e et \u00e0 la performance des \u00e9tablissements.<\/li>\n\n\n\n<li>Mener des efforts de d\u00e9fense d\u2019int\u00e9r\u00eats afin de renforcer les normes de sant\u00e9, de s\u00e9curit\u00e9 et de conception des r\u00e9sidences de soins de longue dur\u00e9e, notamment en contribuant \u00e0 des positions nationales telles que la <a href=\"https:\/\/raic.org\/fr\/nouvelles\/communique-de-lirac-sur-les-etablissements-de-soins-de-longue-duree-et-les-normes-et-codes-inadequats-mai-2023\/\">d\u00e9claration de l\u2019IRAC sur les soins de longue dur\u00e9e et les normes et codes inad\u00e9quats (mai 2023).<\/a><\/li>\n\n\n\n<li>Contribuer \u00e0 la formation professionnelle et au partage des connaissances par l\u2019entremise de s\u00e9ances de la conf\u00e9rence de l\u2019IRAC, de webinaires nationaux et de tables rondes interdisciplinaires qui explorent les pratiques exemplaires en mati\u00e8re d\u2019architecture pour les soins, la communaut\u00e9 et le vieillissement.<\/li>\n\n\n\n<li>R\u00e9diger et publier des articles dans le <em>Journal de l\u2019IRAC<\/em> et d\u2019autres plateformes afin de sensibiliser aux approches fond\u00e9es sur des donn\u00e9es probantes et au r\u00f4le de l\u2019architecture dans la cr\u00e9ation de milieux de soins \u00e9quitables, r\u00e9silients et centr\u00e9s sur les personnes.<\/li>\n<\/ul>\n<\/div><\/div>\n\n\n\n<div style=\"height:25px\" aria-hidden=\"true\" class=\"wp-block-spacer\"><\/div>\n\n\n\n<p>Ensemble, ces efforts appuient la mission de l\u2019IRAC, qui consiste \u00e0 faire en sorte que l\u2019architecture contribue de fa\u00e7on significative \u00e0 la sant\u00e9, \u00e0 la s\u00e9curit\u00e9 et au bien-\u00eatre de la population canadienne \u00e0 chaque \u00e9tape de la vie.<\/p>\n\n\n\n<div style=\"height:calc( 0.25 * var(--wp--style--root--padding-right, var(--wp--custom--gap--horizontal)))\" aria-hidden=\"true\" class=\"wp-block-spacer\"><\/div>\n\n\n\n<div class=\"raic-anchor-target-point wp-block-raic-blocks-raic-anchor-target\" id=\"section-402ae0\" aria-label=\"Notre leadership\" data-menu-label=\"Notre leadership\">\n        <\/div>\n\n\n<h2 class=\"wp-block-heading\"><strong>Notre leadership<\/strong><\/h2>\n\n\n\n<div style=\"height:0px\" aria-hidden=\"true\" class=\"wp-block-spacer\"><\/div>\n\n\n\n<div class=\"raic-staff-listing wp-block-raic-blocks-raic-staff-listing\">\n            <div class=\"raic-staff-grid \" data-aos=\"fade-in\" data-aos-duration=\"1000\">\n            <div class=\"container\">\n                                <div class=\"raic-staff-grid-container\"\n                     data-columns-desktop=\"4\"\n                     data-columns-tablet=\"2\"\n                     data-columns-mobile=\"1\"\n                     data-display-modal-name=\"1\"\n                     style=\"--columns-desktop: 4; --columns-tablet: 2; --columns-mobile: 1;\">\n                                            <a href=\"#\" \n                           class=\"raic-staff-card\" \n                                                          data-staff-id=\"49361\"\n                               data-staff-name=\"Groupe de travail sur la conception d\u2019\u00e9tablissements de soins de longue dur\u00e9e\"\n                               data-staff-position=\"\"\n                               data-staff-organization=\"\"\n                               data-staff-email=\"\"\n                               data-staff-phone=\"\"\n                               data-staff-linkedin=\"\"\n                               data-staff-twitter=\"\"\n                               data-staff-facebook=\"\"\n                               data-staff-biography=\"\n&lt;table id=&quot;tablepress-36&quot; class=&quot;tablepress tablepress-id-36&quot;&gt;\n&lt;thead&gt;\n&lt;tr class=&quot;row-1&quot;&gt;\n\t&lt;th class=&quot;column-1&quot;&gt;Membres&lt;\/th&gt;&lt;th class=&quot;column-2&quot;&gt;Mandat&lt;\/th&gt;\n&lt;\/tr&gt;\n&lt;\/thead&gt;\n&lt;tbody class=&quot;row-hover&quot;&gt;\n&lt;tr class=&quot;row-2&quot;&gt;\n\t&lt;td class=&quot;column-1&quot;&gt;Anthony Bateson, MRAIC&lt;\/td&gt;&lt;td class=&quot;column-2&quot;&gt;Prend fin le 31 d\u00e9cembre 2027&lt;\/td&gt;\n&lt;\/tr&gt;\n&lt;tr class=&quot;row-3&quot;&gt;\n\t&lt;td class=&quot;column-1&quot;&gt;Heather Button, MRAIC (co-chair)&lt;\/td&gt;&lt;td class=&quot;column-2&quot;&gt;Prend fin le 31 d\u00e9cembre 2027&lt;\/td&gt;\n&lt;\/tr&gt;\n&lt;tr class=&quot;row-4&quot;&gt;\n\t&lt;td class=&quot;column-1&quot;&gt;James Eduful, MRAIC&lt;\/td&gt;&lt;td class=&quot;column-2&quot;&gt;Prend fin le 31 d\u00e9cembre 2027&lt;\/td&gt;\n&lt;\/tr&gt;\n&lt;tr class=&quot;row-5&quot;&gt;\n\t&lt;td class=&quot;column-1&quot;&gt;Vivian Lo, MRAIC (co-chair)&lt;\/td&gt;&lt;td class=&quot;column-2&quot;&gt;Prend fin le 31 d\u00e9cembre 2027&lt;\/td&gt;\n&lt;\/tr&gt;\n&lt;tr class=&quot;row-6&quot;&gt;\n\t&lt;td class=&quot;column-1&quot;&gt;Kayhan Nadji, MRAIC&lt;\/td&gt;&lt;td class=&quot;column-2&quot;&gt;Prend fin le 31 d\u00e9cembre 2027&lt;\/td&gt;\n&lt;\/tr&gt;\n&lt;tr class=&quot;row-7&quot;&gt;\n\t&lt;td class=&quot;column-1&quot;&gt;Kingsley Ogundele, MRAIC&lt;\/td&gt;&lt;td class=&quot;column-2&quot;&gt;Prend fin le 31 d\u00e9cembre 2027&lt;\/td&gt;\n&lt;\/tr&gt;\n&lt;tr class=&quot;row-8&quot;&gt;\n\t&lt;td class=&quot;column-1&quot;&gt;Henry Tsang, FRAIC&lt;\/td&gt;&lt;td class=&quot;column-2&quot;&gt;Titulaire de la d\u00e9signation RAPP&lt;\/td&gt;\n&lt;\/tr&gt;\n&lt;tr class=&quot;row-9&quot;&gt;\n\t&lt;td class=&quot;column-1&quot;&gt;Lynne Wilson Orr, FRAIC&lt;\/td&gt;&lt;td class=&quot;column-2&quot;&gt;Prend fin le 31 d\u00e9cembre 2027&lt;\/td&gt;\n&lt;\/tr&gt;\n&lt;\/tbody&gt;\n&lt;\/table&gt;\n&lt;!-- #tablepress-36 from cache --&gt;\n&lt;p data-start=&quot;558&quot; data-end=&quot;993&quot;&gt;Le Groupe de travail sur la conception des soins de longue dur\u00e9e (GTSLD) mobilise les connaissances et l\u2019exp\u00e9rience de ses membres afin de promouvoir l\u2019excellence dans la conception des environnements de soins de longue dur\u00e9e partout au Canada. Le groupe appuie l\u2019IRAC dans l\u2019\u00e9laboration de recommandations \u00e9clair\u00e9es sur les questions li\u00e9es \u00e0 l\u2019h\u00e9bergement des Canadiens et Canadiennes dans les \u00e9tablissements de soins de longue dur\u00e9e.&lt;\/p&gt;\n&lt;p data-start=&quot;995&quot; data-end=&quot;1404&quot;&gt;Le r\u00f4le principal du GTSLD est de conseiller l\u2019IRAC sur des strat\u00e9gies visant \u00e0 am\u00e9liorer la dignit\u00e9, la sant\u00e9, la s\u00e9curit\u00e9 et le bien-\u00eatre des r\u00e9sidents, du personnel et des visiteurs. Cela inclut la formulation de recommandations constructives \u00e0 l\u2019intention des autorit\u00e9s, des promoteurs, des exploitants et des gouvernements qui influencent la qualit\u00e9 de la conception des milieux de soins de longue dur\u00e9e.&lt;\/p&gt;\n&lt;p data-start=&quot;1406&quot; data-end=&quot;1923&quot;&gt;Bien que cette initiative ait \u00e9t\u00e9 amorc\u00e9e en r\u00e9action \u00e0 la pand\u00e9mie de COVID-19, le GTSLD aborde \u00e0 la fois les d\u00e9fis imm\u00e9diats et les am\u00e9liorations \u00e0 long terme. Ses travaux portent sur l\u2019\u00e9laboration de recommandations de conception exemplaires, l\u2019identification de modifications potentielles au Code national du b\u00e2timent, le soutien \u00e0 l\u2019\u00e9laboration de normes nationales, ainsi que la contribution aux communications et aux activit\u00e9s de d\u00e9fense d\u2019int\u00e9r\u00eats de l\u2019IRAC en mati\u00e8re de conception des soins de longue dur\u00e9e.&lt;\/p&gt;\n\"\n                           >\n                            <div class=\"raic-staff-image\">\n                                                                    <img decoding=\"async\" data-src=\"https:\/\/raic.org\/sites\/raic.org\/wp-content\/uploads\/2025\/11\/Untitled-design-8.png\" alt=\"Groupe de travail sur la conception d\u2019\u00e9tablissements de soins de longue dur\u00e9e\" src=\"data:image\/svg+xml;base64,PHN2ZyB3aWR0aD0iMSIgaGVpZ2h0PSIxIiB4bWxucz0iaHR0cDovL3d3dy53My5vcmcvMjAwMC9zdmciPjwvc3ZnPg==\" class=\"lazyload\" style=\"--smush-placeholder-width: 310px; --smush-placeholder-aspect-ratio: 310\/250;\">\n                                                            <\/div>\n                            <div class=\"raic-staff-content\">\n                                                                    <h3 class=\"raic-staff-name\">Groupe de travail sur la conception d\u2019\u00e9tablissements de soins de longue dur\u00e9e<\/h3>\n                                                                \n                                                                \n                                                                \n                                                                    <p class=\"raic-staff-term\">\u00c9tabli en 2021<\/p>\n                                                                \n                                                                    <span class=\"raic-staff-arrow\" aria-hidden=\"true\"><\/span>\n                                                            <\/div>\n                        <\/a>\n                                    <\/div>\n            <\/div>\n        <\/div>\n\n                    <!-- Modal Structure -->\n            <div class=\"raic-staff-modal\" id=\"staff-modal\">\n                <div class=\"raic-modal-overlay\"><\/div>\n                <div class=\"raic-modal-container\">\n                    <button class=\"raic-modal-close\" aria-label=\"Close modal\">\u00d7<\/button>\n                    \n                    <div class=\"raic-modal-content\">\n                        <!-- Top section with image and details -->\n                        <div class=\"raic-modal-top\">\n                            <!-- Left image -->\n                            <div class=\"raic-modal-image\">\n                                <img id=\"modal-image\" alt=\"\" data-src=\"\">\n                            <\/div>\n                            \n                            <!-- Right content -->\n                            <div class=\"raic-modal-details\">\n                                <!-- Name and title -->\n                                <h2 id=\"modal-name\"><\/h2>\n                                <p id=\"modal-title\"><\/p>\n                                \n                                <!-- Labels row -->\n                                <div class=\"raic-labels-row\">\n                                    <div class=\"raic-label\">Contact<\/div>\n                                    <div class=\"raic-label\" id=\"social-label\" style=\"display:none;\">Social Media<\/div>\n                                <\/div>\n                                \n                                <!-- Content row -->\n                                <div class=\"raic-content-row\">\n                                    <!-- Contact details -->\n                                    <div class=\"raic-contact\">\n                                        <p><a id=\"modal-email\" href=\"#\"><\/a><\/p>\n                                        <p id=\"modal-phone\"><\/p>\n                                    <\/div>\n                                    \n                                    <!-- Social icons -->\n                                    <div class=\"raic-social\" id=\"social-section\" style=\"display:none;\">\n                                                                                <a href=\"#\" id=\"modal-linkedin\" target=\"_blank\" rel=\"noopener noreferrer\" aria-label=\"LinkedIn\" style=\"display:none;\">\n                                            <img decoding=\"async\" data-src=\"https:\/\/raic.org\/sites\/raic.org\/wp-content\/plugins\/raic-blocks\/src\/raic-staff-listing\/icons\/linkedin-icon.svg\" alt=\"LinkedIn\" width=\"17\" height=\"16\" src=\"data:image\/svg+xml;base64,PHN2ZyB3aWR0aD0iMSIgaGVpZ2h0PSIxIiB4bWxucz0iaHR0cDovL3d3dy53My5vcmcvMjAwMC9zdmciPjwvc3ZnPg==\" class=\"lazyload\" style=\"--smush-placeholder-width: 17px; --smush-placeholder-aspect-ratio: 17\/16;\">\n                                        <\/a>\n                                        <a href=\"#\" id=\"modal-twitter\" target=\"_blank\" rel=\"noopener noreferrer\" aria-label=\"Twitter\" style=\"display:none;\">\n                                            <i class=\"bi bi-twitter-x\"><\/i>\n                                        <\/a>\n                                        <a href=\"#\" id=\"modal-facebook\" target=\"_blank\" rel=\"noopener noreferrer\" aria-label=\"Facebook\" style=\"display:none;\">\n                                            <img decoding=\"async\" data-src=\"https:\/\/raic.org\/sites\/raic.org\/wp-content\/plugins\/raic-blocks\/src\/raic-staff-listing\/icons\/fb-icon.svg\" alt=\"Facebook\" width=\"9\" height=\"16\" src=\"data:image\/svg+xml;base64,PHN2ZyB3aWR0aD0iMSIgaGVpZ2h0PSIxIiB4bWxucz0iaHR0cDovL3d3dy53My5vcmcvMjAwMC9zdmciPjwvc3ZnPg==\" class=\"lazyload\" style=\"--smush-placeholder-width: 9px; --smush-placeholder-aspect-ratio: 9\/16;\">\n                                        <\/a>\n                                    <\/div>\n                                <\/div>\n                            <\/div>\n                        <\/div>\n                        \n                        <!-- Biography section -->\n                        <div class=\"raic-modal-bottom\">\n                            <div class=\"raic-biography\" id=\"biography-content\"><\/div>\n                        <\/div>\n                    <\/div>\n                <\/div>\n            <\/div>\n        \n            <\/div>\n\n\n\n\n<div style=\"height:25px\" aria-hidden=\"true\" class=\"wp-block-spacer\"><\/div>\n\n\n\n<h6 class=\"wp-block-heading\"><strong>Participez<\/strong><\/h6>\n\n\n\n<ul class=\"wp-block-list list-style-arrow\">\n<li>Participez \u00e0 la conversation en prenant part aux webinaires, aux panels et aux s\u00e9ances de conf\u00e9rence de l\u2019IRAC portant sur la conception des milieux de soins de longue dur\u00e9e.<\/li>\n\n\n\n<li>Partagez vos travaux ou \u00e9tudes de cas mettant en valeur des approches novatrices en mati\u00e8re de conception des milieux de soins et des communaut\u00e9s.<\/li>\n\n\n\n<li>Communiquez avec nous pour en savoir plus sur les occasions \u00e0 venir ou pour exprimer votre int\u00e9r\u00eat \u00e0 faire du b\u00e9n\u00e9volat au sein du LTCWG.<\/li>\n<\/ul>\n\n\n\n<div style=\"height:15px\" aria-hidden=\"true\" class=\"wp-block-spacer\"><\/div>\n\n\n\n<div class=\"raic-anchor-target-point wp-block-raic-blocks-raic-anchor-target\" id=\"resources\" aria-label=\"Ressources\" data-menu-label=\"Ressources\">\n        <\/div>\n\n\n<div class=\"raic-text-image-section wp-block-raic-blocks-raic-text-image-alternating\" data-aos=\"fade-in\" data-aos-duration=\"1000\">\n    <div class=\"container\">\n        <div class=\"row align-items-center\">\n            <div class=\"col-lg-6 mb-4 mb-lg-0\">\n                <div class=\"raic-content-image\">\n                    <img decoding=\"async\" width=\"1024\" height=\"683\" data-src=\"https:\/\/raic.org\/sites\/raic.org\/wp-content\/uploads\/2025\/11\/AdobeStock_1040394789-1024x683.jpeg\" class=\"img-fluid lazyload\" alt=\"\" data-srcset=\"https:\/\/raic.org\/sites\/raic.org\/wp-content\/uploads\/2025\/11\/AdobeStock_1040394789-1024x683.jpeg 1024w, https:\/\/raic.org\/sites\/raic.org\/wp-content\/uploads\/2025\/11\/AdobeStock_1040394789-300x200.jpeg 300w, https:\/\/raic.org\/sites\/raic.org\/wp-content\/uploads\/2025\/11\/AdobeStock_1040394789-768x512.jpeg 768w, https:\/\/raic.org\/sites\/raic.org\/wp-content\/uploads\/2025\/11\/AdobeStock_1040394789-1536x1024.jpeg 1536w, https:\/\/raic.org\/sites\/raic.org\/wp-content\/uploads\/2025\/11\/AdobeStock_1040394789-2048x1365.jpeg 2048w, https:\/\/raic.org\/sites\/raic.org\/wp-content\/uploads\/2025\/11\/AdobeStock_1040394789-e1763043910214.jpeg 1000w\" data-sizes=\"(max-width: 1024px) 100vw, 1024px\" src=\"data:image\/svg+xml;base64,PHN2ZyB3aWR0aD0iMSIgaGVpZ2h0PSIxIiB4bWxucz0iaHR0cDovL3d3dy53My5vcmcvMjAwMC9zdmciPjwvc3ZnPg==\" style=\"--smush-placeholder-width: 1024px; --smush-placeholder-aspect-ratio: 1024\/683;\" \/>                <\/div>\n            <\/div>\n            <div class=\"col-lg-6\">\n                <div class=\"raic-text-content\">\n\n                    \n                                             <h2 class=\"raic-content-title\">\n                             <strong>Ressources<\/strong>                         <\/h2>\n                    \n                                            <p class=\"raic-content-description\">\n                             Les ressources suivantes offrent des lignes directrices essentielles pour les architectes, concepteurs et planificateurs \u0153uvrant en soins de longue dur\u00e9e. Elles couvrent des aspects cl\u00e9s de la conception des SLD \u2014 approches centr\u00e9es sur la personne, accessibilit\u00e9, soins li\u00e9s \u00e0 la d\u00e9mence, contr\u00f4le des infections et exigences r\u00e9glementaires \u2014 afin de soutenir la cr\u00e9ation de milieux dignes, s\u00e9curitaires et adapt\u00e9s aux r\u00e9sidents.                        <\/p>\n                    \n                                                                <div class=\"raic-content-actions\">\n                                                            <a href=\"https:\/\/raic.org\/advocacy\/practice\/long-term-care-design\/long-term-care-design-resources\/\" class=\"raic-btn-primary\" aria-label=\"Ressources - Ressources\" target=\"_blank\" rel=\"noopener noreferrer\">\n                                    Ressources <i class=\"bi bi-arrow-right-short\"><\/i>\n                                <\/a>\n                            \n                                                             <a href=\"https:\/\/raic.org\/professional-development\/continuing-education\/search-continuing-education\/?topic=health-and-wellness\" class=\"raic-btn-outline\" aria-label=\"Webinaires et cours - Ressources\" target=\"_blank\" rel=\"noopener noreferrer\">\n                                     Webinaires et cours <i class=\"bi bi-arrow-right-short\"><\/i>\n                                 <\/a>\n                                                    <\/div>\n                    \n                <\/div>\n            <\/div>\n\n        <\/div>     <\/div> <\/div>\n<\/div><\/div>\n","protected":false},"excerpt":{"rendered":"<p>Pourquoi nous plaidons La population canadienne vieillit rapidement. D\u2019ici 2030, pr\u00e8s d\u2019un Canadien sur quatre aura plus de 65 ans, ce qui cr\u00e9era une demande sans pr\u00e9c\u00e9dent pour des milieux de soins de longue dur\u00e9e s\u00e9curitaires, adapt\u00e9s et empreints de dignit\u00e9. Pourtant, la pand\u00e9mie de COVID-19 a r\u00e9v\u00e9l\u00e9 d\u2019importantes lacunes syst\u00e9miques et conceptuelles dans les [&hellip;]<\/p>\n","protected":false},"author":8,"featured_media":0,"parent":48693,"menu_order":0,"comment_status":"closed","ping_status":"closed","template":"template-two-column-wide.php","meta":{"_acf_changed":false,"footnotes":""},"class_list":["post-52093","page","type-page","status-publish","hentry"],"acf":[],"_links":{"self":[{"href":"https:\/\/raic.org\/fr\/wp-json\/wp\/v2\/pages\/52093","targetHints":{"allow":["GET"]}}],"collection":[{"href":"https:\/\/raic.org\/fr\/wp-json\/wp\/v2\/pages"}],"about":[{"href":"https:\/\/raic.org\/fr\/wp-json\/wp\/v2\/types\/page"}],"author":[{"embeddable":true,"href":"https:\/\/raic.org\/fr\/wp-json\/wp\/v2\/users\/8"}],"replies":[{"embeddable":true,"href":"https:\/\/raic.org\/fr\/wp-json\/wp\/v2\/comments?post=52093"}],"version-history":[{"count":4,"href":"https:\/\/raic.org\/fr\/wp-json\/wp\/v2\/pages\/52093\/revisions"}],"predecessor-version":[{"id":56123,"href":"https:\/\/raic.org\/fr\/wp-json\/wp\/v2\/pages\/52093\/revisions\/56123"}],"up":[{"embeddable":true,"href":"https:\/\/raic.org\/fr\/wp-json\/wp\/v2\/pages\/48693"}],"wp:attachment":[{"href":"https:\/\/raic.org\/fr\/wp-json\/wp\/v2\/media?parent=52093"}],"curies":[{"name":"wp","href":"https:\/\/api.w.org\/{rel}","templated":true}]}}