{"id":52017,"date":"2014-10-06T21:13:00","date_gmt":"2014-10-07T01:13:00","guid":{"rendered":"https:\/\/staging.raic.symbiodev.xyz\/?page_id=52017"},"modified":"2025-12-10T16:19:28","modified_gmt":"2025-12-10T21:19:28","slug":"comment-adherer","status":"publish","type":"page","link":"https:\/\/raic.org\/fr\/adherer\/comment-adherer\/","title":{"rendered":"Comment devenir membre"},"content":{"rendered":"\n<h2 class=\"wp-block-heading\"><strong>Soumettre une demande d\u2019adh\u00e9sion<\/strong><\/h2>\n\n\n\n<p>Suivez ces trois \u00e9tapes pour soumettre une demande d\u2019adh\u00e9sion \u00e0 l\u2019IRAC<\/p>\n\n\n\n<ul class=\"wp-block-list\">\n<li><strong>T\u00e9l\u00e9chargez<\/strong> le formulaire de demande correspondant \u00e0 vos qualifications.<\/li>\n\n\n\n<li><strong>Remplissez<\/strong> le PDF remplissable.<\/li>\n\n\n\n<li><strong>Envoyez<\/strong> le formulaire et toute documentation justificative requise \u00e0 l\u2019adresse : <a href=\"mailto:adhesion.raic.org\">adhesion@raic.org<\/a>.<\/li>\n<\/ul>\n\n\n\n<div style=\"height:25px\" aria-hidden=\"true\" class=\"wp-block-spacer\"><\/div>\n\n\n\n<h4 class=\"wp-block-heading raic-heading-border\">Formulaires d\u2019adh\u00e9sion<\/h4>\n\n\n\n<div class=\"wp-block-media-text is-stacked-on-mobile\" style=\"grid-template-columns:15% auto\"><figure class=\"wp-block-media-text__media\"><img decoding=\"async\" width=\"100\" height=\"100\" data-src=\"https:\/\/raic.org\/sites\/raic.org\/wp-content\/uploads\/2025\/08\/How-to-join.svg\" alt=\"Regular Application\" class=\"wp-image-9820 size-full lazyload\" src=\"data:image\/svg+xml;base64,PHN2ZyB3aWR0aD0iMSIgaGVpZ2h0PSIxIiB4bWxucz0iaHR0cDovL3d3dy53My5vcmcvMjAwMC9zdmciPjwvc3ZnPg==\" style=\"--smush-placeholder-width: 100px; --smush-placeholder-aspect-ratio: 100\/100;\" \/><\/figure><div class=\"wp-block-media-text__content\">\n<h6 class=\"wp-block-heading\"><a href=\"\/wp-content\/uploads\/2025\/10\/2026_new_membership_application_fr.pdf\" target=\"_blank\" rel=\"noreferrer noopener\">Demande d\u2019adh\u00e9sion r\u00e9guli\u00e8re<\/a><\/h6>\n\n\n\n<p>Pour les architectes inscrits ou titulaires d\u2019un permis, les dipl\u00f4m\u00e9s, les membres du corps professoral, les stagiaires et architectes stagiaires, ainsi que les associ\u00e9s internationaux.<\/p>\n<\/div><\/div>\n\n\n\n<div style=\"height:15px\" aria-hidden=\"true\" class=\"wp-block-spacer\"><\/div>\n\n\n\n<div class=\"wp-block-media-text is-stacked-on-mobile\" style=\"grid-template-columns:15% auto\"><figure class=\"wp-block-media-text__media\"><img decoding=\"async\" width=\"100\" height=\"100\" data-src=\"https:\/\/raic.org\/sites\/raic.org\/wp-content\/uploads\/2025\/08\/How-to-join.svg\" alt=\"Regular Application\" class=\"wp-image-9820 size-full lazyload\" src=\"data:image\/svg+xml;base64,PHN2ZyB3aWR0aD0iMSIgaGVpZ2h0PSIxIiB4bWxucz0iaHR0cDovL3d3dy53My5vcmcvMjAwMC9zdmciPjwvc3ZnPg==\" style=\"--smush-placeholder-width: 100px; --smush-placeholder-aspect-ratio: 100\/100;\" \/><\/figure><div class=\"wp-block-media-text__content\">\n<h6 class=\"wp-block-heading\"><a href=\"\/wp-content\/uploads\/2025\/10\/2026_student_associate_application_fr.pdf\" target=\"_blank\" rel=\"noreferrer noopener\">Demande d\u2019adh\u00e9sion \u00e9tudiante<\/a><\/h6>\n\n\n\n<p>Pour les \u00e9tudiants \u00e0 temps plein inscrits \u00e0 un programme de baccalaur\u00e9at ou de ma\u00eetrise en architecture ou en design, au Centre d\u2019architecture de l\u2019IRAC (Universit\u00e9 Athabasca) ou au programme de formation de l\u2019IRAC.<\/p>\n<\/div><\/div>\n\n\n\n<div style=\"height:15px\" aria-hidden=\"true\" class=\"wp-block-spacer\"><\/div>\n\n\n\n<div class=\"wp-block-media-text is-stacked-on-mobile\" style=\"grid-template-columns:15% auto\"><figure class=\"wp-block-media-text__media\"><img decoding=\"async\" width=\"100\" height=\"100\" data-src=\"https:\/\/raic.org\/sites\/raic.org\/wp-content\/uploads\/2025\/08\/How-to-join.svg\" alt=\"Regular Application\" class=\"wp-image-9820 size-full lazyload\" src=\"data:image\/svg+xml;base64,PHN2ZyB3aWR0aD0iMSIgaGVpZ2h0PSIxIiB4bWxucz0iaHR0cDovL3d3dy53My5vcmcvMjAwMC9zdmciPjwvc3ZnPg==\" style=\"--smush-placeholder-width: 100px; --smush-placeholder-aspect-ratio: 100\/100;\" \/><\/figure><div class=\"wp-block-media-text__content\">\n<h6 class=\"wp-block-heading\"><a href=\"\/wp-content\/uploads\/2025\/10\/2026_affiliate_fr.pdf\" target=\"_blank\" rel=\"noreferrer noopener\">Demande d\u2019adh\u00e9sion \u00e0 titre d\u2019affili\u00e9<\/a><\/h6>\n\n\n\n<p>Pour les personnes ou organisations \u0153uvrant dans l\u2019industrie du design et de la construction et ayant un lien avec la profession d\u2019architecte.<\/p>\n<\/div><\/div>\n\n\n\n<div style=\"height:15px\" aria-hidden=\"true\" class=\"wp-block-spacer\"><\/div>\n\n\n\n<div class=\"wp-block-media-text is-stacked-on-mobile\" style=\"grid-template-columns:15% auto\"><figure class=\"wp-block-media-text__media\"><img decoding=\"async\" width=\"100\" height=\"100\" data-src=\"https:\/\/raic.org\/sites\/raic.org\/wp-content\/uploads\/2025\/08\/How-to-join.svg\" alt=\"Regular Application\" class=\"wp-image-9820 size-full lazyload\" src=\"data:image\/svg+xml;base64,PHN2ZyB3aWR0aD0iMSIgaGVpZ2h0PSIxIiB4bWxucz0iaHR0cDovL3d3dy53My5vcmcvMjAwMC9zdmciPjwvc3ZnPg==\" style=\"--smush-placeholder-width: 100px; --smush-placeholder-aspect-ratio: 100\/100;\" \/><\/figure><div class=\"wp-block-media-text__content\">\n<h6 class=\"wp-block-heading\"><a href=\"https:\/\/raic.org\/fr\/a-propos\/partenariats-corporatifs\/\">Demande d\u2019adh\u00e9sion corporative<\/a><\/h6>\n\n\n\n<p>Destin\u00e9 aux entreprises et aux commanditaires qui souhaitent \u00e9tablir une collaboration avec l\u2019IRAC.<\/p>\n<\/div><\/div>\n\n\n\n<div style=\"height:25px\" aria-hidden=\"true\" class=\"wp-block-spacer\"><\/div>\n\n\n\n<p>Vous n\u2019\u00eates pas certain de la cat\u00e9gorie qui s\u2019applique \u00e0 vous? Informez-vous sur les personnes admissibles \u00e0 l\u2019adh\u00e9sion \u00e0 l\u2019IRAC ou communiquez avec nous \u00e0 l\u2019adresse : <a href=\"mailto:adhesion.raic.org\">adhesion@raic.org<\/a>. Nous serons heureux de vous aider \u00e0 trouver la cat\u00e9gorie qui vous convient le mieux.<\/p>\n\n\n\n<p><em>Des renseignements manquants ou incomplets, des d\u00e9tails de paiement absents, ou des documents justificatifs non fournis entra\u00eeneront un retard dans le traitement de votre demande. Veuillez examiner attentivement le formulaire de demande afin de d\u00e9terminer si vous devez soumettre des documents justificatifs.<\/em><\/p>\n\n\n\n<div style=\"height:25px\" aria-hidden=\"true\" class=\"wp-block-spacer\"><\/div>\n\n\n\n<h4 class=\"wp-block-heading raic-heading-border\">Membres r\u00e9int\u00e9gr\u00e9s<\/h4>\n\n\n\n<p>Si vous renouvelez ou r\u00e9activez une adh\u00e9sion ant\u00e9rieure, connectez-vous en haut \u00e0 droite de cette page pour acc\u00e9der \u00e0 votre tableau de bord membre. Vous pouvez \u00e9galement nous joindre par t\u00e9l\u00e9phone au 613-241-3600, poste 2000, afin de r\u00e9activer votre adh\u00e9sion<strong>.<\/strong><br><\/p>\n\n\n\n<div style=\"height:25px\" aria-hidden=\"true\" class=\"wp-block-spacer\"><\/div>\n\n\n<div class=\"raic-content-section container wp-block-raic-blocks-raic-accordion\" id=\"section-accordion\">\n            <h2 class=\"raic-section-heading raic-subsection-heading\">FAQ<\/h2>\n        \n    <div class=\"raic-accordion\">\n                    <div class=\"raic-accordion-item\">\n                <div class=\"raic-accordion-header\">\n                    <h3 class=\"raic-accordion-title\">Quel est le d\u00e9lai d\u2019activation de l\u2019adh\u00e9sion ?<\/h3>\n                    <button class=\"raic-accordion-toggle\" aria-label=\"Toggle accordion item\">\n                        <span class=\"raic-icon-plus\"><\/span>\n                    <\/button>\n                <\/div>\n                <div class=\"raic-accordion-content\">\n                    <p>Votre demande sera trait\u00e9e dans un d\u00e9lai de 4 \u00e0 7 jours ouvrables.<\/p>\n                <\/div>\n            <\/div>\n                    <div class=\"raic-accordion-item\">\n                <div class=\"raic-accordion-header\">\n                    <h3 class=\"raic-accordion-title\">Comment savoir si mon adh\u00e9sion est active ?<\/h3>\n                    <button class=\"raic-accordion-toggle\" aria-label=\"Toggle accordion item\">\n                        <span class=\"raic-icon-plus\"><\/span>\n                    <\/button>\n                <\/div>\n                <div class=\"raic-accordion-content\">\n                    <p>Vous recevrez un re\u00e7u (si un paiement est requis), suivi d\u2019un courriel de bienvenue contenant vos identifiants pour le Portail des membres de l\u2019IRAC. Ce courriel inclura \u00e9galement des renseignements sur la fa\u00e7on de commencer \u00e0 utiliser votre adh\u00e9sion.<\/p>\n                <\/div>\n            <\/div>\n                    <div class=\"raic-accordion-item\">\n                <div class=\"raic-accordion-header\">\n                    <h3 class=\"raic-accordion-title\">Quand mes avantages de membre seront-ils accessibles ?<\/h3>\n                    <button class=\"raic-accordion-toggle\" aria-label=\"Toggle accordion item\">\n                        <span class=\"raic-icon-plus\"><\/span>\n                    <\/button>\n                <\/div>\n                <div class=\"raic-accordion-content\">\n                    <p>La plupart des avantages seront activ\u00e9s d\u00e8s que vous recevrez votre courriel de bienvenue. Veuillez noter que certains programmes partenaires peuvent prendre plus de temps :<\/p>\n<ul>\n<li><strong>GoodLife Fitness<\/strong> : L\u2019activation peut prendre jusqu\u2019\u00e0 1 mois.<\/li>\n<li><strong>Abonnements \u00e0 des magazines<\/strong> : Ceux-ci sont distribu\u00e9s par la poste et peuvent prendre quelques mois selon votre date d\u2019activation et le calendrier de publication.<\/li>\n<\/ul>\n                <\/div>\n            <\/div>\n                    <div class=\"raic-accordion-item\">\n                <div class=\"raic-accordion-header\">\n                    <h3 class=\"raic-accordion-title\">Quelle est la dur\u00e9e de l\u2019adh\u00e9sion ?<\/h3>\n                    <button class=\"raic-accordion-toggle\" aria-label=\"Toggle accordion item\">\n                        <span class=\"raic-icon-plus\"><\/span>\n                    <\/button>\n                <\/div>\n                <div class=\"raic-accordion-content\">\n                    <p>L\u2019adh\u00e9sion d\u00e9bute le 1er janvier et prend fin le 31 d\u00e9cembre.<\/p>\n                <\/div>\n            <\/div>\n                    <div class=\"raic-accordion-item\">\n                <div class=\"raic-accordion-header\">\n                    <h3 class=\"raic-accordion-title\">L\u2019adh\u00e9sion est-elle au prorata ?<\/h3>\n                    <button class=\"raic-accordion-toggle\" aria-label=\"Toggle accordion item\">\n                        <span class=\"raic-icon-plus\"><\/span>\n                    <\/button>\n                <\/div>\n                <div class=\"raic-accordion-content\">\n                    <p>Non, l\u2019adh\u00e9sion n\u2019est pas offerte au prorata. Cependant, les nouveaux membres re\u00e7oivent des rabais d\u2019introduction \u00e9tablis en fonction de leur cat\u00e9gorie.<\/p>\n                <\/div>\n            <\/div>\n            <\/div>\n<\/div>\n\n\n<div class=\"raic-generic-button-wrapper has-text-align-left wp-block-raic-blocks-raic-generic-button\">\n    <a href=\"\/adherer\/faq-adhesion\/\" \n       class=\"raic-generic-btn raic-secondary-btn-style\"\n       target=\"_blank\" rel=\"noopener noreferrer\">\n        Voir plus de questions fr\u00e9quentes    <\/a>\n<\/div>\n\n\n\n\n<p><\/p>\n","protected":false},"excerpt":{"rendered":"<p>Soumettre une demande d\u2019adh\u00e9sion Suivez ces trois \u00e9tapes pour soumettre une demande d\u2019adh\u00e9sion \u00e0 l\u2019IRAC Formulaires d\u2019adh\u00e9sion Demande d\u2019adh\u00e9sion r\u00e9guli\u00e8re Pour les architectes inscrits ou titulaires d\u2019un permis, les dipl\u00f4m\u00e9s, les membres du corps professoral, les stagiaires et architectes stagiaires, ainsi que les associ\u00e9s internationaux. Demande d\u2019adh\u00e9sion \u00e9tudiante Pour les \u00e9tudiants \u00e0 temps plein inscrits [&hellip;]<\/p>\n","protected":false},"author":2114,"featured_media":0,"parent":15838,"menu_order":3,"comment_status":"closed","ping_status":"closed","template":"template-two-column-narrow.php","meta":{"_acf_changed":false,"footnotes":""},"class_list":["post-52017","page","type-page","status-publish","hentry"],"acf":[],"_links":{"self":[{"href":"https:\/\/raic.org\/fr\/wp-json\/wp\/v2\/pages\/52017","targetHints":{"allow":["GET"]}}],"collection":[{"href":"https:\/\/raic.org\/fr\/wp-json\/wp\/v2\/pages"}],"about":[{"href":"https:\/\/raic.org\/fr\/wp-json\/wp\/v2\/types\/page"}],"author":[{"embeddable":true,"href":"https:\/\/raic.org\/fr\/wp-json\/wp\/v2\/users\/2114"}],"replies":[{"embeddable":true,"href":"https:\/\/raic.org\/fr\/wp-json\/wp\/v2\/comments?post=52017"}],"version-history":[{"count":4,"href":"https:\/\/raic.org\/fr\/wp-json\/wp\/v2\/pages\/52017\/revisions"}],"predecessor-version":[{"id":53027,"href":"https:\/\/raic.org\/fr\/wp-json\/wp\/v2\/pages\/52017\/revisions\/53027"}],"up":[{"embeddable":true,"href":"https:\/\/raic.org\/fr\/wp-json\/wp\/v2\/pages\/15838"}],"wp:attachment":[{"href":"https:\/\/raic.org\/fr\/wp-json\/wp\/v2\/media?parent=52017"}],"curies":[{"name":"wp","href":"https:\/\/api.w.org\/{rel}","templated":true}]}}