{"id":52009,"date":"2025-11-27T17:03:54","date_gmt":"2025-11-27T22:03:54","guid":{"rendered":"https:\/\/staging.raic.symbiodev.xyz\/?page_id=52009"},"modified":"2026-04-01T11:34:08","modified_gmt":"2026-04-01T15:34:08","slug":"calculateur-des-couts-de-construction-pour-les-membres-de-lirac","status":"publish","type":"page","link":"https:\/\/raic.org\/fr\/ressources\/calculateur-des-couts-de-construction-pour-les-membres-de-lirac\/","title":{"rendered":"Calculateur des co\u00fbts de construction pour les membres de l\u2019IRAC"},"content":{"rendered":"\n<div style=\"height:25px\" aria-hidden=\"true\" class=\"wp-block-spacer\"><\/div>\n\n\n\n<div class=\"wp-block-raic-blocks-raic-block-quote\">\n    <blockquote class=\"raic-block-quote\">\n                    <h3 class=\"raic-block-quote-heading\">Outil pratique, ancr\u00e9 dans la r\u00e9alit\u00e9<\/h3>\n                \n        <p class=\"raic-block-quote-text\">J&#8217;\u00e9tais en train d&#8217;\u00e9valuer un appel d&#8217;offres pour un projet complexe o\u00f9 m\u00eame l&#8217;acc\u00e8s au budget de construction n\u00e9cessitait des recherches approfondies. Alors que plusieurs membres du personnel arrivaient \u00e0 des conclusions diff\u00e9rentes, je me suis tourn\u00e9e vers le calculateur de co\u00fbts. En saisissant les d\u00e9tails du projet et en ajustant les param\u00e8tres pour un sc\u00e9nario de r\u00e9novation, l&#8217;outil a confirm\u00e9 mes estimations et a apport\u00e9 de la clart\u00e9 au processus. C&#8217;est un outil pratique, ancr\u00e9 dans la r\u00e9alit\u00e9, qui soutient un jugement professionnel \u00e9clair\u00e9. <\/p>\n        \n                    <cite class=\"raic-block-quote-byline\">\n                                    Susan Speigel, OAA, FRAIC | Architecte bas\u00e9e \u00e0 Toronto, SSA Studio.                            <\/cite>\n            <\/blockquote>\n<\/div>\n\n\n<h4 class=\"wp-block-heading\"><strong>Le besoin&nbsp;<\/strong><\/h4>\n\n\n\n<div style=\"height:25px\" aria-hidden=\"true\" class=\"wp-block-spacer\"><\/div>\n\n\n\n<p>Au d\u00e9but d\u2019un nouveau projet, \u00e9tablir ou valider un budget pr\u00e9liminaire peut s\u2019av\u00e9rer complexe. Les premi\u00e8res discussions avec les clients n\u00e9cessitent souvent des estimations approximatives afin d\u2019\u00e9valuer la faisabilit\u00e9 et l\u2019orientation g\u00e9n\u00e9rale. Cet outil soutient ces \u00e9tapes initiales en fournissant des co\u00fbts de construction de r\u00e9f\u00e9rence qui aident \u00e0 v\u00e9rifier le caract\u00e8re raisonnable des co\u00fbts.&nbsp;<\/p>\n\n\n\n<p>Bien que le calculateur ne vise pas \u00e0 remplacer la planification d\u00e9taill\u00e9e des espaces, l\u2019\u00e9laboration de la conception ou l\u2019estimation des co\u00fbts propres \u00e0 un projet, il offre une base fiable pour l\u2019analyse et la prise de d\u00e9cision en amont. Les architectes peuvent l\u2019utiliser pour \u00e9clairer les discussions, g\u00e9rer les attentes et appuyer une planification responsable \u00e0 l\u2019\u00e9tape conceptuelle.&nbsp;<\/p>\n\n\n\n<div style=\"height:25px\" aria-hidden=\"true\" class=\"wp-block-spacer\"><\/div>\n\n\n\n<h4 class=\"wp-block-heading\"><strong>\u00c0 propos du calculateur<\/strong><\/h4>\n\n\n\n<div style=\"height:0px\" aria-hidden=\"true\" class=\"wp-block-spacer\"><\/div>\n\n\n\n<p>Hanscomb a le plaisir de pr\u00e9senter le calculateur de co\u00fbts en ligne pour les co\u00fbts de construction de r\u00e9f\u00e9rence, d\u00e9velopp\u00e9 en collaboration avec l\u2019IRAC. Cet outil exclusif aux membres de l\u2019IRAC offre un ensemble s\u00e9lectionn\u00e9 de co\u00fbts de construction de r\u00e9f\u00e9rence fond\u00e9s sur des m\u00e9thodologies \u00e9prouv\u00e9es de m\u00e9treurs professionnels.<\/p>\n\n\n\n<h6 class=\"wp-block-heading\">Regarder une d\u00e9monstration<\/h6>\n\n\n\n<p>Visionnez ci-dessous une d\u00e9monstration compl\u00e8te du calculateur de co\u00fbts IRAC + Hanscomb.<\/p>\n\n\n\n<figure class=\"wp-block-embed is-type-video is-provider-vimeo wp-block-embed-vimeo wp-embed-aspect-16-9 wp-has-aspect-ratio\"><div class=\"wp-block-embed__wrapper\">\n<iframe title=\"RAIC Hanscomb Cost Calculator Demonstration\" data-src=\"https:\/\/player.vimeo.com\/video\/1177782176?h=e7d3e35f56&amp;dnt=1&amp;app_id=122963\" width=\"500\" height=\"281\" frameborder=\"0\" allow=\"autoplay; fullscreen; picture-in-picture; clipboard-write; encrypted-media; web-share\" referrerpolicy=\"strict-origin-when-cross-origin\" src=\"data:image\/svg+xml;base64,PHN2ZyB3aWR0aD0iMSIgaGVpZ2h0PSIxIiB4bWxucz0iaHR0cDovL3d3dy53My5vcmcvMjAwMC9zdmciPjwvc3ZnPg==\" class=\"lazyload\" data-load-mode=\"1\"><\/iframe>\n<\/div><\/figure>\n\n\n\n<p>Cette s\u00e9ance pr\u00e9sente un aper\u00e7u des fonctionnalit\u00e9s du calculateur et d\u00e9montre comment il peut \u00eatre utilis\u00e9 pour appuyer la validation des co\u00fbts aux premi\u00e8res \u00e9tapes ainsi que la planification de projets.<\/p>\n\n\n\n<p>L\u2019acc\u00e8s \u00e0 l\u2019outil est r\u00e9serv\u00e9 aux membres de l\u2019IRAC par l\u2019entremise du portail s\u00e9curis\u00e9 des membres de l\u2019IRAC.<\/p>\n\n\n\n<div class=\"raic-generic-button-wrapper has-text-align-left wp-block-raic-blocks-raic-generic-button\">\n    <a href=\"https:\/\/raic.org\/my-portal\/dashboard\/\" \n       class=\"raic-generic-btn raic-secondary-btn-style\"\n       target=\"_blank\" rel=\"noopener noreferrer\">\n        Acc\u00e9der \u00e0 mon portail    <\/a>\n<\/div>\n\n\n\n\n<div style=\"height:25px\" aria-hidden=\"true\" class=\"wp-block-spacer\"><\/div>\n\n\n\n<h4 class=\"wp-block-heading\"><strong>Avis de non-responsabilit\u00e9<\/strong><\/h4>\n\n\n\n<div style=\"height:25px\" aria-hidden=\"true\" class=\"wp-block-spacer\"><\/div>\n\n\n\n<p>Les taux de r\u00e9f\u00e9rence fournis dans ce calculateur repr\u00e9sentent des estimations en dollars de 2026 pour la valeur de construction pr\u00e9vue d\u2019un b\u00e2timent. Ces chiffres s\u2019appliquent aux projets class\u00e9s comme \u00e9tant de qualit\u00e9 standard ou moyenne et \u00e0 l\u2019int\u00e9rieur des fourchettes sp\u00e9cifi\u00e9es de superficie brute de plancher. Les taux incluent la main-d\u2019\u0153uvre et les mat\u00e9riaux, l\u2019\u00e9quipement des entrepreneurs et sous-traitants, les frais g\u00e9n\u00e9raux et les profits. Ils excluent les co\u00fbts d\u2019am\u00e9nagement du site, le mobilier et les accessoires fournis par le propri\u00e9taire, la technologie de l\u2019information, des communications et de l\u2019automatisation (TICA), les honoraires de conception et de consultation, ainsi que l\u2019indexation entre la date de r\u00e9f\u00e9rence et le d\u00e9but pr\u00e9vu de la construction (voir B.9 Exclusions).<\/p>\n\n\n\n<p>Ces valeurs s\u2019appuient sur plusieurs sources, notamment des estimations de classe A, des r\u00e9sultats d\u2019appels d\u2019offres et d\u2019autres donn\u00e9es publi\u00e9es. Malgr\u00e9 cela, les co\u00fbts de construction peuvent diff\u00e9rer des taux de r\u00e9f\u00e9rence fournis en raison de la port\u00e9e propre au projet, de facteurs r\u00e9gionaux du march\u00e9 et des conditions du site. Les mod\u00e8les utilis\u00e9s dans cet outil sont g\u00e9n\u00e9riques et correspondent \u00e0 des estimations de niveau classe D.&nbsp;<\/p>\n\n\n\n<p>Hanscomb&nbsp;n\u2019exerce aucun contr\u00f4le sur les co\u00fbts de la main-d\u2019\u0153uvre et des mat\u00e9riaux, les m\u00e9thodologies de tarification des entrepreneurs, les processus d\u2019appels d\u2019offres concurrentiels ou la volatilit\u00e9 du march\u00e9. L\u2019opinion relative aux co\u00fbts probables de construction repose sur l\u2019exp\u00e9rience et le jugement professionnel de conseillers en co\u00fbts connaissant bien l\u2019industrie de la construction.&nbsp;Hanscomb&nbsp;ne garantit pas que les propositions, les soumissions ou les co\u00fbts r\u00e9els de construction correspondront \u00e0 ces estimations ou \u00e0 toute estimation subs\u00e9quente.&nbsp;<\/p>\n\n\n\n<p>Les utilisateurs sont invit\u00e9s \u00e0 consulter les fonctionnalit\u00e9s du calculateur ainsi que les fondements des taux de r\u00e9f\u00e9rence de construction de b\u00e2timents afin de bien comprendre la port\u00e9e, les hypoth\u00e8ses et les limites de l\u2019outil.&nbsp;<\/p>\n\n\n\n<div style=\"height:50px\" aria-hidden=\"true\" class=\"wp-block-spacer\"><\/div>\n","protected":false},"excerpt":{"rendered":"<p>Le besoin&nbsp; Au d\u00e9but d\u2019un nouveau projet, \u00e9tablir ou valider un budget pr\u00e9liminaire peut s\u2019av\u00e9rer complexe. Les premi\u00e8res discussions avec les clients n\u00e9cessitent souvent des estimations approximatives afin d\u2019\u00e9valuer la faisabilit\u00e9 et l\u2019orientation g\u00e9n\u00e9rale. Cet outil soutient ces \u00e9tapes initiales en fournissant des co\u00fbts de construction de r\u00e9f\u00e9rence qui aident \u00e0 v\u00e9rifier le caract\u00e8re raisonnable [&hellip;]<\/p>\n","protected":false},"author":8,"featured_media":0,"parent":34873,"menu_order":0,"comment_status":"closed","ping_status":"closed","template":"template-two-column-narrow.php","meta":{"_acf_changed":false,"footnotes":""},"class_list":["post-52009","page","type-page","status-publish","hentry"],"acf":[],"_links":{"self":[{"href":"https:\/\/raic.org\/fr\/wp-json\/wp\/v2\/pages\/52009","targetHints":{"allow":["GET"]}}],"collection":[{"href":"https:\/\/raic.org\/fr\/wp-json\/wp\/v2\/pages"}],"about":[{"href":"https:\/\/raic.org\/fr\/wp-json\/wp\/v2\/types\/page"}],"author":[{"embeddable":true,"href":"https:\/\/raic.org\/fr\/wp-json\/wp\/v2\/users\/8"}],"replies":[{"embeddable":true,"href":"https:\/\/raic.org\/fr\/wp-json\/wp\/v2\/comments?post=52009"}],"version-history":[{"count":3,"href":"https:\/\/raic.org\/fr\/wp-json\/wp\/v2\/pages\/52009\/revisions"}],"predecessor-version":[{"id":62913,"href":"https:\/\/raic.org\/fr\/wp-json\/wp\/v2\/pages\/52009\/revisions\/62913"}],"up":[{"embeddable":true,"href":"https:\/\/raic.org\/fr\/wp-json\/wp\/v2\/pages\/34873"}],"wp:attachment":[{"href":"https:\/\/raic.org\/fr\/wp-json\/wp\/v2\/media?parent=52009"}],"curies":[{"name":"wp","href":"https:\/\/api.w.org\/{rel}","templated":true}]}}