{"id":49239,"date":"2025-06-25T16:45:22","date_gmt":"2025-06-25T20:45:22","guid":{"rendered":"https:\/\/staging.raic.symbiodev.xyz\/?page_id=49239"},"modified":"2026-01-20T17:59:33","modified_gmt":"2026-01-20T22:59:33","slug":"verite-et-reconciliation","status":"publish","type":"page","link":"https:\/\/raic.org\/fr\/sensibilisation\/verite-et-reconciliation\/","title":{"rendered":"V\u00e9rit\u00e9 et r\u00e9conciliation"},"content":{"rendered":"\n<div class=\"wp-block-raic-blocks-raic-block-quote\">\n    <blockquote class=\"raic-block-quote\">\n                \n        <p class=\"raic-block-quote-text\"><strong>La r\u00e9conciliation en architecture doit aller au-del\u00e0 du symbolisme \u2014 elle doit influencer notre fa\u00e7on de concevoir, de planifier et d\u2019enseigner.<\/strong><\/p>\n        \n                    <cite class=\"raic-block-quote-byline\">\n                                    <em>Alfred Waugh, FRAIC (Fond du Lac Community, Saskatchewan)<\/em>\u00a0                            <\/cite>\n            <\/blockquote>\n<\/div>\n\n\n<h4 class=\"wp-block-heading\"><strong>Reconnaissance territoriale<\/strong><\/h4>\n\n\n\n<div style=\"height:25px\" aria-hidden=\"true\" class=\"wp-block-spacer\"><\/div>\n\n\n\n<blockquote class=\"wp-block-quote is-layout-flow wp-block-quote-is-layout-flow\">\n<p>Nous reconnaissons que le bureau national de l\u2019IRAC est situ\u00e9 sur le territoire traditionnel non c\u00e9d\u00e9, non abandonn\u00e9 et occup\u00e9 du peuple algonquin anishinaabe. L\u2019IRAC honore les peuples et le territoire de la Nation algonquine anishinaabe ainsi que tous les Premiers Peuples \u2013 Premi\u00e8res Nations, Inuits et M\u00e9tis \u2013 et leurs pr\u00e9cieuses contributions pass\u00e9es, pr\u00e9sentes et futures \u00e0 cette terre. L\u2019IRAC reconna\u00eet l\u2019oppression historique des terres, des cultures et des Peuples originels de l\u2019\u00cele de la Tortue (ce que nous appelons aujourd\u2019hui l\u2019Am\u00e9rique du Nord), ainsi que le r\u00f4le que les architectes et l\u2019architecture ont jou\u00e9 dans cette oppression. En tant qu\u2019organisme national de d\u00e9fense de la profession d\u2019architecte au Canada, l\u2019IRAC respecte et affirme les droits inh\u00e9rents et issus des trait\u00e9s de tous les Peuples autochtones de ce territoire, ainsi que ceux \u00e9nonc\u00e9s dans la D\u00e9claration des Nations Unies sur les droits des peuples autochtones.<\/p>\n<\/blockquote>\n\n\n\n<p>L\u2019IRAC s\u2019engage \u00e0 \u00e9couter, \u00e0 d\u00e9sapprendre\/r\u00e9apprendre et \u00e0 agir tout au long de ce parcours collectif.<\/p>\n\n\n\n<p>L\u2019IRAC honore la g\u00e9n\u00e9rosit\u00e9 des membres du Groupe de travail sur la v\u00e9rit\u00e9 et la r\u00e9conciliation et du Groupe de travail autochtone de l\u2019IRAC.<\/p>\n\n\n\n<div style=\"height:25px\" aria-hidden=\"true\" class=\"wp-block-spacer\"><\/div>\n\n\n\n<div class=\"raic-anchor-target-point wp-block-raic-blocks-raic-anchor-target\" id=\"section-468987\" aria-label=\"Notre engagement\" data-menu-label=\"Notre engagement\">\n        <\/div>\n\n\n<h4 class=\"wp-block-heading\"><strong>Notre engagement<\/strong><\/h4>\n\n\n\n<div class=\"wp-block-raic-blocks-raic-block-quote\">\n    <blockquote class=\"raic-block-quote\">\n                \n        <p class=\"raic-block-quote-text\">La v\u00e9rit\u00e9 vient avant la r\u00e9conciliation. Nous devons continuer d\u2019avancer vers le respect, la responsabilit\u00e9 et de v\u00e9ritables partenariats.<\/p>\n        \n                    <cite class=\"raic-block-quote-byline\">\n                                    <em>Sim\u2019oogit Ksi-Baxhlkw | Dr. Patrick R. Stewart, FRAIC (Nisga\u2019a Nation), FRAIC<\/em>                            <\/cite>\n            <\/blockquote>\n<\/div>\n\n\n<p>\u00c0 l\u2019IRAC, la r\u00e9conciliation n\u2019est pas un geste symbolique. C\u2019est un engagement \u00e0 poser des actions intentionnelles, respectueuses et responsables afin de r\u00e9parer les relations, de reconna\u00eetre les injustices et de cr\u00e9er un espace \u00e9thique permettant au leadership et aux savoirs autochtones de fa\u00e7onner l\u2019avenir de l\u2019architecture au Canada.<\/p>\n\n\n\n<p>Nous reconnaissons que l\u2019architecture a historiquement contribu\u00e9 \u00e0 la colonisation et au d\u00e9placement des peuples autochtones. En tant que voix nationale de l\u2019architecture au Canada, l\u2019IRAC s\u2019engage \u00e0 transformer cet h\u00e9ritage en un parcours d\u2019alliance, de respect et de partenariats significatifs.<\/p>\n\n\n\n<p>Notre travail en mati\u00e8re de v\u00e9rit\u00e9 et r\u00e9conciliation repose sur :<\/p>\n\n\n\n<div class=\"wp-block-columns is-layout-flex wp-container-core-columns-is-layout-9d6595d7 wp-block-columns-is-layout-flex\">\n<div class=\"wp-block-column is-layout-flow wp-block-column-is-layout-flow\">\n<p><a href=\"https:\/\/nctr.ca\/wp-content\/uploads\/2021\/04\/4-Appels_a_l-Action_French.pdf\">Les 94 appels \u00e0 l\u2019action de la Commission de v\u00e9rit\u00e9 et r\u00e9conciliation (2015)<\/a><\/p>\n<\/div>\n\n\n\n<div class=\"wp-block-column is-layout-flow wp-block-column-is-layout-flow\">\n<p><a href=\"https:\/\/www.mmiwg-ffada.ca\/fr\/final-report\/\" target=\"_blank\" rel=\"noreferrer noopener\">Les 231 appels \u00e0 la justice de l\u2019Enqu\u00eate nationale sur les femmes et les filles autochtones disparues et assassin\u00e9es (2019) \u2013 Rapport final <em>R\u00e9clamer notre pouvoir et notre place<\/em><\/a><\/p>\n<\/div>\n\n\n\n<div class=\"wp-block-column is-layout-flow wp-block-column-is-layout-flow\">\n<p><a href=\"https:\/\/social.desa.un.org\/fr\/node\/3245\" target=\"_blank\" rel=\"noreferrer noopener\">La D\u00e9claration des Nations Unies sur les droits des peuples autochtones (DNUDPA, 2007)<\/a><\/p>\n<\/div>\n<\/div>\n\n\n\n<p>En 2021, l\u2019IRAC a officiellement adopt\u00e9 la DNUDPA comme cadre fondamental. Cette d\u00e9cision a \u00e9t\u00e9 dirig\u00e9e par le Groupe de travail sur la v\u00e9rit\u00e9 et la r\u00e9conciliation (GTVR) et appuy\u00e9e unanimement par nos membres. La DNUDPA continue d\u2019orienter notre fa\u00e7on de penser, de concevoir, de d\u00e9fendre les int\u00e9r\u00eats de la profession et d\u2019enseigner.<\/p>\n\n\n\n<p>Nous comprenons que la v\u00e9rit\u00e9 pr\u00e9c\u00e8de la r\u00e9conciliation. Cela signifie \u00e9couter attentivement les voix autochtones, reconna\u00eetre les torts pass\u00e9s et pr\u00e9sents et cr\u00e9er un espace pour que les savoirs, les pratiques et les fa\u00e7ons d\u2019\u00eatre autochtones puissent guider tous les aspects de la pratique architecturale. Cela signifie \u00e9galement un changement de pouvoir, ainsi que le soutien au travail, aux initiatives et au leadership dirig\u00e9s par des Autochtones au sein de la profession.<\/p>\n\n\n\n<div style=\"height:25px\" aria-hidden=\"true\" class=\"wp-block-spacer\"><\/div>\n\n\n\n<div class=\"wp-block-media-text is-stacked-on-mobile is-image-fill-element\"><figure class=\"wp-block-media-text__media\"><img decoding=\"async\" width=\"683\" height=\"1024\" data-src=\"https:\/\/raic.org\/sites\/raic.org\/wp-content\/uploads\/2025\/11\/20240516_GraduatesConvocation-_speakers5-683x1024.jpeg\" alt=\"\" class=\"wp-image-43504 size-full lazyload\" style=\"--smush-placeholder-width: 683px; --smush-placeholder-aspect-ratio: 683\/1024;object-position:53% 31%\" data-srcset=\"https:\/\/raic.org\/sites\/raic.org\/wp-content\/uploads\/2025\/11\/20240516_GraduatesConvocation-_speakers5-683x1024.jpeg 683w, https:\/\/raic.org\/sites\/raic.org\/wp-content\/uploads\/2025\/11\/20240516_GraduatesConvocation-_speakers5-200x300.jpeg 200w, https:\/\/raic.org\/sites\/raic.org\/wp-content\/uploads\/2025\/11\/20240516_GraduatesConvocation-_speakers5-768x1152.jpeg 768w, https:\/\/raic.org\/sites\/raic.org\/wp-content\/uploads\/2025\/11\/20240516_GraduatesConvocation-_speakers5-1024x1536.jpeg 1024w, https:\/\/raic.org\/sites\/raic.org\/wp-content\/uploads\/2025\/11\/20240516_GraduatesConvocation-_speakers5-1365x2048.jpeg 1365w, https:\/\/raic.org\/sites\/raic.org\/wp-content\/uploads\/2025\/11\/20240516_GraduatesConvocation-_speakers5-300x450.jpeg 300w\" data-sizes=\"(max-width: 683px) 100vw, 683px\" src=\"data:image\/svg+xml;base64,PHN2ZyB3aWR0aD0iMSIgaGVpZ2h0PSIxIiB4bWxucz0iaHR0cDovL3d3dy53My5vcmcvMjAwMC9zdmciPjwvc3ZnPg==\" \/><\/figure><div class=\"wp-block-media-text__content\">\n<h6 class=\"wp-block-heading\">Approche ax\u00e9e sur les valeurs<\/h6>\n\n\n\n<p>Le Plan strat\u00e9gique 2025\u20132027 de l\u2019IRAC fait de la r\u00e9conciliation une valeur organisationnelle fondamentale. Cet engagement guide notre mani\u00e8re d\u2019aborder :<\/p>\n\n\n\n<ul class=\"wp-block-list list-style-arrow\">\n<li>Les efforts de d\u00e9fense des int\u00e9r\u00eats qui amplifient les voix autochtones et soutiennent les initiatives autochtones<\/li>\n\n\n\n<li>Les programmes de formation qui favorisent la s\u00e9curit\u00e9 culturelle et le d\u00e9veloppement des comp\u00e9tences<\/li>\n\n\n\n<li>Les \u00e9v\u00e9nements qui honorent les gardien\u00b7ne\u00b7s du savoir, les \u00e9tudiant\u00b7e\u00b7s et les A\u00een\u00e9\u00b7e\u00b7s autochtones<\/li>\n\n\n\n<li>L\u2019examen et la r\u00e9forme des politiques en coh\u00e9rence avec la DNUDPA et les 94 appels \u00e0 l\u2019action<\/li>\n\n\n\n<li>La cr\u00e9ation de possibilit\u00e9s de mentorat, de leadership et de collaboration communautaire<\/li>\n<\/ul>\n\n\n\n<p>Nous visons \u00e0 donner vie aux articles de la D\u00e9claration et aux Appels \u00e0 l\u2019action, non seulement au sein des activit\u00e9s de l\u2019IRAC, mais aussi dans l\u2019ensemble de la communaut\u00e9 architecturale.<\/p>\n\n\n\n<p><\/p>\n<\/div><\/div>\n\n\n\n<div style=\"height:100px\" aria-hidden=\"true\" class=\"wp-block-spacer\"><\/div>\n\n\n\n<div class=\"raic-anchor-target-point wp-block-raic-blocks-raic-anchor-target\" id=\"section-76c529\" aria-label=\"Nos principes directeurs\" data-menu-label=\"Nos principes directeurs\">\n        <\/div>\n\n\n<h4 class=\"wp-block-heading\"><strong>Nos principes directeurs: <\/strong><\/h4>\n\n\n\n<div style=\"height:25px\" aria-hidden=\"true\" class=\"wp-block-spacer\"><\/div>\n\n\n\n<p>Notre travail est guid\u00e9 par des cadres autochtones tels que l\u2019Espace \u00e9thique et l\u2019Etuaptmumk (vision \u00e0 deux yeux).<\/p>\n\n\n\n<div class=\"wp-block-columns is-layout-flex wp-container-core-columns-is-layout-9d6595d7 wp-block-columns-is-layout-flex\">\n<div class=\"wp-block-column is-layout-flow wp-block-column-is-layout-flow\">\n<div class=\"wp-block-media-text is-stacked-on-mobile\" style=\"grid-template-columns:25% auto\"><figure class=\"wp-block-media-text__media\"><img decoding=\"async\" width=\"380\" height=\"210\" data-src=\"https:\/\/raic.org\/sites\/raic.org\/wp-content\/uploads\/2025\/11\/ethical-space.png\" alt=\"\" class=\"wp-image-43528 size-full lazyload\" data-srcset=\"https:\/\/raic.org\/sites\/raic.org\/wp-content\/uploads\/2025\/11\/ethical-space.png 380w, https:\/\/raic.org\/sites\/raic.org\/wp-content\/uploads\/2025\/11\/ethical-space-300x166.png 300w\" data-sizes=\"(max-width: 380px) 100vw, 380px\" src=\"data:image\/svg+xml;base64,PHN2ZyB3aWR0aD0iMSIgaGVpZ2h0PSIxIiB4bWxucz0iaHR0cDovL3d3dy53My5vcmcvMjAwMC9zdmciPjwvc3ZnPg==\" style=\"--smush-placeholder-width: 380px; --smush-placeholder-aspect-ratio: 380\/210;\" \/><\/figure><div class=\"wp-block-media-text__content\">\n<h6 class=\"wp-block-heading\"><strong>Espace \u00e9thique<\/strong><\/h6>\n<\/div><\/div>\n\n\n\n<p>L\u2019Espace \u00e9thique est un concept pr\u00e9sent\u00e9 par le chercheur cri Dr Willie Ermine. Il d\u00e9crit un lieu de rencontre entre les visions du monde autochtones et occidentales, un espace qui exige humilit\u00e9, respect et responsabilit\u00e9 mutuelle. L\u2019Espace \u00e9thique nous invite \u00e0 aborder la r\u00e9conciliation non pas comme une liste de t\u00e2ches, mais comme une relation continue ancr\u00e9e dans la r\u00e9ciprocit\u00e9.<\/p>\n\n\n\n<details class=\"wp-block-details is-layout-flow wp-block-details-is-layout-flow\"><summary>En savoir plus<\/summary>\n<p><a href=\"https:\/\/jps.library.utoronto.ca\/index.php\/ilj\/article\/view\/27669\">Ermine, W. (2007). &#8220;The Ethical Space of Engagement.&#8221; <em>Indigenous Law Journal<\/em>, 6(1), 193\u2013203<\/a>.&nbsp;<\/p>\n<\/details>\n<\/div>\n\n\n\n<div class=\"wp-block-column is-layout-flow wp-block-column-is-layout-flow\">\n<div class=\"wp-block-media-text is-stacked-on-mobile\" style=\"grid-template-columns:25% auto\"><figure class=\"wp-block-media-text__media\"><img decoding=\"async\" width=\"380\" height=\"210\" data-src=\"https:\/\/raic.org\/sites\/raic.org\/wp-content\/uploads\/2025\/11\/two-eyed-seeing.png\" alt=\"\" class=\"wp-image-43529 size-full lazyload\" data-srcset=\"https:\/\/raic.org\/sites\/raic.org\/wp-content\/uploads\/2025\/11\/two-eyed-seeing.png 380w, https:\/\/raic.org\/sites\/raic.org\/wp-content\/uploads\/2025\/11\/two-eyed-seeing-300x166.png 300w\" data-sizes=\"(max-width: 380px) 100vw, 380px\" src=\"data:image\/svg+xml;base64,PHN2ZyB3aWR0aD0iMSIgaGVpZ2h0PSIxIiB4bWxucz0iaHR0cDovL3d3dy53My5vcmcvMjAwMC9zdmciPjwvc3ZnPg==\" style=\"--smush-placeholder-width: 380px; --smush-placeholder-aspect-ratio: 380\/210;\" \/><\/figure><div class=\"wp-block-media-text__content\">\n<h6 class=\"wp-block-heading\"><strong>Vision \u00e0 deux yeux<\/strong><\/h6>\n<\/div><\/div>\n\n\n\n<p>La \u00ab vision \u00e0 deux yeux \u00bb (Etuaptmumk) est un principe partag\u00e9 par les A\u00een\u00e9s mi\u2019kmaq Albert et Murdena Marshall d\u2019Unama\u2019ki (Cap-Breton). Elle nous encourage \u00e0 voir le monde \u00e0 travers les perspectives autochtones et occidentales, en mobilisant les forces de chacune pour orienter la prise de d\u00e9cision, la conception et le leadership.<\/p>\n\n\n\n<details class=\"wp-block-details is-layout-flow wp-block-details-is-layout-flow\"><summary>En savoir plus<\/summary>\n<p><strong> <\/strong><a href=\"https:\/\/link.springer.com\/article\/10.1007\/s13412-012-0086-8\">Bartlett, C., Marshall, M., &amp; Marshall, A. (2012). &#8220;Two-Eyed Seeing and other lessons learned within a co-learning journey of bringing together Indigenous and Western knowledges.&#8221; <em>Journal of Environmental Studies and Sciences<\/em>, 2(4), 331\u2013340.&nbsp;<\/a><\/p>\n<\/details>\n<\/div>\n<\/div>\n\n\n\n<p>Ces principes nous invitent \u00e0 aborder la r\u00e9conciliation avec humilit\u00e9, respect et ouverture envers la coexistence de visions du monde multiples, travaillant ensemble sur un pied d\u2019\u00e9galit\u00e9. Ces cadres offrent des fa\u00e7ons de b\u00e2tir des relations \u00e0 travers nos diff\u00e9rences, d\u2019honorer la pluralit\u00e9 des perspectives et de favoriser une collaboration inclusive et respectueuse. En avan\u00e7ant, l\u2019IRAC s\u2019engage \u00e0 cr\u00e9er un espace propice \u00e0 l\u2019\u00e9coute, au d\u00e9sapprentissage\/r\u00e9apprentissage et \u00e0 la cocr\u00e9ation d\u2019une profession o\u00f9 les savoirs autochtones ne sont pas seulement reconnus, mais valoris\u00e9s et int\u00e9gr\u00e9s dans notre mani\u00e8re de pratiquer, d\u2019enseigner et de concevoir.<\/p>\n\n\n\n<div class=\"raic-anchor-target-point wp-block-raic-blocks-raic-anchor-target\" id=\"section-e483ea\" aria-label=\"Notre leadership \" data-menu-label=\"Notre leadership \">\n        <\/div>\n\n\n<div style=\"height:100px\" aria-hidden=\"true\" class=\"wp-block-spacer\"><\/div>\n\n\n\n<h4 class=\"wp-block-heading\"><strong>Leadership autochtone \u00e0 l\u2019IRAC<\/strong><\/h4>\n\n\n\n<div style=\"height:15px\" aria-hidden=\"true\" class=\"wp-block-spacer\"><\/div>\n\n\n\n<div class=\"raic-staff-listing wp-block-raic-blocks-raic-staff-listing\">\n                        <p>No profiles found.<\/p>\n            <\/div>\n\n\n\n\n<div class=\"raic-anchor-target-point wp-block-raic-blocks-raic-anchor-target\" id=\"section-3ae9db\" aria-label=\"Ressources\" data-menu-label=\"Ressources\">\n        <\/div>\n\n\n<div class=\"raic-text-image-section wp-block-raic-blocks-raic-text-image-alternating\" data-aos=\"fade-in\" data-aos-duration=\"1000\">\n    <div class=\"container\">\n        <div class=\"row align-items-center\">\n            <div class=\"col-lg-6 mb-4 mb-lg-0\">\n                <div class=\"raic-content-image\">\n                    <img decoding=\"async\" width=\"1024\" height=\"680\" data-src=\"https:\/\/raic.org\/sites\/raic.org\/wp-content\/uploads\/2025\/08\/Symposium-2017-123-1024x680.jpg\" class=\"img-fluid lazyload\" alt=\"\" data-srcset=\"https:\/\/raic.org\/sites\/raic.org\/wp-content\/uploads\/2025\/08\/Symposium-2017-123-1024x680.jpg 1024w, https:\/\/raic.org\/sites\/raic.org\/wp-content\/uploads\/2025\/08\/Symposium-2017-123-300x199.jpg 300w, https:\/\/raic.org\/sites\/raic.org\/wp-content\/uploads\/2025\/08\/Symposium-2017-123-768x510.jpg 768w, https:\/\/raic.org\/sites\/raic.org\/wp-content\/uploads\/2025\/08\/Symposium-2017-123-1536x1020.jpg 1536w, https:\/\/raic.org\/sites\/raic.org\/wp-content\/uploads\/2025\/08\/Symposium-2017-123-2048x1361.jpg 2048w\" data-sizes=\"(max-width: 1024px) 100vw, 1024px\" src=\"data:image\/svg+xml;base64,PHN2ZyB3aWR0aD0iMSIgaGVpZ2h0PSIxIiB4bWxucz0iaHR0cDovL3d3dy53My5vcmcvMjAwMC9zdmciPjwvc3ZnPg==\" style=\"--smush-placeholder-width: 1024px; --smush-placeholder-aspect-ratio: 1024\/680;\" \/>                <\/div>\n            <\/div>\n            <div class=\"col-lg-6\">\n                <div class=\"raic-text-content\">\n\n                    \n                                             <h2 class=\"raic-content-title\">\n                             <strong>Ressources<\/strong>                         <\/h2>\n                    \n                                            <p class=\"raic-content-description\">\n                             Pour appuyer des efforts significatifs en mati\u00e8re de v\u00e9rit\u00e9 et de r\u00e9conciliation, nous avons rassembl\u00e9 des ressources compl\u00e8tes portant sur le soutien en sant\u00e9 mentale, le contenu \u00e9ducatif, les possibilit\u00e9s de financement et des mesures concr\u00e8tes. Ces outils permettent aux architectes et \u00e0 l\u2019ensemble de la communaut\u00e9 du design de s\u2019engager de fa\u00e7on authentique envers les droits autochtones et la r\u00e9conciliation.<br><br><strong>RESSOURCE EN VEDETTE<\/strong><br><a href=\"https:\/\/raic.org\/resource\/reflecting-on-reconciliation\/\" target=\"_blank\" rel=\"noreferrer noopener\">R\u00e9flexions sur la r\u00e9conciliation : r\u00e9cits de notre communaut\u00e9<\/a>                        <\/p>\n                    \n                                                                <div class=\"raic-content-actions\">\n                                                            <a href=\"https:\/\/raic.org\/advocacy\/truth-and-reconciliation\/truth-and-reconciliation-resources\/\" class=\"raic-btn-primary\" aria-label=\"Ressources - Ressources\">\n                                    Ressources <i class=\"bi bi-arrow-right-short\"><\/i>\n                                <\/a>\n                            \n                                                             <a href=\"https:\/\/raic.org\/professional-development\/continuing-education\/search-continuing-education\/?type=Course\" class=\"raic-btn-outline\" aria-label=\"Webinaires et cours - Ressources\">\n                                     Webinaires et cours <i class=\"bi bi-arrow-right-short\"><\/i>\n                                 <\/a>\n                                                    <\/div>\n                    \n                <\/div>\n            <\/div>\n\n        <\/div>     <\/div> <\/div>\n\n\n\n<p><\/p>\n","protected":false},"excerpt":{"rendered":"<p>Reconnaissance territoriale Nous reconnaissons que le bureau national de l\u2019IRAC est situ\u00e9 sur le territoire traditionnel non c\u00e9d\u00e9, non abandonn\u00e9 et occup\u00e9 du peuple algonquin anishinaabe. L\u2019IRAC honore les peuples et le territoire de la Nation algonquine anishinaabe ainsi que tous les Premiers Peuples \u2013 Premi\u00e8res Nations, Inuits et M\u00e9tis \u2013 et leurs pr\u00e9cieuses contributions [&hellip;]<\/p>\n","protected":false},"author":3,"featured_media":0,"parent":34523,"menu_order":0,"comment_status":"closed","ping_status":"closed","template":"template-two-column-wide.php","meta":{"_acf_changed":false,"footnotes":""},"class_list":["post-49239","page","type-page","status-publish","hentry"],"acf":[],"_links":{"self":[{"href":"https:\/\/raic.org\/fr\/wp-json\/wp\/v2\/pages\/49239","targetHints":{"allow":["GET"]}}],"collection":[{"href":"https:\/\/raic.org\/fr\/wp-json\/wp\/v2\/pages"}],"about":[{"href":"https:\/\/raic.org\/fr\/wp-json\/wp\/v2\/types\/page"}],"author":[{"embeddable":true,"href":"https:\/\/raic.org\/fr\/wp-json\/wp\/v2\/users\/3"}],"replies":[{"embeddable":true,"href":"https:\/\/raic.org\/fr\/wp-json\/wp\/v2\/comments?post=49239"}],"version-history":[{"count":4,"href":"https:\/\/raic.org\/fr\/wp-json\/wp\/v2\/pages\/49239\/revisions"}],"predecessor-version":[{"id":56115,"href":"https:\/\/raic.org\/fr\/wp-json\/wp\/v2\/pages\/49239\/revisions\/56115"}],"up":[{"embeddable":true,"href":"https:\/\/raic.org\/fr\/wp-json\/wp\/v2\/pages\/34523"}],"wp:attachment":[{"href":"https:\/\/raic.org\/fr\/wp-json\/wp\/v2\/media?parent=49239"}],"curies":[{"name":"wp","href":"https:\/\/api.w.org\/{rel}","templated":true}]}}