{"id":48699,"date":"2025-10-28T13:52:24","date_gmt":"2025-10-28T17:52:24","guid":{"rendered":"https:\/\/staging.raic.symbiodev.xyz\/?page_id=48699"},"modified":"2025-12-10T16:48:11","modified_gmt":"2025-12-10T21:48:11","slug":"honoraires-et-approvisionnement","status":"publish","type":"page","link":"https:\/\/raic.org\/fr\/sensibilisation\/honoraires-et-approvisionnement\/","title":{"rendered":"Honoraires et approvisionnement"},"content":{"rendered":"\n<div class=\"raic-anchor-target-point wp-block-raic-blocks-raic-anchor-target\" id=\"section-00079c\" aria-label=\"Pourquoi nous agissons\" data-menu-label=\"Pourquoi nous agissons\">\n        <\/div>\n\n\n<h2 class=\"wp-block-heading\"><strong>Pourquoi nous plaidons<\/strong><\/h2>\n\n\n\n<div style=\"height:25px\" aria-hidden=\"true\" class=\"wp-block-spacer\"><\/div>\n\n\n\n<p>Les honoraires \u00e9quitables et l\u2019approvisionnement fond\u00e9 sur la qualit\u00e9 favorisent la sant\u00e9, la s\u00e9curit\u00e9, la durabilit\u00e9 et la valeur \u00e0 long terme. Lorsque les \u00e9quipes sont s\u00e9lectionn\u00e9es en fonction de leur qualit\u00e9 et de leurs comp\u00e9tences, et qu\u2019elles sont r\u00e9mun\u00e9r\u00e9es ad\u00e9quatement en fonction de la port\u00e9e et des risques, les projets offrent un meilleur rendement, de meilleurs r\u00e9sultats pour les collectivit\u00e9s et une plus grande certitude des co\u00fbts sur l\u2019ensemble du cycle de vie.<\/p>\n\n\n\n<h4 class=\"wp-block-heading\"><strong>Nous pr\u00e9conisons :<\/strong><\/h4>\n\n\n\n<div style=\"height:25px\" aria-hidden=\"true\" class=\"wp-block-spacer\"><\/div>\n\n\n\n<ul class=\"wp-block-list list-style-arrow\">\n<li>S\u00e9lection fond\u00e9e sur la qualit\u00e9 : choisir les \u00e9quipes selon leurs comp\u00e9tences, leurs qualifications et leur exp\u00e9rience pertinente, au moyen de crit\u00e8res transparents.<\/li>\n\n\n\n<li>Honoraires align\u00e9s sur la port\u00e9e :<strong> <\/strong>harmoniser les honoraires avec la port\u00e9e d\u00e9finie, les livrables, les risques et l\u2019\u00e9ch\u00e9ancier d\u00e9finis, avec des m\u00e9canismes d\u2019ajustement lorsque les conditions \u00e9voluent.<\/li>\n\n\n\n<li>Clart\u00e9 et responsabilisation : utiliser des contrats clairs, des conditions \u00e9quitables et des livrables mesurables qui favorisent l\u2019alignement des incitatifs et r\u00e9duisent les diff\u00e9rends.<\/li>\n<\/ul>\n\n\n\n<div style=\"height:25px\" aria-hidden=\"true\" class=\"wp-block-spacer\"><\/div>\n\n\n\n<div class=\"raic-anchor-target-point wp-block-raic-blocks-raic-anchor-target\" id=\"section-707dcb\" aria-label=\"Initiatives en cours\" data-menu-label=\"Initiatives en cours\">\n        <\/div>\n\n\n<h4 class=\"wp-block-heading\"><strong>Initiatives en cours<\/strong><\/h4>\n\n\n\n<div style=\"height:25px\" aria-hidden=\"true\" class=\"wp-block-spacer\"><\/div>\n\n\n\n<p>L\u2019IRAC fait progresser des pratiques d\u2019approvisionnement \u00e9quitables, transparentes et fond\u00e9es sur la qualit\u00e9 partout au Canada gr\u00e2ce \u00e0 la recherche, au plaidoyer, \u00e0 la formation et \u00e0 des outils pratiques qui soutiennent \u00e0 la fois les architectes et les clients. Le Groupe de travail sur les honoraires et l\u2019approvisionnement (FPWG) contribue \u00e0 ce travail en fournissant une expertise sp\u00e9cialis\u00e9e, en mettant \u00e0 l\u2019essai de nouvelles ressources et en \u00e9clairant les positions politiques.<\/p>\n\n\n\n<div style=\"height:25px\" aria-hidden=\"true\" class=\"wp-block-spacer\"><\/div>\n\n\n\n<div class=\"wp-block-columns alignwide is-layout-flex wp-container-core-columns-is-layout-41e3e26a wp-block-columns-is-layout-flex\">\n<div class=\"wp-block-column is-layout-flow wp-block-column-is-layout-flow\">\n<figure class=\"wp-block-image size-full\"><img decoding=\"async\" width=\"640\" height=\"426\" data-src=\"https:\/\/raic.org\/sites\/raic.org\/wp-content\/uploads\/2025\/11\/Fees-and-Procurement-research.png\" alt=\"\" class=\"wp-image-38752 lazyload\" style=\"--smush-placeholder-width: 640px; --smush-placeholder-aspect-ratio: 640\/426;aspect-ratio:4\/3;object-fit:cover\" data-srcset=\"https:\/\/raic.org\/sites\/raic.org\/wp-content\/uploads\/2025\/11\/Fees-and-Procurement-research.png 640w, https:\/\/raic.org\/sites\/raic.org\/wp-content\/uploads\/2025\/11\/Fees-and-Procurement-research-300x200.png 300w\" data-sizes=\"(max-width: 640px) 100vw, 640px\" src=\"data:image\/svg+xml;base64,PHN2ZyB3aWR0aD0iMSIgaGVpZ2h0PSIxIiB4bWxucz0iaHR0cDovL3d3dy53My5vcmcvMjAwMC9zdmciPjwvc3ZnPg==\" \/><\/figure>\n\n\n\n<div style=\"height:4px\" aria-hidden=\"true\" class=\"wp-block-spacer\"><\/div>\n\n\n\n<div data-block-name=\"woocommerce\/accordion-group\" data-wp-context=\"{&quot;autoclose&quot;:false,&quot;isOpen&quot;:[]}\" data-wp-interactive=\"woocommerce\/accordion\" class=\"wp-block-woocommerce-accordion-group is-layout-flow wp-block-woocommerce-accordion-group-is-layout-flow\">\n<div data-block-name=\"woocommerce\/accordion-item\" data-wp-class--is-open=\"state.isOpen\" data-wp-context=\"{&quot;id&quot;:&quot;woocommerce-accordion-item-1&quot;,&quot;openByDefault&quot;:false}\" data-wp-init=\"callbacks.initIsOpen\" class=\"wp-block-woocommerce-accordion-item is-layout-flow wp-block-woocommerce-accordion-item-is-layout-flow\">\n<h6 data-block-name=\"woocommerce\/accordion-header\" data-icon=\"false\" data-level=\"6\" data-lock=\"{&quot;move&quot;:false,&quot;remove&quot;:false}\" class=\"wp-block-woocommerce-accordion-header accordion-item__heading is-layout-flow wp-block-woocommerce-accordion-header-is-layout-flow\"><button aria-expanded=\"false\" aria-controls=\"woocommerce-accordion-item-1-panel\" data-wp-bind--aria-expanded=\"state.isOpen\" data-wp-on--click=\"actions.toggle\" id=\"woocommerce-accordion-item-1\" class=\"accordion-item__toggle\"><span><strong>Perspectives et recherche nationales<\/strong><\/span><span class=\"accordion-item__toggle-icon\" style=\"width:1.2em;height:1.2em\"><\/span><\/button><\/h6>\n\n\n\n<div inert aria-labelledby=\"woocommerce-accordion-item-1\" data-wp-bind--inert=\"!state.isOpen\" id=\"woocommerce-accordion-item-1-panel\" role=\"region\" data-block-name=\"woocommerce\/accordion-panel\" class=\"wp-block-woocommerce-accordion-panel\"><div class=\"accordion-content__wrapper is-layout-flow wp-block-woocommerce-accordion-panel-is-layout-flow\">\n<p><strong>Sondages communautaires :&nbsp;<\/strong>recueillir des donn\u00e9es pancanadiennes sur les structures d\u2019honoraires, les m\u00e9thodes d\u2019approvisionnement et les d\u00e9fis li\u00e9s \u00e0 la livraison des projets afin d\u2019\u00e9clairer le plaidoyer de l\u2019IRAC et le d\u00e9veloppement d\u2019outils.<\/p>\n\n\n\n<p><strong>Rapport de r\u00e9f\u00e9rence sur les pratiques architecturales :<\/strong>&nbsp;regrouper les r\u00e9sultats de sondages, les entrevues et les donn\u00e9es de cas afin d\u2019\u00e9tablir des param\u00e8tres nationaux sur les honoraires, les port\u00e9es de services et les mod\u00e8les d\u2019approvisionnement en architecture.<\/p>\n<\/div><\/div>\n<\/div>\n<\/div>\n<\/div>\n\n\n\n<div class=\"wp-block-column is-layout-flow wp-block-column-is-layout-flow\">\n<figure class=\"wp-block-image size-full\"><img decoding=\"async\" width=\"864\" height=\"576\" data-src=\"https:\/\/raic.org\/sites\/raic.org\/wp-content\/uploads\/2025\/11\/Fees-and-Procurement-dialogue.png\" alt=\"\" class=\"wp-image-38754 lazyload\" style=\"--smush-placeholder-width: 864px; --smush-placeholder-aspect-ratio: 864\/576;aspect-ratio:4\/3;object-fit:cover\" data-srcset=\"https:\/\/raic.org\/sites\/raic.org\/wp-content\/uploads\/2025\/11\/Fees-and-Procurement-dialogue.png 864w, https:\/\/raic.org\/sites\/raic.org\/wp-content\/uploads\/2025\/11\/Fees-and-Procurement-dialogue-300x200.png 300w, https:\/\/raic.org\/sites\/raic.org\/wp-content\/uploads\/2025\/11\/Fees-and-Procurement-dialogue-768x512.png 768w\" data-sizes=\"(max-width: 864px) 100vw, 864px\" src=\"data:image\/svg+xml;base64,PHN2ZyB3aWR0aD0iMSIgaGVpZ2h0PSIxIiB4bWxucz0iaHR0cDovL3d3dy53My5vcmcvMjAwMC9zdmciPjwvc3ZnPg==\" \/><\/figure>\n\n\n\n<div style=\"height:4px\" aria-hidden=\"true\" class=\"wp-block-spacer\"><\/div>\n\n\n\n<div data-block-name=\"woocommerce\/accordion-group\" data-wp-context=\"{&quot;autoclose&quot;:false,&quot;isOpen&quot;:[]}\" data-wp-interactive=\"woocommerce\/accordion\" class=\"wp-block-woocommerce-accordion-group is-layout-flow wp-block-woocommerce-accordion-group-is-layout-flow\">\n<div data-block-name=\"woocommerce\/accordion-item\" data-wp-class--is-open=\"state.isOpen\" data-wp-context=\"{&quot;id&quot;:&quot;woocommerce-accordion-item-2&quot;,&quot;openByDefault&quot;:false}\" data-wp-init=\"callbacks.initIsOpen\" class=\"wp-block-woocommerce-accordion-item is-layout-flow wp-block-woocommerce-accordion-item-is-layout-flow\">\n<h6 data-block-name=\"woocommerce\/accordion-header\" data-icon=\"false\" data-level=\"6\" data-lock=\"{&quot;move&quot;:false,&quot;remove&quot;:false}\" class=\"wp-block-woocommerce-accordion-header accordion-item__heading is-layout-flow wp-block-woocommerce-accordion-header-is-layout-flow\"><button aria-expanded=\"false\" aria-controls=\"woocommerce-accordion-item-2-panel\" data-wp-bind--aria-expanded=\"state.isOpen\" data-wp-on--click=\"actions.toggle\" id=\"woocommerce-accordion-item-2\" class=\"accordion-item__toggle\"><span><strong>Dialogue et \u00e9change de connaissances<\/strong><\/span><span class=\"accordion-item__toggle-icon\" style=\"width:1.2em;height:1.2em\"><\/span><\/button><\/h6>\n\n\n\n<div inert aria-labelledby=\"woocommerce-accordion-item-2\" data-wp-bind--inert=\"!state.isOpen\" id=\"woocommerce-accordion-item-2-panel\" role=\"region\" data-block-name=\"woocommerce\/accordion-panel\" class=\"wp-block-woocommerce-accordion-panel\"><div class=\"accordion-content__wrapper is-layout-flow wp-block-woocommerce-accordion-panel-is-layout-flow\">\n<p><strong>S\u00e9ances de conf\u00e9rence :<\/strong> Animation de s\u00e9ances lors de la Conf\u00e9rence de l\u2019IRAC et d\u2019autres forums afin d\u2019identifier les obstacles et de partager des solutions concr\u00e8tes.<\/p>\n\n\n\n<p><strong>Publications et prises de position :<\/strong> Faire progresser la conversation nationale par l\u2019entremise du <em>Journal de l\u2019IRAC<\/em>, d\u2019autres publications du secteur, des bulletins de l\u2019IRAC et des m\u00e9moires sur l\u2019\u00e9quit\u00e9 des honoraires et la r\u00e9forme des m\u00e9thodes d\u2019approvisionnement.<\/p>\n<\/div><\/div>\n<\/div>\n<\/div>\n<\/div>\n\n\n\n<div class=\"wp-block-column is-layout-flow wp-block-column-is-layout-flow\">\n<figure class=\"wp-block-image size-full\"><img decoding=\"async\" width=\"840\" height=\"540\" data-src=\"https:\/\/raic.org\/sites\/raic.org\/wp-content\/uploads\/2025\/09\/6x0-Advocacy.png\" alt=\"\" class=\"wp-image-25325 lazyload\" style=\"--smush-placeholder-width: 840px; --smush-placeholder-aspect-ratio: 840\/540;aspect-ratio:4\/3;object-fit:cover\" data-srcset=\"https:\/\/raic.org\/sites\/raic.org\/wp-content\/uploads\/2025\/09\/6x0-Advocacy.png 840w, https:\/\/raic.org\/sites\/raic.org\/wp-content\/uploads\/2025\/09\/6x0-Advocacy-300x193.png 300w, https:\/\/raic.org\/sites\/raic.org\/wp-content\/uploads\/2025\/09\/6x0-Advocacy-768x494.png 768w\" data-sizes=\"(max-width: 840px) 100vw, 840px\" src=\"data:image\/svg+xml;base64,PHN2ZyB3aWR0aD0iMSIgaGVpZ2h0PSIxIiB4bWxucz0iaHR0cDovL3d3dy53My5vcmcvMjAwMC9zdmciPjwvc3ZnPg==\" \/><\/figure>\n\n\n\n<div style=\"height:4px\" aria-hidden=\"true\" class=\"wp-block-spacer\"><\/div>\n\n\n\n<div data-block-name=\"woocommerce\/accordion-group\" data-wp-context=\"{&quot;autoclose&quot;:false,&quot;isOpen&quot;:[]}\" data-wp-interactive=\"woocommerce\/accordion\" class=\"wp-block-woocommerce-accordion-group is-layout-flow wp-block-woocommerce-accordion-group-is-layout-flow\">\n<div data-block-name=\"woocommerce\/accordion-item\" data-wp-class--is-open=\"state.isOpen\" data-wp-context=\"{&quot;id&quot;:&quot;woocommerce-accordion-item-3&quot;,&quot;openByDefault&quot;:false}\" data-wp-init=\"callbacks.initIsOpen\" class=\"wp-block-woocommerce-accordion-item is-layout-flow wp-block-woocommerce-accordion-item-is-layout-flow\">\n<h6 data-block-name=\"woocommerce\/accordion-header\" data-icon=\"false\" data-level=\"6\" data-lock=\"{&quot;move&quot;:false,&quot;remove&quot;:false}\" class=\"wp-block-woocommerce-accordion-header accordion-item__heading is-layout-flow wp-block-woocommerce-accordion-header-is-layout-flow\"><button aria-expanded=\"false\" aria-controls=\"woocommerce-accordion-item-3-panel\" data-wp-bind--aria-expanded=\"state.isOpen\" data-wp-on--click=\"actions.toggle\" id=\"woocommerce-accordion-item-3\" class=\"accordion-item__toggle\"><span><strong>Int\u00e9gration de la d\u00e9fense des int\u00e9r\u00eats<\/strong><\/span><span class=\"accordion-item__toggle-icon\" style=\"width:1.2em;height:1.2em\"><\/span><\/button><\/h6>\n\n\n\n<div inert aria-labelledby=\"woocommerce-accordion-item-3\" data-wp-bind--inert=\"!state.isOpen\" id=\"woocommerce-accordion-item-3-panel\" role=\"region\" data-block-name=\"woocommerce\/accordion-panel\" class=\"wp-block-woocommerce-accordion-panel\"><div class=\"accordion-content__wrapper is-layout-flow wp-block-woocommerce-accordion-panel-is-layout-flow\">\n<p><strong>Int\u00e9gration aux politiques nationales :<\/strong> Int\u00e9grer l\u2019\u00e9quit\u00e9 des honoraires et la r\u00e9forme des pratiques d\u2019approvisionnement dans les m\u00e9moires et consultations de l\u2019IRAC, notamment dans la r\u00e9ponse de l\u2019IRAC \u00e0 l\u2019examen de la coop\u00e9ration r\u00e9glementaire de l\u2019ACEUM et dans d\u2019autres processus gouvernementaux.<\/p>\n\n\n\n<p><strong>Collaboration sectorielle :<\/strong> Travailler avec les organismes publics et les associations partenaires afin d\u2019harmoniser la r\u00e9forme de l\u2019approvisionnement avec les objectifs plus larges d\u2019excellence en design, d\u2019action climatique et de concurrence \u00e9quitable.<\/p>\n<\/div><\/div>\n<\/div>\n<\/div>\n<\/div>\n<\/div>\n\n\n\n<div style=\"height:25px\" aria-hidden=\"true\" class=\"wp-block-spacer\"><\/div>\n\n\n\n<div class=\"raic-anchor-target-point wp-block-raic-blocks-raic-anchor-target\" id=\"section-53d79f\" aria-label=\"Notre leadership\" data-menu-label=\"Notre leadership\">\n        <\/div>\n\n\n<h4 class=\"wp-block-heading\"><strong>Notre leadership<\/strong><\/h4>\n\n\n\n<div class=\"raic-staff-listing wp-block-raic-blocks-raic-staff-listing\">\n                        <p>No profiles found.<\/p>\n            <\/div>\n\n\n\n\n<div style=\"height:25px\" aria-hidden=\"true\" class=\"wp-block-spacer\"><\/div>\n\n\n\n<h5 class=\"wp-block-heading\"><strong>Participez<\/strong><\/h5>\n\n\n\n<ul class=\"wp-block-list list-style-arrow\">\n<li>Joignez-vous au groupe de travail : apportez votre expertise aux outils, aux gabarits et aux activit\u00e9s de sensibilisation.<\/li>\n\n\n\n<li>Soumettez une id\u00e9e de politique ou un cas : <a href=\"mailto:advocacy@raic.org\">partagez des d\u00e9fis et des solutions li\u00e9s \u00e0 l\u2019approvisionnement.<\/a><\/li>\n<\/ul>\n\n\n\n<div style=\"height:50px\" aria-hidden=\"true\" class=\"wp-block-spacer\"><\/div>\n\n\n\n<div class=\"raic-anchor-target-point wp-block-raic-blocks-raic-anchor-target\" id=\"section-c10f06\" aria-label=\"Ressources\" data-menu-label=\"Ressources\">\n        <\/div>\n\n\n<section class=\"raic-featured-cards-section wp-block-raic-blocks-raic-resource-cards\" data-aos=\"fade-in\" data-aos-duration=\"1000\">\n    <div class=\"container\">\n                    <h2 class=\"raic-featured-cards-title\">Outils et ressources<\/h2>\n        \n        <div class=\"raic-featured-cards-grid\">\n                            <div class=\"raic-featured-card\">\n                    <a href=\"https:\/\/chop.raic.ca\/fr\/appendix-b-guidelines-and-checklists-issuing-requests-for-proposals-rfps-?p_l_back_url=%2Fsearch%3Fq%3Drfp\" class=\"raic-featured-card-clickable\" target=\"_blank\" rel=\"noopener noreferrer\">\n                                                \n                        <div class=\"raic-featured-card-content\">\n                            <div class=\"raic-featured-card-category\"><\/div>\n                            \n                                                            <h3 class=\"raic-featured-card-title\">Lignes directrices et listes de v\u00e9rification : pr\u00e9paration des demandes de propositions (DP)<\/h3>\n                                                        \n                                                            <p class=\"raic-featured-card-description\">Cette ligne directrice du Manuel canadien d\u2019exercice de la profession (CHOP) d\u00e9crit un processus en 11 \u00e9tapes pour s\u00e9lectionner une firme charg\u00e9e de fournir des services d\u2019architecture.<\/p>\n                                                        \n                            <div class=\"raic-featured-card-link\">\n                                Voir <i class=\"bi bi-arrow-right\"><\/i>\n                            <\/div>\n                        <\/div>\n                    <\/a>\n                <\/div>\n                            <div class=\"raic-featured-card\">\n                    <a href=\"https:\/\/raic.org\/fr\/resource\/un-guide-aidant-a-determiner-les-honoraires-appropries-pour-les-services-dun-architecte\/\" class=\"raic-featured-card-clickable\" target=\"_blank\" rel=\"noopener noreferrer\">\n                                                \n                        <div class=\"raic-featured-card-content\">\n                            <div class=\"raic-featured-card-category\"><\/div>\n                            \n                                                            <h3 class=\"raic-featured-card-title\">Guide pour d\u00e9terminer les honoraires appropri\u00e9s pour les services d\u2019un architecte<\/h3>\n                                                        \n                                                            <p class=\"raic-featured-card-description\">Offre un cadre transparent pour d\u00e9terminer les honoraires appropri\u00e9s pour les services d\u2019un architecte, en alignant les honoraires sur la port\u00e9e, la complexit\u00e9 et les risques du projet.<\/p>\n                                                        \n                            <div class=\"raic-featured-card-link\">\n                                Voir <i class=\"bi bi-arrow-right\"><\/i>\n                            <\/div>\n                        <\/div>\n                    <\/a>\n                <\/div>\n                            <div class=\"raic-featured-card\">\n                    <a href=\"https:\/\/raic.org\/fr\/les-contrats-numeriques-de-lirac-2\/\" class=\"raic-featured-card-clickable\" target=\"_blank\" rel=\"noopener noreferrer\">\n                                                \n                        <div class=\"raic-featured-card-content\">\n                            <div class=\"raic-featured-card-category\"><\/div>\n                            \n                                                            <h3 class=\"raic-featured-card-title\">IRAC Contrats numerique (Documents 6 and 9)<\/h3>\n                                                        \n                                                            <p class=\"raic-featured-card-description\"> Aide les architectes \u00e0 cr\u00e9er des ententes claires, \u00e0 d\u00e9finir la port\u00e9e du projet et \u00e0 g\u00e9rer les risques \u2014 des \u00e9l\u00e9ments essentiels pour \u00e9tablir des honoraires \u00e9quitables et naviguer efficacement dans les processus d\u2019approvisionnement.<\/p>\n                                                        \n                            <div class=\"raic-featured-card-link\">\n                                Voir <i class=\"bi bi-arrow-right\"><\/i>\n                            <\/div>\n                        <\/div>\n                    <\/a>\n                <\/div>\n                    <\/div>\n    <\/div>\n<\/section>\n\n\n<div class=\"wp-block-raic-blocks-raic-block-quote\">\n    <blockquote class=\"raic-block-quote\">\n                    <h3 class=\"raic-block-quote-heading\"><strong>\u00c0 venir au printemps 2026!<\/strong><\/h3>\n                \n        <p class=\"raic-block-quote-text\">Une nouvelle initiative offrant des analyses de demandes de propositions (DP) du secteur public fournira une r\u00e9troaction \u00e9ducative mettant en lumi\u00e8re l\u2019alignement avec les principes de l\u2019IRAC en mati\u00e8re de s\u00e9lection fond\u00e9e sur la qualit\u00e9, de conditions \u00e9quitables et de port\u00e9e et livrables r\u00e9alistes.<br><br><\/p>\n        \n            <\/blockquote>\n<\/div>\n\n\n<div style=\"height:50px\" aria-hidden=\"true\" class=\"wp-block-spacer\"><\/div>\n","protected":false},"excerpt":{"rendered":"<p>Pourquoi nous plaidons Les honoraires \u00e9quitables et l\u2019approvisionnement fond\u00e9 sur la qualit\u00e9 favorisent la sant\u00e9, la s\u00e9curit\u00e9, la durabilit\u00e9 et la valeur \u00e0 long terme. Lorsque les \u00e9quipes sont s\u00e9lectionn\u00e9es en fonction de leur qualit\u00e9 et de leurs comp\u00e9tences, et qu\u2019elles sont r\u00e9mun\u00e9r\u00e9es ad\u00e9quatement en fonction de la port\u00e9e et des risques, les projets offrent [&hellip;]<\/p>\n","protected":false},"author":8,"featured_media":0,"parent":34523,"menu_order":10,"comment_status":"closed","ping_status":"closed","template":"template-two-column-narrow.php","meta":{"_acf_changed":false,"footnotes":""},"class_list":["post-48699","page","type-page","status-publish","hentry"],"acf":[],"_links":{"self":[{"href":"https:\/\/raic.org\/fr\/wp-json\/wp\/v2\/pages\/48699","targetHints":{"allow":["GET"]}}],"collection":[{"href":"https:\/\/raic.org\/fr\/wp-json\/wp\/v2\/pages"}],"about":[{"href":"https:\/\/raic.org\/fr\/wp-json\/wp\/v2\/types\/page"}],"author":[{"embeddable":true,"href":"https:\/\/raic.org\/fr\/wp-json\/wp\/v2\/users\/8"}],"replies":[{"embeddable":true,"href":"https:\/\/raic.org\/fr\/wp-json\/wp\/v2\/comments?post=48699"}],"version-history":[{"count":4,"href":"https:\/\/raic.org\/fr\/wp-json\/wp\/v2\/pages\/48699\/revisions"}],"predecessor-version":[{"id":53050,"href":"https:\/\/raic.org\/fr\/wp-json\/wp\/v2\/pages\/48699\/revisions\/53050"}],"up":[{"embeddable":true,"href":"https:\/\/raic.org\/fr\/wp-json\/wp\/v2\/pages\/34523"}],"wp:attachment":[{"href":"https:\/\/raic.org\/fr\/wp-json\/wp\/v2\/media?parent=48699"}],"curies":[{"name":"wp","href":"https:\/\/api.w.org\/{rel}","templated":true}]}}