{"id":48685,"date":"2025-06-25T16:49:10","date_gmt":"2025-06-25T20:49:10","guid":{"rendered":"https:\/\/staging.raic.symbiodev.xyz\/?page_id=48685"},"modified":"2026-01-20T18:03:06","modified_gmt":"2026-01-20T23:03:06","slug":"equite-et-justice","status":"publish","type":"page","link":"https:\/\/raic.org\/fr\/sensibilisation\/equite-et-justice\/","title":{"rendered":"\u00c9quit\u00e9 et justice"},"content":{"rendered":"\n<div style=\"height:10px\" aria-hidden=\"true\" class=\"wp-block-spacer\"><\/div>\n\n\n\n<h2 class=\"wp-block-heading\"><strong>\u00c9quit\u00e9 et justice en architecture<\/strong><\/h2>\n\n\n\n<div style=\"height:25px\" aria-hidden=\"true\" class=\"wp-block-spacer\"><\/div>\n\n\n\n<p>L\u2019\u00e9quit\u00e9 et la justice en architecture consistent \u00e0 cr\u00e9er des environnements b\u00e2tis inclusifs, accessibles et ancr\u00e9s dans la responsabilit\u00e9 sociale. Cela exige un examen critique de la fa\u00e7on dont le pouvoir, les privil\u00e8ges et les obstacles syst\u00e9miques influencent les espaces o\u00f9 nous vivons, travaillons et nous r\u00e9unissons.<\/p>\n\n\n\n<p>Cette approche place au centre les collectivit\u00e9s historiquement exclues \u2014 en particulier les groupes autochtones, noirs, racis\u00e9s, personnes en situation de handicap et communaut\u00e9s marginalis\u00e9es sur le plan \u00e9conomique \u2014 et favorise l\u2019engagement communautaire, la s\u00e9curit\u00e9 culturelle ainsi qu\u2019un acc\u00e8s \u00e9quitable aux ressources et aux possibilit\u00e9s tout au long du processus de conception et d\u2019architecture.<\/p>\n\n\n\n<div class=\"raic-anchor-target-point wp-block-raic-blocks-raic-anchor-target\" id=\"section-6098e9\" aria-label=\"Notre engagement\" data-menu-label=\"Notre engagement\">\n        <\/div>\n\n\n<h2 class=\"wp-block-heading\"><strong>Notre engagement<\/strong><\/h2>\n\n\n\n<p>L\u2019IRAC s\u2019engage \u00e0 int\u00e9grer les principes d\u2019\u00e9quit\u00e9 et de justice dans l\u2019ensemble de ses travaux. En tant que porte-parole national de l\u2019architecture au Canada, l\u2019IRAC reconna\u00eet le r\u00f4le de la profession dans la construction de la soci\u00e9t\u00e9 et sa responsabilit\u00e9 de lutter contre le racisme syst\u00e9mique, le colonialisme ainsi que les in\u00e9galit\u00e9s sociales et spatiales.<\/p>\n\n\n\n<p>Dans le cadre de notre mission visant \u00e0 b\u00e2tir un monde meilleur en favorisant une forte culture d\u2019excellence en conception, nous nous effor\u00e7ons de faire en sorte que l\u2019architecture contribue \u00e0 un avenir plus juste, inclusif et durable pour tous.<\/p>\n\n\n\n<div class=\"wp-block-raic-blocks-raic-block-quote\">\n    <blockquote class=\"raic-block-quote\">\n                \n        <p class=\"raic-block-quote-text\">Ensemble, nous b\u00e2tissons une profession qui refl\u00e8te toute la diversit\u00e9 du Canada et qui contribue \u00e0 des r\u00e9sultats \u00e9quitables gr\u00e2ce au pouvoir du design.<\/p>\n        \n            <\/blockquote>\n<\/div>\n\n\n<p>L\u2019IRAC reconna\u00eet \u00e9galement que la lutte contre le racisme syst\u00e9mique et l\u2019oppression demande un engagement soutenu et une reddition de comptes constante. En accord avec nos valeurs d\u2019\u00e9quit\u00e9 sociale et de r\u00e9conciliation, nous poursuivons le d\u00e9veloppement de formations internes, r\u00e9pondons aux incidents de discrimination et appliquons une optique d\u2019\u00e9quit\u00e9 \u00e0 l\u2019\u00e9laboration de nos programmes, politiques et services. Ce travail est continu, collaboratif et guid\u00e9 par les commentaires de nos membres et du public.<\/p>\n\n\n\n<div class=\"raic-anchor-target-point wp-block-raic-blocks-raic-anchor-target\" id=\"section-dead4f\" aria-label=\"Notre leadership\" data-menu-label=\"Notre leadership\">\n        <\/div>\n\n\n<h2 class=\"wp-block-heading\"><strong>Notre leadership<\/strong><\/h2>\n\n\n\n<div class=\"raic-staff-listing wp-block-raic-blocks-raic-staff-listing\">\n            <div class=\"raic-staff-grid \" data-aos=\"fade-in\" data-aos-duration=\"1000\">\n            <div class=\"container\">\n                                <div class=\"raic-staff-grid-container\"\n                     data-columns-desktop=\"4\"\n                     data-columns-tablet=\"2\"\n                     data-columns-mobile=\"1\"\n                     data-display-modal-name=\"1\"\n                     style=\"--columns-desktop: 4; --columns-tablet: 2; --columns-mobile: 1;\">\n                                            <a href=\"#\" \n                           class=\"raic-staff-card\" \n                                                          data-staff-id=\"49388\"\n                               data-staff-name=\"Comit\u00e9 sur la promotion de l\u2019\u00e9quit\u00e9 et de la justice\"\n                               data-staff-position=\"\"\n                               data-staff-organization=\"\"\n                               data-staff-email=\"\"\n                               data-staff-phone=\"\"\n                               data-staff-linkedin=\"\"\n                               data-staff-twitter=\"\"\n                               data-staff-facebook=\"\"\n                               data-staff-biography=\"\n&lt;table id=&quot;tablepress-32&quot; class=&quot;tablepress tablepress-id-32&quot;&gt;\n&lt;thead&gt;\n&lt;tr class=&quot;row-1&quot;&gt;\n\t&lt;th class=&quot;column-1&quot;&gt;Members&lt;\/th&gt;&lt;th class=&quot;column-2&quot;&gt;Term of Office&lt;\/th&gt;\n&lt;\/tr&gt;\n&lt;\/thead&gt;\n&lt;tbody class=&quot;row-hover&quot;&gt;\n&lt;tr class=&quot;row-2&quot;&gt;\n\t&lt;td class=&quot;column-1&quot;&gt;Adeyemi Adefehinti, MRAIC&lt;\/td&gt;&lt;td class=&quot;column-2&quot;&gt;Prend fin le 31 d\u00e9cembre 2027&lt;\/td&gt;\n&lt;\/tr&gt;\n&lt;tr class=&quot;row-3&quot;&gt;\n\t&lt;td class=&quot;column-1&quot;&gt;Graeme Bristol, MRAIC&lt;\/td&gt;&lt;td class=&quot;column-2&quot;&gt;Prend fin le 31 d\u00e9cembre 2027&lt;\/td&gt;\n&lt;\/tr&gt;\n&lt;tr class=&quot;row-4&quot;&gt;\n\t&lt;td class=&quot;column-1&quot;&gt;Allison Gonsalves, MRAIC (Pr\u00e9sidente)&lt;\/td&gt;&lt;td class=&quot;column-2&quot;&gt;Prend fin le 31 d\u00e9cembre 2027&lt;\/td&gt;\n&lt;\/tr&gt;\n&lt;tr class=&quot;row-5&quot;&gt;\n\t&lt;td class=&quot;column-1&quot;&gt;Maya Mahgoub-Desai, MRAIC&lt;\/td&gt;&lt;td class=&quot;column-2&quot;&gt;Prend fin le 31 d\u00e9cembre 2027&lt;\/td&gt;\n&lt;\/tr&gt;\n&lt;tr class=&quot;row-6&quot;&gt;\n\t&lt;td class=&quot;column-1&quot;&gt;Omar Mendez, MRAIC&lt;\/td&gt;&lt;td class=&quot;column-2&quot;&gt;Prend fin le 31 d\u00e9cembre 2027&lt;\/td&gt;\n&lt;\/tr&gt;\n&lt;tr class=&quot;row-7&quot;&gt;\n\t&lt;td class=&quot;column-1&quot;&gt;Adhira Ravi, MRAIC&lt;\/td&gt;&lt;td class=&quot;column-2&quot;&gt;Prend fin le 31 d\u00e9cembre 2027&lt;\/td&gt;\n&lt;\/tr&gt;\n&lt;\/tbody&gt;\n&lt;\/table&gt;\n&lt;!-- #tablepress-32 from cache --&gt;\n&lt;p data-start=&quot;342&quot; data-end=&quot;784&quot;&gt;L\u2019IRAC a r\u00e9alis\u00e9 d\u2019importants progr\u00e8s pour int\u00e9grer l\u2019\u00e9quit\u00e9 et la justice dans ses op\u00e9rations depuis la cr\u00e9ation du Comit\u00e9 consultatif pour la promotion de l\u2019\u00e9quit\u00e9 et de la justice en 2021. Ces progr\u00e8s comprennent l\u2019\u00e9largissement de la participation au sein de la profession, l\u2019am\u00e9lioration de l\u2019acc\u00e8s aux programmes et services de l\u2019IRAC, et l\u2019int\u00e9gration de principes d\u2019\u00e9quit\u00e9 dans la gouvernance, la programmation et les infrastructures.&lt;\/p&gt;\n&lt;p data-start=&quot;786&quot; data-end=&quot;1043&quot;&gt;Dans le cadre du Plan strat\u00e9gique 2025\u20132027, le comit\u00e9 est devenu le Groupe de travail pour la promotion de l\u2019\u00e9quit\u00e9 et de la justice (GTPEJ), un organisme national ax\u00e9 sur l\u2019action qui soutient la diversit\u00e9 et le d\u00e9veloppement des relations communautaires.&lt;\/p&gt;\n\"\n                           >\n                            <div class=\"raic-staff-image\">\n                                                                    <img decoding=\"async\" data-src=\"https:\/\/raic.org\/sites\/raic.org\/wp-content\/uploads\/2025\/11\/Untitled-design-8.png\" alt=\"Comit\u00e9 sur la promotion de l\u2019\u00e9quit\u00e9 et de la justice\" src=\"data:image\/svg+xml;base64,PHN2ZyB3aWR0aD0iMSIgaGVpZ2h0PSIxIiB4bWxucz0iaHR0cDovL3d3dy53My5vcmcvMjAwMC9zdmciPjwvc3ZnPg==\" class=\"lazyload\" style=\"--smush-placeholder-width: 310px; --smush-placeholder-aspect-ratio: 310\/250;\">\n                                                            <\/div>\n                            <div class=\"raic-staff-content\">\n                                                                    <h3 class=\"raic-staff-name\">Comit\u00e9 sur la promotion de l\u2019\u00e9quit\u00e9 et de la justice<\/h3>\n                                                                \n                                                                \n                                                                \n                                                                    <p class=\"raic-staff-term\">\u00c9tabli en 2021<\/p>\n                                                                \n                                                                    <span class=\"raic-staff-arrow\" aria-hidden=\"true\"><\/span>\n                                                            <\/div>\n                        <\/a>\n                                    <\/div>\n            <\/div>\n        <\/div>\n\n                    <!-- Modal Structure -->\n            <div class=\"raic-staff-modal\" id=\"staff-modal\">\n                <div class=\"raic-modal-overlay\"><\/div>\n                <div class=\"raic-modal-container\">\n                    <button class=\"raic-modal-close\" aria-label=\"Close modal\">\u00d7<\/button>\n                    \n                    <div class=\"raic-modal-content\">\n                        <!-- Top section with image and details -->\n                        <div class=\"raic-modal-top\">\n                            <!-- Left image -->\n                            <div class=\"raic-modal-image\">\n                                <img id=\"modal-image\" alt=\"\" data-src=\"\">\n                            <\/div>\n                            \n                            <!-- Right content -->\n                            <div class=\"raic-modal-details\">\n                                <!-- Name and title -->\n                                <h2 id=\"modal-name\"><\/h2>\n                                <p id=\"modal-title\"><\/p>\n                                \n                                <!-- Labels row -->\n                                <div class=\"raic-labels-row\">\n                                    <div class=\"raic-label\">Contact<\/div>\n                                    <div class=\"raic-label\" id=\"social-label\" style=\"display:none;\">Social Media<\/div>\n                                <\/div>\n                                \n                                <!-- Content row -->\n                                <div class=\"raic-content-row\">\n                                    <!-- Contact details -->\n                                    <div class=\"raic-contact\">\n                                        <p><a id=\"modal-email\" href=\"#\"><\/a><\/p>\n                                        <p id=\"modal-phone\"><\/p>\n                                    <\/div>\n                                    \n                                    <!-- Social icons -->\n                                    <div class=\"raic-social\" id=\"social-section\" style=\"display:none;\">\n                                                                                <a href=\"#\" id=\"modal-linkedin\" target=\"_blank\" rel=\"noopener noreferrer\" aria-label=\"LinkedIn\" style=\"display:none;\">\n                                            <img decoding=\"async\" data-src=\"https:\/\/raic.org\/sites\/raic.org\/wp-content\/plugins\/raic-blocks\/src\/raic-staff-listing\/icons\/linkedin-icon.svg\" alt=\"LinkedIn\" width=\"17\" height=\"16\" src=\"data:image\/svg+xml;base64,PHN2ZyB3aWR0aD0iMSIgaGVpZ2h0PSIxIiB4bWxucz0iaHR0cDovL3d3dy53My5vcmcvMjAwMC9zdmciPjwvc3ZnPg==\" class=\"lazyload\" style=\"--smush-placeholder-width: 17px; --smush-placeholder-aspect-ratio: 17\/16;\">\n                                        <\/a>\n                                        <a href=\"#\" id=\"modal-twitter\" target=\"_blank\" rel=\"noopener noreferrer\" aria-label=\"Twitter\" style=\"display:none;\">\n                                            <i class=\"bi bi-twitter-x\"><\/i>\n                                        <\/a>\n                                        <a href=\"#\" id=\"modal-facebook\" target=\"_blank\" rel=\"noopener noreferrer\" aria-label=\"Facebook\" style=\"display:none;\">\n                                            <img decoding=\"async\" data-src=\"https:\/\/raic.org\/sites\/raic.org\/wp-content\/plugins\/raic-blocks\/src\/raic-staff-listing\/icons\/fb-icon.svg\" alt=\"Facebook\" width=\"9\" height=\"16\" src=\"data:image\/svg+xml;base64,PHN2ZyB3aWR0aD0iMSIgaGVpZ2h0PSIxIiB4bWxucz0iaHR0cDovL3d3dy53My5vcmcvMjAwMC9zdmciPjwvc3ZnPg==\" class=\"lazyload\" style=\"--smush-placeholder-width: 9px; --smush-placeholder-aspect-ratio: 9\/16;\">\n                                        <\/a>\n                                    <\/div>\n                                <\/div>\n                            <\/div>\n                        <\/div>\n                        \n                        <!-- Biography section -->\n                        <div class=\"raic-modal-bottom\">\n                            <div class=\"raic-biography\" id=\"biography-content\"><\/div>\n                        <\/div>\n                    <\/div>\n                <\/div>\n            <\/div>\n        \n            <\/div>\n\n\n\n\n<div class=\"raic-anchor-target-point wp-block-raic-blocks-raic-anchor-target\" id=\"section-21bae5\" aria-label=\"Ressources\" data-menu-label=\"Ressources\">\n        <\/div>\n\n\n<div class=\"raic-text-image-section wp-block-raic-blocks-raic-text-image-alternating\" data-aos=\"fade-in\" data-aos-duration=\"1000\">\n    <div class=\"container\">\n        <div class=\"row align-items-center\">\n            <div class=\"col-lg-6 mb-4 mb-lg-0\">\n                <div class=\"raic-content-image\">\n                    <img decoding=\"async\" width=\"1024\" height=\"496\" data-src=\"https:\/\/raic.org\/sites\/raic.org\/wp-content\/uploads\/2025\/10\/New-Website-featured-image-1024x496.png\" class=\"img-fluid lazyload\" alt=\"\" data-srcset=\"https:\/\/raic.org\/sites\/raic.org\/wp-content\/uploads\/2025\/10\/New-Website-featured-image-1024x496.png 1024w, https:\/\/raic.org\/sites\/raic.org\/wp-content\/uploads\/2025\/10\/New-Website-featured-image-300x145.png 300w, https:\/\/raic.org\/sites\/raic.org\/wp-content\/uploads\/2025\/10\/New-Website-featured-image-768x372.png 768w, https:\/\/raic.org\/sites\/raic.org\/wp-content\/uploads\/2025\/10\/New-Website-featured-image.png 1300w\" data-sizes=\"(max-width: 1024px) 100vw, 1024px\" src=\"data:image\/svg+xml;base64,PHN2ZyB3aWR0aD0iMSIgaGVpZ2h0PSIxIiB4bWxucz0iaHR0cDovL3d3dy53My5vcmcvMjAwMC9zdmciPjwvc3ZnPg==\" style=\"--smush-placeholder-width: 1024px; --smush-placeholder-aspect-ratio: 1024\/496;\" \/>                <\/div>\n            <\/div>\n            <div class=\"col-lg-6\">\n                <div class=\"raic-text-content\">\n\n                    \n                                             <h2 class=\"raic-content-title\">\n                             <strong>Ressources<\/strong>                         <\/h2>\n                    \n                                            <p class=\"raic-content-description\">\n                             Les ressources s\u00e9lectionn\u00e9es ci-dessous soutiennent l\u2019apprentissage continu et l\u2019action en mati\u00e8re d\u2019\u00e9quit\u00e9, de justice et de lutte contre le racisme en architecture et dans l\u2019environnement b\u00e2ti. Elles refl\u00e8tent une diversit\u00e9 de voix et d\u2019approches au Canada et \u00e0 l\u2019international. Cette liste n\u2019est pas exhaustive et sera mise \u00e0 jour p\u00e9riodiquement. Des suggestions? Envoyez-nous un <a href=\"mailto:pej@raic.org\" target=\"_blank\" rel=\"noreferrer noopener\">courriel.<\/a>                        <\/p>\n                    \n                                                                <div class=\"raic-content-actions\">\n                                                            <a href=\"https:\/\/raic.org\/advocacy\/equity-and-justice\/equity-and-justice-resources\/\" class=\"raic-btn-primary\" aria-label=\"Resources - Ressources\">\n                                    Resources <i class=\"bi bi-arrow-right-short\"><\/i>\n                                <\/a>\n                            \n                                                             <a href=\"https:\/\/raic.org\/professional-development\/continuing-education\/search-continuing-education\/?topic=diversity-equity-and-inclusion\" class=\"raic-btn-outline\" aria-label=\"Webinaires et cours - Ressources\">\n                                     Webinaires et cours <i class=\"bi bi-arrow-right-short\"><\/i>\n                                 <\/a>\n                                                    <\/div>\n                    \n                <\/div>\n            <\/div>\n\n        <\/div>     <\/div> <\/div>\n\n\n\n<h5 class=\"wp-block-heading\"><\/h5>\n","protected":false},"excerpt":{"rendered":"<p>\u00c9quit\u00e9 et justice en architecture L\u2019\u00e9quit\u00e9 et la justice en architecture consistent \u00e0 cr\u00e9er des environnements b\u00e2tis inclusifs, accessibles et ancr\u00e9s dans la responsabilit\u00e9 sociale. Cela exige un examen critique de la fa\u00e7on dont le pouvoir, les privil\u00e8ges et les obstacles syst\u00e9miques influencent les espaces o\u00f9 nous vivons, travaillons et nous r\u00e9unissons. Cette approche place [&hellip;]<\/p>\n","protected":false},"author":8,"featured_media":0,"parent":34523,"menu_order":2,"comment_status":"closed","ping_status":"closed","template":"template-two-column-wide.php","meta":{"_acf_changed":false,"footnotes":""},"class_list":["post-48685","page","type-page","status-publish","hentry"],"acf":[],"_links":{"self":[{"href":"https:\/\/raic.org\/fr\/wp-json\/wp\/v2\/pages\/48685","targetHints":{"allow":["GET"]}}],"collection":[{"href":"https:\/\/raic.org\/fr\/wp-json\/wp\/v2\/pages"}],"about":[{"href":"https:\/\/raic.org\/fr\/wp-json\/wp\/v2\/types\/page"}],"author":[{"embeddable":true,"href":"https:\/\/raic.org\/fr\/wp-json\/wp\/v2\/users\/8"}],"replies":[{"embeddable":true,"href":"https:\/\/raic.org\/fr\/wp-json\/wp\/v2\/comments?post=48685"}],"version-history":[{"count":4,"href":"https:\/\/raic.org\/fr\/wp-json\/wp\/v2\/pages\/48685\/revisions"}],"predecessor-version":[{"id":56120,"href":"https:\/\/raic.org\/fr\/wp-json\/wp\/v2\/pages\/48685\/revisions\/56120"}],"up":[{"embeddable":true,"href":"https:\/\/raic.org\/fr\/wp-json\/wp\/v2\/pages\/34523"}],"wp:attachment":[{"href":"https:\/\/raic.org\/fr\/wp-json\/wp\/v2\/media?parent=48685"}],"curies":[{"name":"wp","href":"https:\/\/api.w.org\/{rel}","templated":true}]}}