{"id":48626,"date":"2014-08-22T09:31:00","date_gmt":"2014-08-22T13:31:00","guid":{"rendered":"https:\/\/staging.raic.symbiodev.xyz\/?page_id=48626"},"modified":"2025-12-05T15:08:05","modified_gmt":"2025-12-05T20:08:05","slug":"lordre-du-canada","status":"publish","type":"page","link":"https:\/\/raic.org\/fr\/a-propos\/college-des-fellows\/lordre-du-canada\/","title":{"rendered":"L&#8217;Ordre du Canada"},"content":{"rendered":"\n<div style=\"height:25px\" aria-hidden=\"true\" class=\"wp-block-spacer\"><\/div>\n\n\n\n<figure class=\"wp-block-image size-large\"><img decoding=\"async\" width=\"1024\" height=\"683\" data-src=\"https:\/\/raic.org\/sites\/raic.org\/wp-content\/uploads\/2025\/08\/GG05-2018-0316-003-1024x683.jpg\" alt=\"\" class=\"wp-image-13805 lazyload\" data-srcset=\"https:\/\/raic.org\/sites\/raic.org\/wp-content\/uploads\/2025\/08\/GG05-2018-0316-003-1024x683.jpg 1024w, https:\/\/raic.org\/sites\/raic.org\/wp-content\/uploads\/2025\/08\/GG05-2018-0316-003-300x200.jpg 300w, https:\/\/raic.org\/sites\/raic.org\/wp-content\/uploads\/2025\/08\/GG05-2018-0316-003-768x512.jpg 768w, https:\/\/raic.org\/sites\/raic.org\/wp-content\/uploads\/2025\/08\/GG05-2018-0316-003-1536x1024.jpg 1536w, https:\/\/raic.org\/sites\/raic.org\/wp-content\/uploads\/2025\/08\/GG05-2018-0316-003-2048x1366.jpg 2048w\" data-sizes=\"(max-width: 1024px) 100vw, 1024px\" src=\"data:image\/svg+xml;base64,PHN2ZyB3aWR0aD0iMSIgaGVpZ2h0PSIxIiB4bWxucz0iaHR0cDovL3d3dy53My5vcmcvMjAwMC9zdmciPjwvc3ZnPg==\" style=\"--smush-placeholder-width: 1024px; --smush-placeholder-aspect-ratio: 1024\/683;\" \/><figcaption class=\"wp-element-caption\">cr\u00e9dit photo: GG05 series: Sgt Johanie Maheu, Rideau Hall&nbsp;\u00a9 OSGG, 2018.<\/figcaption><\/figure>\n\n\n\n<div style=\"height:25px\" aria-hidden=\"true\" class=\"wp-block-spacer\"><\/div>\n\n\n\n<p><span data-contrast=\"auto\">Les personnes suivantes sont des Fellows de lIRAC qui ont re\u00e7u lOrdre du Canada dans le domaine de larchitecture. Les distinctions de Compagnon de lOrdre C C, Officier O C et Membre C M sont d\u00e9cern\u00e9es par le gouverneur g\u00e9n\u00e9ral du Canada.<\/span><\/p>\n\n\n\n<p><span data-contrast=\"none\">LOrdre du Canada est la pierre angulaire du syst\u00e8me dhonneur canadien. Pr\u00e9sent\u00e9 par le gouverneur g\u00e9n\u00e9ral, il reconna\u00eet les r\u00e9alisations remarquables, le d\u00e9vouement envers la collectivit\u00e9 et le service \u00e0 la nation.<\/span><\/p>\n\n\n\n<table id=\"tablepress-20\" class=\"tablepress tablepress-id-20\">\n<thead>\n<tr class=\"row-1\">\n\t<th class=\"column-1\">Nom<\/th><th class=\"column-2\">Nomination(s)<\/th>\n<\/tr>\n<\/thead>\n<tbody class=\"row-hover\">\n<tr class=\"row-2\">\n\t<td class=\"column-1\">Dr. Raymond J. Cole, FRAIC<\/td><td class=\"column-2\">2024 (C.M.)<\/td>\n<\/tr>\n<tr class=\"row-3\">\n\t<td class=\"column-1\">Donald R.M Schmitt, FRAIC<\/td><td class=\"column-2\">2024 (C.M.)<\/td>\n<\/tr>\n<tr class=\"row-4\">\n\t<td class=\"column-1\">Brian MacKay-Lyons, FRAIC<\/td><td class=\"column-2\">2022 (C.M.)<\/td>\n<\/tr>\n<tr class=\"row-5\">\n\t<td class=\"column-1\">Rick (Eric) Haldenby, FRAIC<\/td><td class=\"column-2\">2022 (O.C.)<\/td>\n<\/tr>\n<tr class=\"row-6\">\n\t<td class=\"column-1\">Ken Greenberg, FRAIC<\/td><td class=\"column-2\">2019 (C.M.)<\/td>\n<\/tr>\n<tr class=\"row-7\">\n\t<td class=\"column-1\">Julia Gersovitz , FRAIC<\/td><td class=\"column-2\">2018 (O.C.)<\/td>\n<\/tr>\n<tr class=\"row-8\">\n\t<td class=\"column-1\">Ronald Franklin Williams, FRAIC<\/td><td class=\"column-2\">2018 (C.M.)<\/td>\n<\/tr>\n<tr class=\"row-9\">\n\t<td class=\"column-1\">Richard Henriquez, FRAIC<\/td><td class=\"column-2\">2017 (C.M.)<\/td>\n<\/tr>\n<tr class=\"row-10\">\n\t<td class=\"column-1\">George Baird, FRAIC<\/td><td class=\"column-2\">2016 (O.C.)<\/td>\n<\/tr>\n<tr class=\"row-11\">\n\t<td class=\"column-1\">Barry V. Downs, FRAIC<\/td><td class=\"column-2\">2014 (C.M.)<\/td>\n<\/tr>\n<tr class=\"row-12\">\n\t<td class=\"column-1\">Robert Mellin, FRAIC<\/td><td class=\"column-2\">2014 (C.M.)<\/td>\n<\/tr>\n<tr class=\"row-13\">\n\t<td class=\"column-1\">Shirley Blumberg, FRAIC<\/td><td class=\"column-2\">2013 (C.M.)<\/td>\n<\/tr>\n<tr class=\"row-14\">\n\t<td class=\"column-1\">James K.M. Cheng, FRAIC<\/td><td class=\"column-2\">2012 (C.M.)<\/td>\n<\/tr>\n<tr class=\"row-15\">\n\t<td class=\"column-1\">Howard Sutcliffe, FRAIC<\/td><td class=\"column-2\">2012 (C.M.)<\/td>\n<\/tr>\n<tr class=\"row-16\">\n\t<td class=\"column-1\">Brigitte Shim, FRAIC<\/td><td class=\"column-2\">2012 (C.M.)<\/td>\n<\/tr>\n<tr class=\"row-17\">\n\t<td class=\"column-1\">Marianne McKenna, FRAIC<\/td><td class=\"column-2\">2012 (O.C.)<\/td>\n<\/tr>\n<tr class=\"row-18\">\n\t<td class=\"column-1\">Bruce Kuwabara, FRAIC<\/td><td class=\"column-2\">2011 (O.C.)<\/td>\n<\/tr>\n<tr class=\"row-19\">\n\t<td class=\"column-1\">Dan Hanganu, FIRAC<\/td><td class=\"column-2\">2009 (C.M.)<\/td>\n<\/tr>\n<tr class=\"row-20\">\n\t<td class=\"column-1\">Raymond Moriyama, FRAIC<\/td><td class=\"column-2\">2008 (C.C.) | 1985 (O.C.)<\/td>\n<\/tr>\n<tr class=\"row-21\">\n\t<td class=\"column-1\">Peter Busby, FRAIC<\/td><td class=\"column-2\">2005 (C.M.)<\/td>\n<\/tr>\n<tr class=\"row-22\">\n\t<td class=\"column-1\">John Patkau, FRAIC<\/td><td class=\"column-2\">2004 (C.M.)<\/td>\n<\/tr>\n<tr class=\"row-23\">\n\t<td class=\"column-1\">Patricia Patkau, FRAIC<\/td><td class=\"column-2\">2004 (C.M.)<\/td>\n<\/tr>\n<tr class=\"row-24\">\n\t<td class=\"column-1\">Moshe Safdie, FRAIC<\/td><td class=\"column-2\">2004 (C.C.) | 1986 (O.C.)<\/td>\n<\/tr>\n<tr class=\"row-25\">\n\t<td class=\"column-1\">Roderick George Robbie, FRAIC<\/td><td class=\"column-2\">2003 (O.C.)<\/td>\n<\/tr>\n<tr class=\"row-26\">\n\t<td class=\"column-1\">Frank Gehry, Hon. FRAIC<\/td><td class=\"column-2\">2002 (C.C.)<\/td>\n<\/tr>\n<tr class=\"row-27\">\n\t<td class=\"column-1\">Phyllis B. Lambert, FRAIC<\/td><td class=\"column-2\">2001 (C.C.) | 1990 (O.C.) | 1985 (C.M.)<\/td>\n<\/tr>\n<tr class=\"row-28\">\n\t<td class=\"column-1\">Blanche Lemco van Ginkel, FRAIC<\/td><td class=\"column-2\">2000 (C.M.)<\/td>\n<\/tr>\n<tr class=\"row-29\">\n\t<td class=\"column-1\">Paul Gauthier, FIRAC<\/td><td class=\"column-2\">1996 (C.M.)<\/td>\n<\/tr>\n<tr class=\"row-30\">\n\t<td class=\"column-1\">Willem B.C. de Lint, FRAIC<\/td><td class=\"column-2\">1995 (C.M.)<\/td>\n<\/tr>\n<tr class=\"row-31\">\n\t<td class=\"column-1\">Jack Diamond, FRAIC<\/td><td class=\"column-2\">1995 (O.C.)<\/td>\n<\/tr>\n<tr class=\"row-32\">\n\t<td class=\"column-1\">Jean-Claude Marsan, Hon. FIRAC<\/td><td class=\"column-2\">1995 (O.C.)<\/td>\n<\/tr>\n<tr class=\"row-33\">\n\t<td class=\"column-1\">Jean-Marie Roy, FIRAC<\/td><td class=\"column-2\">1995 (C.M.)<\/td>\n<\/tr>\n<tr class=\"row-34\">\n\t<td class=\"column-1\">Bing Thom, FRAIC<\/td><td class=\"column-2\">1995 (C.M.)<\/td>\n<\/tr>\n<tr class=\"row-35\">\n\t<td class=\"column-1\">Patrick Joseph Moran, Hon. FRAIC<\/td><td class=\"column-2\">1992 (C.M.)<\/td>\n<\/tr>\n<tr class=\"row-36\">\n\t<td class=\"column-1\">Douglas Cardinal, FRAIC<\/td><td class=\"column-2\">1989 (O.C.)<\/td>\n<\/tr>\n<tr class=\"row-37\">\n\t<td class=\"column-1\">Gustavo U. da Roza, FRAIC<\/td><td class=\"column-2\">1988 (O.C.)<\/td>\n<\/tr>\n<tr class=\"row-38\">\n\t<td class=\"column-1\">Bruno B. Freschi, FRAIC<\/td><td class=\"column-2\">1985 (O.C.)<\/td>\n<\/tr>\n<tr class=\"row-39\">\n\t<td class=\"column-1\">Eberhard H. Zeidler, FRAIC*<\/td><td class=\"column-2\">1984 (O.C.)<\/td>\n<\/tr>\n<tr class=\"row-40\">\n\t<td class=\"column-1\">Arthur C. Erickson, FRAIC<\/td><td class=\"column-2\">1981 (C.C.) | 1973 (O.C.)<\/td>\n<\/tr>\n<tr class=\"row-41\">\n\t<td class=\"column-1\">Ronald J. Thom, FRAIC* 1967<\/td><td class=\"column-2\">1980 (O.C.)<\/td>\n<\/tr>\n<tr class=\"row-42\">\n\t<td class=\"column-1\">John C. Parkin, FRAIC* 1960<\/td><td class=\"column-2\">1972 (C.C.)<\/td>\n<\/tr>\n<tr class=\"row-43\">\n\t<td class=\"column-1\">Edouard Fiset, FIRAC<\/td><td class=\"column-2\">1967 (O.C.)<\/td>\n<\/tr>\n<\/tbody>\n<\/table>\n<!-- #tablepress-20 from cache -->\n\n\n\n<p>* d\u00e9c\u00e9d\u00e9<\/p>\n\n\n\n<p><a href=\"https:\/\/www.gg.ca\/en\/honours\/canadian-honours\/order-canada\/levels-and-insignia\" target=\"_blank\" rel=\"noreferrer noopener\">Visitez le site de L&#8217;Ordre du Canada pour en savoir plus<\/a><\/p>\n","protected":false},"excerpt":{"rendered":"<p>Les personnes suivantes sont des Fellows de lIRAC qui ont re\u00e7u lOrdre du Canada dans le domaine de larchitecture. Les distinctions de Compagnon de lOrdre C C, Officier O C et Membre C M sont d\u00e9cern\u00e9es par le gouverneur g\u00e9n\u00e9ral du Canada. LOrdre du Canada est la pierre angulaire du syst\u00e8me dhonneur canadien. Pr\u00e9sent\u00e9 par [&hellip;]<\/p>\n","protected":false},"author":3,"featured_media":0,"parent":37004,"menu_order":0,"comment_status":"closed","ping_status":"closed","template":"template-two-column-narrow.php","meta":{"_acf_changed":false,"footnotes":""},"class_list":["post-48626","page","type-page","status-publish","hentry"],"acf":[],"_links":{"self":[{"href":"https:\/\/raic.org\/fr\/wp-json\/wp\/v2\/pages\/48626","targetHints":{"allow":["GET"]}}],"collection":[{"href":"https:\/\/raic.org\/fr\/wp-json\/wp\/v2\/pages"}],"about":[{"href":"https:\/\/raic.org\/fr\/wp-json\/wp\/v2\/types\/page"}],"author":[{"embeddable":true,"href":"https:\/\/raic.org\/fr\/wp-json\/wp\/v2\/users\/3"}],"replies":[{"embeddable":true,"href":"https:\/\/raic.org\/fr\/wp-json\/wp\/v2\/comments?post=48626"}],"version-history":[{"count":4,"href":"https:\/\/raic.org\/fr\/wp-json\/wp\/v2\/pages\/48626\/revisions"}],"predecessor-version":[{"id":52525,"href":"https:\/\/raic.org\/fr\/wp-json\/wp\/v2\/pages\/48626\/revisions\/52525"}],"up":[{"embeddable":true,"href":"https:\/\/raic.org\/fr\/wp-json\/wp\/v2\/pages\/37004"}],"wp:attachment":[{"href":"https:\/\/raic.org\/fr\/wp-json\/wp\/v2\/media?parent=48626"}],"curies":[{"name":"wp","href":"https:\/\/api.w.org\/{rel}","templated":true}]}}