{"id":46930,"date":"2014-08-22T09:31:21","date_gmt":"2014-08-22T13:31:21","guid":{"rendered":"https:\/\/staging.raic.symbiodev.xyz\/?page_id=46930"},"modified":"2026-01-21T19:56:45","modified_gmt":"2026-01-22T00:56:45","slug":"devis-directeur-national-ddn","status":"publish","type":"page","link":"https:\/\/raic.org\/fr\/devis-directeur-national-ddn\/","title":{"rendered":"Devis directeur national (DDN)"},"content":{"rendered":"\n<p>Le Devis directeur national (DDN), publi\u00e9 par le Conseil national de recherches du Canada (CNRC), est une r\u00e9f\u00e9rence compl\u00e8te et bilingue pour l\u2019\u00e9laboration des devis de projets au Canada. Continuellement mis \u00e0 jour avec la contribution de l\u2019industrie, il couvre les proc\u00e9dures, les produits et les m\u00e9thodes utilis\u00e9s dans la construction. Le CNRC met \u00e9galement \u00e0 jour le DDN afin d\u2019y int\u00e9grer des pratiques respectueuses de l\u2019environnement.<\/p>\n\n\n\n<p><strong><em>Pour toute question concernant le contenu et l&#8217;utilisation des produits DDN, veuillez contacter NBS au 1-866-278-9954 ou <\/em><\/strong><a href=\"mailto:info@theNBS.ca\"><strong><em>info@theNBS.ca<\/em><\/strong><\/a><\/p>\n\n\n<h2 id=\"tablepress-39-name\" class=\"tablepress-table-name tablepress-table-name-id-39\">Devis directeur national  (DDN)<\/h2>\n\n<table id=\"tablepress-39\" class=\"tablepress tablepress-id-39\" aria-labelledby=\"tablepress-39-name\">\n<thead>\n<tr class=\"row-1\">\n\t<th class=\"column-1\">Produit<\/th><th class=\"column-2\">Prix membre<\/th><th class=\"column-3\">Prix non-membre<\/th>\n<\/tr>\n<\/thead>\n<tbody class=\"row-hover\">\n<tr class=\"row-2\">\n\t<td class=\"column-1\"><a href=\"https:\/\/raic.org\/fr\/product\/nbs-chorus\/\" target=\"_blank\">De NBS Chorus<\/a><\/td><td class=\"column-2\">1,800.00<\/td><td class=\"column-3\">2,000.00<\/td>\n<\/tr>\n<tr class=\"row-3\">\n\t<td class=\"column-1\"><a href=\"https:\/\/raic.org\/fr\/product\/ddn-document-complet\/\" target=\"_blank\">DDN - Document complet<\/a><\/td><td class=\"column-2\"> 2,515.50 <\/td><td class=\"column-3\"> 2,795.00 <\/td>\n<\/tr>\n<tr class=\"row-4\">\n\t<td class=\"column-1\"><a href=\"https:\/\/raic.org\/fr\/product\/ddn-architecture-20-divisions\/\" target=\"_blank\">DDN - Architecture (20 divisions)<\/a><\/td><td class=\"column-2\"> 1,971.00 <\/td><td class=\"column-3\"> 2,190.00 <\/td>\n<\/tr>\n<tr class=\"row-5\">\n\t<td class=\"column-1\"><a href=\"https:\/\/raic.org\/fr\/product\/ddn-forfait-performance\/\" target=\"_blank\">DDN - Forfait performance<\/a><\/td><td class=\"column-2\"> 648.00 <\/td><td class=\"column-3\"> 720.00 <\/td>\n<\/tr>\n<tr class=\"row-6\">\n\t<td class=\"column-1\"><a href=\"https:\/\/raic.org\/fr\/product\/ddn-forfait-amenagement-interieur\/\" target=\"_blank\">DDN - Forfait Am\u00e9nagement int\u00e9rieur<\/a><\/td><td class=\"column-2\"> 558.00 <\/td><td class=\"column-3\"> 620.00 <\/td>\n<\/tr>\n<tr class=\"row-7\">\n\t<td class=\"column-1\"><a href=\"https:\/\/raic.org\/fr\/product\/ddn-services-du-batiment\/\" target=\"_blank\">DDN - Services du b\u00e2timent<\/a><\/td><td class=\"column-2\"> 1,237.50 <\/td><td class=\"column-3\"> 1,375.00 <\/td>\n<\/tr>\n<tr class=\"row-8\">\n\t<td class=\"column-1\"><a href=\"https:\/\/raic.org\/fr\/product\/ddn-forfait-transports-aeriens\/\" target=\"_blank\">DDN - Forfait Transports A\u00e9riens<\/a><\/td><td class=\"column-2\"> 423.00 <\/td><td class=\"column-3\"> 470.00 <\/td>\n<\/tr>\n<tr class=\"row-9\">\n\t<td class=\"column-1\"><a href=\"https:\/\/raic.org\/fr\/product\/ddn-forfait-conservation\/\" target=\"_blank\">DDN - Forfait Conservation<\/a><\/td><td class=\"column-2\"> 445.50 <\/td><td class=\"column-3\"> 495.00 <\/td>\n<\/tr>\n<tr class=\"row-10\">\n\t<td class=\"column-1\"><a href=\"https:\/\/raic.org\/fr\/product\/ddn-forfait-architecture-de-paysage\/\" target=\"_blank\">DDN - Forfait Architecture de paysage<\/a><\/td><td class=\"column-2\"> 481.50 <\/td><td class=\"column-3\"> 535.00 <\/td>\n<\/tr>\n<tr class=\"row-11\">\n\t<td class=\"column-1\"><a href=\"https:\/\/raic.org\/fr\/product\/ddn-forfait-structure\/\" target=\"_blank\">DDN - Forfait structure<\/a><\/td><td class=\"column-2\"> 427.50 <\/td><td class=\"column-3\"> 475.00 <\/td>\n<\/tr>\n<tr class=\"row-12\">\n\t<td class=\"column-1\"><a href=\"https:\/\/raic.org\/fr\/product\/ddn-forfait-genie-civil-lourd\/\" target=\"_blank\">DDN - Forfait G\u00e9nie civil lourd<\/a><\/td><td class=\"column-2\"> 742.50 <\/td><td class=\"column-3\"> 825.00 <\/td>\n<\/tr>\n<tr class=\"row-13\">\n\t<td class=\"column-1\"><a href=\"https:\/\/raic.org\/fr\/product\/ddn-forfait-mecanique\/\" target=\"_blank\">DDN - Forfait M\u00e9canique<\/a><\/td><td class=\"column-2\"> 805.50 <\/td><td class=\"column-3\"> 895.00 <\/td>\n<\/tr>\n<tr class=\"row-14\">\n\t<td class=\"column-1\"><a href=\"https:\/\/raic.org\/fr\/product\/ddn-forfait-electricite\/\" target=\"_blank\">DDN - Forfait \u00c9lectricit\u00e9<\/a><\/td><td class=\"column-2\"> 805.50 <\/td><td class=\"column-3\"> 895.00 <\/td>\n<\/tr>\n<tr class=\"row-15\">\n\t<td class=\"column-1\"><a href=\"https:\/\/raic.org\/fr\/product\/ddn-forfait-genie-electrique-et-mecanique\/\" target=\"_blank\">DDN - Forfait G\u00e9nie \u00e9lectrique et m\u00e9canique<\/a><\/td><td class=\"column-2\"> 1,237.50 <\/td><td class=\"column-3\"> 1,375.00 <\/td>\n<\/tr>\n<tr class=\"row-16\">\n\t<td class=\"column-1\"><a href=\"https:\/\/raic.org\/fr\/product\/ddn-division-01-exigences-generales\/\" target=\"_blank\">DDN Division 01 - Exigences g\u00e9n\u00e9rales<\/a><\/td><td class=\"column-2\"> 220.50 <\/td><td class=\"column-3\"> 245.00 <\/td>\n<\/tr>\n<tr class=\"row-17\">\n\t<td class=\"column-1\"><a href=\"https:\/\/raic.org\/fr\/product\/ddn-division-02-conditions-existantes\/\" target=\"_blank\">DDN Division 02 - Conditions existantes<\/a><\/td><td class=\"column-2\"> 135.00 <\/td><td class=\"column-3\"> 150.00 <\/td>\n<\/tr>\n<tr class=\"row-18\">\n\t<td class=\"column-1\"><a href=\"https:\/\/raic.org\/fr\/product\/ddn-division-03-04-beton-maconnerie\/\" target=\"_blank\">DDN Division 03 &amp; 04 - B\u00e9ton \/ Ma\u00e7onnerie<\/a><\/td><td class=\"column-2\"> 247.50 <\/td><td class=\"column-3\"> 275.00 <\/td>\n<\/tr>\n<tr class=\"row-19\">\n\t<td class=\"column-1\"><a href=\"https:\/\/raic.org\/fr\/product\/ddn-division-5-6-metaux-bois-plastiques-et-composites\/\" target=\"_blank\">DDN Division 5 &amp; 6 - M\u00e9taux \/ Bois, plastiques et composites<\/a><\/td><td class=\"column-2\"> 216.00 <\/td><td class=\"column-3\"> 240.00 <\/td>\n<\/tr>\n<tr class=\"row-20\">\n\t<td class=\"column-1\"><a href=\"https:\/\/raic.org\/fr\/product\/ddn-division-7-isolation-thermique-et-etanchiete\/\" target=\"_blank\">DDN Division 7 - Isolation thermique et \u00e9tanchi\u00e9t\u00e9<\/a><\/td><td class=\"column-2\"> 256.50 <\/td><td class=\"column-3\"> 285.00 <\/td>\n<\/tr>\n<tr class=\"row-21\">\n\t<td class=\"column-1\"><a href=\"https:\/\/raic.org\/fr\/product\/ddn-division-8-ouvertures-et-fermetures\/\" target=\"_blank\">DDN Division 8 - Ouvertures et fermetures<\/a><\/td><td class=\"column-2\"> 153.00 <\/td><td class=\"column-3\"> 170.00 <\/td>\n<\/tr>\n<tr class=\"row-22\">\n\t<td class=\"column-1\"><a href=\"https:\/\/raic.org\/fr\/product\/ddn-division-9-revetements-de-finition\/\" target=\"_blank\">DDN Division 9 - Rev\u00eatements de finition<\/a><\/td><td class=\"column-2\"> 162.00 <\/td><td class=\"column-3\"> 180.00 <\/td>\n<\/tr>\n<tr class=\"row-23\">\n\t<td class=\"column-1\"><a href=\"https:\/\/raic.org\/fr\/product\/ddn-division-10-ouvrages-speciaux\/\" target=\"_blank\">DDN Division 10 - Ouvrages sp\u00e9ciaux<\/a><\/td><td class=\"column-2\"> 135.00 <\/td><td class=\"column-3\"> 150.00 <\/td>\n<\/tr>\n<tr class=\"row-24\">\n\t<td class=\"column-1\"><a href=\"https:\/\/raic.org\/fr\/product\/ddn-division-11-12-materiel-equipement-ameublement-decoration\/\" target=\"_blank\">DDN Division 11 &amp; 12 - Mat\u00e9riel, \u00e9quipement \/ Ameublement, d\u00e9coration<\/a><\/td><td class=\"column-2\"> 171.00 <\/td><td class=\"column-3\"> 190.00 <\/td>\n<\/tr>\n<tr class=\"row-25\">\n\t<td class=\"column-1\"><a href=\"https:\/\/raic.org\/fr\/product\/ddn-division-13-installations-speciales\/\" target=\"_blank\">DDN Division 13 - Installations sp\u00e9ciales<\/a><\/td><td class=\"column-2\"> 54.00 <\/td><td class=\"column-3\"> 60.00 <\/td>\n<\/tr>\n<tr class=\"row-26\">\n\t<td class=\"column-1\"><a href=\"https:\/\/raic.org\/fr\/product\/ddn-division-14-systemes-transporteurs\/\" target=\"_blank\">DDN Division 14 - Syst\u00e8mes transporteurs<\/a><\/td><td class=\"column-2\"> 85.50 <\/td><td class=\"column-3\"> 95.00 <\/td>\n<\/tr>\n<tr class=\"row-27\">\n\t<td class=\"column-1\"><a href=\"https:\/\/raic.org\/fr\/product\/ddn-division-21-lutte-contre-les-incendies\/\" target=\"_blank\">DDN Division 21 - Lutte contre les incendies<\/a><\/td><td class=\"column-2\"> 85.50 <\/td><td class=\"column-3\"> 95.00 <\/td>\n<\/tr>\n<tr class=\"row-28\">\n\t<td class=\"column-1\"><a href=\"https:\/\/raic.org\/fr\/product\/ddn-division-22-plomberie\/\" target=\"_blank\">DDN Division 22 - Plomberie<\/a><\/td><td class=\"column-2\"> 90.00 <\/td><td class=\"column-3\"> 100.00 <\/td>\n<\/tr>\n<tr class=\"row-29\">\n\t<td class=\"column-1\"><a href=\"https:\/\/raic.org\/fr\/product\/ddn-division-23-chauffage-ventilation-conditionnement-dair-cvca\/\" target=\"_blank\">DDN Division 23 - Chauffage, ventilation, conditionnement d'air (CVCA)<\/a><\/td><td class=\"column-2\"> 409.50 <\/td><td class=\"column-3\"> 455.00 <\/td>\n<\/tr>\n<tr class=\"row-30\">\n\t<td class=\"column-1\"><a href=\"https:\/\/raic.org\/fr\/product\/ddn-division-25-automatisation-integree\/\" target=\"_blank\">https:\/\/raic.org\/fr\/product\/ddn-division-25-automatisation-integree\/<\/a><\/td><td class=\"column-2\"> 85.50 <\/td><td class=\"column-3\"> 95.00 <\/td>\n<\/tr>\n<tr class=\"row-31\">\n\t<td class=\"column-1\"><a href=\"https:\/\/raic.org\/fr\/product\/ddn-division-26-electricite\/\" target=\"_blank\">DDN Division 26 - \u00c9lectricit\u00e9<\/a><\/td><td class=\"column-2\"> 400.50 <\/td><td class=\"column-3\"> 445.00 <\/td>\n<\/tr>\n<tr class=\"row-32\">\n\t<td class=\"column-1\"><a href=\"https:\/\/raic.org\/fr\/product\/ddn-division-27-communications\/\" target=\"_blank\">DDN Division 27 - Communications<\/a><\/td><td class=\"column-2\"> 85.50 <\/td><td class=\"column-3\"> 95.00 <\/td>\n<\/tr>\n<tr class=\"row-33\">\n\t<td class=\"column-1\"><a href=\"https:\/\/raic.org\/fr\/product\/ddn-division-28-securite-et-protection-electroniques\/\" target=\"_blank\">DDN Division 28 - S\u00e9curit\u00e9 et protection \u00e9lectroniques<\/a><\/td><td class=\"column-2\"> 81.00 <\/td><td class=\"column-3\"> 90.00 <\/td>\n<\/tr>\n<tr class=\"row-34\">\n\t<td class=\"column-1\"><a href=\"https:\/\/raic.org\/fr\/product\/ddn-division-31-terrassements\/\" target=\"_blank\">DDN Division 31 - Terrassements<\/a><\/td><td class=\"column-2\"> 189.00 <\/td><td class=\"column-3\"> 210.00 <\/td>\n<\/tr>\n<tr class=\"row-35\">\n\t<td class=\"column-1\"><a href=\"https:\/\/raic.org\/fr\/product\/ddn-division-32-amenagements-exterieurs\/\" target=\"_blank\">DDN Division 32 - Am\u00e9nagements ext\u00e9rieurs<\/a><\/td><td class=\"column-2\"> 193.50 <\/td><td class=\"column-3\"> 215.00 <\/td>\n<\/tr>\n<tr class=\"row-36\">\n\t<td class=\"column-1\"><a href=\"https:\/\/raic.org\/fr\/product\/ddn-division-33-services-dutilites\/\" target=\"_blank\">DDN Division 33 - Services d'utilit\u00e9s<\/a><\/td><td class=\"column-2\"> 157.50 <\/td><td class=\"column-3\"> 175.00 <\/td>\n<\/tr>\n<tr class=\"row-37\">\n\t<td class=\"column-1\"><a href=\"https:\/\/raic.org\/fr\/product\/ddn-division-34-transports\/\" target=\"_blank\">DDN Division 34 - Transports<\/a><\/td><td class=\"column-2\"> 139.50 <\/td><td class=\"column-3\"> 155.00 <\/td>\n<\/tr>\n<tr class=\"row-38\">\n\t<td class=\"column-1\"><a href=\"https:\/\/raic.org\/fr\/product\/ddn-division-35-voies-deau-et-ouvrages-maritimes\/\" target=\"_blank\">DDN Division 35 - Voies d'eau et ouvrages maritimes<\/a><\/td><td class=\"column-2\"> 81.00 <\/td><td class=\"column-3\"> 90.00 <\/td>\n<\/tr>\n<tr class=\"row-39\">\n\t<td class=\"column-1\"><a href=\"https:\/\/raic.org\/fr\/product\/ddn-divisions-42-44-chauffage-refroidissement-sechage-lutte-contre-la-pollution\/\" target=\"_blank\">DDN Divisions 42 &amp; 44 - Chauffage, refroidissement, s\u00e9chage \/ Lutte contre la pollution<\/a><\/td><td class=\"column-2\"> 49.50 <\/td><td class=\"column-3\"> 55.00 <\/td>\n<\/tr>\n<tr class=\"row-40\">\n\t<td class=\"column-1\"><a href=\"https:\/\/raic.org\/fr\/product\/ddn-forfait-architecture\/\" target=\"_blank\">DDN - Forfait Architecture<\/a><\/td><td class=\"column-2\"> 787.50 <\/td><td class=\"column-3\"> 875.00 <\/td>\n<\/tr>\n<tr class=\"row-41\">\n\t<td class=\"column-1\"><a href=\"https:\/\/raic.org\/fr\/product\/ddn-document-complet-mise-a-jour-de-2022\/\" target=\"_blank\">DDN - Document complet Mise \u00e0 jour (de 2022)<\/a><\/td><td class=\"column-2\"> 1,012.50 <\/td><td class=\"column-3\"> 1,125.00 <\/td>\n<\/tr>\n<tr class=\"row-42\">\n\t<td class=\"column-1\"><a href=\"https:\/\/raic.org\/fr\/product\/ddn-logiciel-dedition-de-devis-editdevis\/\" target=\"_blank\">DDN - Logiciel d'\u00e9dition de devis (\u00e9ditDEVIS)<\/a><\/td><td class=\"column-2\">1,462.50<\/td><td class=\"column-3\">1,625.00<\/td>\n<\/tr>\n<tr class=\"row-43\">\n\t<td class=\"column-1\"><a href=\"https:\/\/raic.org\/fr\/product\/ddn-logiciel-de-traitement-du-ddn-licenses-addtionnelles\/\" target=\"_blank\">DDN - Logiciel de traitement du DDN (Licenses addtionnelles)<\/a><\/td><td class=\"column-2\">445.50<\/td><td class=\"column-3\">495.00<\/td>\n<\/tr>\n<tr class=\"row-44\">\n\t<td class=\"column-1\"><a href=\"https:\/\/raic.org\/fr\/product\/ddn-logiciel-de-traitement-du-ddn-licenses-addtionnelles\/\" target=\"_blank\">DDN - Logiciel de traitement du DDN (Licenses addtionnelles)<\/a><\/td><td class=\"column-2\">472.50<\/td><td class=\"column-3\">525.00<\/td>\n<\/tr>\n<\/tbody>\n<\/table>\n<!-- #tablepress-39 from cache -->\n\n\n\n<div style=\"height:20px\" aria-hidden=\"true\" class=\"wp-block-spacer\"><\/div>\n\n\n\n<div class=\"raic-generic-button-wrapper has-text-align-left wp-block-raic-blocks-raic-generic-button\">\n    <a href=\"https:\/\/raic.org\/online-store\/\" \n       class=\"raic-generic-btn raic-secondary-btn-style\"\n       target=\"_blank\" rel=\"noopener noreferrer\">\n        Visitez la boutique    <\/a>\n<\/div>\n\n","protected":false},"excerpt":{"rendered":"<p>Le Devis directeur national (DDN), publi\u00e9 par le Conseil national de recherches du Canada (CNRC), est une r\u00e9f\u00e9rence compl\u00e8te et bilingue pour l\u2019\u00e9laboration des devis de projets au Canada. Continuellement mis \u00e0 jour avec la contribution de l\u2019industrie, il couvre les proc\u00e9dures, les produits et les m\u00e9thodes utilis\u00e9s dans la construction. Le CNRC met \u00e9galement [&hellip;]<\/p>\n","protected":false},"author":3,"featured_media":0,"parent":0,"menu_order":0,"comment_status":"closed","ping_status":"closed","template":"template-two-column-wide.php","meta":{"_acf_changed":false,"footnotes":""},"class_list":["post-46930","page","type-page","status-publish","hentry"],"acf":[],"_links":{"self":[{"href":"https:\/\/raic.org\/fr\/wp-json\/wp\/v2\/pages\/46930","targetHints":{"allow":["GET"]}}],"collection":[{"href":"https:\/\/raic.org\/fr\/wp-json\/wp\/v2\/pages"}],"about":[{"href":"https:\/\/raic.org\/fr\/wp-json\/wp\/v2\/types\/page"}],"author":[{"embeddable":true,"href":"https:\/\/raic.org\/fr\/wp-json\/wp\/v2\/users\/3"}],"replies":[{"embeddable":true,"href":"https:\/\/raic.org\/fr\/wp-json\/wp\/v2\/comments?post=46930"}],"version-history":[{"count":4,"href":"https:\/\/raic.org\/fr\/wp-json\/wp\/v2\/pages\/46930\/revisions"}],"predecessor-version":[{"id":56246,"href":"https:\/\/raic.org\/fr\/wp-json\/wp\/v2\/pages\/46930\/revisions\/56246"}],"wp:attachment":[{"href":"https:\/\/raic.org\/fr\/wp-json\/wp\/v2\/media?parent=46930"}],"curies":[{"name":"wp","href":"https:\/\/api.w.org\/{rel}","templated":true}]}}