{"id":46084,"date":"2024-03-05T10:06:06","date_gmt":"2024-03-05T15:06:06","guid":{"rendered":"https:\/\/staging.raic.symbiodev.xyz\/?page_id=46084"},"modified":"2026-02-04T11:09:10","modified_gmt":"2026-02-04T16:09:10","slug":"lirac-et-parcs-canada","status":"publish","type":"page","link":"https:\/\/raic.org\/fr\/lirac-et-parcs-canada\/","title":{"rendered":"L&#8217;IRAC et Parcs Canada"},"content":{"rendered":"\n<div class=\"wp-block-media-text is-stacked-on-mobile\" style=\"grid-template-columns:33% auto\"><figure class=\"wp-block-media-text__media\"><img decoding=\"async\" width=\"1024\" height=\"791\" data-src=\"https:\/\/raic.org\/sites\/raic.org\/wp-content\/uploads\/2026\/02\/Photos-for-social-media-selection_Page_4-1024x791.jpg\" alt=\"\" class=\"wp-image-60298 size-full lazyload\" data-srcset=\"https:\/\/raic.org\/sites\/raic.org\/wp-content\/uploads\/2026\/02\/Photos-for-social-media-selection_Page_4-1024x791.jpg 1024w, https:\/\/raic.org\/sites\/raic.org\/wp-content\/uploads\/2026\/02\/Photos-for-social-media-selection_Page_4-300x232.jpg 300w, https:\/\/raic.org\/sites\/raic.org\/wp-content\/uploads\/2026\/02\/Photos-for-social-media-selection_Page_4-768x593.jpg 768w, https:\/\/raic.org\/sites\/raic.org\/wp-content\/uploads\/2026\/02\/Photos-for-social-media-selection_Page_4-1536x1187.jpg 1536w, https:\/\/raic.org\/sites\/raic.org\/wp-content\/uploads\/2026\/02\/Photos-for-social-media-selection_Page_4.jpg 1650w\" data-sizes=\"(max-width: 1024px) 100vw, 1024px\" src=\"data:image\/svg+xml;base64,PHN2ZyB3aWR0aD0iMSIgaGVpZ2h0PSIxIiB4bWxucz0iaHR0cDovL3d3dy53My5vcmcvMjAwMC9zdmciPjwvc3ZnPg==\" style=\"--smush-placeholder-width: 1024px; --smush-placeholder-aspect-ratio: 1024\/791;\" \/><\/figure><div class=\"wp-block-media-text__content\">\n<p><\/p>\n\n\n\n<h3 class=\"wp-block-heading\"><strong>Introduction aux Normes et lignes directrices pour la conservation des lieux patrimoniaux au Canada<\/strong><\/h3>\n<\/div><\/div>\n\n\n\n<p><strong>Sur demande<\/strong><strong>I 3CEU I<\/strong><strong>Introductoire<\/strong><strong>&nbsp;I Pratique<\/strong><\/p>\n\n\n\n<p>L\u2019IRAC, en partenariat avec\u00a0l\u2019Agence Parcs Canada, offre un nouveau cours en ligne sur la conservation du patrimoine au Canada. Ce cours exclusif sur les principes des\u00a0Normes et lignes directrices pour la conservation des lieux patrimoniaux au Canada\u00a0utilise des lieux patrimoniaux b\u00e2tis g\u00e9r\u00e9s par Parcs Canada comme outils d\u2019apprentissage.\u00a0<\/p>\n\n\n\n<p>Ce cours en ligne vise \u00e0 offrir un apprentissage national adapt\u00e9 aux jeunes professionnels, aux stagiaires ou aux \u00e9tudiants afin de leur fournir une formation de base en conservation du patrimoine qui comble des lacunes dans la formation des architectes en mati\u00e8re de conservation du patrimoine.<\/p>\n\n\n\n<p><strong>Inscriptions bient\u00f4t disponibles<\/strong><\/p>\n\n\n\n<p><strong>Objectifs d\u2019apprentissage : \u00a0<\/strong><\/p>\n\n\n\n<p>\u00c0 la fin de ce cours, les participants seront en mesure de :<\/p>\n\n\n\n<ul class=\"wp-block-list\">\n<li>reconna\u00eetre\u00a0les valeurs patrimoniales et les \u00e9l\u00e9ments distinctifs caract\u00e9ristiques des lieux patrimoniaux;<\/li>\n\n\n\n<li>expliquer\u00a0le processus d\u00e9cisionnel en mati\u00e8re de conservation;<\/li>\n\n\n\n<li>trouver\u00a0les sources d\u2019information pertinentes sur la valeur patrimoniale et les d\u00e9signations patrimoniales;<\/li>\n\n\n\n<li>\u00e9tablir\u00a0la distinction entre les traitements de conservation que sont la pr\u00e9servation, la restauration et la r\u00e9habilitation;<\/li>\n\n\n\n<li>d\u00e9terminer\u00a0les\u00a0Normes et lignes directrices\u00a0applicables \u00e0 un projet de conservation donn\u00e9.\u00a0<\/li>\n<\/ul>\n\n\n\n<hr class=\"wp-block-separator has-alpha-channel-opacity\" \/>\n\n\n\n<div class=\"wp-block-media-text is-stacked-on-mobile\" style=\"grid-template-columns:33% auto\"><figure class=\"wp-block-media-text__media\"><img decoding=\"async\" width=\"1024\" height=\"791\" data-src=\"https:\/\/raic.org\/sites\/raic.org\/wp-content\/uploads\/2026\/02\/Photos-for-social-media-selection_Page_8-1024x791.jpg\" alt=\"\" class=\"wp-image-60290 size-full lazyload\" data-srcset=\"https:\/\/raic.org\/sites\/raic.org\/wp-content\/uploads\/2026\/02\/Photos-for-social-media-selection_Page_8-1024x791.jpg 1024w, https:\/\/raic.org\/sites\/raic.org\/wp-content\/uploads\/2026\/02\/Photos-for-social-media-selection_Page_8-300x232.jpg 300w, https:\/\/raic.org\/sites\/raic.org\/wp-content\/uploads\/2026\/02\/Photos-for-social-media-selection_Page_8-768x593.jpg 768w, https:\/\/raic.org\/sites\/raic.org\/wp-content\/uploads\/2026\/02\/Photos-for-social-media-selection_Page_8-1536x1187.jpg 1536w, https:\/\/raic.org\/sites\/raic.org\/wp-content\/uploads\/2026\/02\/Photos-for-social-media-selection_Page_8.jpg 1650w\" data-sizes=\"(max-width: 1024px) 100vw, 1024px\" src=\"data:image\/svg+xml;base64,PHN2ZyB3aWR0aD0iMSIgaGVpZ2h0PSIxIiB4bWxucz0iaHR0cDovL3d3dy53My5vcmcvMjAwMC9zdmciPjwvc3ZnPg==\" style=\"--smush-placeholder-width: 1024px; --smush-placeholder-aspect-ratio: 1024\/791;\" \/><\/figure><div class=\"wp-block-media-text__content\">\n<h3 class=\"wp-block-heading\"><strong>Introduction aux Normes et lignes directrices pour la conservation des lieux patrimoniaux au Canada<\/strong><\/h3>\n<\/div><\/div>\n\n\n\n<p><strong>Sur demande&nbsp;I 3CEU I&nbsp;Introductoire&nbsp;I Pratique<\/strong><\/p>\n\n\n\n<p>L\u2019Institut royal d\u2019architecture du Canada (IRAC), en partenariat avec\u00a0<a style=\"margin: 0px;padding: 0px;border: 0px;vertical-align: baseline;line-height: inherit\" href=\"https:\/\/www.pc.gc.ca\/fr\/agence-agency\" target=\"_blank\" rel=\"noreferrer noopener\">l\u2019Agence Parcs Canada<\/a>, propose un nouveau module qui s\u2019appuie sur l\u2019<em>Introduction aux<\/em>\u00a0<em>Normes et lignes directrices pour la conservation des lieux patrimoniaux au Canada<\/em>. Dans le cadre de la s\u00e9rie Conservation du patrimoine de l\u2019IRAC, ce deuxi\u00e8me module porte sur l\u2019int\u00e9gration de l\u2019accessibilit\u00e9 dans les projets de conservation du patrimoine au Canada. Ce cours pr\u00e9sente l\u2019application des\u00a0<em>Normes et lignes directrices pour la conservation des lieux patrimoniaux au Canada (2010)<\/em>\u00a0aux projets d\u2019accessibilit\u00e9 dans les lieux patrimoniaux.\u00a0<strong>Ce module \u00e9lectronique sera bient\u00f4t disponible. Vous pouvez vous pr\u00e9-enregistrer d\u00e8s aujourd&#8217;hui pour recevoir une notification d\u00e8s sa sortie.<\/strong><\/p>\n\n\n\n<p><strong>Inscriptions bient\u00f4t disponibles<\/strong><\/p>\n\n\n\n<p><strong>Objectifs d\u2019apprentissage :<\/strong><\/p>\n\n\n\n<p>\u00c0 la fin de ce cours, les participants seront en mesure de :<\/p>\n\n\n\n<ul class=\"wp-block-list\">\n<li>expliquer les concepts cl\u00e9s li\u00e9s \u00e0 la planification d\u2019un projet d\u2019accessibilit\u00e9 dans un lieu patrimonial;<\/li>\n\n\n\n<li>d\u00e9terminer les traitements de conservation, ainsi que les Normes et lignes directrices qui sont en faveur des interventions d\u2019accessibilit\u00e9 dans un lieu patrimonial;<\/li>\n\n\n\n<li>reconna\u00eetre en quoi les prises de d\u00e9cisions en mati\u00e8re de conservation sont optimis\u00e9es lorsque l\u2019on int\u00e8gre tr\u00e8s t\u00f4t dans le processus les professionnels de la conservation du patrimoine, favorisant la d\u00e9couverte d\u2019options permettant de r\u00e9pondre aux exigences fonctionnelles et d\u2019att\u00e9nuer la perte de valeur patrimoniale;<\/li>\n\n\n\n<li>observer le processus de prise de d\u00e9cisions en mati\u00e8re de conservation, en appliquant les Normes et lignes directrices dans un projet d\u2019accessibilit\u00e9 au moyen d\u2019une \u00e9tude de cas d\u2019un lieu patrimonial.<\/li>\n<\/ul>\n\n\n\n<p>Si vous n&#8217;avez pas de compte \u00e0 l&#8217;IRAC ou dans notre syst\u00e8me de gestion de l&#8217;apprentissage (LMS), un compte sera automatiquement cr\u00e9\u00e9 pour vous au cours du processus d&#8217;inscription.<\/p>\n\n\n\n<hr class=\"wp-block-separator has-alpha-channel-opacity\" \/>\n\n\n\n<h3 class=\"wp-block-heading\"><strong>Contexte de la collaboration entre l\u2019IRAC et Parcs Canada<\/strong><\/h3>\n\n\n\n<p>En 2003, Parcs Canada a dirig\u00e9 l\u2019\u00e9laboration des Normes et lignes directrices pour la conservation des lieux patrimoniaux au Canada, une initiative f\u00e9d\u00e9rale-provinciale-territoriale visant \u00e0 cr\u00e9er le premier document de r\u00e9f\u00e9rence pancanadien sur les meilleures pratiques en mati\u00e8re de conservation du patrimoine.<\/p>\n\n\n\n<p>Apr\u00e8s la publication de leur premi\u00e8re \u00e9dition, les Normes et lignes directrices ont \u00e9t\u00e9 adopt\u00e9es par de nombreuses administrations f\u00e9d\u00e9rales, provinciales, territoriales et municipales comme outil de \u00ab premier ordre \u00bb pour la gestion des projets et des lieux de conservation du Canada. Depuis lors, le document a suscit\u00e9 un int\u00e9r\u00eat soutenu et croissant.<\/p>\n\n\n\n<p>En 2010, Parcs Canada a dirig\u00e9 une collaboration f\u00e9d\u00e9rale-provinciale-territoriale pour mettre \u00e0 jour les Normes et lignes directrices, ce qui a donn\u00e9 lieu \u00e0 la publication de la deuxi\u00e8me \u00e9dition.<\/p>\n\n\n\n<p>En 2017, l\u2019IRAC a effectu\u00e9 un sondage aupr\u00e8s de ses membres dans le but de conna\u00eetre les domaines de la pratique professionnelle de l\u2019architecture dans lesquels ils souhaitaient obtenir davantage d\u2019outils et d\u2019occasions de formation. Les domaines de la conservation du patrimoine et de la r\u00e9utilisation adaptative des b\u00e2timents ont \u00e9t\u00e9 les plus souvent mentionn\u00e9s \u00e0 cet \u00e9gard.<\/p>\n\n\n\n<p>C\u2019est alors que l\u2019IRAC a communiqu\u00e9 avec Parcs Canada et que les deux organisations ont commenc\u00e9 \u00e0 discuter d\u2019une collaboration visant \u00e0 faire mieux conna\u00eetre et comprendre les Normes et lignes directrices et \u00e0 en accro\u00eetre l\u2019utilisation.<\/p>\n\n\n\n<div class=\"wp-block-media-text has-media-on-the-right is-stacked-on-mobile\" style=\"grid-template-columns:auto 21%\"><div class=\"wp-block-media-text__content\">\n<h4 class=\"wp-block-heading\"><strong>\u00c0 propos de Parcs Canada<\/strong><\/h4>\n<\/div><figure class=\"wp-block-media-text__media\"><img decoding=\"async\" width=\"498\" height=\"255\" data-src=\"https:\/\/raic.org\/sites\/raic.org\/wp-content\/uploads\/2026\/02\/partnering-partenariat_en_cmyk_v04.jpg\" alt=\"\" class=\"wp-image-60308 size-full lazyload\" data-srcset=\"https:\/\/raic.org\/sites\/raic.org\/wp-content\/uploads\/2026\/02\/partnering-partenariat_en_cmyk_v04.jpg 498w, https:\/\/raic.org\/sites\/raic.org\/wp-content\/uploads\/2026\/02\/partnering-partenariat_en_cmyk_v04-300x154.jpg 300w\" data-sizes=\"(max-width: 498px) 100vw, 498px\" src=\"data:image\/svg+xml;base64,PHN2ZyB3aWR0aD0iMSIgaGVpZ2h0PSIxIiB4bWxucz0iaHR0cDovL3d3dy53My5vcmcvMjAwMC9zdmciPjwvc3ZnPg==\" style=\"--smush-placeholder-width: 498px; --smush-placeholder-aspect-ratio: 498\/255;\" \/><\/figure><\/div>\n\n\n\n<p><\/p>\n\n\n\n<p><a href=\"https:\/\/parcs.canada.ca\/agence-agency\">Parcs Canada<\/a> a pour mandat de prot\u00e9ger et de mettre en valeur des exemples repr\u00e9sentatifs du patrimoine naturel et culturel du Canada et d\u2019en favoriser chez le public la connaissance, l\u2019appr\u00e9ciation et la jouissance, de mani\u00e8re \u00e0 en assurer l\u2019int\u00e9grit\u00e9 \u00e9cologique et comm\u00e9morative pour les g\u00e9n\u00e9rations d\u2019aujourd\u2019hui et de demain.<\/p>\n\n\n\n<p>En collaboration avec les gouvernements provinciaux et territoriaux, Parcs Canada a \u00e9labor\u00e9 les Normes et lignes directrices pour la conservation des lieux patrimoniaux au Canada, un document de r\u00e9f\u00e9rence pour la conservation des lieux patrimoniaux. Parcs Canada se r\u00e9jouit de sa collaboration avec l\u2019Institut royal d\u2019architecture du Canada qui vise \u00e0 faire mieux conna\u00eetre les Normes et lignes directrices pour la conservation des lieux patrimoniaux afin de promouvoir les bonnes pratiques de conservation au Canada.<\/p>\n","protected":false},"excerpt":{"rendered":"<p>Introduction aux Normes et lignes directrices pour la conservation des lieux patrimoniaux au Canada Sur demandeI 3CEU IIntroductoire&nbsp;I Pratique L\u2019IRAC, en partenariat avec\u00a0l\u2019Agence Parcs Canada, offre un nouveau cours en ligne sur la conservation du patrimoine au Canada. Ce cours exclusif sur les principes des\u00a0Normes et lignes directrices pour la conservation des lieux patrimoniaux au [&hellip;]<\/p>\n","protected":false},"author":2096,"featured_media":0,"parent":0,"menu_order":0,"comment_status":"closed","ping_status":"closed","template":"template-two-column-narrow.php","meta":{"_acf_changed":false,"footnotes":""},"class_list":["post-46084","page","type-page","status-publish","hentry"],"acf":[],"_links":{"self":[{"href":"https:\/\/raic.org\/fr\/wp-json\/wp\/v2\/pages\/46084","targetHints":{"allow":["GET"]}}],"collection":[{"href":"https:\/\/raic.org\/fr\/wp-json\/wp\/v2\/pages"}],"about":[{"href":"https:\/\/raic.org\/fr\/wp-json\/wp\/v2\/types\/page"}],"author":[{"embeddable":true,"href":"https:\/\/raic.org\/fr\/wp-json\/wp\/v2\/users\/2096"}],"replies":[{"embeddable":true,"href":"https:\/\/raic.org\/fr\/wp-json\/wp\/v2\/comments?post=46084"}],"version-history":[{"count":4,"href":"https:\/\/raic.org\/fr\/wp-json\/wp\/v2\/pages\/46084\/revisions"}],"predecessor-version":[{"id":60341,"href":"https:\/\/raic.org\/fr\/wp-json\/wp\/v2\/pages\/46084\/revisions\/60341"}],"wp:attachment":[{"href":"https:\/\/raic.org\/fr\/wp-json\/wp\/v2\/media?parent=46084"}],"curies":[{"name":"wp","href":"https:\/\/api.w.org\/{rel}","templated":true}]}}