{"id":45964,"date":"2025-06-19T13:47:34","date_gmt":"2025-06-19T17:47:34","guid":{"rendered":"https:\/\/staging.raic.symbiodev.xyz\/?page_id=45964"},"modified":"2026-03-31T14:58:31","modified_gmt":"2026-03-31T18:58:31","slug":"dates-importantes","status":"publish","type":"page","link":"https:\/\/raic.org\/fr\/dates-importantes\/","title":{"rendered":"Dates importantes"},"content":{"rendered":"<div>\n<p>L\u2019IRAC s\u2019engage \u00e0 promouvoir l\u2019\u00e9quit\u00e9, la diversit\u00e9 et l\u2019inclusion dans le domaine de l\u2019architecture. Ce calendrier met en lumi\u00e8re les journ\u00e9es de comm\u00e9moration, les mois du patrimoine et les c\u00e9l\u00e9brations nationales et internationales favorisant la sensibilisation, la r\u00e9flexion et l\u2019action.<\/p>\n<p>L\u2019IRAC reconna\u00eet toutes les personnes qui observent des traditions et des dates importantes au cours de ces mois.<\/p>\n<div>Avons-nous oubli\u00e9 une date significative? Veuillez nous en informer \u00e0 <a href=\"mailto:advocacy@raic.org\">advocacy@raic.org<\/a>.<\/div>\n<div><\/div>\n<\/div>\n<p><strong>2026<\/strong><\/p>\n<ul>\n<li data-start=\"90\" data-end=\"101\"><a href=\"https:\/\/raic.org\/sites\/raic.org\/wp-content\/uploads\/2026\/02\/January-2026-Important-Dates-FR.pdf\">janvier<\/a><\/li>\n<li data-start=\"102\" data-end=\"113\"><a href=\"https:\/\/raic.org\/sites\/raic.org\/wp-content\/uploads\/2026\/02\/February-2026-Important-Dates-FR.pdf\">f\u00e9vrier<\/a><\/li>\n<li data-start=\"114\" data-end=\"122\"><a href=\"https:\/\/raic.org\/sites\/raic.org\/wp-content\/uploads\/2026\/03\/March-2026-Important-Dates-FR.pdf\">mars<\/a><\/li>\n<li data-start=\"123\" data-end=\"132\"><a href=\"https:\/\/raic.org\/sites\/raic.org\/wp-content\/uploads\/2026\/03\/April-2026-Important-Dates_FR.pdf\">avril<\/a><\/li>\n<li data-start=\"133\" data-end=\"140\">mai<\/li>\n<li data-start=\"141\" data-end=\"149\">juin<\/li>\n<li data-start=\"150\" data-end=\"161\">juillet<\/li>\n<li data-start=\"162\" data-end=\"170\">ao\u00fbt<\/li>\n<li data-start=\"171\" data-end=\"184\">septembre<\/li>\n<li data-start=\"185\" data-end=\"196\">octobre<\/li>\n<li data-start=\"197\" data-end=\"209\">novembre<\/li>\n<li data-start=\"210\" data-end=\"222\">d\u00e9cembre<\/li>\n<\/ul>\n<div><strong>2025<\/strong><\/div>\n<ul>\n<li><a href=\"\/sites\/raic.org\/wp-content\/uploads\/files\/june_2025_diversity_calendar_fr.pdf\">Juin<\/a><\/li>\n<li><a href=\"\/sites\/raic.org\/wp-content\/uploads\/files\/july_2025_diversity_calendar_fr.pdf\">Juillet<\/a><\/li>\n<li><a href=\"\/sites\/raic.org\/wp-content\/uploads\/files\/august_2025_important_dates_fr.pdf\">Ao\u00fbt<\/a><\/li>\n<li><a href=\"\/sites\/raic.org\/wp-content\/uploads\/files\/september_2025_important_dates_fr.pdf\">Septembre<\/a><\/li>\n<li><a href=\"\/sites\/raic.org\/wp-content\/uploads\/files\/october_2025_important_dates_fr.pdf\">Octobre<\/a><\/li>\n<li><a href=\"\/sites\/raic.org\/wp-content\/uploads\/files\/november_2025_important_dates_fr_0.pdf\">Novembre<\/a><\/li>\n<\/ul>\n","protected":false},"excerpt":{"rendered":"<p>L\u2019IRAC s\u2019engage \u00e0 promouvoir l\u2019\u00e9quit\u00e9, la diversit\u00e9 et l\u2019inclusion dans le domaine de l\u2019architecture. Ce calendrier met en lumi\u00e8re les journ\u00e9es de comm\u00e9moration, les mois du patrimoine et les c\u00e9l\u00e9brations nationales et internationales favorisant la sensibilisation, la r\u00e9flexion et l\u2019action. L\u2019IRAC reconna\u00eet toutes les personnes qui observent des traditions et des dates importantes au cours [&hellip;]<\/p>\n","protected":false},"author":2100,"featured_media":0,"parent":0,"menu_order":0,"comment_status":"closed","ping_status":"closed","template":"template-two-column-narrow.php","meta":{"_acf_changed":false,"footnotes":""},"class_list":["post-45964","page","type-page","status-publish","hentry"],"acf":[],"_links":{"self":[{"href":"https:\/\/raic.org\/fr\/wp-json\/wp\/v2\/pages\/45964","targetHints":{"allow":["GET"]}}],"collection":[{"href":"https:\/\/raic.org\/fr\/wp-json\/wp\/v2\/pages"}],"about":[{"href":"https:\/\/raic.org\/fr\/wp-json\/wp\/v2\/types\/page"}],"author":[{"embeddable":true,"href":"https:\/\/raic.org\/fr\/wp-json\/wp\/v2\/users\/2100"}],"replies":[{"embeddable":true,"href":"https:\/\/raic.org\/fr\/wp-json\/wp\/v2\/comments?post=45964"}],"version-history":[{"count":4,"href":"https:\/\/raic.org\/fr\/wp-json\/wp\/v2\/pages\/45964\/revisions"}],"predecessor-version":[{"id":62886,"href":"https:\/\/raic.org\/fr\/wp-json\/wp\/v2\/pages\/45964\/revisions\/62886"}],"wp:attachment":[{"href":"https:\/\/raic.org\/fr\/wp-json\/wp\/v2\/media?parent=45964"}],"curies":[{"name":"wp","href":"https:\/\/api.w.org\/{rel}","templated":true}]}}