{"id":43422,"date":"2014-08-22T09:31:21","date_gmt":"2014-08-22T13:31:21","guid":{"rendered":"https:\/\/staging.raic.symbiodev.xyz\/?page_id=43422"},"modified":"2025-12-10T14:17:06","modified_gmt":"2025-12-10T19:17:06","slug":"irac-comites-operationnels","status":"publish","type":"page","link":"https:\/\/raic.org\/fr\/a-propos\/irac-comites-operationnels\/","title":{"rendered":"IRAC Comit\u00e9s op\u00e9rationnels"},"content":{"rendered":"\n<div style=\"height:25px\" aria-hidden=\"true\" class=\"wp-block-spacer\"><\/div>\n\n\n\n<p>Merci \u00e0 nos membres de comit\u00e9 et b\u00e9n\u00e9voles d\u00e9vou\u00e9s dont l\u2019expertise et l\u2019engagement contribuent \u00e0 notre r\u00e9ussite.<\/p>\n\n\n\n<div style=\"height:25px\" aria-hidden=\"true\" class=\"wp-block-spacer\"><\/div>\n\n\n\n<h5 class=\"wp-block-heading\"><strong>Comit\u00e9 consultatif sur les prix<\/strong><\/h5>\n\n\n\n<p>Le Comit\u00e9 consultatif sur les prix est responsable de la supervision du programme des distinctions et prix de l\u2019IRAC.<\/p>\n\n\n\n<p>Communiquez avec nous \u00e0 <a href=\"mailto:awards-prix@raic.org\" target=\"_blank\" rel=\"noreferrer noopener\">awards-prix@raic.org<\/a><\/p>\n\n\n\n<div style=\"height:25px\" aria-hidden=\"true\" class=\"wp-block-spacer\"><\/div>\n\n\n\n<h5 class=\"wp-block-heading\"><strong>Comit\u00e9 sur les environnements r\u00e9g\u00e9n\u00e9ratifs (CORE)<\/strong><\/h5>\n\n\n\n<p>Le Comit\u00e9 sur les environnements r\u00e9g\u00e9n\u00e9ratifs (CORE) vise \u00e0 soutenir la capacit\u00e9 collective, l\u2019action collaborative et la facult\u00e9 de la profession \u00e0 r\u00e9pondre \u00e0 des enjeux complexes et syst\u00e9miques, de mani\u00e8re inclusive, inspirante et \u00e9quitable, afin de contribuer ensemble \u00e0 cr\u00e9er un monde qui favorise la qualit\u00e9 de vie et permet aux personnes et aux lieux de s\u2019\u00e9panouir.<\/p>\n\n\n\n<p>Communiquez avec nous \u00e0&nbsp;<a href=\"mailto:core@raic.org?subject=CORE%20committee\" target=\"_blank\" rel=\"noreferrer noopener\">core@raic.org<\/a><\/p>\n\n\n\n<div style=\"height:25px\" aria-hidden=\"true\" class=\"wp-block-spacer\"><\/div>\n\n\n\n<h5 class=\"wp-block-heading\"><strong>Comit\u00e9 consultatif sur la formation continue (ConEd-AC)<\/strong><\/h5>\n\n\n\n<p>La principale responsabilit\u00e9 du Comit\u00e9 consultatif sur la formation continue de l\u2019IRAC est d\u2019agir \u00e0 titre consultatif aupr\u00e8s de l\u2019IRAC en ce qui concerne les buts, les objectifs et le contenu du programme de formation continue.<\/p>\n\n\n\n<p>Communiquez avec nous \u00e0&nbsp;<a href=\"mailto:education@raic.org\" target=\"_blank\" rel=\"noreferrer noopener\">education@raic.org<\/a><\/p>\n\n\n\n<div style=\"height:25px\" aria-hidden=\"true\" class=\"wp-block-spacer\"><\/div>\n\n\n\n<h5 class=\"wp-block-heading\"><strong>Groupe de travail sur les honoraires et l\u2019approvisionnement (FPWG)<\/strong><\/h5>\n\n\n\n<p>La principale responsabilit\u00e9 du Groupe de travail sur les honoraires et l\u2019approvisionnement (FPWG) est de mobiliser les connaissances et l\u2019exp\u00e9rience des Fellows concernant les buts, les objectifs, les activit\u00e9s et les ressources li\u00e9s aux honoraires et \u00e0 l\u2019approvisionnement. Le FPWG soutient la personne d\u00e9sign\u00e9e des Conseillers en pratique professionnelle (RAPP) de l\u2019IRAC dans ce portefeuille.<\/p>\n\n\n\n<p>Communiquez avec nous \u00e0 <a href=\"mailto:practicesupport@raic.org\" target=\"_blank\" rel=\"noreferrer noopener\">practicesupport@raic.org<\/a><\/p>\n\n\n\n<div style=\"height:25px\" aria-hidden=\"true\" class=\"wp-block-spacer\"><\/div>\n\n\n\n<h5 class=\"wp-block-heading\"><strong>Groupe de travail sur la conception des soins de longue dur\u00e9e (LTCWG)<\/strong><\/h5>\n\n\n\n<p>La principale responsabilit\u00e9 du Groupe de travail sur la conception des soins de longue dur\u00e9e (LTCWG) est de mobiliser les connaissances et l\u2019exp\u00e9rience des Fellows concernant les buts, les objectifs, les activit\u00e9s et les ressources li\u00e9s \u00e0 la conception des \u00e9tablissements de soins de longue dur\u00e9e. Le FPWG soutient la personne d\u00e9sign\u00e9e des Conseillers en pratique professionnelle (RAPP) de l\u2019IRAC dans ce portefeuille.<\/p>\n\n\n\n<p>Communiquez avec nous \u00e0 <a href=\"mailto:practicesupport@raic.org\" target=\"_blank\" rel=\"noreferrer noopener\">practicesupport@raic.org<\/a><\/p>\n\n\n\n<div style=\"height:25px\" aria-hidden=\"true\" class=\"wp-block-spacer\"><\/div>\n\n\n\n<h5 class=\"wp-block-heading\"><strong>Comit\u00e9 de l\u2019adh\u00e9sion<\/strong><\/h5>\n\n\n\n<p>Le Comit\u00e9 de l\u2019adh\u00e9sion est responsable d\u2019identifier des moyens de recruter de nouveaux membres et de veiller \u00e0 ce que ces initiatives s\u2019alignent sur les objectifs globaux de l\u2019IRAC. Il identifie les services \u00e0 offrir aux membres, formule des recommandations \u00e0 la direction g\u00e9n\u00e9rale concernant les r\u00e8glements touchant l\u2019adh\u00e9sion et les modifications aux cat\u00e9gories de membres, ainsi que les cotisations.<\/p>\n\n\n\n<p>Communiquez avec nous \u00e0 <a href=\"mailto:info@raic.org\" target=\"_blank\" rel=\"noreferrer noopener\">info@raic.org<\/a><\/p>\n\n\n\n<div style=\"height:25px\" aria-hidden=\"true\" class=\"wp-block-spacer\"><\/div>\n\n\n\n<h5 class=\"wp-block-heading\"><strong>Groupe de travail sur la pratique professionnelle (PPWG)<\/strong><\/h5>\n\n\n\n<p>Le Groupe de travail sur la pratique professionnelle (PPWG) mobilise les connaissances et l\u2019exp\u00e9rience des membres et des Fellows pour :<br>a) orienter, \u00e9laborer et maintenir les ressources n\u00e9cessaires pour soutenir la pratique architecturale au Canada;<br>b) fournir des informations r\u00e9guli\u00e8res sur l\u2019\u00e9volution, les besoins non combl\u00e9s et les d\u00e9fis de la pratique architecturale afin d\u2019\u00e9clairer les initiatives de repr\u00e9sentation et les services de soutien \u00e0 la pratique offerts par l\u2019IRAC; et soutenir les Conseillers en pratique professionnelle (RAPP) de l\u2019IRAC dans leurs portefeuilles respectifs.<\/p>\n\n\n\n<p>Communiquez avec nous \u00e0 <a href=\"mailto:practicesupport@raic.org?subject=Contact%20Us%3A%20Volunteers%20Fall%202022\" target=\"_blank\" rel=\"noreferrer noopener\">practicesupport@raic.org<\/a><\/p>\n\n\n\n<div style=\"height:25px\" aria-hidden=\"true\" class=\"wp-block-spacer\"><\/div>\n\n\n\n<h5 class=\"wp-block-heading\"><strong>Groupe de travail sur la promotion de l\u2019\u00e9quit\u00e9 et de la justice (PEJ-WG)<\/strong><\/h5>\n\n\n\n<p>Le Groupe de travail sur la promotion de l\u2019\u00e9quit\u00e9 et de la justice vise \u00e0 soutenir trois \u00e9l\u00e9ments prioritaires du plan strat\u00e9gique 2025-2027 de l\u2019IRAC : la diversit\u00e9, le d\u00e9veloppement des relations communautaires et la c\u00e9l\u00e9bration des r\u00e9alisations.<\/p>\n\n\n\n<p>Communiquez avec nous \u00e0&nbsp;<a href=\"mailto:pej@raic.org?subject=Contact%20Us\" target=\"_blank\" rel=\"noreferrer noopener\">PEJ@raic.org<\/a><\/p>\n\n\n\n<div style=\"height:25px\" aria-hidden=\"true\" class=\"wp-block-spacer\"><\/div>\n\n\n\n<h5 class=\"wp-block-heading\"><strong>Comit\u00e9 consultatif national du Syllabus de l\u2019IRAC (SNAC)<\/strong><\/h5>\n\n\n\n<p>Le Comit\u00e9 consultatif national du programme de formation de l\u2019IRAC (SNAC) fournit des conseils sur le programme de formation de l\u2019IRAC et le Dipl\u00f4me professionnel en architecture de l\u2019IRAC, en collaboration avec l\u2019\u00e9quipe op\u00e9rationnelle de l\u2019Institut.<\/p>\n\n\n\n<p>Communiquez avec nous \u00e0<a href=\"https:\/\/raic.org\/sites\/raic.org\/files\/20240826_snac_tor_0.pdf\"> SNAC<\/a><a href=\"mailto:pej@raic.org?subject=Contact%20Us\" target=\"_blank\" rel=\"noreferrer noopener\">@raic.org<\/a><\/p>\n\n\n\n<div style=\"height:25px\" aria-hidden=\"true\" class=\"wp-block-spacer\"><\/div>\n\n\n\n<h5 class=\"wp-block-heading\"><strong>L\u2019IRAC est repr\u00e9sent\u00e9 au sein des comit\u00e9s suivants :<\/strong><\/h5>\n\n\n\n<div style=\"height:25px\" aria-hidden=\"true\" class=\"wp-block-spacer\"><\/div>\n\n\n\n<ul class=\"wp-block-list\">\n<li>Comit\u00e9 canadien des documents de construction<\/li>\n\n\n\n<li>Comit\u00e9 directeur du Carrefour de l\u2019innovation en construction circulaire<\/li>\n\n\n\n<li>Comit\u00e9 de soutien \u00e0 la pratique de l\u2019Association des architectes du Commonwealth<\/li>\n\n\n\n<li>Comit\u00e9 consultatif de l\u2019industrie de la construction<\/li>\n\n\n\n<li>Conseil consultatif f\u00e9d\u00e9ral\/industrie sur les biens immobiliers (FIRPAC)<\/li>\n\n\n\n<li>Institut pour la mod\u00e9lisation de l\u2019information du b\u00e2timent<\/li>\n\n\n\n<li>Collaboration pour le carbone z\u00e9ro net<\/li>\n<\/ul>\n\n\n\n<div style=\"height:100px\" aria-hidden=\"true\" class=\"wp-block-spacer\"><\/div>\n","protected":false},"excerpt":{"rendered":"<p>Merci \u00e0 nos membres de comit\u00e9 et b\u00e9n\u00e9voles d\u00e9vou\u00e9s dont l\u2019expertise et l\u2019engagement contribuent \u00e0 notre r\u00e9ussite. Comit\u00e9 consultatif sur les prix Le Comit\u00e9 consultatif sur les prix est responsable de la supervision du programme des distinctions et prix de l\u2019IRAC. Communiquez avec nous \u00e0 awards-prix@raic.org Comit\u00e9 sur les environnements r\u00e9g\u00e9n\u00e9ratifs (CORE) Le Comit\u00e9 sur [&hellip;]<\/p>\n","protected":false},"author":3,"featured_media":0,"parent":36991,"menu_order":2,"comment_status":"closed","ping_status":"closed","template":"template-two-column-narrow.php","meta":{"_acf_changed":false,"footnotes":""},"class_list":["post-43422","page","type-page","status-publish","hentry"],"acf":[],"_links":{"self":[{"href":"https:\/\/raic.org\/fr\/wp-json\/wp\/v2\/pages\/43422","targetHints":{"allow":["GET"]}}],"collection":[{"href":"https:\/\/raic.org\/fr\/wp-json\/wp\/v2\/pages"}],"about":[{"href":"https:\/\/raic.org\/fr\/wp-json\/wp\/v2\/types\/page"}],"author":[{"embeddable":true,"href":"https:\/\/raic.org\/fr\/wp-json\/wp\/v2\/users\/3"}],"replies":[{"embeddable":true,"href":"https:\/\/raic.org\/fr\/wp-json\/wp\/v2\/comments?post=43422"}],"version-history":[{"count":4,"href":"https:\/\/raic.org\/fr\/wp-json\/wp\/v2\/pages\/43422\/revisions"}],"predecessor-version":[{"id":52930,"href":"https:\/\/raic.org\/fr\/wp-json\/wp\/v2\/pages\/43422\/revisions\/52930"}],"up":[{"embeddable":true,"href":"https:\/\/raic.org\/fr\/wp-json\/wp\/v2\/pages\/36991"}],"wp:attachment":[{"href":"https:\/\/raic.org\/fr\/wp-json\/wp\/v2\/media?parent=43422"}],"curies":[{"name":"wp","href":"https:\/\/api.w.org\/{rel}","templated":true}]}}