{"id":43396,"date":"2025-09-22T16:34:46","date_gmt":"2025-09-22T20:34:46","guid":{"rendered":"https:\/\/staging.raic.symbiodev.xyz\/?page_id=43396"},"modified":"2026-02-18T15:33:44","modified_gmt":"2026-02-18T20:33:44","slug":"reseau-de-la-vallee-dannapolis","status":"publish","type":"page","link":"https:\/\/raic.org\/fr\/chapitres\/chapitre-de-la-nouvelle-ecosse\/reseau-de-la-vallee-dannapolis\/","title":{"rendered":"R\u00e9seau de la vall\u00e9e d\u2019Annapolis"},"content":{"rendered":"\n<figure class=\"wp-block-image size-large\"><img decoding=\"async\" width=\"1024\" height=\"383\" data-src=\"https:\/\/raic.org\/sites\/raic.org\/wp-content\/uploads\/2026\/02\/NS-Annapolis-FR-1024x383.jpg\" alt=\"\" class=\"wp-image-61031 lazyload\" data-srcset=\"https:\/\/raic.org\/sites\/raic.org\/wp-content\/uploads\/2026\/02\/NS-Annapolis-FR-1024x383.jpg 1024w, https:\/\/raic.org\/sites\/raic.org\/wp-content\/uploads\/2026\/02\/NS-Annapolis-FR-300x112.jpg 300w, https:\/\/raic.org\/sites\/raic.org\/wp-content\/uploads\/2026\/02\/NS-Annapolis-FR-768x287.jpg 768w, https:\/\/raic.org\/sites\/raic.org\/wp-content\/uploads\/2026\/02\/NS-Annapolis-FR.jpg 1200w\" data-sizes=\"(max-width: 1024px) 100vw, 1024px\" src=\"data:image\/svg+xml;base64,PHN2ZyB3aWR0aD0iMSIgaGVpZ2h0PSIxIiB4bWxucz0iaHR0cDovL3d3dy53My5vcmcvMjAwMC9zdmciPjwvc3ZnPg==\" style=\"--smush-placeholder-width: 1024px; --smush-placeholder-aspect-ratio: 1024\/383;\" \/><\/figure>\n\n\n\n<p>Le plus r\u00e9cent r\u00e9seau de la Nouvelle-\u00c9cosse dessert la r\u00e9gion de la vall\u00e9e d\u2019Annapolis et est dirig\u00e9 par des copr\u00e9sidents qui assurent une repr\u00e9sentation locale pour les membres de l\u2019IRAC. Le r\u00e9seau organise des rencontres virtuelles et en personne, favorisant les liens entre les architectes exer\u00e7ant dans cette r\u00e9gion rurale, tout en abordant les enjeux de conception propres \u00e0 la r\u00e9gion, en partageant les connaissances et en promouvant l\u2019excellence architecturale au sein des communaut\u00e9s de la vall\u00e9e.<\/p>\n\n\n\n<div class=\"raic-text-image-section wp-block-raic-blocks-raic-text-image-alternating\" data-aos=\"fade-in\" data-aos-duration=\"1000\">\n    <div class=\"container\">\n        <div class=\"row align-items-center\">\n            <div class=\"col-lg-6 mb-4 mb-lg-0\">\n                <div class=\"raic-content-image\">\n                    <img decoding=\"async\" width=\"329\" height=\"330\" data-src=\"https:\/\/raic.org\/sites\/raic.org\/wp-content\/uploads\/2025\/05\/about-values-1.png\" class=\"img-fluid lazyload\" alt=\"\" data-srcset=\"https:\/\/raic.org\/sites\/raic.org\/wp-content\/uploads\/2025\/05\/about-values-1.png 329w, https:\/\/raic.org\/sites\/raic.org\/wp-content\/uploads\/2025\/05\/about-values-1-150x150.png 150w, https:\/\/raic.org\/sites\/raic.org\/wp-content\/uploads\/2025\/05\/about-values-1-100x100.png 100w, https:\/\/raic.org\/sites\/raic.org\/wp-content\/uploads\/2025\/05\/about-values-1-300x300.png 300w\" data-sizes=\"(max-width: 329px) 100vw, 329px\" src=\"data:image\/svg+xml;base64,PHN2ZyB3aWR0aD0iMSIgaGVpZ2h0PSIxIiB4bWxucz0iaHR0cDovL3d3dy53My5vcmcvMjAwMC9zdmciPjwvc3ZnPg==\" style=\"--smush-placeholder-width: 329px; --smush-placeholder-aspect-ratio: 329\/330;\" \/>                <\/div>\n            <\/div>\n            <div class=\"col-lg-6\">\n                <div class=\"raic-text-content\">\n\n                    \n                                             <h2 class=\"raic-content-title\">\n                             \u00c9v\u00e9nements &amp; Formations                         <\/h2>\n                    \n                                            <p class=\"raic-content-description\">\n                             Revenez consulter cette page pour d\u00e9couvrir les \u00e9v\u00e9nements, webinaires et s\u00e9ances de formation continue du r\u00e9seau de la vall\u00e9e d\u2019Annapolis. Ils seront affich\u00e9s d\u00e8s qu\u2019ils seront disponibles.                        <\/p>\n                    \n                                        \n                <\/div>\n            <\/div>\n\n        <\/div>     <\/div> <\/div>\n\n\n\n<h6 class=\"wp-block-heading\"><strong>RAIC | IRAC Connects<\/strong><\/h6>\n\n\n\n<p>RAIC Connects est une communaut\u00e9 virtuelle o\u00f9 les membres peuvent \u00e9changer des id\u00e9es, discuter des d\u00e9fis li\u00e9s \u00e0 la pratique, poser des questions, lire et partager des blogues et des articles de nouvelles, d\u00e9couvrir d\u2019autres membres de l\u2019IRAC et profiter de connaissances, de ressources et d\u2019informations communes.<br>Tous les membres de l\u2019IRAC sont automatiquement membres de RAIC Connects, ainsi que de la communaut\u00e9 de leur chapitre provincial, comme avantage li\u00e9 \u00e0 leur adh\u00e9sion.<\/p>\n\n\n\n<div class=\"raic-generic-button-wrapper has-text-align-left wp-block-raic-blocks-raic-generic-button\">\n    <a href=\"https:\/\/raic.org\/fr\/communaute-evenements\/irac-connects\/\" \n       class=\"raic-generic-btn raic-secondary-btn-style\"\n       target=\"_blank\" rel=\"noopener noreferrer\">\n        Participez \u00e0 la conversation    <\/a>\n<\/div>\n\n\n\n\n<h6 class=\"wp-block-heading\"><strong>Direction du r\u00e9seau local<\/strong><\/h6>\n\n\n\n<p><strong style=\"font-size: revert;font-family: inherit\">Vincent Den Hartog,<\/strong><span style=\"font-size: revert\"> MRAIC&nbsp;<\/span><br><span style=\"font-size: revert\">Co-Chair<\/span><\/p>\n\n\n\n<p><strong>Heather Sprague<\/strong>, MRAIC<br>Co-Chair<\/p>\n","protected":false},"excerpt":{"rendered":"<p>Le plus r\u00e9cent r\u00e9seau de la Nouvelle-\u00c9cosse dessert la r\u00e9gion de la vall\u00e9e d\u2019Annapolis et est dirig\u00e9 par des copr\u00e9sidents qui assurent une repr\u00e9sentation locale pour les membres de l\u2019IRAC. Le r\u00e9seau organise des rencontres virtuelles et en personne, favorisant les liens entre les architectes exer\u00e7ant dans cette r\u00e9gion rurale, tout en abordant les enjeux [&hellip;]<\/p>\n","protected":false},"author":8,"featured_media":0,"parent":43379,"menu_order":0,"comment_status":"closed","ping_status":"closed","template":"template-two-column-narrow.php","meta":{"_acf_changed":false,"footnotes":""},"class_list":["post-43396","page","type-page","status-publish","hentry"],"acf":[],"_links":{"self":[{"href":"https:\/\/raic.org\/fr\/wp-json\/wp\/v2\/pages\/43396","targetHints":{"allow":["GET"]}}],"collection":[{"href":"https:\/\/raic.org\/fr\/wp-json\/wp\/v2\/pages"}],"about":[{"href":"https:\/\/raic.org\/fr\/wp-json\/wp\/v2\/types\/page"}],"author":[{"embeddable":true,"href":"https:\/\/raic.org\/fr\/wp-json\/wp\/v2\/users\/8"}],"replies":[{"embeddable":true,"href":"https:\/\/raic.org\/fr\/wp-json\/wp\/v2\/comments?post=43396"}],"version-history":[{"count":4,"href":"https:\/\/raic.org\/fr\/wp-json\/wp\/v2\/pages\/43396\/revisions"}],"predecessor-version":[{"id":61082,"href":"https:\/\/raic.org\/fr\/wp-json\/wp\/v2\/pages\/43396\/revisions\/61082"}],"up":[{"embeddable":true,"href":"https:\/\/raic.org\/fr\/wp-json\/wp\/v2\/pages\/43379"}],"wp:attachment":[{"href":"https:\/\/raic.org\/fr\/wp-json\/wp\/v2\/media?parent=43396"}],"curies":[{"name":"wp","href":"https:\/\/api.w.org\/{rel}","templated":true}]}}