{"id":43388,"date":"2019-07-15T18:19:00","date_gmt":"2019-07-15T22:19:00","guid":{"rendered":"https:\/\/staging.raic.symbiodev.xyz\/?page_id=43388"},"modified":"2026-02-18T15:14:57","modified_gmt":"2026-02-18T20:14:57","slug":"reseau-de-calgary","status":"publish","type":"page","link":"https:\/\/raic.org\/fr\/chapitres\/alberta\/reseau-de-calgary\/","title":{"rendered":"R\u00e9seau de Calgary"},"content":{"rendered":"\n<figure class=\"wp-block-image size-large\"><img decoding=\"async\" width=\"1024\" height=\"383\" data-src=\"https:\/\/raic.org\/sites\/raic.org\/wp-content\/uploads\/2026\/02\/Alberta-Calgary-FR-2-1024x383.jpg\" alt=\"\" class=\"wp-image-61046 lazyload\" data-srcset=\"https:\/\/raic.org\/sites\/raic.org\/wp-content\/uploads\/2026\/02\/Alberta-Calgary-FR-2-1024x383.jpg 1024w, https:\/\/raic.org\/sites\/raic.org\/wp-content\/uploads\/2026\/02\/Alberta-Calgary-FR-2-300x112.jpg 300w, https:\/\/raic.org\/sites\/raic.org\/wp-content\/uploads\/2026\/02\/Alberta-Calgary-FR-2-768x287.jpg 768w, https:\/\/raic.org\/sites\/raic.org\/wp-content\/uploads\/2026\/02\/Alberta-Calgary-FR-2.jpg 1200w\" data-sizes=\"(max-width: 1024px) 100vw, 1024px\" src=\"data:image\/svg+xml;base64,PHN2ZyB3aWR0aD0iMSIgaGVpZ2h0PSIxIiB4bWxucz0iaHR0cDovL3d3dy53My5vcmcvMjAwMC9zdmciPjwvc3ZnPg==\" style=\"--smush-placeholder-width: 1024px; --smush-placeholder-aspect-ratio: 1024\/383;\" \/><\/figure>\n\n\n\n<p>Le R\u00e9seau de Calgary organise des rencontres virtuelles pour les membres de l\u2019IRAC dans le sud de l\u2019Alberta, offrant des occasions de d\u00e9veloppement professionnel, de r\u00e9seautage et de discussion sur les enjeux architecturaux r\u00e9gionaux. Le r\u00e9seau accueille tant les membres que les non-membres lors des rencontres pr\u00e9vues, favorisant le dialogue sur les d\u00e9fis li\u00e9s \u00e0 la pratique, l\u2019excellence en design et l\u2019avancement d\u2019une architecture responsable dans la r\u00e9gion de Calgary.<\/p>\n\n\n\n<div class=\"raic-text-image-section wp-block-raic-blocks-raic-text-image-alternating\" data-aos=\"fade-in\" data-aos-duration=\"1000\">\n    <div class=\"container\">\n        <div class=\"row align-items-center\">\n            <div class=\"col-lg-6 mb-4 mb-lg-0\">\n                <div class=\"raic-content-image\">\n                    <img decoding=\"async\" width=\"329\" height=\"330\" data-src=\"https:\/\/raic.org\/sites\/raic.org\/wp-content\/uploads\/2025\/05\/about-values-1.png\" class=\"img-fluid lazyload\" alt=\"\" data-srcset=\"https:\/\/raic.org\/sites\/raic.org\/wp-content\/uploads\/2025\/05\/about-values-1.png 329w, https:\/\/raic.org\/sites\/raic.org\/wp-content\/uploads\/2025\/05\/about-values-1-150x150.png 150w, https:\/\/raic.org\/sites\/raic.org\/wp-content\/uploads\/2025\/05\/about-values-1-100x100.png 100w, https:\/\/raic.org\/sites\/raic.org\/wp-content\/uploads\/2025\/05\/about-values-1-300x300.png 300w\" data-sizes=\"(max-width: 329px) 100vw, 329px\" src=\"data:image\/svg+xml;base64,PHN2ZyB3aWR0aD0iMSIgaGVpZ2h0PSIxIiB4bWxucz0iaHR0cDovL3d3dy53My5vcmcvMjAwMC9zdmciPjwvc3ZnPg==\" style=\"--smush-placeholder-width: 329px; --smush-placeholder-aspect-ratio: 329\/330;\" \/>                <\/div>\n            <\/div>\n            <div class=\"col-lg-6\">\n                <div class=\"raic-text-content\">\n\n                    \n                                             <h2 class=\"raic-content-title\">\n                             \u00c9v\u00e9nements &amp; Formations                         <\/h2>\n                    \n                                            <p class=\"raic-content-description\">\n                             Revenez consulter cette page pour d\u00e9couvrir les \u00e9v\u00e9nements, webinaires et s\u00e9ances de formation continue du r\u00e9seau de Calgary. Ils seront affich\u00e9s d\u00e8s qu\u2019ils seront disponibles.                        <\/p>\n                    \n                                        \n                <\/div>\n            <\/div>\n\n        <\/div>     <\/div> <\/div>\n\n\n\n<h6 class=\"wp-block-heading\"><strong>RAIC | IRAC Connects<\/strong><\/h6>\n\n\n\n<p>RAIC Connects est une communaut\u00e9 virtuelle o\u00f9 les membres peuvent \u00e9changer des id\u00e9es, discuter des d\u00e9fis li\u00e9s \u00e0 la pratique, poser des questions, lire et partager des blogues et des articles de nouvelles, d\u00e9couvrir d\u2019autres membres de l\u2019IRAC et profiter de connaissances, de ressources et d\u2019informations communes.<br>Tous les membres de l\u2019IRAC sont automatiquement membres de RAIC Connects, ainsi que de la communaut\u00e9 de leur chapitre provincial, comme avantage li\u00e9 \u00e0 leur adh\u00e9sion.<\/p>\n\n\n\n<div class=\"raic-generic-button-wrapper has-text-align-left wp-block-raic-blocks-raic-generic-button\">\n    <a href=\"https:\/\/raic.org\/fr\/communaute-evenements\/irac-connects\/\" \n       class=\"raic-generic-btn raic-secondary-btn-style\"\n       target=\"_blank\" rel=\"noopener noreferrer\">\n        Participez \u00e0 la conversation    <\/a>\n<\/div>\n\n\n\n\n<h6 class=\"wp-block-heading\"><strong>Direction du r\u00e9seau local<\/strong><\/h6>\n\n\n\n<p><strong>A<\/strong><strong style=\"font-size: revert;font-family: inherit\">lana Kerr, <\/strong><span style=\"font-size: revert\">Intern Architect AAA, MRAIC&nbsp;<\/span><br><span style=\"font-size: revert\">Co-Chair<\/span><\/p>\n\n\n<p><strong>Tia Watson,<\/strong> AAA, MRAIC<br \/>Co-Chair<\/p>\n<p><strong>David Minke,<\/strong>\u00a0AAA, MRAIC<br \/>Co-Vice Chair<\/p>","protected":false},"excerpt":{"rendered":"<p>Le R\u00e9seau de Calgary organise des rencontres virtuelles pour les membres de l\u2019IRAC dans le sud de l\u2019Alberta, offrant des occasions de d\u00e9veloppement professionnel, de r\u00e9seautage et de discussion sur les enjeux architecturaux r\u00e9gionaux. Le r\u00e9seau accueille tant les membres que les non-membres lors des rencontres pr\u00e9vues, favorisant le dialogue sur les d\u00e9fis li\u00e9s \u00e0 [&hellip;]<\/p>\n","protected":false},"author":8,"featured_media":0,"parent":43369,"menu_order":0,"comment_status":"closed","ping_status":"closed","template":"template-two-column-wide.php","meta":{"_acf_changed":false,"footnotes":""},"class_list":["post-43388","page","type-page","status-publish","hentry"],"acf":[],"_links":{"self":[{"href":"https:\/\/raic.org\/fr\/wp-json\/wp\/v2\/pages\/43388","targetHints":{"allow":["GET"]}}],"collection":[{"href":"https:\/\/raic.org\/fr\/wp-json\/wp\/v2\/pages"}],"about":[{"href":"https:\/\/raic.org\/fr\/wp-json\/wp\/v2\/types\/page"}],"author":[{"embeddable":true,"href":"https:\/\/raic.org\/fr\/wp-json\/wp\/v2\/users\/8"}],"replies":[{"embeddable":true,"href":"https:\/\/raic.org\/fr\/wp-json\/wp\/v2\/comments?post=43388"}],"version-history":[{"count":4,"href":"https:\/\/raic.org\/fr\/wp-json\/wp\/v2\/pages\/43388\/revisions"}],"predecessor-version":[{"id":61059,"href":"https:\/\/raic.org\/fr\/wp-json\/wp\/v2\/pages\/43388\/revisions\/61059"}],"up":[{"embeddable":true,"href":"https:\/\/raic.org\/fr\/wp-json\/wp\/v2\/pages\/43369"}],"wp:attachment":[{"href":"https:\/\/raic.org\/fr\/wp-json\/wp\/v2\/media?parent=43388"}],"curies":[{"name":"wp","href":"https:\/\/api.w.org\/{rel}","templated":true}]}}