{"id":43379,"date":"2025-07-31T23:33:02","date_gmt":"2025-08-01T03:33:02","guid":{"rendered":"https:\/\/staging.raic.symbiodev.xyz\/?page_id=43379"},"modified":"2026-02-18T15:20:14","modified_gmt":"2026-02-18T20:20:14","slug":"chapitre-de-la-nouvelle-ecosse","status":"publish","type":"page","link":"https:\/\/raic.org\/fr\/chapitres\/chapitre-de-la-nouvelle-ecosse\/","title":{"rendered":"Chapitre de la Nouvelle-\u00c9cosse"},"content":{"rendered":"\n<figure class=\"wp-block-image size-large\"><img decoding=\"async\" width=\"1024\" height=\"383\" data-src=\"https:\/\/raic.org\/sites\/raic.org\/wp-content\/uploads\/2026\/02\/NS-FR-1024x383.jpg\" alt=\"\" class=\"wp-image-61029 lazyload\" data-srcset=\"https:\/\/raic.org\/sites\/raic.org\/wp-content\/uploads\/2026\/02\/NS-FR-1024x383.jpg 1024w, https:\/\/raic.org\/sites\/raic.org\/wp-content\/uploads\/2026\/02\/NS-FR-300x112.jpg 300w, https:\/\/raic.org\/sites\/raic.org\/wp-content\/uploads\/2026\/02\/NS-FR-768x287.jpg 768w, https:\/\/raic.org\/sites\/raic.org\/wp-content\/uploads\/2026\/02\/NS-FR.jpg 1200w\" data-sizes=\"(max-width: 1024px) 100vw, 1024px\" src=\"data:image\/svg+xml;base64,PHN2ZyB3aWR0aD0iMSIgaGVpZ2h0PSIxIiB4bWxucz0iaHR0cDovL3d3dy53My5vcmcvMjAwMC9zdmciPjwvc3ZnPg==\" style=\"--smush-placeholder-width: 1024px; --smush-placeholder-aspect-ratio: 1024\/383;\" \/><\/figure>\n\n\n\n<p><strong>Bienvenue \u00e0 l\u2019IRAC Nouvelle-\u00c9cosse (NE)<\/strong>, un chapitre r\u00e9gional de l\u2019Institut royal d\u2019architecture du Canada offrant une repr\u00e9sentation r\u00e9gionale et un soutien aux membres de l\u2019IRAC en NE. Les membres de l\u2019IRAC qui r\u00e9sident en NE font automatiquement partie du chapitre provincial.<\/p>\n\n\n\n<p>Avec le lancement du chapitre de l\u2019IRAC Nouvelle-\u00c9cosse en janvier 2020, la planification a d\u00e9but\u00e9 pour cr\u00e9er des r\u00e9seaux \u00e0 travers la province. Un petit comit\u00e9 directeur, dirig\u00e9 par l\u2019ancien pr\u00e9sident du chapitre NE, Ron LeLievre, B.Arch., NSAA (\u00e0 la retraite), FIRAC, a travaill\u00e9 \u00e0 \u00e9tablir une base pour activer des r\u00e9seaux communautaires \u2014 y compris en rencontrant les leaders des chapitres de la NSAA de South Shore, Annapolis Valley et l\u2019\u00eele du Cap-Breton.<\/p>\n\n\n\n<p>Un fort int\u00e9r\u00eat a \u00e9t\u00e9 exprim\u00e9 pour travailler de mani\u00e8re collaborative et coop\u00e9rative, et pour unir les efforts autour d\u2019activit\u00e9s importantes pour la profession. Parmi les activit\u00e9s discut\u00e9es figuraient le d\u00e9veloppement professionnel, le partage des meilleures pratiques, la d\u00e9fense des int\u00e9r\u00eats, l\u2019engagement des jeunes, la diversit\u00e9 et la sensibilisation du public. Depuis, trois r\u00e9seaux de l\u2019IRAC ont \u00e9t\u00e9 cr\u00e9\u00e9s dans le chapitre : Halifax, South Shore et Annapolis Valley.<\/p>\n\n\n\n<p>Les r\u00e9seaux recrutent des architectes locaux pour y participer. Veuillez envoyer votre int\u00e9r\u00eat \u00e0 <a href=\"mailto:ns@raic.org\" target=\"_blank\" rel=\"noreferrer noopener\">ns@raic.org<\/a> pour obtenir plus d\u2019information.<\/p>\n\n\n\n<p><strong>R\u00e9seaux locaux :<\/strong><\/p>\n\n\n\n<ul class=\"wp-block-list\">\n<li><a href=\"https:\/\/raic.org\/fr\/chapitres\/chapitre-de-la-nouvelle-ecosse\/reseau-de-halifax\/\" target=\"_blank\" rel=\"noreferrer noopener\">Halifax<\/a><\/li>\n\n\n\n<li><a href=\"https:\/\/raic.org\/fr\/chapitres\/chapitre-de-la-nouvelle-ecosse\/reseau-de-la-cote-sud\/\" target=\"_blank\" rel=\"noreferrer noopener\">C\u00f4te-Sud<\/a><\/li>\n\n\n\n<li><a href=\"https:\/\/raic.org\/fr\/chapitres\/chapitre-de-la-nouvelle-ecosse\/reseau-de-la-vallee-dannapolis\/\" target=\"_blank\" rel=\"noreferrer noopener\">Vall\u00e9e d\u2019Annapolis<\/a><\/li>\n<\/ul>\n\n\n\n<h6 class=\"wp-block-heading\"><strong>RAIC | IRAC Connects<\/strong><\/h6>\n\n\n\n<p>RAIC Connects est une communaut\u00e9 virtuelle o\u00f9 les membres peuvent \u00e9changer des id\u00e9es, discuter des d\u00e9fis li\u00e9s \u00e0 la pratique, poser des questions, lire et partager des blogues et des articles de nouvelles, d\u00e9couvrir d\u2019autres membres de l\u2019IRAC et profiter de connaissances, de ressources et d\u2019informations communes.<br>Tous les membres de l\u2019IRAC sont automatiquement membres de RAIC Connects, ainsi que de la communaut\u00e9 de leur chapitre provincial, comme avantage li\u00e9 \u00e0 leur adh\u00e9sion.<\/p>\n\n\n\n<div class=\"raic-generic-button-wrapper has-text-align-left wp-block-raic-blocks-raic-generic-button\">\n    <a href=\"https:\/\/raic.org\/fr\/communaute-evenements\/irac-connects\/\" \n       class=\"raic-generic-btn raic-secondary-btn-style\"\n       target=\"_blank\" rel=\"noopener noreferrer\">\n        Participez \u00e0 la conversation    <\/a>\n<\/div>\n\n\n\n\n<div style=\"height:100px\" aria-hidden=\"true\" class=\"wp-block-spacer\"><\/div>\n","protected":false},"excerpt":{"rendered":"<p>Bienvenue \u00e0 l\u2019IRAC Nouvelle-\u00c9cosse (NE), un chapitre r\u00e9gional de l\u2019Institut royal d\u2019architecture du Canada offrant une repr\u00e9sentation r\u00e9gionale et un soutien aux membres de l\u2019IRAC en NE. Les membres de l\u2019IRAC qui r\u00e9sident en NE font automatiquement partie du chapitre provincial. Avec le lancement du chapitre de l\u2019IRAC Nouvelle-\u00c9cosse en janvier 2020, la planification a [&hellip;]<\/p>\n","protected":false},"author":8,"featured_media":0,"parent":34860,"menu_order":0,"comment_status":"closed","ping_status":"closed","template":"template-two-column-narrow.php","meta":{"_acf_changed":false,"footnotes":""},"class_list":["post-43379","page","type-page","status-publish","hentry"],"acf":[],"_links":{"self":[{"href":"https:\/\/raic.org\/fr\/wp-json\/wp\/v2\/pages\/43379","targetHints":{"allow":["GET"]}}],"collection":[{"href":"https:\/\/raic.org\/fr\/wp-json\/wp\/v2\/pages"}],"about":[{"href":"https:\/\/raic.org\/fr\/wp-json\/wp\/v2\/types\/page"}],"author":[{"embeddable":true,"href":"https:\/\/raic.org\/fr\/wp-json\/wp\/v2\/users\/8"}],"replies":[{"embeddable":true,"href":"https:\/\/raic.org\/fr\/wp-json\/wp\/v2\/comments?post=43379"}],"version-history":[{"count":4,"href":"https:\/\/raic.org\/fr\/wp-json\/wp\/v2\/pages\/43379\/revisions"}],"predecessor-version":[{"id":61065,"href":"https:\/\/raic.org\/fr\/wp-json\/wp\/v2\/pages\/43379\/revisions\/61065"}],"up":[{"embeddable":true,"href":"https:\/\/raic.org\/fr\/wp-json\/wp\/v2\/pages\/34860"}],"wp:attachment":[{"href":"https:\/\/raic.org\/fr\/wp-json\/wp\/v2\/media?parent=43379"}],"curies":[{"name":"wp","href":"https:\/\/api.w.org\/{rel}","templated":true}]}}