{"id":43369,"date":"2025-07-31T23:33:02","date_gmt":"2025-08-01T03:33:02","guid":{"rendered":"https:\/\/staging.raic.symbiodev.xyz\/?page_id=43369"},"modified":"2026-02-18T15:13:13","modified_gmt":"2026-02-18T20:13:13","slug":"alberta","status":"publish","type":"page","link":"https:\/\/raic.org\/fr\/chapitres\/alberta\/","title":{"rendered":"Chapitre de l\u2019Alberta"},"content":{"rendered":"\n<figure class=\"wp-block-image size-large\"><img decoding=\"async\" width=\"1024\" height=\"383\" data-src=\"https:\/\/raic.org\/sites\/raic.org\/wp-content\/uploads\/2026\/02\/Alberta-FR-1024x383.jpg\" alt=\"\" class=\"wp-image-61041 lazyload\" data-srcset=\"https:\/\/raic.org\/sites\/raic.org\/wp-content\/uploads\/2026\/02\/Alberta-FR-1024x383.jpg 1024w, https:\/\/raic.org\/sites\/raic.org\/wp-content\/uploads\/2026\/02\/Alberta-FR-300x112.jpg 300w, https:\/\/raic.org\/sites\/raic.org\/wp-content\/uploads\/2026\/02\/Alberta-FR-768x287.jpg 768w, https:\/\/raic.org\/sites\/raic.org\/wp-content\/uploads\/2026\/02\/Alberta-FR.jpg 1200w\" data-sizes=\"(max-width: 1024px) 100vw, 1024px\" src=\"data:image\/svg+xml;base64,PHN2ZyB3aWR0aD0iMSIgaGVpZ2h0PSIxIiB4bWxucz0iaHR0cDovL3d3dy53My5vcmcvMjAwMC9zdmciPjwvc3ZnPg==\" style=\"--smush-placeholder-width: 1024px; --smush-placeholder-aspect-ratio: 1024\/383;\" \/><\/figure>\n\n\n\n<div style=\"height:25px\" aria-hidden=\"true\" class=\"wp-block-spacer\"><\/div>\n\n\n\n<p>Bienvenue \u00e0 l\u2019IRAC Alberta (AB), un chapitre r\u00e9gional de l\u2019Institut royal d\u2019architecture du Canada offrant une repr\u00e9sentation r\u00e9gionale et un soutien aux membres de l\u2019IRAC en Alberta.<\/p>\n\n\n\n<p><br>Les membres de l\u2019IRAC qui r\u00e9sident en AB font automatiquement partie du chapitre provincial. Les membres de l\u2019IRAC peuvent participer \u00e0 n\u2019importe quel r\u00e9seau.<\/p>\n\n\n\n<p><strong>R\u00e9seaux locaux :<\/strong><\/p>\n\n\n\n<ul class=\"wp-block-list\">\n<li><a href=\"https:\/\/raic.org\/fr\/chapitres\/alberta\/reseau-de-calgary\/\" target=\"_blank\" rel=\"noreferrer noopener\">Calgary<\/a><\/li>\n\n\n\n<li><a href=\"https:\/\/raic.org\/fr\/chapitres\/alberta\/reseau-dedmonton\/\" target=\"_blank\" rel=\"noreferrer noopener\">Edmonton<\/a>&nbsp;<\/li>\n<\/ul>\n\n\n\n<p>Communiquez avec nous \u00e0 <a href=\"mailto:ab@raic.org\" target=\"_blank\" rel=\"noreferrer noopener\">AB@raic.org<\/a> si vous souhaitez obtenir plus d\u2019information ou si vous souhaitez faire du b\u00e9n\u00e9volat.<\/p>\n\n\n\n<h6 class=\"wp-block-heading\"><strong>RAIC | IRAC Connects<\/strong><\/h6>\n\n\n\n<p>RAIC Connects est une communaut\u00e9 virtuelle o\u00f9 les membres peuvent \u00e9changer des id\u00e9es, discuter des d\u00e9fis li\u00e9s \u00e0 la pratique, poser des questions, lire et partager des blogues et des articles de nouvelles, d\u00e9couvrir d\u2019autres membres de l\u2019IRAC et profiter de connaissances, de ressources et d\u2019informations communes.<br>Tous les membres de l\u2019IRAC sont automatiquement membres de RAIC Connects, ainsi que de la communaut\u00e9 de leur chapitre provincial, comme avantage li\u00e9 \u00e0 leur adh\u00e9sion.<\/p>\n\n\n\n<div class=\"raic-generic-button-wrapper has-text-align-left wp-block-raic-blocks-raic-generic-button\">\n    <a href=\"https:\/\/raic.org\/fr\/communaute-evenements\/irac-connects\/\" \n       class=\"raic-generic-btn raic-secondary-btn-style\"\n       target=\"_blank\" rel=\"noopener noreferrer\">\n        Participez \u00e0 la conversation    <\/a>\n<\/div>\n\n","protected":false},"excerpt":{"rendered":"<p>Bienvenue \u00e0 l\u2019IRAC Alberta (AB), un chapitre r\u00e9gional de l\u2019Institut royal d\u2019architecture du Canada offrant une repr\u00e9sentation r\u00e9gionale et un soutien aux membres de l\u2019IRAC en Alberta. Les membres de l\u2019IRAC qui r\u00e9sident en AB font automatiquement partie du chapitre provincial. Les membres de l\u2019IRAC peuvent participer \u00e0 n\u2019importe quel r\u00e9seau. R\u00e9seaux locaux : Communiquez [&hellip;]<\/p>\n","protected":false},"author":8,"featured_media":0,"parent":34860,"menu_order":0,"comment_status":"closed","ping_status":"closed","template":"template-two-column-narrow.php","meta":{"_acf_changed":false,"footnotes":""},"class_list":["post-43369","page","type-page","status-publish","hentry"],"acf":[],"_links":{"self":[{"href":"https:\/\/raic.org\/fr\/wp-json\/wp\/v2\/pages\/43369","targetHints":{"allow":["GET"]}}],"collection":[{"href":"https:\/\/raic.org\/fr\/wp-json\/wp\/v2\/pages"}],"about":[{"href":"https:\/\/raic.org\/fr\/wp-json\/wp\/v2\/types\/page"}],"author":[{"embeddable":true,"href":"https:\/\/raic.org\/fr\/wp-json\/wp\/v2\/users\/8"}],"replies":[{"embeddable":true,"href":"https:\/\/raic.org\/fr\/wp-json\/wp\/v2\/comments?post=43369"}],"version-history":[{"count":4,"href":"https:\/\/raic.org\/fr\/wp-json\/wp\/v2\/pages\/43369\/revisions"}],"predecessor-version":[{"id":61055,"href":"https:\/\/raic.org\/fr\/wp-json\/wp\/v2\/pages\/43369\/revisions\/61055"}],"up":[{"embeddable":true,"href":"https:\/\/raic.org\/fr\/wp-json\/wp\/v2\/pages\/34860"}],"wp:attachment":[{"href":"https:\/\/raic.org\/fr\/wp-json\/wp\/v2\/media?parent=43369"}],"curies":[{"name":"wp","href":"https:\/\/api.w.org\/{rel}","templated":true}]}}