{"id":42691,"date":"2025-11-17T16:01:36","date_gmt":"2025-11-17T21:01:36","guid":{"rendered":"https:\/\/staging.raic.symbiodev.xyz\/?page_id=42691"},"modified":"2025-11-27T14:34:28","modified_gmt":"2025-11-27T19:34:28","slug":"en-utilisant-labreviation-irac","status":"publish","type":"page","link":"https:\/\/raic.org\/fr\/adherer\/pourquoi-adhere\/en-utilisant-labreviation-irac\/","title":{"rendered":"En utilisant l\u2019abr\u00e9viation IRAC"},"content":{"rendered":"\n<p>Utiliser l&#8217;abr\u00e9viation IRAC apr\u00e8s votre nom refl\u00e8te votre lien avec la communaut\u00e9 nationale de professionnels de l\u2019architecture qui fa\u00e7onnent l\u2019avenir du cadre b\u00e2ti au Canada. Cela d\u00e9montre votre engagement envers l\u2019excellence, la collaboration et l\u2019avancement de la pratique architecturale.<\/p>\n\n\n\n<p>Les membres peuvent inclure l&#8217;abr\u00e9viation IRAC dans leur signature courriel, sur leurs cartes professionnelles, leurs sites Web, leurs documents promotionnels et leurs m\u00e9dias sociaux \u2014 partout o\u00f9 ils souhaitent mettre en valeur leur engagement envers le principal institut d\u2019architecture au Canada.<\/p>\n\n\n\n<p>L&#8217;abr\u00e9viation vous identifie comme membre d\u2019un vaste r\u00e9seau de professionnels unis par la mission de l\u2019IRAC : faire la promotion de la profession, c\u00e9l\u00e9brer l\u2019excellence en design et encourager un environnement b\u00e2ti plus durable.<\/p>\n\n\n\n<p><strong>MIRAC<\/strong> \u2014 <em>Membre de l\u2019Institute royal d\u2019architecture du Canada<\/em>.<\/p>\n\n\n\n<p>Pour les membres en r\u00e8gle appartenant \u00e0 l\u2019une quelconque des <strong>cat\u00e9gories de membres \u00e0 part enti\u00e8re de l&#8217;IRAC<\/strong>, y compris les architectes, stagiaires\/architectes stagiaires, dipl\u00f4m\u00e9s et enseignants. Cela comprend \u00e9galement les membres retrait\u00e9s et \u00e0 vie.<\/p>\n\n\n\n<div class=\"wp-block-raic-blocks-raic-block-quote\">\n    <blockquote class=\"raic-block-quote\">\n                \n        <p class=\"raic-block-quote-text\">Exemple:<br>Jordan Sample, MIRAC<\/p>\n        \n            <\/blockquote>\n<\/div>\n\n\n<p><strong>FIRAC<\/strong> \u2014 <em>Fellow de l\u2019Institute royal d\u2019architecture du Canada<\/em>.<\/p>\n\n\n\n<p>Pour les membres en r\u00e8gle qui ont \u00e9t\u00e9 <strong>nomm\u00e9s Fellows de l&#8217;IRAC<\/strong> en reconnaissance de leurs contributions exceptionnelles \u00e0 la profession et \u00e0 l\u2019Institut. Cela comprend \u00e9galement les Fellows retrait\u00e9s et \u00e0 vie.<\/p>\n\n\n\n<div class=\"wp-block-raic-blocks-raic-block-quote\">\n    <blockquote class=\"raic-block-quote\">\n                \n        <p class=\"raic-block-quote-text\">Exemple:<br>Priya Arden, FIRAC<\/p>\n        \n            <\/blockquote>\n<\/div>\n\n\n<p><strong>Hon. MIRAC \u2014<\/strong>&nbsp;Membre honoraire de l\u2019Institute royal d\u2019architecture du Canada.<\/p>\n\n\n\n<p>Pour les membres en r\u00e8gle qui ont \u00e9t\u00e9 <strong>nomm\u00e9s Membres honoraires de l&#8217;IRAC<\/strong> en reconnaissance de leurs contributions importantes \u00e0 la profession ou \u00e0 la communaut\u00e9, au niveau national ou international.<\/p>\n\n\n\n<div class=\"wp-block-raic-blocks-raic-block-quote\">\n    <blockquote class=\"raic-block-quote\">\n                \n        <p class=\"raic-block-quote-text\">Exemple:<br>Riley Chen, Hon. MIRAC<\/p>\n        \n            <\/blockquote>\n<\/div>\n\n\n<p><strong>Hon. FIRAC&nbsp;<\/strong>\u2014&nbsp;<em>Fellow honoraire de l\u2019Institute royal d\u2019architecture du Canada<\/em>.<\/p>\n\n\n\n<p>Pour les membres en r\u00e8gle qui ont \u00e9t\u00e9 <strong>nomm\u00e9s Fellows honoraires de l&#8217;IRAC<\/strong> en reconnaissance de leur notori\u00e9t\u00e9 professionnelle internationale ou de leur service distinctif \u00e0 la profession ou \u00e0 la communaut\u00e9, au niveau national ou international.<\/p>\n\n\n\n<div class=\"wp-block-raic-blocks-raic-block-quote\">\n    <blockquote class=\"raic-block-quote\">\n                \n        <p class=\"raic-block-quote-text\">Exemple:<br>Elena Brooks, Hon. FIRAC<\/p>\n        \n            <\/blockquote>\n<\/div>\n\n\n<p><strong>Assoc. Int\u2019l IRAC<\/strong>&nbsp;\u2014&nbsp;<em>Membre associ\u00e9 international<\/em>.<\/p>\n\n\n\n<p>Pour les membres en r\u00e8gle <strong>d\u00e9tenant un permis d\u2019architecture valide <\/strong>(ou \u00e9quivalent) \u00e0 l\u2019ext\u00e9rieur du Canada.<\/p>\n\n\n\n<div class=\"wp-block-raic-blocks-raic-block-quote\">\n    <blockquote class=\"raic-block-quote\">\n                \n        <p class=\"raic-block-quote-text\">Example:<br>Noah Kato, Assoc. Int\u2019l IRAC<\/p>\n        \n            <\/blockquote>\n<\/div>\n\n\n<p><strong>Affili\u00e9s et \u00e9tudiants associ\u00e9s<\/strong><\/p>\n\n\n\n<p>Ces membres peuvent s\u2019identifier comme Affili\u00e9s ou \u00e9tudiants associ\u00e9s de l&#8217;IRAC, mais ne peuvent pas utiliser l\u2019abr\u00e9viation \u00ab\u202fIRAC\u202f\u00bb apr\u00e8s leur nom.<\/p>\n\n\n\n<div style=\"height:25px\" aria-hidden=\"true\" class=\"wp-block-spacer\"><\/div>\n\n\n\n<h4 class=\"wp-block-heading raic-heading-border\">R\u00e8gles d\u2019utilisation de l\u2019abr\u00e9viation RAIC<\/h4>\n\n\n\n<p>L\u2019abr\u00e9viation IRAC indique le statut de membre ou de Fellow <strong>au sein de l\u2019Institut<\/strong>. Elle ne constitue pas une preuve de permis, de certification ou de statut r\u00e9glementaire.<\/p>\n\n\n\n<p>Les membres doivent \u00eatre en r\u00e8gle pour utiliser l\u2019abr\u00e9viation IRAC. Si votre adh\u00e9sion expire, vous n\u2019\u00eates plus autoris\u00e9 \u00e0 utiliser l\u2019abr\u00e9viation jusqu\u2019\u00e0 ce que votre adh\u00e9sion soit r\u00e9tablie.<\/p>\n\n\n\n<p>Les organisations ou entreprises ne peuvent pas utiliser le nom, l\u2019abr\u00e9viation ou le logo de l&#8217;IRAC sauf si un accord \u00e9crit avec l\u2019Institut leur en donne l\u2019autorisation.<\/p>\n\n\n\n<p>Pour signaler un usage abusif de l\u2019abr\u00e9viation IRAC, veuillez communiquer avec le <strong>Service des membres du RAIC<\/strong> \u00e0 <a href=\"membership@raic.org\">adhesion@raic.org<\/a>.<\/p>\n","protected":false},"excerpt":{"rendered":"<p>Utiliser l&#8217;abr\u00e9viation IRAC apr\u00e8s votre nom refl\u00e8te votre lien avec la communaut\u00e9 nationale de professionnels de l\u2019architecture qui fa\u00e7onnent l\u2019avenir du cadre b\u00e2ti au Canada. Cela d\u00e9montre votre engagement envers l\u2019excellence, la collaboration et l\u2019avancement de la pratique architecturale. Les membres peuvent inclure l&#8217;abr\u00e9viation IRAC dans leur signature courriel, sur leurs cartes professionnelles, leurs sites [&hellip;]<\/p>\n","protected":false},"author":2089,"featured_media":0,"parent":15560,"menu_order":2,"comment_status":"closed","ping_status":"closed","template":"template-two-column-narrow.php","meta":{"_acf_changed":false,"footnotes":""},"class_list":["post-42691","page","type-page","status-publish","hentry"],"acf":[],"_links":{"self":[{"href":"https:\/\/raic.org\/fr\/wp-json\/wp\/v2\/pages\/42691","targetHints":{"allow":["GET"]}}],"collection":[{"href":"https:\/\/raic.org\/fr\/wp-json\/wp\/v2\/pages"}],"about":[{"href":"https:\/\/raic.org\/fr\/wp-json\/wp\/v2\/types\/page"}],"author":[{"embeddable":true,"href":"https:\/\/raic.org\/fr\/wp-json\/wp\/v2\/users\/2089"}],"replies":[{"embeddable":true,"href":"https:\/\/raic.org\/fr\/wp-json\/wp\/v2\/comments?post=42691"}],"version-history":[{"count":4,"href":"https:\/\/raic.org\/fr\/wp-json\/wp\/v2\/pages\/42691\/revisions"}],"predecessor-version":[{"id":49565,"href":"https:\/\/raic.org\/fr\/wp-json\/wp\/v2\/pages\/42691\/revisions\/49565"}],"up":[{"embeddable":true,"href":"https:\/\/raic.org\/fr\/wp-json\/wp\/v2\/pages\/15560"}],"wp:attachment":[{"href":"https:\/\/raic.org\/fr\/wp-json\/wp\/v2\/media?parent=42691"}],"curies":[{"name":"wp","href":"https:\/\/api.w.org\/{rel}","templated":true}]}}