{"id":42593,"date":"2025-10-17T11:21:15","date_gmt":"2025-10-17T15:21:15","guid":{"rendered":"https:\/\/staging.raic.symbiodev.xyz\/?page_id=42593"},"modified":"2025-12-10T13:18:46","modified_gmt":"2025-12-10T18:18:46","slug":"circonstances-particulieres","status":"publish","type":"page","link":"https:\/\/raic.org\/fr\/adherer\/pourquoi-adhere\/avantages\/circonstances-particulieres\/","title":{"rendered":"Circonstances particuli\u00e8res"},"content":{"rendered":"\n\n\n<h3 class=\"wp-block-heading raic-heading-border\">Exemption des frais<\/h3>\n\n\n\n<p>La dispense de frais peut \u00eatre accord\u00e9e pour des raisons telles que le cong\u00e9 de maternit\u00e9 ou parental, un cong\u00e9 prolong\u00e9 pour responsabilit\u00e9s familiales ou de soins, un cong\u00e9 sabbatique, ainsi que pour d\u2019autres situations pouvant temporairement affecter la capacit\u00e9 d\u2019une personne \u00e0 payer ses frais d\u2019adh\u00e9sion en raison de difficult\u00e9s financi\u00e8res.<\/p>\n\n\n\n<p><strong>Conditions<\/strong><\/p>\n\n\n\n<ul class=\"wp-block-list\">\n<li>Un membre qui demande une dispense de frais en raison d\u2019un cong\u00e9 parental sera automatiquement approuv\u00e9.<\/li>\n\n\n\n<li>Si la demande est approuv\u00e9e, la dispense de frais sera appliqu\u00e9e pour une ann\u00e9e civile (cycle d\u2019adh\u00e9sion).<\/li>\n\n\n\n<li>Toutes les demandes de dispense de frais doivent \u00eatre soumises au <a href=\"\/fr\/civicrm\/demande-exoneration\">moyen du formulaire de demande en ligne<\/a><a href=\"https:\/\/raic.org\/fr\/civicrm\/demande-exoneration\">.<\/a><\/li>\n\n\n\n<li>Un maximum de deux dispenses de frais peut \u00eatre demand\u00e9 sur une p\u00e9riode de cinq ans.<\/li>\n\n\n\n<li>Les dispenses de frais sont sujettes \u00e0 l\u2019approbation du chef de la direction de l\u2019IRAC.<\/li>\n<\/ul>\n\n\n\n<p>Les personnes qui ont obtenu une dispense de frais conserveront leurs droits, privil\u00e8ges et avantages li\u00e9s \u00e0 leur statut de membre de l\u2019IRAC.<\/p>\n\n\n\n<p><strong>Soumettez une demande de dispense de frais <a href=\"\/fr\/civicrm\/demande-exoneration\">ici<\/a><a href=\"https:\/\/raic.org\/fr\/civicrm\/demande-exoneration\">.<\/a><\/strong><\/p>\n\n\n\n<div class=\"wp-block-file\"><a id=\"wp-block-file--media-3ecbf0c0-3829-456a-aa45-2eb782a3d97a\" href=\"https:\/\/raic.org\/sites\/raic.org\/wp-content\/uploads\/2025\/11\/raic_membership_fee_waiver_policy_2025_fr.pdf\">Politique de dispense des frais d\u2019adh\u00e9sion de l\u2019IRAC<\/a><a href=\"https:\/\/raic.org\/sites\/raic.org\/wp-content\/uploads\/2025\/11\/raic_membership_fee_waiver_policy_2025_fr.pdf\" class=\"wp-block-file__button wp-element-button\" download aria-describedby=\"wp-block-file--media-3ecbf0c0-3829-456a-aa45-2eb782a3d97a\">T\u00e9l\u00e9charger<\/a><\/div>\n\n\n\n<h3 class=\"wp-block-heading raic-heading-border\">Paiement diff\u00e9r\u00e9<\/h3>\n\n\n\n<p>Le paiement diff\u00e9r\u00e9 peut \u00eatre accord\u00e9 pour des raisons telles que des difficult\u00e9s financi\u00e8res, un cong\u00e9 m\u00e9dical ou pour motifs compassionnels, une maladie grave, ainsi que pour d\u2019autres situations pouvant temporairement affecter la capacit\u00e9 d\u2019une personne \u00e0 payer ses frais d\u2019adh\u00e9sion en raison de difficult\u00e9s financi\u00e8res.<\/p>\n\n\n\n<p><strong>Conditions<\/strong><\/p>\n\n\n\n<ul class=\"wp-block-list\">\n<li>Un membre qui demande un paiement diff\u00e9r\u00e9 doit \u00eatre en r\u00e8gle depuis au moins un an avant de soumettre la demande.<\/li>\n\n\n\n<li>Si la demande est approuv\u00e9e, le paiement diff\u00e9r\u00e9 sera appliqu\u00e9 pour un maximum de trois mois.<\/li>\n\n\n\n<li>Toutes les demandes de paiement diff\u00e9r\u00e9 doivent \u00eatre soumises au <a href=\"\/fr\/civicrm\/reports-de-frais\">moyen du formulaire de demande en ligne<\/a>.<\/li>\n\n\n\n<li>Un maximum de deux paiements diff\u00e9r\u00e9s peut \u00eatre demand\u00e9 sur une p\u00e9riode de cinq ans.<\/li>\n\n\n\n<li>Les paiements diff\u00e9r\u00e9s sont sujets \u00e0 l\u2019approbation du chef de la direction de l\u2019IRAC.<\/li>\n<\/ul>\n\n\n\n<p>Les personnes qui ont obtenu un paiement diff\u00e9r\u00e9 conserveront leurs droits, privil\u00e8ges et avantages li\u00e9s \u00e0 leur statut de membre de l\u2019IRAC.<\/p>\n\n\n\n<p><strong>Soumettez une demande de report de paiement <a href=\"\/fr\/civicrm\/reports-de-frais\">ici<\/a><a href=\"https:\/\/raic.org\/fr\/civicrm\/reports-de-frais\">.<\/a><\/strong><\/p>\n\n\n\n<div class=\"wp-block-file\"><a id=\"wp-block-file--media-6502f9cd-feaa-4c55-9ff1-5c7350fbc9b9\" href=\"https:\/\/raic.org\/sites\/raic.org\/wp-content\/uploads\/2025\/11\/raic_membership_fee_deferral_policy_2025_fr.pdf\">Politique de report du paiement des frais d\u2019adh\u00e9sion de l\u2019IRAC<\/a><a href=\"https:\/\/raic.org\/sites\/raic.org\/wp-content\/uploads\/2025\/11\/raic_membership_fee_deferral_policy_2025_fr.pdf\" class=\"wp-block-file__button wp-element-button\" download aria-describedby=\"wp-block-file--media-6502f9cd-feaa-4c55-9ff1-5c7350fbc9b9\">T\u00e9l\u00e9charger<\/a><\/div>\n","protected":false},"excerpt":{"rendered":"<p>Exemption des frais La dispense de frais peut \u00eatre accord\u00e9e pour des raisons telles que le cong\u00e9 de maternit\u00e9 ou parental, un cong\u00e9 prolong\u00e9 pour responsabilit\u00e9s familiales ou de soins, un cong\u00e9 sabbatique, ainsi que pour d\u2019autres situations pouvant temporairement affecter la capacit\u00e9 d\u2019une personne \u00e0 payer ses frais d\u2019adh\u00e9sion en raison de difficult\u00e9s financi\u00e8res. [&hellip;]<\/p>\n","protected":false},"author":3,"featured_media":0,"parent":15854,"menu_order":2,"comment_status":"closed","ping_status":"closed","template":"template-two-column-narrow.php","meta":{"_acf_changed":false,"footnotes":""},"class_list":["post-42593","page","type-page","status-publish","hentry"],"acf":[],"_links":{"self":[{"href":"https:\/\/raic.org\/fr\/wp-json\/wp\/v2\/pages\/42593","targetHints":{"allow":["GET"]}}],"collection":[{"href":"https:\/\/raic.org\/fr\/wp-json\/wp\/v2\/pages"}],"about":[{"href":"https:\/\/raic.org\/fr\/wp-json\/wp\/v2\/types\/page"}],"author":[{"embeddable":true,"href":"https:\/\/raic.org\/fr\/wp-json\/wp\/v2\/users\/3"}],"replies":[{"embeddable":true,"href":"https:\/\/raic.org\/fr\/wp-json\/wp\/v2\/comments?post=42593"}],"version-history":[{"count":4,"href":"https:\/\/raic.org\/fr\/wp-json\/wp\/v2\/pages\/42593\/revisions"}],"predecessor-version":[{"id":52867,"href":"https:\/\/raic.org\/fr\/wp-json\/wp\/v2\/pages\/42593\/revisions\/52867"}],"up":[{"embeddable":true,"href":"https:\/\/raic.org\/fr\/wp-json\/wp\/v2\/pages\/15854"}],"wp:attachment":[{"href":"https:\/\/raic.org\/fr\/wp-json\/wp\/v2\/media?parent=42593"}],"curies":[{"name":"wp","href":"https:\/\/api.w.org\/{rel}","templated":true}]}}