{"id":39316,"date":"2025-10-28T14:04:57","date_gmt":"2025-10-28T18:04:57","guid":{"rendered":"https:\/\/staging.raic.symbiodev.xyz\/?page_id=39316"},"modified":"2026-01-05T09:59:12","modified_gmt":"2026-01-05T14:59:12","slug":"projet-de-reamenagement-du-bloc-2","status":"publish","type":"page","link":"https:\/\/raic.org\/fr\/services-consultatifs\/projet-de-reamenagement-du-bloc-2\/","title":{"rendered":"Projet de r\u00e9am\u00e9nagement du Bloc 2"},"content":{"rendered":"\n<div style=\"height:20px\" aria-hidden=\"true\" class=\"wp-block-spacer\"><\/div>\n\n\n\n<p>En partenariat avec Services publics et Approvisionnement Canada (SPAC), l\u2019Ordre royal d\u2019architecture du Canada (RAIC) a approuv\u00e9 le concours de design pour le renouvellement du bloc 2 et a d\u00e9sign\u00e9 des conseillers professionnels pour superviser l\u2019ensemble du processus du concours, qui s\u2019est termin\u00e9 avec l\u2019annonce du concept de design gagnant le 16 mai 2022. Les contributions du RAIC comprenaient :<\/p>\n\n\n\n<ol class=\"wp-block-list\">\n<li>Fournir des conseils g\u00e9n\u00e9raux sur les processus du concours de design, y compris, mais sans s\u2019y limiter :\n<ol style=\"list-style-type:lower-alpha\" class=\"wp-block-list\">\n<li>Le cahier des charges du concours<\/li>\n\n\n\n<li>La structure de la r\u00e9mun\u00e9ration et des prix<\/li>\n\n\n\n<li>La s\u00e9lection du jury<\/li>\n<\/ol>\n<\/li>\n\n\n\n<li>Apporter une expertise dans la gestion de concours de design par l\u2019interm\u00e9diaire de Phase Eins, une entreprise qui a coordonn\u00e9 et men\u00e9 le concours en tant que chef de projet.<\/li>\n<\/ol>\n\n\n\n<section class=\"raic-featured-section wp-block-raic-blocks-raic-featured-cards-section\" data-aos=\"fade-in\" data-aos-duration=\"1000\">\n    <div class=\"container\">\n        <div class=\"row justify-content-center\">\n\n                                            <div class=\"col-md-4 mb-4\">\n                    <div class=\"raic-featured-card\">\n                        <div class=\"raic-featured-image\">\n                            <img decoding=\"async\" width=\"1024\" height=\"683\" data-src=\"https:\/\/raic.org\/sites\/raic.org\/wp-content\/uploads\/2025\/11\/2021-09-24_008-group-unmasked-1024x683.jpg\" class=\"img-fluid lazyload\" alt=\"\" data-srcset=\"https:\/\/raic.org\/sites\/raic.org\/wp-content\/uploads\/2025\/11\/2021-09-24_008-group-unmasked-1024x683.jpg 1024w, https:\/\/raic.org\/sites\/raic.org\/wp-content\/uploads\/2025\/11\/2021-09-24_008-group-unmasked-300x200.jpg 300w, https:\/\/raic.org\/sites\/raic.org\/wp-content\/uploads\/2025\/11\/2021-09-24_008-group-unmasked-768x512.jpg 768w, https:\/\/raic.org\/sites\/raic.org\/wp-content\/uploads\/2025\/11\/2021-09-24_008-group-unmasked.jpg 1200w\" data-sizes=\"(max-width: 1024px) 100vw, 1024px\" src=\"data:image\/svg+xml;base64,PHN2ZyB3aWR0aD0iMSIgaGVpZ2h0PSIxIiB4bWxucz0iaHR0cDovL3d3dy53My5vcmcvMjAwMC9zdmciPjwvc3ZnPg==\" style=\"--smush-placeholder-width: 1024px; --smush-placeholder-aspect-ratio: 1024\/683;\" \/>                        <\/div>\n                        <div class=\"raic-featured-caption\">\n                            <h3 class=\"raic-featured-title\">Rapport du jury<\/h3>\n                        <\/div>\n                        <a href=\"https:\/\/raic.org\/fr\/nouvelles\/rapport-du-jury-du-concours-de-conception-architecturale-pour-lilot-2\/\" class=\"raic-featured-link\" aria-label=\"Learn more about Rapport du jury\" target=\"_blank\" rel=\"noopener noreferrer\"><\/a>\n                    <\/div>\n                <\/div>\n                                            <div class=\"col-md-4 mb-4\">\n                    <div class=\"raic-featured-card\">\n                        <div class=\"raic-featured-image\">\n                            <img decoding=\"async\" width=\"1024\" height=\"683\" data-src=\"https:\/\/raic.org\/sites\/raic.org\/wp-content\/uploads\/2025\/11\/export_pspc_winners-1024x683.jpg\" class=\"img-fluid lazyload\" alt=\"\" data-srcset=\"https:\/\/raic.org\/sites\/raic.org\/wp-content\/uploads\/2025\/11\/export_pspc_winners-1024x683.jpg 1024w, https:\/\/raic.org\/sites\/raic.org\/wp-content\/uploads\/2025\/11\/export_pspc_winners-300x200.jpg 300w, https:\/\/raic.org\/sites\/raic.org\/wp-content\/uploads\/2025\/11\/export_pspc_winners-768x512.jpg 768w, https:\/\/raic.org\/sites\/raic.org\/wp-content\/uploads\/2025\/11\/export_pspc_winners.jpg 1200w\" data-sizes=\"(max-width: 1024px) 100vw, 1024px\" src=\"data:image\/svg+xml;base64,PHN2ZyB3aWR0aD0iMSIgaGVpZ2h0PSIxIiB4bWxucz0iaHR0cDovL3d3dy53My5vcmcvMjAwMC9zdmciPjwvc3ZnPg==\" style=\"--smush-placeholder-width: 1024px; --smush-placeholder-aspect-ratio: 1024\/683;\" \/>                        <\/div>\n                        <div class=\"raic-featured-caption\">\n                            <h3 class=\"raic-featured-title\">Le gouvernement du Canada annonce le laur\u00e9at<\/h3>\n                        <\/div>\n                        <a href=\"https:\/\/raic.org\/fr\/nouvelles\/le-gouvernement-du-canada-annonce-le-laureat-du-concours-de-conception-architecturale-pour-lilot-2\/\" class=\"raic-featured-link\" aria-label=\"Learn more about Le gouvernement du Canada annonce le laur\u00e9at\" target=\"_blank\" rel=\"noopener noreferrer\"><\/a>\n                    <\/div>\n                <\/div>\n                                            <div class=\"col-md-4 mb-4\">\n                    <div class=\"raic-featured-card\">\n                        <div class=\"raic-featured-image\">\n                            <img decoding=\"async\" width=\"1024\" height=\"683\" data-src=\"https:\/\/raic.org\/sites\/raic.org\/wp-content\/uploads\/2025\/11\/english_slide_block2-1024x683.jpg\" class=\"img-fluid lazyload\" alt=\"\" data-srcset=\"https:\/\/raic.org\/sites\/raic.org\/wp-content\/uploads\/2025\/11\/english_slide_block2-1024x683.jpg 1024w, https:\/\/raic.org\/sites\/raic.org\/wp-content\/uploads\/2025\/11\/english_slide_block2-300x200.jpg 300w, https:\/\/raic.org\/sites\/raic.org\/wp-content\/uploads\/2025\/11\/english_slide_block2-768x512.jpg 768w, https:\/\/raic.org\/sites\/raic.org\/wp-content\/uploads\/2025\/11\/english_slide_block2.jpg 1200w\" data-sizes=\"(max-width: 1024px) 100vw, 1024px\" src=\"data:image\/svg+xml;base64,PHN2ZyB3aWR0aD0iMSIgaGVpZ2h0PSIxIiB4bWxucz0iaHR0cDovL3d3dy53My5vcmcvMjAwMC9zdmciPjwvc3ZnPg==\" style=\"--smush-placeholder-width: 1024px; --smush-placeholder-aspect-ratio: 1024\/683;\" \/>                        <\/div>\n                        <div class=\"raic-featured-caption\">\n                            <h3 class=\"raic-featured-title\">Renouvellement du bloc 2 \u2013 Pr\u00e9sentation virtuelle<\/h3>\n                        <\/div>\n                        <a href=\"https:\/\/raic.org\/fr\/nouvelles\/reamenagement-de-lilot-2-une-presentation-virtuelle-de-services-publics-et-approvisionnement-canada-spac-en-partenariat-avec-linstitut-royal-darchitecture-du-can\/\" class=\"raic-featured-link\" aria-label=\"Learn more about Renouvellement du bloc 2 \u2013 Pr\u00e9sentation virtuelle\" target=\"_blank\" rel=\"noopener noreferrer\"><\/a>\n                    <\/div>\n                <\/div>\n                                            <div class=\"col-md-4 mb-4\">\n                    <div class=\"raic-featured-card\">\n                        <div class=\"raic-featured-image\">\n                            <img decoding=\"async\" width=\"640\" height=\"321\" data-src=\"https:\/\/raic.org\/sites\/raic.org\/wp-content\/uploads\/2025\/11\/Block-2-Image.jpg\" class=\"img-fluid lazyload\" alt=\"\" data-srcset=\"https:\/\/raic.org\/sites\/raic.org\/wp-content\/uploads\/2025\/11\/Block-2-Image.jpg 640w, https:\/\/raic.org\/sites\/raic.org\/wp-content\/uploads\/2025\/11\/Block-2-Image-300x150.jpg 300w\" data-sizes=\"(max-width: 640px) 100vw, 640px\" src=\"data:image\/svg+xml;base64,PHN2ZyB3aWR0aD0iMSIgaGVpZ2h0PSIxIiB4bWxucz0iaHR0cDovL3d3dy53My5vcmcvMjAwMC9zdmciPjwvc3ZnPg==\" style=\"--smush-placeholder-width: 640px; --smush-placeholder-aspect-ratio: 640\/321;\" \/>                        <\/div>\n                        <div class=\"raic-featured-caption\">\n                            <h3 class=\"raic-featured-title\">Demande de qualifications<\/h3>\n                        <\/div>\n                        <a href=\"https:\/\/raic.org\/fr\/nouvelles\/demande-de-qualification-cite-parlementaire-ottawa-concours-darchitecture-pour-lilot-2\/\" class=\"raic-featured-link\" aria-label=\"Learn more about Demande de qualifications\" target=\"_blank\" rel=\"noopener noreferrer\"><\/a>\n                    <\/div>\n                <\/div>\n                                            <div class=\"col-md-4 mb-4\">\n                    <div class=\"raic-featured-card\">\n                        <div class=\"raic-featured-image\">\n                            <img decoding=\"async\" width=\"640\" height=\"321\" data-src=\"https:\/\/raic.org\/sites\/raic.org\/wp-content\/uploads\/2025\/11\/Block-2-Image.jpg\" class=\"img-fluid lazyload\" alt=\"\" data-srcset=\"https:\/\/raic.org\/sites\/raic.org\/wp-content\/uploads\/2025\/11\/Block-2-Image.jpg 640w, https:\/\/raic.org\/sites\/raic.org\/wp-content\/uploads\/2025\/11\/Block-2-Image-300x150.jpg 300w\" data-sizes=\"(max-width: 640px) 100vw, 640px\" src=\"data:image\/svg+xml;base64,PHN2ZyB3aWR0aD0iMSIgaGVpZ2h0PSIxIiB4bWxucz0iaHR0cDovL3d3dy53My5vcmcvMjAwMC9zdmciPjwvc3ZnPg==\" style=\"--smush-placeholder-width: 640px; --smush-placeholder-aspect-ratio: 640\/321;\" \/>                        <\/div>\n                        <div class=\"raic-featured-caption\">\n                            <h3 class=\"raic-featured-title\">Pr\u00e9avis<\/h3>\n                        <\/div>\n                        <a href=\"https:\/\/raic.org\/fr\/nouvelles\/preavis-reamenagement-de-la-cite-parlementaire-ottawa-concours-darchitecture-pour-lilot-2\/\" class=\"raic-featured-link\" aria-label=\"Learn more about Pr\u00e9avis\"><\/a>\n                    <\/div>\n                <\/div>\n            \n        <\/div>\n    <\/div>\n<\/section>\n\n\n<p><strong>Informations suppl\u00e9mentaires<\/strong><\/p>\n\n\n\n<ul class=\"wp-block-list\">\n<li><a href=\"https:\/\/www.canada.ca\/fr\/services-publics-approvisionnement\/services\/infrastructure-immeubles\/cite-parlementaire\/projets-cite-parlementaire\/ilot2-renouvellement.html\" target=\"_blank\" rel=\"noreferrer noopener\">Projet de r\u00e9am\u00e9nagement du bloc 2 de SPAC<\/a><\/li>\n<\/ul>\n","protected":false},"excerpt":{"rendered":"<p>En partenariat avec Services publics et Approvisionnement Canada (SPAC), l\u2019Ordre royal d\u2019architecture du Canada (RAIC) a approuv\u00e9 le concours de design pour le renouvellement du bloc 2 et a d\u00e9sign\u00e9 des conseillers professionnels pour superviser l\u2019ensemble du processus du concours, qui s\u2019est termin\u00e9 avec l\u2019annonce du concept de design gagnant le 16 mai 2022. Les [&hellip;]<\/p>\n","protected":false},"author":3,"featured_media":0,"parent":14258,"menu_order":2,"comment_status":"closed","ping_status":"closed","template":"template-two-column-narrow.php","meta":{"_acf_changed":false,"footnotes":""},"class_list":["post-39316","page","type-page","status-publish","hentry"],"acf":[],"_links":{"self":[{"href":"https:\/\/raic.org\/fr\/wp-json\/wp\/v2\/pages\/39316","targetHints":{"allow":["GET"]}}],"collection":[{"href":"https:\/\/raic.org\/fr\/wp-json\/wp\/v2\/pages"}],"about":[{"href":"https:\/\/raic.org\/fr\/wp-json\/wp\/v2\/types\/page"}],"author":[{"embeddable":true,"href":"https:\/\/raic.org\/fr\/wp-json\/wp\/v2\/users\/3"}],"replies":[{"embeddable":true,"href":"https:\/\/raic.org\/fr\/wp-json\/wp\/v2\/comments?post=39316"}],"version-history":[{"count":3,"href":"https:\/\/raic.org\/fr\/wp-json\/wp\/v2\/pages\/39316\/revisions"}],"predecessor-version":[{"id":55155,"href":"https:\/\/raic.org\/fr\/wp-json\/wp\/v2\/pages\/39316\/revisions\/55155"}],"up":[{"embeddable":true,"href":"https:\/\/raic.org\/fr\/wp-json\/wp\/v2\/pages\/14258"}],"wp:attachment":[{"href":"https:\/\/raic.org\/fr\/wp-json\/wp\/v2\/media?parent=39316"}],"curies":[{"name":"wp","href":"https:\/\/api.w.org\/{rel}","templated":true}]}}