{"id":38656,"date":"2025-10-28T14:03:28","date_gmt":"2025-10-28T18:03:28","guid":{"rendered":"https:\/\/staging.raic.symbiodev.xyz\/?page_id=38656"},"modified":"2025-11-14T13:27:32","modified_gmt":"2025-11-14T18:27:32","slug":"le-pont-interprovincial-royal-alexandra","status":"publish","type":"page","link":"https:\/\/raic.org\/fr\/services-consultatifs\/le-pont-interprovincial-royal-alexandra\/","title":{"rendered":"Le pont interprovincial Royal Alexandra"},"content":{"rendered":"\n<p>L\u2019Institut royal d\u2019architecture du Canada (IRAC), par l\u2019interm\u00e9diaire de ses conseillers professionnels, est heureux d\u2019annoncer la constitution du Comit\u00e9 d\u2019\u00e9valuation ind\u00e9pendant (CEI) du RAIC pour le projet de remplacement du pont Alexandra.<\/p>\n\n\n\n<p>Suite \u00e0 la d\u00e9cision du gouvernement f\u00e9d\u00e9ral de remplacer ce monument important, et conform\u00e9ment \u00e0 son mandat de promotion de l\u2019excellence en design dans l\u2019environnement b\u00e2ti, le RAIC a \u00e9t\u00e9 sollicit\u00e9 pour fournir des conseils professionnels tout au long de l\u2019\u00e9laboration de solutions de remplacement appropri\u00e9es. En tant que seule voix nationale pour l\u2019excellence dans l\u2019environnement b\u00e2ti au Canada, avec un accent sur l\u2019excellence en design, le RAIC continue de collaborer avec le gouvernement f\u00e9d\u00e9ral et ses organismes afin de garantir que les projets nationaux importants respectent les normes de design les plus \u00e9lev\u00e9es et int\u00e8grent des consid\u00e9rations qui influencent et fa\u00e7onnent la soci\u00e9t\u00e9 dans son ensemble.<\/p>\n\n\n\n<p>Le RAIC a constitu\u00e9, par le biais d\u2019une manifestation d\u2019int\u00e9r\u00eat, un Comit\u00e9 d\u2019\u00e9valuation ind\u00e9pendant compos\u00e9 de professionnels poss\u00e9dant une expertise dans plusieurs disciplines, y compris, mais sans s\u2019y limiter, la culture et les valeurs autochtones, la conservation du patrimoine, l\u2019architecture, l\u2019ing\u00e9nierie et l\u2019urbanisme. Le Comit\u00e9 d\u2019\u00e9valuation ind\u00e9pendant du RAIC travaillera en \u00e9troite collaboration avec l\u2019\u00e9quipe int\u00e9gr\u00e9e du projet de Services publics et Approvisionnement Canada (SPAC) et de la Commission de la capitale nationale (CCN) afin de fournir ses meilleurs conseils et son orientation professionnelle. Le Comit\u00e9 d\u2019\u00e9valuation ind\u00e9pendant assurera la supervision et fournira des avis et retours it\u00e9ratifs continus \u00e0 l\u2019\u00e9quipe de projet au fur et \u00e0 mesure du d\u00e9veloppement des solutions de conception.<\/p>\n\n\n\n<p>Le Comit\u00e9 d\u2019\u00e9valuation ind\u00e9pendant multidisciplinaire est compos\u00e9 des 11 personnes suivantes :<\/p>\n\n\n\n<figure class=\"wp-block-table is-style-stripes\"><table class=\"has-fixed-layout\"><tbody><tr><td><strong>Thierry Del\u00e9mont<\/strong><\/td><td>Engineer, DIPL.EPF Lausanne\/SIA<\/td><\/tr><tr><td><strong>Prof. Dr Walter Kaufmann&nbsp;<\/strong><\/td><td>Engineer, ETH Zurich PhD.&nbsp;<\/td><\/tr><tr><td><strong>Brian MacKay-Lyons<\/strong><\/td><td>Prof. M. Arch, CM, FRAIC, RCA, Hon. Int. FAIA, Int. FRIBA, NSAA, AAPEI, AANB, AIBC, OAA, OAQ, NH, VT, UT, VA<\/td><\/tr><tr><td><strong>David Fortin<\/strong><\/td><td>MRAIC, OAA, SAA, AAA, MAA, AIBC, LEED AP, M\u00e9tis Nation of Ontario<\/td><\/tr><tr><td><strong>Barry Padolsky<\/strong><\/td><td>B.Arch.,M.Sc.Urban Design OAA, FRAIC, RCA, CAHP Heritage Professional<\/td><\/tr><tr><td><strong>Hassan Saffarini<\/strong><\/td><td>P.Eng, CAHP Heritage Professional PhD, M. Sc., EC, PMP, LEED AP&nbsp;<\/td><\/tr><tr><td><strong>Naomi Ratte<\/strong><\/td><td>B.EnvD, MLArch&nbsp;<\/td><\/tr><tr><td><strong>George Dark<\/strong><\/td><td>FCSLA, FASLA, OALA<\/td><\/tr><tr><td><strong>Russell Loveridge<\/strong><\/td><td>PhD ETH Zurich&nbsp;<\/td><\/tr><tr><td><strong>Nathalie Desrosiers<\/strong><\/td><td>B.Sc., M.Sc.A, ICOMOS<\/td><\/tr><tr><td><strong>Michael Leckman<\/strong><\/td><td>B. Arch.<\/td><\/tr><\/tbody><\/table><\/figure>\n\n\n\n<p>Pour en savoir plus sur le projet de remplacement du pont Alexandra, veuillez visiter:<\/p>\n\n\n\n<ul class=\"wp-block-list\">\n<li><a href=\"https:\/\/www.canada.ca\/fr\/services-publics-approvisionnement\/services\/infrastructure-immeubles\/ponts-quais-barrages\/pont-alexandra\/projet-remplacement.html\" target=\"_blank\" rel=\"noreferrer noopener\">Pont Alexandra : projet de remplacement<\/a><\/li>\n\n\n\n<li><a href=\"https:\/\/ncc-ccn.gc.ca\/projects\/alexandra-bridge-replacement\" target=\"_blank\" rel=\"noreferrer noopener\">Remplacement du pont Alexandra<\/a><\/li>\n<\/ul>\n","protected":false},"excerpt":{"rendered":"<p>L\u2019Institut royal d\u2019architecture du Canada (IRAC), par l\u2019interm\u00e9diaire de ses conseillers professionnels, est heureux d\u2019annoncer la constitution du Comit\u00e9 d\u2019\u00e9valuation ind\u00e9pendant (CEI) du RAIC pour le projet de remplacement du pont Alexandra. Suite \u00e0 la d\u00e9cision du gouvernement f\u00e9d\u00e9ral de remplacer ce monument important, et conform\u00e9ment \u00e0 son mandat de promotion de l\u2019excellence en design [&hellip;]<\/p>\n","protected":false},"author":3,"featured_media":0,"parent":14258,"menu_order":1,"comment_status":"closed","ping_status":"closed","template":"template-two-column-wide.php","meta":{"_acf_changed":false,"footnotes":""},"class_list":["post-38656","page","type-page","status-publish","hentry"],"acf":[],"_links":{"self":[{"href":"https:\/\/raic.org\/fr\/wp-json\/wp\/v2\/pages\/38656","targetHints":{"allow":["GET"]}}],"collection":[{"href":"https:\/\/raic.org\/fr\/wp-json\/wp\/v2\/pages"}],"about":[{"href":"https:\/\/raic.org\/fr\/wp-json\/wp\/v2\/types\/page"}],"author":[{"embeddable":true,"href":"https:\/\/raic.org\/fr\/wp-json\/wp\/v2\/users\/3"}],"replies":[{"embeddable":true,"href":"https:\/\/raic.org\/fr\/wp-json\/wp\/v2\/comments?post=38656"}],"version-history":[{"count":4,"href":"https:\/\/raic.org\/fr\/wp-json\/wp\/v2\/pages\/38656\/revisions"}],"predecessor-version":[{"id":39333,"href":"https:\/\/raic.org\/fr\/wp-json\/wp\/v2\/pages\/38656\/revisions\/39333"}],"up":[{"embeddable":true,"href":"https:\/\/raic.org\/fr\/wp-json\/wp\/v2\/pages\/14258"}],"wp:attachment":[{"href":"https:\/\/raic.org\/fr\/wp-json\/wp\/v2\/media?parent=38656"}],"curies":[{"name":"wp","href":"https:\/\/api.w.org\/{rel}","templated":true}]}}