{"id":37767,"date":"2025-06-25T17:09:23","date_gmt":"2025-06-25T21:09:23","guid":{"rendered":"https:\/\/staging.raic.symbiodev.xyz\/volunteer\/"},"modified":"2026-01-30T11:14:29","modified_gmt":"2026-01-30T16:14:29","slug":"volunteer","status":"publish","type":"page","link":"https:\/\/raic.org\/fr\/developpement-professionnel\/volunteer\/","title":{"rendered":"B\u00e9n\u00e9volat"},"content":{"rendered":"\n<div style=\"height:50px\" aria-hidden=\"true\" class=\"wp-block-spacer\"><\/div>\n\n\n\n<h2 class=\"wp-block-heading\"><strong>Catalyseurs du changement&nbsp;<\/strong><\/h2>\n\n\n\n<div style=\"height:25px\" aria-hidden=\"true\" class=\"wp-block-spacer\"><\/div>\n\n\n\n<p>En tant qu\u2019organisation dirig\u00e9e par ses membres, l\u2019IRAC compte sur des centaines de b\u00e9n\u00e9voles dont les contributions font progresser la d\u00e9fense des int\u00e9r\u00eats de la profession et influencent les enjeux importants pour la communaut\u00e9 architecturale.<\/p>\n\n\n\n<p>Faire du b\u00e9n\u00e9volat au sein de l\u2019IRAC est une fa\u00e7on significative d\u2019appuyer la profession tout en s\u2019impliquant dans des causes qui vous tiennent \u00e0 c\u0153ur. Les b\u00e9n\u00e9voles mettent \u00e0 profit leurs comp\u00e9tences, leurs id\u00e9es et leur \u00e9nergie pour \u00e9largir notre port\u00e9e, renforcer les services aux membres et stimuler l\u2019innovation. En retour, ils ont l\u2019occasion d\u2019approfondir leur r\u00e9seau professionnel, de cr\u00e9er un impact positif et de faire partie d\u2019une communaut\u00e9 nationale tourn\u00e9e vers l\u2019avenir.<\/p>\n\n\n\n<p>Les b\u00e9n\u00e9voles assument des r\u00f4les de leadership au sein de comit\u00e9s, groupes de travail, r\u00e9seaux et sections locales. Ils contribuent \u00e0 concevoir des programmes, \u00e0 orienter la d\u00e9fense des int\u00e9r\u00eats et \u00e0 soutenir les membres, partageant g\u00e9n\u00e9reusement leur temps, leur expertise et leur passion pour renforcer l\u2019IRAC.<\/p>\n\n\n\n<div style=\"height:25px\" aria-hidden=\"true\" class=\"wp-block-spacer\"><\/div>\n\n\n\n<h2 class=\"wp-block-heading\"><strong>Fa\u00e7ons de s\u2019impliquer<\/strong><\/h2>\n\n\n\n<div style=\"height:25px\" aria-hidden=\"true\" class=\"wp-block-spacer\"><\/div>\n\n\n\n<ul class=\"wp-block-list\">\n<li><strong>Conf\u00e9rence annuelle de l\u2019IRAC sur l\u2019architecture<\/strong> : aidez \u00e0 fa\u00e7onner et \u00e0 organiser la conf\u00e9rence en offrant votre temps et votre expertise.<\/li>\n<\/ul>\n\n\n\n<div class=\"raic-generic-button-wrapper has-text-align-left wp-block-raic-blocks-raic-generic-button\">\n    <a href=\"https:\/\/raic.org\/community-events\/raic-conference-on-architecture\/\" \n       class=\"raic-generic-btn raic-secondary-btn-style\"\n       >\n        Trouver notre prochain \u00e9v\u00e9nement    <\/a>\n<\/div>\n\n\n\n\n<ul class=\"wp-block-list\">\n<li><strong>Sections et r\u00e9seaux : <\/strong>contribuez localement \u00e0 renforcer la communaut\u00e9 architecturale<\/li>\n<\/ul>\n\n\n\n<div class=\"raic-generic-button-wrapper has-text-align-left wp-block-raic-blocks-raic-generic-button\">\n    <a href=\"https:\/\/raic.org\/community-events\/chapters\/\" \n       class=\"raic-generic-btn raic-secondary-btn-style\"\n       >\n        En savoir plus    <\/a>\n<\/div>\n\n\n\n\n<ul class=\"wp-block-list\">\n<li><strong>Conseil d\u2019administration, comit\u00e9s permanents et groupes de travail : <\/strong>la participation se fait par \u00e9lection ou nomination (l\u2019adh\u00e9sion \u00e0 l\u2019IRAC est requise)<\/li>\n<\/ul>\n\n\n\n<div class=\"raic-generic-button-wrapper has-text-align-left wp-block-raic-blocks-raic-generic-button\">\n    <a href=\"https:\/\/raic.org\/about\/governance\/\" \n       class=\"raic-generic-btn raic-secondary-btn-style\"\n       >\n        En savoir plus    <\/a>\n<\/div>\n\n\n\n\n<ul class=\"wp-block-list\">\n<li><strong>Comit\u00e9s nationaux, groupes de travail et groupes sp\u00e9ciaux <\/strong>: les occasions de participation sont communiqu\u00e9es dans le cadre d\u2019un appel annuel aux b\u00e9n\u00e9voles (l\u2019adh\u00e9sion \u00e0 l\u2019IRAC est requise)<\/li>\n<\/ul>\n\n\n\n<div class=\"wp-block-raic-blocks-raic-block-quote\">\n    <blockquote class=\"raic-block-quote\">\n                    <h3 class=\"raic-block-quote-heading\">De nouvelles occasions sont affich\u00e9es r\u00e9guli\u00e8rement sur le babillard d\u2019emplois de l\u2019IRAC.<\/h3>\n                \n        <p class=\"raic-block-quote-text\">Le b\u00e9n\u00e9volat est l\u2019une des fa\u00e7ons les plus enrichissantes de se connecter avec ses pairs, de renforcer la profession et de fa\u00e7onner l\u2019avenir de l\u2019architecture au Canada. Revenez souvent pour d\u00e9couvrir le r\u00f4le qui vous convient.<\/p>\n        \n            <\/blockquote>\n<\/div>\n\n\n<div class=\"raic-generic-button-wrapper has-text-align-left wp-block-raic-blocks-raic-generic-button\">\n    <a href=\"https:\/\/raic.org\/professional-development\/jobs\/?search=&#038;job_type%5B%5D=volunteer\" \n       class=\"raic-generic-btn raic-secondary-btn-style\"\n       >\n        Visitez le babillard d\u2019emplois    <\/a>\n<\/div>\n\n\n\n\n<div style=\"height:25px\" aria-hidden=\"true\" class=\"wp-block-spacer\"><\/div>\n\n\n\n<h5 class=\"wp-block-heading\"><strong>Rencontrez quelques-uns de nos formidables b\u00e9n\u00e9voles !<\/strong><\/h5>\n\n\n\n<div class=\"raic-staff-listing wp-block-raic-blocks-raic-staff-listing\">\n                        <p>No profiles found.<\/p>\n            <\/div>\n\n\n\n\n<div style=\"height:10px\" aria-hidden=\"true\" class=\"wp-block-spacer\"><\/div>\n\n\n\n<p><\/p>\n","protected":false},"excerpt":{"rendered":"<p>Catalyseurs du changement&nbsp; En tant qu\u2019organisation dirig\u00e9e par ses membres, l\u2019IRAC compte sur des centaines de b\u00e9n\u00e9voles dont les contributions font progresser la d\u00e9fense des int\u00e9r\u00eats de la profession et influencent les enjeux importants pour la communaut\u00e9 architecturale. Faire du b\u00e9n\u00e9volat au sein de l\u2019IRAC est une fa\u00e7on significative d\u2019appuyer la profession tout en s\u2019impliquant [&hellip;]<\/p>\n","protected":false},"author":1,"featured_media":0,"parent":54933,"menu_order":3,"comment_status":"closed","ping_status":"closed","template":"template-two-column-wide.php","meta":{"_acf_changed":false,"footnotes":""},"class_list":["post-37767","page","type-page","status-publish","hentry"],"acf":[],"_links":{"self":[{"href":"https:\/\/raic.org\/fr\/wp-json\/wp\/v2\/pages\/37767","targetHints":{"allow":["GET"]}}],"collection":[{"href":"https:\/\/raic.org\/fr\/wp-json\/wp\/v2\/pages"}],"about":[{"href":"https:\/\/raic.org\/fr\/wp-json\/wp\/v2\/types\/page"}],"author":[{"embeddable":true,"href":"https:\/\/raic.org\/fr\/wp-json\/wp\/v2\/users\/1"}],"replies":[{"embeddable":true,"href":"https:\/\/raic.org\/fr\/wp-json\/wp\/v2\/comments?post=37767"}],"version-history":[{"count":4,"href":"https:\/\/raic.org\/fr\/wp-json\/wp\/v2\/pages\/37767\/revisions"}],"predecessor-version":[{"id":59297,"href":"https:\/\/raic.org\/fr\/wp-json\/wp\/v2\/pages\/37767\/revisions\/59297"}],"up":[{"embeddable":true,"href":"https:\/\/raic.org\/fr\/wp-json\/wp\/v2\/pages\/54933"}],"wp:attachment":[{"href":"https:\/\/raic.org\/fr\/wp-json\/wp\/v2\/media?parent=37767"}],"curies":[{"name":"wp","href":"https:\/\/api.w.org\/{rel}","templated":true}]}}