{"id":37676,"date":"2025-11-03T17:11:47","date_gmt":"2025-11-03T22:11:47","guid":{"rendered":"https:\/\/staging.raic.symbiodev.xyz\/?page_id=37676"},"modified":"2025-12-10T14:08:17","modified_gmt":"2025-12-10T19:08:17","slug":"mandat-internationale","status":"publish","type":"page","link":"https:\/\/raic.org\/fr\/a-propos\/l-institut\/mandat-internationale\/","title":{"rendered":"Mandat internationale"},"content":{"rendered":"\n<div style=\"height:25px\" aria-hidden=\"true\" class=\"wp-block-spacer\"><\/div>\n\n\n\n<h4 class=\"wp-block-heading\"><strong>Mandat internationale de l&#8217;IRAC<\/strong><\/h4>\n\n\n\n<div style=\"height:25px\" aria-hidden=\"true\" class=\"wp-block-spacer\"><\/div>\n\n\n\n<figure class=\"wp-block-image size-large\"><img decoding=\"async\" width=\"1024\" height=\"495\" data-src=\"https:\/\/raic.org\/sites\/raic.org\/wp-content\/uploads\/2025\/11\/international-delegates-1024x495.jpg\" alt=\"\" class=\"wp-image-37760 lazyload\" data-srcset=\"https:\/\/raic.org\/sites\/raic.org\/wp-content\/uploads\/2025\/11\/international-delegates-1024x495.jpg 1024w, https:\/\/raic.org\/sites\/raic.org\/wp-content\/uploads\/2025\/11\/international-delegates-300x145.jpg 300w, https:\/\/raic.org\/sites\/raic.org\/wp-content\/uploads\/2025\/11\/international-delegates-768x371.jpg 768w, https:\/\/raic.org\/sites\/raic.org\/wp-content\/uploads\/2025\/11\/international-delegates-1536x742.jpg 1536w, https:\/\/raic.org\/sites\/raic.org\/wp-content\/uploads\/2025\/11\/international-delegates.jpg 1559w\" data-sizes=\"(max-width: 1024px) 100vw, 1024px\" src=\"data:image\/svg+xml;base64,PHN2ZyB3aWR0aD0iMSIgaGVpZ2h0PSIxIiB4bWxucz0iaHR0cDovL3d3dy53My5vcmcvMjAwMC9zdmciPjwvc3ZnPg==\" style=\"--smush-placeholder-width: 1024px; --smush-placeholder-aspect-ratio: 1024\/495;\" \/><\/figure>\n\n\n\n<p>En tant que porte-parole national de l\u2019architecture au Canada, l\u2019Institut royal d\u2019architecture du Canada (IRAC) joue un r\u00f4le actif dans l\u2019orientation du dialogue architectural \u00e0 l\u2019\u00e9chelle mondiale. Le mandat international de l\u2019IRAC t\u00e9moigne de son engagement \u00e0 faire progresser l\u2019architecture canadienne sur la sc\u00e8ne mondiale, en favorisant la collaboration, l\u2019apprentissage et l\u2019\u00e9change de connaissances au-del\u00e0 des fronti\u00e8res.<\/p>\n\n\n\n<p>Gr\u00e2ce \u00e0 des partenariats avec des organisations internationales, l\u2019IRAC veille \u00e0 ce que les architectes canadiens soient connect\u00e9s \u00e0 des r\u00e9seaux mondiaux de promotion, d\u2019innovation et d\u2019excellence professionnelle. Ces relations permettent \u00e0 l\u2019IRAC et \u00e0 ses membres de tirer profit des meilleures pratiques internationales tout en partageant, en retour, le leadership, les valeurs et l\u2019expertise du Canada.<\/p>\n\n\n\n<p>L\u2019engagement international de l\u2019IRAC appuie les priorit\u00e9s de son Plan strat\u00e9gique : faire progresser l\u2019excellence en architecture, promouvoir la durabilit\u00e9 et l\u2019action climatique, et renforcer la profession par la connexion et la collaboration. Cet engagement se concr\u00e9tise par la participation \u00e0 d\u2019importants r\u00e9seaux mondiaux et r\u00e9gionaux.<\/p>\n\n\n\n<div style=\"height:25px\" aria-hidden=\"true\" class=\"wp-block-spacer\"><\/div>\n\n\n\n<div class=\"raic-anchor-target-point wp-block-raic-blocks-raic-anchor-target\" id=\"section-748c2c\" aria-label=\"CAA\" data-menu-label=\"CAA\">\n        <\/div>\n\n\n<h5 class=\"wp-block-heading\"><strong>Commonwealth Association of Architects (CAA)<\/strong><\/h5>\n\n\n\n<div style=\"height:25px\" aria-hidden=\"true\" class=\"wp-block-spacer\"><\/div>\n\n\n\n<p>L\u2019IRAC fait progresser ses objectifs gr\u00e2ce \u00e0 sa participation active \u00e0 la Commonwealth Association of Architects (CAA), un r\u00e9seau mondial qui relie les organismes nationaux d\u2019architecture \u00e0 travers le Commonwealth.<\/p>\n\n\n\n<p>Cet engagement refl\u00e8te le d\u00e9vouement de l\u2019IRAC \u00e0 la promotion, \u00e0 la durabilit\u00e9 et \u00e0 l\u2019avancement de l\u2019excellence en architecture, en coh\u00e9rence directe avec la mission de la CAA visant \u00e0 favoriser la coop\u00e9ration entre les organisations membres, \u00e0 promouvoir le r\u00f4le de l\u2019architecture dans le d\u00e9veloppement durable et \u00e0 relever les d\u00e9fis de l\u2019urbanisation rapide et des changements climatiques.<\/p>\n\n\n\n<p>Par sa participation au programme CAA Knowledge Sharing Partnership et \u00e0 diverses initiatives de d\u00e9veloppement professionnel et d\u2019\u00e9ducation, l\u2019IRAC contribue \u00e0 l\u2019apprentissage collectif, au renforcement des capacit\u00e9s et \u00e0 l\u2019am\u00e9lioration des normes professionnelles dans diff\u00e9rentes r\u00e9gions. Ces activit\u00e9s soutiennent l\u2019objectif strat\u00e9gique de l\u2019IRAC d\u2019accro\u00eetre la collaboration et le leadership \u00e0 l\u2019\u00e9chelle mondiale en mati\u00e8re de durabilit\u00e9 et d\u2019action climatique, tout en veillant \u00e0 ce que la vision et l\u2019expertise canadiennes nourrissent \u2014 et soient enrichies par \u2014 la communaut\u00e9 architecturale internationale dans son ensemble.<\/p>\n\n\n\n<p>En participant aux travaux de la CAA, l\u2019IRAC remplit son mandat visant \u00e0 positionner l\u2019architecture canadienne au sein d\u2019un cadre mondial ax\u00e9 sur l\u2019\u00e9change de connaissances, la durabilit\u00e9 et l\u2019excellence professionnelle.<\/p>\n\n\n\n<div style=\"height:25px\" aria-hidden=\"true\" class=\"wp-block-spacer\"><\/div>\n\n\n\n<div class=\"raic-anchor-target-point wp-block-raic-blocks-raic-anchor-target\" id=\"section-81639a\" aria-label=\"FPAA\" data-menu-label=\"FPAA\">\n        <\/div>\n\n\n<h5 class=\"wp-block-heading\"><strong>Federaci\u00f3n Panamericana de Asociaciones de Arquitectos (FPAA)<\/strong><\/h5>\n\n\n\n<div style=\"height:25px\" aria-hidden=\"true\" class=\"wp-block-spacer\"><\/div>\n\n\n\n<p>L\u2019IRAC entretient une collaboration active avec la Federaci\u00f3n Panamericana de Asociaciones de Arquitectos (FPAA), l\u2019organisation r\u00e9gionale qui regroupe les associations nationales d\u2019architectes des Am\u00e9riques.<\/p>\n\n\n\n<p>La FPAA a pour objectif de promouvoir l\u2019unit\u00e9, la coop\u00e9ration ainsi que le d\u00e9veloppement professionnel et culturel de l\u2019architecture \u00e0 l\u2019\u00e9chelle du continent. Elle encourage la collaboration entre les pays membres, favorise l\u2019\u00e9change d\u2019id\u00e9es et de pratiques exemplaires, et d\u00e9fend le r\u00f4le de l\u2019architecture dans la r\u00e9ponse aux priorit\u00e9s r\u00e9gionales communes, notamment le d\u00e9veloppement durable, la pr\u00e9servation du patrimoine, le bien-\u00eatre social et la r\u00e9silience climatique.<\/p>\n\n\n\n<p>Par sa participation \u00e0 la FPAA, l\u2019IRAC met \u00e0 contribution le leadership et l\u2019expertise du Canada au service d\u2019initiatives panam\u00e9ricaines visant \u00e0 renforcer la profession architecturale et son impact au sein des communaut\u00e9s. Cet engagement refl\u00e8te les priorit\u00e9s strat\u00e9giques de l\u2019IRAC, soit faire progresser l\u2019excellence en design, promouvoir la durabilit\u00e9 et l\u2019action climatique, et favoriser la collaboration au-del\u00e0 des fronti\u00e8res, afin que les valeurs et l\u2019innovation canadiennes nourrissent \u2014 et soient nourries par \u2014 le dialogue architectural \u00e0 l\u2019\u00e9chelle des Am\u00e9riques.<\/p>\n\n\n\n<div style=\"height:25px\" aria-hidden=\"true\" class=\"wp-block-spacer\"><\/div>\n\n\n\n<div class=\"raic-anchor-target-point wp-block-raic-blocks-raic-anchor-target\" id=\"section-f010ef\" aria-label=\"Les \u00ab Cinq I \u00bb\" data-menu-label=\"Les \u00ab Cinq I \u00bb\">\n        <\/div>\n\n\n<h5 class=\"wp-block-heading\"><strong>Le partenariat des \u00ab Cinq I \u00bb<\/strong><\/h5>\n\n\n\n<div style=\"height:25px\" aria-hidden=\"true\" class=\"wp-block-spacer\"><\/div>\n\n\n\n<p>L\u2019IRAC participe activement au partenariat strat\u00e9gique des \u00ab Cinq I \u00bb, qui regroupe l\u2019American Institute of Architects (AIA), le Royal Institute of British Architects (RIBA), l\u2019Australian Institute of Architects, le Te K\u0101hui Whaihanga New Zealand Institute of Architects, ainsi que l\u2019IRAC.<\/p>\n\n\n\n<p>Cette collaboration soutient l\u2019objectif strat\u00e9gique de l\u2019IRAC visant \u00e0 renforcer la profession et \u00e0 consolider les relations internationales en favorisant un dialogue continu entre les principaux instituts nationaux. Par l\u2019\u00e9change de connaissances, de ressources et de pratiques exemplaires, cette alliance encourage l\u2019apprentissage mutuel et renforce un engagement collectif envers l\u2019excellence, l\u2019\u00e9thique et la durabilit\u00e9 en architecture.<\/p>\n\n\n\n<p>La participation de l\u2019IRAC au partenariat des Cinq I permet au Canada de contribuer aux r\u00e9flexions internationales et d\u2019en b\u00e9n\u00e9ficier sur les enjeux les plus pressants de la profession, qu\u2019il s\u2019agisse de l\u2019action climatique, de l\u2019\u00e9ducation, des normes professionnelles ou de l\u2019innovation. Par ce travail, l\u2019IRAC fait progresser son objectif strat\u00e9gique visant \u00e0 renforcer la voix du Canada au sein de la communaut\u00e9 architecturale mondiale, tout en tirant parti des exp\u00e9riences des autres et en partageant, en retour, le leadership et la cr\u00e9ativit\u00e9 du Canada.<\/p>\n","protected":false},"excerpt":{"rendered":"<p>Mandat internationale de l&#8217;IRAC En tant que porte-parole national de l\u2019architecture au Canada, l\u2019Institut royal d\u2019architecture du Canada (IRAC) joue un r\u00f4le actif dans l\u2019orientation du dialogue architectural \u00e0 l\u2019\u00e9chelle mondiale. Le mandat international de l\u2019IRAC t\u00e9moigne de son engagement \u00e0 faire progresser l\u2019architecture canadienne sur la sc\u00e8ne mondiale, en favorisant la collaboration, l\u2019apprentissage et [&hellip;]<\/p>\n","protected":false},"author":8,"featured_media":0,"parent":14333,"menu_order":0,"comment_status":"closed","ping_status":"closed","template":"template-two-column-wide.php","meta":{"_acf_changed":false,"footnotes":""},"class_list":["post-37676","page","type-page","status-publish","hentry"],"acf":[],"_links":{"self":[{"href":"https:\/\/raic.org\/fr\/wp-json\/wp\/v2\/pages\/37676","targetHints":{"allow":["GET"]}}],"collection":[{"href":"https:\/\/raic.org\/fr\/wp-json\/wp\/v2\/pages"}],"about":[{"href":"https:\/\/raic.org\/fr\/wp-json\/wp\/v2\/types\/page"}],"author":[{"embeddable":true,"href":"https:\/\/raic.org\/fr\/wp-json\/wp\/v2\/users\/8"}],"replies":[{"embeddable":true,"href":"https:\/\/raic.org\/fr\/wp-json\/wp\/v2\/comments?post=37676"}],"version-history":[{"count":4,"href":"https:\/\/raic.org\/fr\/wp-json\/wp\/v2\/pages\/37676\/revisions"}],"predecessor-version":[{"id":52921,"href":"https:\/\/raic.org\/fr\/wp-json\/wp\/v2\/pages\/37676\/revisions\/52921"}],"up":[{"embeddable":true,"href":"https:\/\/raic.org\/fr\/wp-json\/wp\/v2\/pages\/14333"}],"wp:attachment":[{"href":"https:\/\/raic.org\/fr\/wp-json\/wp\/v2\/media?parent=37676"}],"curies":[{"name":"wp","href":"https:\/\/api.w.org\/{rel}","templated":true}]}}