{"id":37197,"date":"2025-10-28T14:02:29","date_gmt":"2025-10-28T18:02:29","guid":{"rendered":"https:\/\/staging.raic.symbiodev.xyz\/?page_id=37197"},"modified":"2026-02-19T15:31:15","modified_gmt":"2026-02-19T20:31:15","slug":"projet-de-reamenagement-du-bloc-200-de-lavenue-banff","status":"publish","type":"page","link":"https:\/\/raic.org\/fr\/services-consultatifs\/projet-de-reamenagement-du-bloc-200-de-lavenue-banff\/","title":{"rendered":"Projet de r\u00e9am\u00e9nagement du bloc 200 de l\u2019avenue Banff"},"content":{"rendered":"\n<p>Parcs Canada a mandat\u00e9 l\u2019Ordre royal d\u2019architecture du Canada (RAIC) pour superviser un concours international de design visant \u00e0 \u00e9laborer une conception conceptuelle pour le projet de r\u00e9am\u00e9nagement du bloc 200 de l\u2019avenue Banff. Au cours des vingt-cinq derni\u00e8res ann\u00e9es et demie, Parcs Canada a travaill\u00e9 \u00e0 l\u2019acquisition de terrains au centre-ville de Banff qui seraient revitalis\u00e9s pour inclure des espaces et installations con\u00e7us sp\u00e9cialement afin de soutenir l\u2019accueil des visiteurs, leur exp\u00e9rience et leur lien avec le reste du parc, tout en favorisant la compr\u00e9hension des enjeux auxquels font face des zones prot\u00e9g\u00e9es comme le parc national de Banff.<\/p>\n\n\n\n<p>Le concours de design, qui se conclura en mars 2026, suivra les normes et protocoles \u00e9tablis et fera appel \u00e0 une expertise professionnelle pour l\u2019\u00e9valuation, afin de g\u00e9n\u00e9rer des concepts pour le site.<\/p>\n\n\n\n<p>Les retours recueillis lors de l\u2019engagement de Parcs Canada aupr\u00e8s des communaut\u00e9s autochtones, des parties prenantes et du public sont utilis\u00e9s pour orienter le concours de design. Ainsi, tous les candidats devront s\u2019assurer que les valeurs et la vision exprim\u00e9es par ces groupes sont refl\u00e9t\u00e9es dans les options conceptuelles d\u00e9velopp\u00e9es.<\/p>\n\n\n\n<p>Pour plus d\u2019informations, consultez le site Web de <a href=\"https:\/\/www.letstalkmountainparks.ca\/200-block-banff-avenue-redevelopment\" target=\"_blank\" rel=\"noreferrer noopener\">Parcs Canada<\/a>.<\/p>\n\n\n\n<section class=\"raic-featured-section wp-block-raic-blocks-raic-featured-cards-section\" data-aos=\"fade-in\" data-aos-duration=\"1000\">\n    <div class=\"container\">\n        <div class=\"row justify-content-center\">\n\n                                            <div class=\"col-md-4 mb-4\">\n                    <div class=\"raic-featured-card\">\n                        <div class=\"raic-featured-image\">\n                            <img decoding=\"async\" width=\"655\" height=\"437\" data-src=\"https:\/\/raic.org\/sites\/raic.org\/wp-content\/uploads\/2025\/11\/october-announcement_slider.jpg\" class=\"img-fluid lazyload\" alt=\"\" data-srcset=\"https:\/\/raic.org\/sites\/raic.org\/wp-content\/uploads\/2025\/11\/october-announcement_slider.jpg 655w, https:\/\/raic.org\/sites\/raic.org\/wp-content\/uploads\/2025\/11\/october-announcement_slider-300x200.jpg 300w\" data-sizes=\"(max-width: 655px) 100vw, 655px\" src=\"data:image\/svg+xml;base64,PHN2ZyB3aWR0aD0iMSIgaGVpZ2h0PSIxIiB4bWxucz0iaHR0cDovL3d3dy53My5vcmcvMjAwMC9zdmciPjwvc3ZnPg==\" style=\"--smush-placeholder-width: 655px; --smush-placeholder-aspect-ratio: 655\/437;\" \/>                        <\/div>\n                        <div class=\"raic-featured-caption\">\n                            <h3 class=\"raic-featured-title\">Annonce des \u00e9quipes pr\u00e9s\u00e9lectionn\u00e9es<\/h3>\n                        <\/div>\n                        <a href=\"https:\/\/raic.org\/fr\/nouvelles\/six-equipes-finalistes-annoncees-pour-le-concours-de-conception-architecturale-du-reamenagement-du-pate-de-maisons-200-de-lavenue-banff\/\" class=\"raic-featured-link\" aria-label=\"Learn more about Annonce des \u00e9quipes pr\u00e9s\u00e9lectionn\u00e9es\" target=\"_blank\" rel=\"noopener noreferrer\"><\/a>\n                    <\/div>\n                <\/div>\n                                            <div class=\"col-md-4 mb-4\">\n                    <div class=\"raic-featured-card\">\n                        <div class=\"raic-featured-image\">\n                            <img decoding=\"async\" width=\"655\" height=\"437\" data-src=\"https:\/\/raic.org\/sites\/raic.org\/wp-content\/uploads\/2025\/11\/park_canada_jury_graphics_655x437.png\" class=\"img-fluid lazyload\" alt=\"\" data-srcset=\"https:\/\/raic.org\/sites\/raic.org\/wp-content\/uploads\/2025\/11\/park_canada_jury_graphics_655x437.png 655w, https:\/\/raic.org\/sites\/raic.org\/wp-content\/uploads\/2025\/11\/park_canada_jury_graphics_655x437-300x200.png 300w\" data-sizes=\"(max-width: 655px) 100vw, 655px\" src=\"data:image\/svg+xml;base64,PHN2ZyB3aWR0aD0iMSIgaGVpZ2h0PSIxIiB4bWxucz0iaHR0cDovL3d3dy53My5vcmcvMjAwMC9zdmciPjwvc3ZnPg==\" style=\"--smush-placeholder-width: 655px; --smush-placeholder-aspect-ratio: 655\/437;\" \/>                        <\/div>\n                        <div class=\"raic-featured-caption\">\n                            <h3 class=\"raic-featured-title\">Annonce du jury<\/h3>\n                        <\/div>\n                        <a href=\"https:\/\/raic.org\/fr\/nouvelles\/annonce-du-jury-du-concours-de-conception-architecturale-pour-le-reamenagement-du-pate-de-maisons-200-de-lavenue-banff\/\" class=\"raic-featured-link\" aria-label=\"Learn more about Annonce du jury\" target=\"_blank\" rel=\"noopener noreferrer\"><\/a>\n                    <\/div>\n                <\/div>\n                                            <div class=\"col-md-4 mb-4\">\n                    <div class=\"raic-featured-card\">\n                        <div class=\"raic-featured-image\">\n                            <img decoding=\"async\" width=\"655\" height=\"437\" data-src=\"https:\/\/raic.org\/sites\/raic.org\/wp-content\/uploads\/2025\/11\/banff_slider_v2-2.jpg\" class=\"img-fluid lazyload\" alt=\"\" data-srcset=\"https:\/\/raic.org\/sites\/raic.org\/wp-content\/uploads\/2025\/11\/banff_slider_v2-2.jpg 655w, https:\/\/raic.org\/sites\/raic.org\/wp-content\/uploads\/2025\/11\/banff_slider_v2-2-300x200.jpg 300w\" data-sizes=\"(max-width: 655px) 100vw, 655px\" src=\"data:image\/svg+xml;base64,PHN2ZyB3aWR0aD0iMSIgaGVpZ2h0PSIxIiB4bWxucz0iaHR0cDovL3d3dy53My5vcmcvMjAwMC9zdmciPjwvc3ZnPg==\" style=\"--smush-placeholder-width: 655px; --smush-placeholder-aspect-ratio: 655\/437;\" \/>                        <\/div>\n                        <div class=\"raic-featured-caption\">\n                            <h3 class=\"raic-featured-title\">L\u2019IRAC et Parcs Canada lancent un concours international de design dans le parc national Banff<\/h3>\n                        <\/div>\n                        <a href=\"https:\/\/raic.org\/fr\/nouvelles\/lirac-et-parcs-canada-lancent-un-concours-international-de-design-pour-un-projet-dans-le-parc-national-banff\/\" class=\"raic-featured-link\" aria-label=\"Learn more about L\u2019IRAC et Parcs Canada lancent un concours international de design dans le parc national Banff\" target=\"_blank\" rel=\"noopener noreferrer\"><\/a>\n                    <\/div>\n                <\/div>\n                                            <div class=\"col-md-4 mb-4\">\n                    <div class=\"raic-featured-card\">\n                        <div class=\"raic-featured-image\">\n                            <img decoding=\"async\" width=\"1024\" height=\"840\" data-src=\"https:\/\/raic.org\/sites\/raic.org\/wp-content\/uploads\/2026\/01\/LTMP-photo-1024x840.jpg\" class=\"img-fluid lazyload\" alt=\"\" data-srcset=\"https:\/\/raic.org\/sites\/raic.org\/wp-content\/uploads\/2026\/01\/LTMP-photo-1024x840.jpg 1024w, https:\/\/raic.org\/sites\/raic.org\/wp-content\/uploads\/2026\/01\/LTMP-photo-300x246.jpg 300w, https:\/\/raic.org\/sites\/raic.org\/wp-content\/uploads\/2026\/01\/LTMP-photo-768x630.jpg 768w, https:\/\/raic.org\/sites\/raic.org\/wp-content\/uploads\/2026\/01\/LTMP-photo-1536x1261.jpg 1536w, https:\/\/raic.org\/sites\/raic.org\/wp-content\/uploads\/2026\/01\/LTMP-photo.jpg 1880w\" data-sizes=\"(max-width: 1024px) 100vw, 1024px\" src=\"data:image\/svg+xml;base64,PHN2ZyB3aWR0aD0iMSIgaGVpZ2h0PSIxIiB4bWxucz0iaHR0cDovL3d3dy53My5vcmcvMjAwMC9zdmciPjwvc3ZnPg==\" style=\"--smush-placeholder-width: 1024px; --smush-placeholder-aspect-ratio: 1024\/840;\" \/>                        <\/div>\n                        <div class=\"raic-featured-caption\">\n                            <h3 class=\"raic-featured-title\">Sondage de consultation publique<\/h3>\n                        <\/div>\n                        <a href=\"https:\/\/raic.org\/fr\/nouvelles\/parcs-canada-invite-le-public-a-donner-son-avis-sur-les-propositions-du-concours-international-darchitecture-pour-le-reamenagement-du-pate-de-maisons-200-de\/\" class=\"raic-featured-link\" aria-label=\"Learn more about Sondage de consultation publique\"><\/a>\n                    <\/div>\n                <\/div>\n            \n        <\/div>\n    <\/div>\n<\/section>","protected":false},"excerpt":{"rendered":"<p>Parcs Canada a mandat\u00e9 l\u2019Ordre royal d\u2019architecture du Canada (RAIC) pour superviser un concours international de design visant \u00e0 \u00e9laborer une conception conceptuelle pour le projet de r\u00e9am\u00e9nagement du bloc 200 de l\u2019avenue Banff. Au cours des vingt-cinq derni\u00e8res ann\u00e9es et demie, Parcs Canada a travaill\u00e9 \u00e0 l\u2019acquisition de terrains au centre-ville de Banff qui [&hellip;]<\/p>\n","protected":false},"author":3,"featured_media":0,"parent":14258,"menu_order":0,"comment_status":"closed","ping_status":"closed","template":"template-two-column-narrow.php","meta":{"_acf_changed":false,"footnotes":""},"class_list":["post-37197","page","type-page","status-publish","hentry"],"acf":[],"_links":{"self":[{"href":"https:\/\/raic.org\/fr\/wp-json\/wp\/v2\/pages\/37197","targetHints":{"allow":["GET"]}}],"collection":[{"href":"https:\/\/raic.org\/fr\/wp-json\/wp\/v2\/pages"}],"about":[{"href":"https:\/\/raic.org\/fr\/wp-json\/wp\/v2\/types\/page"}],"author":[{"embeddable":true,"href":"https:\/\/raic.org\/fr\/wp-json\/wp\/v2\/users\/3"}],"replies":[{"embeddable":true,"href":"https:\/\/raic.org\/fr\/wp-json\/wp\/v2\/comments?post=37197"}],"version-history":[{"count":4,"href":"https:\/\/raic.org\/fr\/wp-json\/wp\/v2\/pages\/37197\/revisions"}],"predecessor-version":[{"id":61154,"href":"https:\/\/raic.org\/fr\/wp-json\/wp\/v2\/pages\/37197\/revisions\/61154"}],"up":[{"embeddable":true,"href":"https:\/\/raic.org\/fr\/wp-json\/wp\/v2\/pages\/14258"}],"wp:attachment":[{"href":"https:\/\/raic.org\/fr\/wp-json\/wp\/v2\/media?parent=37197"}],"curies":[{"name":"wp","href":"https:\/\/api.w.org\/{rel}","templated":true}]}}