{"id":37033,"date":"2025-07-25T10:44:00","date_gmt":"2025-07-25T14:44:00","guid":{"rendered":"https:\/\/staging.raic.symbiodev.xyz\/?page_id=37033"},"modified":"2026-01-08T15:53:53","modified_gmt":"2026-01-08T20:53:53","slug":"forfait-de-partenariat-corporatif","status":"publish","type":"page","link":"https:\/\/raic.org\/fr\/a-propos\/partenariats-corporatifs\/forfait-de-partenariat-corporatif\/","title":{"rendered":"Forfait de partenariat corporatif"},"content":{"rendered":"\n<div style=\"height:10px\" aria-hidden=\"true\" class=\"wp-block-spacer\"><\/div>\n\n\n\n<h2 class=\"wp-block-heading\"><strong>Forfaits de partenariat corporatif<\/strong><\/h2>\n\n\n\n<p>Avec une communaut\u00e9 dynamique de <strong>5 300 membres<\/strong> et plus de<strong> 30 000 abonn\u00e9s<\/strong> sur nos plateformes de m\u00e9dias sociaux, un partenariat avec l\u2019IRAC offre un acc\u00e8s in\u00e9gal\u00e9 \u00e0 un public vaste et engag\u00e9.<br>Joignez-vous \u00e0 nous \u00e0 titre de partenaire corporatif pour entrer en contact avec les leaders de l\u2019industrie et d\u00e9montrer votre engagement envers l\u2019avenir de l\u2019architecture au Canada !<\/p>\n\n\n\n<div class=\"raic-anchor-target-point wp-block-raic-blocks-raic-anchor-target\" id=\"section-21c67c\" aria-label=\"Adh\u00e9sion affili\u00e9e corporative\" data-menu-label=\"Adh\u00e9sion affili\u00e9e corporative\">\n        <\/div>\n\n\n<div style=\"height:25px\" aria-hidden=\"true\" class=\"wp-block-spacer\"><\/div>\n\n\n\n<h2 class=\"wp-block-heading\"><strong>Adh\u00e9sion affili\u00e9e corporative<\/strong><\/h2>\n\n\n\n<div style=\"height:25px\" aria-hidden=\"true\" class=\"wp-block-spacer\"><\/div>\n\n\n\n<h6 class=\"wp-block-heading\"><strong>2 750<\/strong> $<\/h6>\n\n\n\n<div style=\"height:10px\" aria-hidden=\"true\" class=\"wp-block-spacer\"><\/div>\n\n\n\n<ul class=\"wp-block-list\">\n<li>Utilisation du logo d\u2019affili\u00e9 corporatif<\/li>\n\n\n\n<li>Page Web de l\u2019entreprise sur le site de l\u2019IRAC \u2013 incluant la description de l\u2019entreprise, les coordonn\u00e9es, des \u00e9l\u00e9ments graphiques et des liens vers des vid\u00e9os.<\/li>\n\n\n\n<li>Mise en vedette de l\u2019entreprise dans les bulletins \u00e9lectroniques et sur les m\u00e9dias sociaux \u2013 une fois par ann\u00e9e.<\/li>\n\n\n\n<li>Une (1) publication de bienvenue sur les m\u00e9dias sociaux de l\u2019IRAC et trois (3) partages suppl\u00e9mentaires dans nos stories Instagram OU mises en vedette sur notre page LinkedIn au cours de l\u2019ann\u00e9e.<\/li>\n\n\n\n<li>Inscription dans le Guide des ressources de l\u2019IRAC.<\/li>\n\n\n\n<li>Acc\u00e8s num\u00e9rique au Guide des ressources de l\u2019IRAC (r\u00e9pertoire des membres).<\/li>\n\n\n\n<li>R\u00e9ception de toutes les communications destin\u00e9es aux membres de l\u2019IRAC (bulletins d\u2019information et avis \u00e9lectroniques).<\/li>\n\n\n\n<li>Un acc\u00e8s utilisateur au site Web r\u00e9serv\u00e9 aux membres.<\/li>\n\n\n\n<li>Acc\u00e8s aux avantages r\u00e9serv\u00e9s aux membres.<\/li>\n\n\n\n<li>Acc\u00e8s \u00e0 Connects (plateforme de discussion en ligne r\u00e9serv\u00e9e aux membres).<\/li>\n\n\n\n<li>Rabais annuel sur les kiosques du salon de la Conf\u00e9rence (15 % de r\u00e9duction sur le kiosque de la Conf\u00e9rence 2026).<\/li>\n<\/ul>\n\n\n\n<p>Rabais de 50 % pour les organismes sans but lucratif<\/p>\n\n\n\n<div style=\"height:25px\" aria-hidden=\"true\" class=\"wp-block-spacer\"><\/div>\n\n\n\n<hr class=\"wp-block-separator has-alpha-channel-opacity\" \/>\n\n\n\n<div class=\"raic-anchor-target-point wp-block-raic-blocks-raic-anchor-target\" id=\"section-7936be\" aria-label=\"Occasions \u00e0 la carte\" data-menu-label=\"Occasions \u00e0 la carte\">\n        <\/div>\n\n\n<div style=\"height:25px\" aria-hidden=\"true\" class=\"wp-block-spacer\"><\/div>\n\n\n\n<h2 class=\"wp-block-heading\">&nbsp;<strong>Occasions \u00e0 la carte&nbsp;<\/strong><\/h2>\n\n\n\n<div style=\"height:25px\" aria-hidden=\"true\" class=\"wp-block-spacer\"><\/div>\n\n\n\n<p>En tant que membre affili\u00e9 corporatif, vous pouvez acheter des occasions suppl\u00e9mentaires pour interagir avec la communaut\u00e9 de l\u2019IRAC. Quantit\u00e9 limit\u00e9e offerte chaque ann\u00e9e !<\/p>\n\n\n\n<p><strong>Vous trouverez ci-dessous une liste d\u2019options offertes selon le principe du <em>premier arriv\u00e9, premier servi<\/em> :<\/strong><\/p>\n\n\n\n<ul class=\"wp-block-list\">\n<li>Mise \u00e0 niveau vers une inscription premium dans le Guide des ressources de l\u2019IRAC \u2013 500 $<\/li>\n\n\n\n<li>Pr\u00e9sentation de webinaire \u2013 1 000 $<\/li>\n\n\n\n<li>Mise en vedette dans la section des affili\u00e9s du bulletin \u00e9lectronique \u2013 1 000 $<\/li>\n\n\n\n<li>Avis \u00e9lectronique autonome \u2013 2 500 $ (12 disponibles par ann\u00e9e)<\/li>\n\n\n\n<li>Ajout d\u2019une publicit\u00e9 de 30 secondes avant une s\u00e9ance de formation continue de la Conf\u00e9rence offerte sur demande \u2013 500 $<\/li>\n\n\n\n<li>Acc\u00e8s utilisateur suppl\u00e9mentaire au site Web r\u00e9serv\u00e9 aux membres \u2013 433 $\/utilisateur<\/li>\n\n\n\n<li>Calendrier des \u00e9v\u00e9nements \u2013 250 $\/inscription<\/li>\n\n\n\n<li>Commandite d\u2019une r\u00e9union du conseil d\u2019administration \u2013 5 000 $<\/li>\n\n\n\n<li>Forfaits de commandite pour la Conf\u00e9rence, le Congr\u00e8s et le programme Distinctions et prix \u2013 montants variables de 2 500 $ \u00e0 25 000 $<\/li>\n<\/ul>\n\n\n\n<div style=\"height:15px\" aria-hidden=\"true\" class=\"wp-block-spacer\"><\/div>\n\n\n\n<h5 class=\"wp-block-heading\"><strong>Publications sur les m\u00e9dias sociaux<\/strong><\/h5>\n\n\n\n<div style=\"height:10px\" aria-hidden=\"true\" class=\"wp-block-spacer\"><\/div>\n\n\n\n<h6 class=\"wp-block-heading\"><strong>LinkedIn<\/strong><\/h6>\n\n\n\n<ul class=\"wp-block-list\">\n<li>200 $ \/ republication sur le fil des m\u00e9dias sociaux de l\u2019IRAC<\/li>\n\n\n\n<li>500 $ \/ publication sur le fil LinkedIn. Incluant le message personnalis\u00e9 du commanditaire, l\u2019IRAC cr\u00e9era les \u00e9l\u00e9ments graphiques afin qu\u2019ils respectent notre image de marque et notre esth\u00e9tique. Le commanditaire devra fournir les photos, le logo, le message et approuver les \u00e9l\u00e9ments finaux.<\/li>\n<\/ul>\n\n\n\n<h6 class=\"wp-block-heading\"><strong>Instagram<\/strong><\/h6>\n\n\n\n<ul class=\"wp-block-list\">\n<li>100 $ \/ republication dans la story de l\u2019IRAC<\/li>\n\n\n\n<li>300 $ \/ publication sur le fil Instagram de l\u2019IRAC. Incluant le message personnalis\u00e9 du commanditaire, l\u2019IRAC cr\u00e9era les \u00e9l\u00e9ments graphiques afin qu\u2019ils respectent notre image de marque et notre esth\u00e9tique. Le commanditaire devra fournir les photos, le logo, le message et approuver les \u00e9l\u00e9ments finaux.<\/li>\n<\/ul>\n\n\n\n<h6 class=\"wp-block-heading\"><strong>X<\/strong><\/h6>\n\n\n\n<ul class=\"wp-block-list\">\n<li>200 $ \/ publication si le commanditaire souhaite une publication permanente autonome sur le fil X de l\u2019IRAC. Incluant le message personnalis\u00e9 du commanditaire, l\u2019IRAC cr\u00e9era les \u00e9l\u00e9ments graphiques afin qu\u2019ils respectent notre image de marque et notre esth\u00e9tique. Le commanditaire devra fournir les photos, le logo, le message et approuver les \u00e9l\u00e9ments finaux.<\/li>\n<\/ul>\n\n\n\n<h6 class=\"wp-block-heading\"><strong>FaceBook<\/strong><\/h6>\n\n\n\n<ul class=\"wp-block-list\">\n<li>75 $ \/ republication sur le fil de l\u2019IRAC<\/li>\n\n\n\n<li>150 $ \/ publication sur le fil Facebook de l\u2019IRAC. Incluant le message personnalis\u00e9 du commanditaire, l\u2019IRAC cr\u00e9era les \u00e9l\u00e9ments graphiques afin qu\u2019ils respectent notre image de marque et notre esth\u00e9tique. Le commanditaire devra fournir les photos, le logo, le message et approuver les \u00e9l\u00e9ments finaux.<\/li>\n<\/ul>\n\n\n\n<div style=\"height:25px\" aria-hidden=\"true\" class=\"wp-block-spacer\"><\/div>\n\n\n\n<hr class=\"wp-block-separator has-alpha-channel-opacity\" \/>\n\n\n\n<div style=\"height:25px\" aria-hidden=\"true\" class=\"wp-block-spacer\"><\/div>\n\n\n\n<div class=\"raic-anchor-target-point wp-block-raic-blocks-raic-anchor-target\" id=\"section-cae8ea\" aria-label=\"Partenariats strat\u00e9giques\" data-menu-label=\"Partenariats strat\u00e9giques\">\n        <\/div>\n\n\n<h2 class=\"wp-block-heading\"><strong>Partenariats strat\u00e9giques<\/strong><\/h2>\n\n\n\n<div style=\"height:25px\" aria-hidden=\"true\" class=\"wp-block-spacer\"><\/div>\n\n\n\n<h6 class=\"wp-block-heading\"><strong>30 000 $ (\u00e9conomie de 25 %)&nbsp;&nbsp;<\/strong><\/h6>\n\n\n\n<div style=\"height:10px\" aria-hidden=\"true\" class=\"wp-block-spacer\"><\/div>\n\n\n\n<ul class=\"wp-block-list\">\n<li>Utilisation du logo de partenaire strat\u00e9gique<\/li>\n\n\n\n<li>Page Web de l\u2019entreprise sur le site de l\u2019IRAC \u2013 incluant la description de l\u2019entreprise, les coordonn\u00e9es, des \u00e9l\u00e9ments graphiques et des liens vers des vid\u00e9os<\/li>\n\n\n\n<li>Mise en vedette de l\u2019entreprise dans les bulletins \u00e9lectroniques et sur les m\u00e9dias sociaux \u2013 une fois par ann\u00e9e<\/li>\n\n\n\n<li>Une (1) publication de bienvenue sur toutes les plateformes de m\u00e9dias sociaux et cinq (5) partages suppl\u00e9mentaires dans nos stories Instagram OU mises en vedette sur notre page LinkedIn au cours de l\u2019ann\u00e9e<\/li>\n\n\n\n<li>\u00c9v\u00e9nements inscrits dans le calendrier des \u00e9v\u00e9nements de l\u2019IRAC<\/li>\n\n\n\n<li>Inscription premium dans le Guide des ressources de l\u2019IRAC<\/li>\n\n\n\n<li>Acc\u00e8s num\u00e9rique au Guide des ressources de l\u2019IRAC (r\u00e9pertoire des membres)<\/li>\n\n\n\n<li>R\u00e9ception de toutes les communications destin\u00e9es aux membres de l\u2019IRAC (bulletins d\u2019information et avis \u00e9lectroniques)<\/li>\n\n\n\n<li>Deux acc\u00e8s utilisateurs au site Web r\u00e9serv\u00e9 aux membres<\/li>\n\n\n\n<li>Acc\u00e8s \u00e0 Connects (plateforme de discussion en ligne r\u00e9serv\u00e9e aux membres)<\/li>\n\n\n\n<li>Acc\u00e8s aux avantages r\u00e9serv\u00e9s aux membres<\/li>\n\n\n\n<li>Rabais annuel sur les kiosques du salon de la Conf\u00e9rence (15 % de r\u00e9duction sur le kiosque de la Conf\u00e9rence 2026)<\/li>\n\n\n\n<li>Deux pr\u00e9sentations de webinaires<\/li>\n\n\n\n<li>Commandite de r\u00e9union<\/li>\n\n\n\n<li>Fonds de commandite \u2013 25 000 $. Peuvent \u00eatre utilis\u00e9s pour acheter des options dans la section \u00e0 la carte ou des forfaits de commandite pour la Conf\u00e9rence, le Congr\u00e8s ou le programme Distinctions et prix.<\/li>\n<\/ul>\n\n\n\n<div style=\"height:50px\" aria-hidden=\"true\" class=\"wp-block-spacer\"><\/div>\n\n\n\n<h2 class=\"wp-block-heading\"><strong>Faites partie de notre r\u00e9seau en pleine croissance &nbsp;<\/strong><\/h2>\n\n\n\n<div class=\"raic-generic-button-wrapper has-text-align-left wp-block-raic-blocks-raic-generic-button\">\n    <a href=\"https:\/\/docs.google.com\/forms\/d\/e\/1FAIpQLSeO37s0sWwCzJ2A9CtF7PopirM1zv8xdr-FXIjXTyPrFNvDCg\/viewform?usp=header\" \n       class=\"raic-generic-btn raic-secondary-btn-style\"\n       target=\"_blank\" rel=\"noopener noreferrer\">\n        Soumettez votre demande d\u00e8s aujourd\u2019hui    <\/a>\n<\/div>\n\n\n\n\n<p>Communiquez avec l\u2019\u00e9quipe des <a href=\"mailto:corporatepartners@raic.org\" target=\"_blank\" rel=\"noreferrer noopener\"><strong>partenariats corporatifs<\/strong><\/a> pour obtenir de plus amples renseignements.<\/p>\n","protected":false},"excerpt":{"rendered":"<p>Forfaits de partenariat corporatif Avec une communaut\u00e9 dynamique de 5 300 membres et plus de 30 000 abonn\u00e9s sur nos plateformes de m\u00e9dias sociaux, un partenariat avec l\u2019IRAC offre un acc\u00e8s in\u00e9gal\u00e9 \u00e0 un public vaste et engag\u00e9.Joignez-vous \u00e0 nous \u00e0 titre de partenaire corporatif pour entrer en contact avec les leaders de l\u2019industrie et [&hellip;]<\/p>\n","protected":false},"author":3,"featured_media":0,"parent":37013,"menu_order":0,"comment_status":"closed","ping_status":"closed","template":"template-two-column-wide.php","meta":{"_acf_changed":false,"footnotes":""},"class_list":["post-37033","page","type-page","status-publish","hentry"],"acf":[],"_links":{"self":[{"href":"https:\/\/raic.org\/fr\/wp-json\/wp\/v2\/pages\/37033","targetHints":{"allow":["GET"]}}],"collection":[{"href":"https:\/\/raic.org\/fr\/wp-json\/wp\/v2\/pages"}],"about":[{"href":"https:\/\/raic.org\/fr\/wp-json\/wp\/v2\/types\/page"}],"author":[{"embeddable":true,"href":"https:\/\/raic.org\/fr\/wp-json\/wp\/v2\/users\/3"}],"replies":[{"embeddable":true,"href":"https:\/\/raic.org\/fr\/wp-json\/wp\/v2\/comments?post=37033"}],"version-history":[{"count":4,"href":"https:\/\/raic.org\/fr\/wp-json\/wp\/v2\/pages\/37033\/revisions"}],"predecessor-version":[{"id":55262,"href":"https:\/\/raic.org\/fr\/wp-json\/wp\/v2\/pages\/37033\/revisions\/55262"}],"up":[{"embeddable":true,"href":"https:\/\/raic.org\/fr\/wp-json\/wp\/v2\/pages\/37013"}],"wp:attachment":[{"href":"https:\/\/raic.org\/fr\/wp-json\/wp\/v2\/media?parent=37033"}],"curies":[{"name":"wp","href":"https:\/\/api.w.org\/{rel}","templated":true}]}}