{"id":37031,"date":"2025-07-29T15:37:48","date_gmt":"2025-07-29T19:37:48","guid":{"rendered":"https:\/\/staging.raic.symbiodev.xyz\/?page_id=37031"},"modified":"2025-12-10T14:19:40","modified_gmt":"2025-12-10T19:19:40","slug":"livrets-du-college-des-fellows","status":"publish","type":"page","link":"https:\/\/raic.org\/fr\/a-propos\/college-des-fellows\/livrets-du-college-des-fellows\/","title":{"rendered":"Livrets du Coll\u00e8ge des Fellows"},"content":{"rendered":"\n<div style=\"height:25px\" aria-hidden=\"true\" class=\"wp-block-spacer\"><\/div>\n\n\n\n<h3 class=\"wp-block-heading\"><strong>Livrets du Coll\u00e8ge des Fellows&nbsp;<\/strong><\/h3>\n\n\n\n<div style=\"height:25px\" aria-hidden=\"true\" class=\"wp-block-spacer\"><\/div>\n\n\n\n<p>Chaque ann\u00e9e, un livret comm\u00e9moratif est produit, pr\u00e9sentant l\u2019histoire du Coll\u00e8ge ainsi qu\u2019une liste compl\u00e8te des nouveaux fellows et fellows honoraires intronis\u00e9s au cours de l\u2019ann\u00e9e, accompagn\u00e9e de leurs citations. Une liste compl\u00e8te des fellows et fellows honoraires actuels figure \u00e9galement \u00e0 la fin du livret. Tous les nouveaux fellows re\u00e7oivent un exemplaire du livret correspondant \u00e0 leur ann\u00e9e.<\/p>\n\n\n\n<p><strong>D\u00e9couvrez les \u00e9ditions num\u00e9riques ci-dessous.<\/strong><\/p>\n\n\n\n<div style=\"height:50px\" aria-hidden=\"true\" class=\"wp-block-spacer\"><\/div>\n\n\n\n<figure class=\"wp-block-image size-large\"><img decoding=\"async\" width=\"1024\" height=\"496\" data-src=\"https:\/\/raic.org\/sites\/raic.org\/wp-content\/uploads\/2025\/07\/COF-Book_1300x600-1-1024x496.jpg\" alt=\"\" class=\"wp-image-6917 lazyload\" data-srcset=\"https:\/\/raic.org\/sites\/raic.org\/wp-content\/uploads\/2025\/07\/COF-Book_1300x600-1-1024x496.jpg 1024w, https:\/\/raic.org\/sites\/raic.org\/wp-content\/uploads\/2025\/07\/COF-Book_1300x600-1-300x145.jpg 300w, https:\/\/raic.org\/sites\/raic.org\/wp-content\/uploads\/2025\/07\/COF-Book_1300x600-1-768x372.jpg 768w, https:\/\/raic.org\/sites\/raic.org\/wp-content\/uploads\/2025\/07\/COF-Book_1300x600-1.jpg 1300w\" data-sizes=\"(max-width: 1024px) 100vw, 1024px\" src=\"data:image\/svg+xml;base64,PHN2ZyB3aWR0aD0iMSIgaGVpZ2h0PSIxIiB4bWxucz0iaHR0cDovL3d3dy53My5vcmcvMjAwMC9zdmciPjwvc3ZnPg==\" style=\"--smush-placeholder-width: 1024px; --smush-placeholder-aspect-ratio: 1024\/496;\" \/><\/figure>\n\n\n\n<div style=\"height:25px\" aria-hidden=\"true\" class=\"wp-block-spacer\"><\/div>\n\n\n\n<h4 class=\"wp-block-heading\"><strong>Livrets du Coll\u00e8ge des Fellows \u2013 \u00c9dition num\u00e9rique<\/strong><\/h4>\n\n\n\n<div style=\"height:0px\" aria-hidden=\"true\" class=\"wp-block-spacer\"><\/div>\n\n\n<div class=\"raic-content-section container wp-block-raic-blocks-raic-accordion\" id=\"section-accordion\">\n        \n    <div class=\"raic-accordion\">\n                    <div class=\"raic-accordion-item\">\n                <div class=\"raic-accordion-header\">\n                    <h3 class=\"raic-accordion-title\">2025 &#8211; 2024<\/h3>\n                    <button class=\"raic-accordion-toggle\" aria-label=\"Toggle accordion item\">\n                        <span class=\"raic-icon-plus\"><\/span>\n                    <\/button>\n                <\/div>\n                <div class=\"raic-accordion-content\">\n                    <p><a href=\"https:\/\/raic.org\/sites\/raic.org\/wp-content\/uploads\/2025\/07\/book-of-fellows-2025_web.pdf\" class=\"raic-download-btn\" target=\"_blank\" rel=\"noopener noreferrer\">Livre des Fellows 2025 <img decoding=\"async\" data-src=\"https:\/\/raic.org\/wp-content\/themes\/raic\/images\/download-file-icon.svg\" alt=\"Download file icon\" src=\"data:image\/svg+xml;base64,PHN2ZyB3aWR0aD0iMSIgaGVpZ2h0PSIxIiB4bWxucz0iaHR0cDovL3d3dy53My5vcmcvMjAwMC9zdmciPjwvc3ZnPg==\" class=\"lazyload\"><\/a><\/p>\n<p><a href=\"https:\/\/raic.org\/sites\/raic.org\/wp-content\/uploads\/2025\/07\/book-of-fellows-2024_web.pdf\" class=\"raic-download-btn\" target=\"_blank\" rel=\"noopener noreferrer\">Livre des Fellows 2024 <img decoding=\"async\" data-src=\"https:\/\/raic.org\/wp-content\/themes\/raic\/images\/download-file-icon.svg\" alt=\"Download file icon\" src=\"data:image\/svg+xml;base64,PHN2ZyB3aWR0aD0iMSIgaGVpZ2h0PSIxIiB4bWxucz0iaHR0cDovL3d3dy53My5vcmcvMjAwMC9zdmciPjwvc3ZnPg==\" class=\"lazyload\"><\/a><\/p>\n                <\/div>\n            <\/div>\n                    <div class=\"raic-accordion-item\">\n                <div class=\"raic-accordion-header\">\n                    <h3 class=\"raic-accordion-title\">2023 &#8211; 2019<\/h3>\n                    <button class=\"raic-accordion-toggle\" aria-label=\"Toggle accordion item\">\n                        <span class=\"raic-icon-plus\"><\/span>\n                    <\/button>\n                <\/div>\n                <div class=\"raic-accordion-content\">\n                    <p><a href=\"https:\/\/raic.org\/sites\/raic.org\/wp-content\/uploads\/2025\/07\/book-of-fellows-2023_web.pdf\" class=\"raic-download-btn\" target=\"_blank\" rel=\"noopener noreferrer\">Livre des Fellows 2023\/2022 <img decoding=\"async\" data-src=\"https:\/\/raic.org\/wp-content\/themes\/raic\/images\/download-file-icon.svg\" alt=\"Download file icon\" src=\"data:image\/svg+xml;base64,PHN2ZyB3aWR0aD0iMSIgaGVpZ2h0PSIxIiB4bWxucz0iaHR0cDovL3d3dy53My5vcmcvMjAwMC9zdmciPjwvc3ZnPg==\" class=\"lazyload\"><\/a><\/p>\n<p><a href=\"https:\/\/raic.org\/sites\/raic.org\/wp-content\/uploads\/2025\/07\/book-of-fellows-2020-2021_web_1.pdf\" class=\"raic-download-btn\" target=\"_blank\" rel=\"noopener noreferrer\">Livre des Fellows 2020\/2021 <img decoding=\"async\" data-src=\"https:\/\/raic.org\/wp-content\/themes\/raic\/images\/download-file-icon.svg\" alt=\"Download file icon\" src=\"data:image\/svg+xml;base64,PHN2ZyB3aWR0aD0iMSIgaGVpZ2h0PSIxIiB4bWxucz0iaHR0cDovL3d3dy53My5vcmcvMjAwMC9zdmciPjwvc3ZnPg==\" class=\"lazyload\"><\/a><\/p>\n<p><a href=\"https:\/\/raic.org\/sites\/raic.org\/wp-content\/uploads\/2025\/07\/book-of-fellows-2019_print_1.pdf\" class=\"raic-download-btn\" target=\"_blank\" rel=\"noopener noreferrer\">Livre des Fellows 2019 <img decoding=\"async\" data-src=\"https:\/\/raic.org\/wp-content\/themes\/raic\/images\/download-file-icon.svg\" alt=\"Download file icon\" src=\"data:image\/svg+xml;base64,PHN2ZyB3aWR0aD0iMSIgaGVpZ2h0PSIxIiB4bWxucz0iaHR0cDovL3d3dy53My5vcmcvMjAwMC9zdmciPjwvc3ZnPg==\" class=\"lazyload\"><\/a><\/p>\n                <\/div>\n            <\/div>\n                    <div class=\"raic-accordion-item\">\n                <div class=\"raic-accordion-header\">\n                    <h3 class=\"raic-accordion-title\">2018 &#8211; 2014<\/h3>\n                    <button class=\"raic-accordion-toggle\" aria-label=\"Toggle accordion item\">\n                        <span class=\"raic-icon-plus\"><\/span>\n                    <\/button>\n                <\/div>\n                <div class=\"raic-accordion-content\">\n                    <p><a href=\"https:\/\/raic.org\/sites\/raic.org\/wp-content\/uploads\/2025\/07\/book-of-fellows-2018.pdf\" class=\"raic-download-btn\" target=\"_blank\" rel=\"noopener noreferrer\">Livre des Fellows 2018 <img decoding=\"async\" data-src=\"https:\/\/raic.org\/wp-content\/themes\/raic\/images\/download-file-icon.svg\" alt=\"Download file icon\" src=\"data:image\/svg+xml;base64,PHN2ZyB3aWR0aD0iMSIgaGVpZ2h0PSIxIiB4bWxucz0iaHR0cDovL3d3dy53My5vcmcvMjAwMC9zdmciPjwvc3ZnPg==\" class=\"lazyload\"><\/a><\/p>\n<p><a href=\"https:\/\/raic.org\/sites\/raic.org\/wp-content\/uploads\/2025\/07\/book-of-fellows-2017.pdf\" class=\"raic-download-btn\" target=\"_blank\" rel=\"noopener noreferrer\">Livre des Fellows 2017 <img decoding=\"async\" data-src=\"https:\/\/raic.org\/wp-content\/themes\/raic\/images\/download-file-icon.svg\" alt=\"Download file icon\" src=\"data:image\/svg+xml;base64,PHN2ZyB3aWR0aD0iMSIgaGVpZ2h0PSIxIiB4bWxucz0iaHR0cDovL3d3dy53My5vcmcvMjAwMC9zdmciPjwvc3ZnPg==\" class=\"lazyload\"><\/a><\/p>\n<p><a href=\"https:\/\/raic.org\/sites\/raic.org\/wp-content\/uploads\/2025\/07\/2016fellows.pdf\" class=\"raic-download-btn\" target=\"_blank\" rel=\"noopener noreferrer\">Livre des Fellows 2016 <img decoding=\"async\" data-src=\"https:\/\/raic.org\/wp-content\/themes\/raic\/images\/download-file-icon.svg\" alt=\"Download file icon\" src=\"data:image\/svg+xml;base64,PHN2ZyB3aWR0aD0iMSIgaGVpZ2h0PSIxIiB4bWxucz0iaHR0cDovL3d3dy53My5vcmcvMjAwMC9zdmciPjwvc3ZnPg==\" class=\"lazyload\"><\/a><\/p>\n<p><a href=\"https:\/\/raic.org\/sites\/raic.org\/wp-content\/uploads\/2025\/07\/2015fellows.pdf\" class=\"raic-download-btn\" target=\"_blank\" rel=\"noopener noreferrer\">Livre des Fellows 2015 <img decoding=\"async\" data-src=\"https:\/\/raic.org\/wp-content\/themes\/raic\/images\/download-file-icon.svg\" alt=\"Download file icon\" src=\"data:image\/svg+xml;base64,PHN2ZyB3aWR0aD0iMSIgaGVpZ2h0PSIxIiB4bWxucz0iaHR0cDovL3d3dy53My5vcmcvMjAwMC9zdmciPjwvc3ZnPg==\" class=\"lazyload\"><\/a><\/p>\n<p><a href=\"https:\/\/raic.org\/sites\/raic.org\/wp-content\/uploads\/2025\/07\/2014fellows.pdf\" class=\"raic-download-btn\" target=\"_blank\" rel=\"noopener noreferrer\">Livre des Fellows 2014 <img decoding=\"async\" data-src=\"https:\/\/raic.org\/wp-content\/themes\/raic\/images\/download-file-icon.svg\" alt=\"Download file icon\" src=\"data:image\/svg+xml;base64,PHN2ZyB3aWR0aD0iMSIgaGVpZ2h0PSIxIiB4bWxucz0iaHR0cDovL3d3dy53My5vcmcvMjAwMC9zdmciPjwvc3ZnPg==\" class=\"lazyload\"><\/a><\/p>\n                <\/div>\n            <\/div>\n                    <div class=\"raic-accordion-item\">\n                <div class=\"raic-accordion-header\">\n                    <h3 class=\"raic-accordion-title\">2013 &#8211; 2009<\/h3>\n                    <button class=\"raic-accordion-toggle\" aria-label=\"Toggle accordion item\">\n                        <span class=\"raic-icon-plus\"><\/span>\n                    <\/button>\n                <\/div>\n                <div class=\"raic-accordion-content\">\n                    <p><a href=\"https:\/\/raic.org\/sites\/raic.org\/wp-content\/uploads\/2025\/07\/2013fellows.pdf\" class=\"raic-download-btn\" target=\"_blank\" rel=\"noopener noreferrer\">Livre des Fellows 2013 <img decoding=\"async\" data-src=\"https:\/\/raic.org\/wp-content\/themes\/raic\/images\/download-file-icon.svg\" alt=\"Download file icon\" src=\"data:image\/svg+xml;base64,PHN2ZyB3aWR0aD0iMSIgaGVpZ2h0PSIxIiB4bWxucz0iaHR0cDovL3d3dy53My5vcmcvMjAwMC9zdmciPjwvc3ZnPg==\" class=\"lazyload\"><\/a><\/p>\n<p><a href=\"https:\/\/raic.org\/sites\/raic.org\/wp-content\/uploads\/2025\/07\/2012fellows.pdf\" class=\"raic-download-btn\" target=\"_blank\" rel=\"noopener noreferrer\">Livre des Fellows 2012 <img decoding=\"async\" data-src=\"https:\/\/raic.org\/wp-content\/themes\/raic\/images\/download-file-icon.svg\" alt=\"Download file icon\" src=\"data:image\/svg+xml;base64,PHN2ZyB3aWR0aD0iMSIgaGVpZ2h0PSIxIiB4bWxucz0iaHR0cDovL3d3dy53My5vcmcvMjAwMC9zdmciPjwvc3ZnPg==\" class=\"lazyload\"><\/a><\/p>\n<p><a href=\"https:\/\/raic.org\/sites\/raic.org\/wp-content\/uploads\/2025\/07\/2011fellows.pdf\" class=\"raic-download-btn\" target=\"_blank\" rel=\"noopener noreferrer\">Livre des Fellows 2011 <img decoding=\"async\" data-src=\"https:\/\/raic.org\/wp-content\/themes\/raic\/images\/download-file-icon.svg\" alt=\"Download file icon\" src=\"data:image\/svg+xml;base64,PHN2ZyB3aWR0aD0iMSIgaGVpZ2h0PSIxIiB4bWxucz0iaHR0cDovL3d3dy53My5vcmcvMjAwMC9zdmciPjwvc3ZnPg==\" class=\"lazyload\"><\/a><\/p>\n<p><a href=\"https:\/\/raic.org\/sites\/raic.org\/wp-content\/uploads\/2025\/07\/2010fellows.pdf\" class=\"raic-download-btn\" target=\"_blank\" rel=\"noopener noreferrer\">Livre des Fellows 2010 <img decoding=\"async\" data-src=\"https:\/\/raic.org\/wp-content\/themes\/raic\/images\/download-file-icon.svg\" alt=\"Download file icon\" src=\"data:image\/svg+xml;base64,PHN2ZyB3aWR0aD0iMSIgaGVpZ2h0PSIxIiB4bWxucz0iaHR0cDovL3d3dy53My5vcmcvMjAwMC9zdmciPjwvc3ZnPg==\" class=\"lazyload\"><\/a><\/p>\n<p><a href=\"https:\/\/raic.org\/sites\/raic.org\/wp-content\/uploads\/2025\/07\/2009fellows.pdf\" class=\"raic-download-btn\" target=\"_blank\" rel=\"noopener noreferrer\">Livre des Fellows 2009 <img decoding=\"async\" data-src=\"https:\/\/raic.org\/wp-content\/themes\/raic\/images\/download-file-icon.svg\" alt=\"Download file icon\" src=\"data:image\/svg+xml;base64,PHN2ZyB3aWR0aD0iMSIgaGVpZ2h0PSIxIiB4bWxucz0iaHR0cDovL3d3dy53My5vcmcvMjAwMC9zdmciPjwvc3ZnPg==\" class=\"lazyload\"><\/a><\/p>\n                <\/div>\n            <\/div>\n                    <div class=\"raic-accordion-item\">\n                <div class=\"raic-accordion-header\">\n                    <h3 class=\"raic-accordion-title\">2008 &#8211; 2004<\/h3>\n                    <button class=\"raic-accordion-toggle\" aria-label=\"Toggle accordion item\">\n                        <span class=\"raic-icon-plus\"><\/span>\n                    <\/button>\n                <\/div>\n                <div class=\"raic-accordion-content\">\n                    <p><a href=\"https:\/\/raic.org\/sites\/raic.org\/wp-content\/uploads\/2025\/07\/2008fellows.pdf\" class=\"raic-download-btn\" target=\"_blank\" rel=\"noopener noreferrer\">Livre des Fellows 2008 <img decoding=\"async\" data-src=\"https:\/\/raic.org\/wp-content\/themes\/raic\/images\/download-file-icon.svg\" alt=\"Download file icon\" src=\"data:image\/svg+xml;base64,PHN2ZyB3aWR0aD0iMSIgaGVpZ2h0PSIxIiB4bWxucz0iaHR0cDovL3d3dy53My5vcmcvMjAwMC9zdmciPjwvc3ZnPg==\" class=\"lazyload\"><\/a><\/p>\n<p><a href=\"https:\/\/raic.org\/sites\/raic.org\/wp-content\/uploads\/2025\/07\/2007fellows.pdf\" class=\"raic-download-btn\" target=\"_blank\" rel=\"noopener noreferrer\">Livre des Fellows 2007 <img decoding=\"async\" data-src=\"https:\/\/raic.org\/wp-content\/themes\/raic\/images\/download-file-icon.svg\" alt=\"Download file icon\" src=\"data:image\/svg+xml;base64,PHN2ZyB3aWR0aD0iMSIgaGVpZ2h0PSIxIiB4bWxucz0iaHR0cDovL3d3dy53My5vcmcvMjAwMC9zdmciPjwvc3ZnPg==\" class=\"lazyload\"><\/a><\/p>\n<p><a href=\"https:\/\/raic.org\/sites\/raic.org\/wp-content\/uploads\/2025\/07\/2006fellows.pdf\" class=\"raic-download-btn\" target=\"_blank\" rel=\"noopener noreferrer\">Livre des Fellows 2006 <img decoding=\"async\" data-src=\"https:\/\/raic.org\/wp-content\/themes\/raic\/images\/download-file-icon.svg\" alt=\"Download file icon\" src=\"data:image\/svg+xml;base64,PHN2ZyB3aWR0aD0iMSIgaGVpZ2h0PSIxIiB4bWxucz0iaHR0cDovL3d3dy53My5vcmcvMjAwMC9zdmciPjwvc3ZnPg==\" class=\"lazyload\"><\/a><\/p>\n<p><a href=\"https:\/\/raic.org\/sites\/raic.org\/wp-content\/uploads\/2025\/07\/2005fellows.pdf\" class=\"raic-download-btn\" target=\"_blank\" rel=\"noopener noreferrer\">Livre des Fellows 2005 <img decoding=\"async\" data-src=\"https:\/\/raic.org\/wp-content\/themes\/raic\/images\/download-file-icon.svg\" alt=\"Download file icon\" src=\"data:image\/svg+xml;base64,PHN2ZyB3aWR0aD0iMSIgaGVpZ2h0PSIxIiB4bWxucz0iaHR0cDovL3d3dy53My5vcmcvMjAwMC9zdmciPjwvc3ZnPg==\" class=\"lazyload\"><\/a><\/p>\n<p><a href=\"https:\/\/raic.org\/sites\/raic.org\/wp-content\/uploads\/2025\/07\/2004fellows.pdf\" class=\"raic-download-btn\" target=\"_blank\" rel=\"noopener noreferrer\">Livre des Fellows 2004 <img decoding=\"async\" data-src=\"https:\/\/raic.org\/wp-content\/themes\/raic\/images\/download-file-icon.svg\" alt=\"Download file icon\" src=\"data:image\/svg+xml;base64,PHN2ZyB3aWR0aD0iMSIgaGVpZ2h0PSIxIiB4bWxucz0iaHR0cDovL3d3dy53My5vcmcvMjAwMC9zdmciPjwvc3ZnPg==\" class=\"lazyload\"><\/a><\/p>\n                <\/div>\n            <\/div>\n            <\/div>\n<\/div>\n\n\n<div style=\"height:50px\" aria-hidden=\"true\" class=\"wp-block-spacer\"><\/div>\n\n\n\n<p><\/p>\n","protected":false},"excerpt":{"rendered":"<p>Livrets du Coll\u00e8ge des Fellows&nbsp; Chaque ann\u00e9e, un livret comm\u00e9moratif est produit, pr\u00e9sentant l\u2019histoire du Coll\u00e8ge ainsi qu\u2019une liste compl\u00e8te des nouveaux fellows et fellows honoraires intronis\u00e9s au cours de l\u2019ann\u00e9e, accompagn\u00e9e de leurs citations. Une liste compl\u00e8te des fellows et fellows honoraires actuels figure \u00e9galement \u00e0 la fin du livret. Tous les nouveaux fellows [&hellip;]<\/p>\n","protected":false},"author":3,"featured_media":0,"parent":37004,"menu_order":2,"comment_status":"closed","ping_status":"closed","template":"template-two-column-narrow.php","meta":{"_acf_changed":false,"footnotes":""},"class_list":["post-37031","page","type-page","status-publish","hentry"],"acf":[],"_links":{"self":[{"href":"https:\/\/raic.org\/fr\/wp-json\/wp\/v2\/pages\/37031","targetHints":{"allow":["GET"]}}],"collection":[{"href":"https:\/\/raic.org\/fr\/wp-json\/wp\/v2\/pages"}],"about":[{"href":"https:\/\/raic.org\/fr\/wp-json\/wp\/v2\/types\/page"}],"author":[{"embeddable":true,"href":"https:\/\/raic.org\/fr\/wp-json\/wp\/v2\/users\/3"}],"replies":[{"embeddable":true,"href":"https:\/\/raic.org\/fr\/wp-json\/wp\/v2\/comments?post=37031"}],"version-history":[{"count":4,"href":"https:\/\/raic.org\/fr\/wp-json\/wp\/v2\/pages\/37031\/revisions"}],"predecessor-version":[{"id":52936,"href":"https:\/\/raic.org\/fr\/wp-json\/wp\/v2\/pages\/37031\/revisions\/52936"}],"up":[{"embeddable":true,"href":"https:\/\/raic.org\/fr\/wp-json\/wp\/v2\/pages\/37004"}],"wp:attachment":[{"href":"https:\/\/raic.org\/fr\/wp-json\/wp\/v2\/media?parent=37031"}],"curies":[{"name":"wp","href":"https:\/\/api.w.org\/{rel}","templated":true}]}}