{"id":37029,"date":"2025-07-29T15:37:17","date_gmt":"2025-07-29T19:37:17","guid":{"rendered":"https:\/\/staging.raic.symbiodev.xyz\/?page_id=37029"},"modified":"2025-12-10T14:20:39","modified_gmt":"2025-12-10T19:20:39","slug":"nominations","status":"publish","type":"page","link":"https:\/\/raic.org\/fr\/a-propos\/college-des-fellows\/nominations\/","title":{"rendered":"Mises en candidature"},"content":{"rendered":"\n<h6 class=\"wp-block-heading\">L\u2019appel de mises en candidature est maintenant termin\u00e9 et rouvrira en juillet 2026.<br><\/h6>\n\n\n\n<div style=\"height:54px\" aria-hidden=\"true\" class=\"wp-block-spacer\"><\/div>\n\n\n\n<h5 class=\"wp-block-heading\"><strong>Mises en candidature pour la distinction de Fellow<\/strong><\/h5>\n\n\n\n<div style=\"height:54px\" aria-hidden=\"true\" class=\"wp-block-spacer\"><\/div>\n\n\n\n<blockquote class=\"wp-block-quote has-text-align-left is-layout-flow wp-block-quote-is-layout-flow\">\n<p class=\"has-text-align-left\">&#8220;Un Fellow du Coll\u00e8ge de l\u2019IRAC est un membre de l\u2019IRAC qui s\u2019est distingu\u00e9 par son excellence professionnelle ou par les services remarquables qu\u2019il a rendus \u00e0 la profession ou \u00e0 la collectivit\u00e9 en g\u00e9n\u00e9ral. Le titre de Fellow est conf\u00e9r\u00e9 \u00e0 vie et constitue l\u2019une des plus hautes distinctions que l\u2019IRAC puisse accorder \u00e0 un membre.&#8221;<\/p>\n<cite>R\u00e8gles et r\u00e8glements du Coll\u00e8ge des Fellows&nbsp;<\/cite><\/blockquote>\n\n\n\n<div style=\"height:54px\" aria-hidden=\"true\" class=\"wp-block-spacer\"><\/div>\n\n\n\n<div class=\"raic-anchor-target-point wp-block-raic-blocks-raic-anchor-target\" id=\"section-53710e\" aria-label=\"Candidatures \u2013 Fellows\" data-menu-label=\"Candidatures \u2013 Fellows\">\n        <\/div>\n\n\n<h5 class=\"wp-block-heading has-text-align-left\"><strong>Lignes directrices pour la mise en candidature de membres pour la distinction de Fellow<\/strong><\/h5>\n\n\n<div class=\"raic-content-section container wp-block-raic-blocks-raic-accordion\" id=\"section-accordion\">\n        \n    <div class=\"raic-accordion\">\n                    <div class=\"raic-accordion-item\">\n                <div class=\"raic-accordion-header\">\n                    <h3 class=\"raic-accordion-title\"><strong>Processus de mise en candidature<\/strong><\/h3>\n                    <button class=\"raic-accordion-toggle\" aria-label=\"Toggle accordion item\">\n                        <span class=\"raic-icon-plus\"><\/span>\n                    <\/button>\n                <\/div>\n                <div class=\"raic-accordion-content\">\n                    <p>Un Fellow de l\u2019Institut (d\u00e9sign\u00e9 comme le \u00ab parrain \u00bb) peut proposer la candidature d\u2019un membre de l\u2019IRAC au Coll\u00e8ge des Fellows de l\u2019IRAC, avec l\u2019appui de quatre (4) membres r\u00e9f\u00e9rences (d\u00e9sign\u00e9s comme les \u00ab r\u00e9f\u00e9rents \u00bb), dont au moins un (1) doit \u00eatre un Fellow.<br \/>\nLe titre de Fellow est d\u00e9cern\u00e9 en reconnaissance d\u2019une contribution exceptionnelle \u00e0 l\u2019architecture, selon les cat\u00e9gories d\u00e9crites ci-dessous.<\/p>\n<p>Les parrains doivent choisir une (1) des cat\u00e9gories suivantes (et une sous-cat\u00e9gorie, le cas \u00e9ch\u00e9ant), avec l\u2019appui d\u2019une ou de plusieurs des cat\u00e9gories, au besoin :<\/p>\n<ul>\n  <strong>Cat\u00e9gorie 1<\/strong><\/li>\n<p>  Contribution distingu\u00e9e \u00e0 la profession d\u2019architecte ou \u00e0 la collectivit\u00e9 en g\u00e9n\u00e9ral, soutenue par des activit\u00e9s b\u00e9n\u00e9voles li\u00e9es \u00e0 l\u2019architecture.<\/li>\n<p>  OU<\/li>\n<p> Contribution distingu\u00e9e \u00e0 la profession favorisant l\u2019excellence dans la pratique de l\u2019architecture gr\u00e2ce \u00e0 un leadership au sein de la fonction publique ou d\u2019organismes de l\u2019industrie.<\/li>\n<p><strong>Cat\u00e9gorie 2<\/strong><\/li>\n<p> Contribution distingu\u00e9e par l\u2019excellence en conception architecturale, en gestion de la conception ou en innovation, appuy\u00e9e par la reconnaissance des pairs ou des prix de design.<\/li>\n<p><strong>Cat\u00e9gorie 3<\/strong><\/li>\n<p> Contribution distingu\u00e9e \u00e0 la recherche, \u00e0 la publication ou \u00e0 l\u2019enseignement dans le domaine de l\u2019architecture.<\/li>\n<\/ul>\n<ul>\n  OU<\/li>\n<p> Contribution distingu\u00e9e au mentorat d\u2019\u00e9tudiants, de stagiaires ou d\u2019architectes dans le d\u00e9veloppement de leur carri\u00e8re.<\/li>\n<\/ul>\n                <\/div>\n            <\/div>\n                    <div class=\"raic-accordion-item\">\n                <div class=\"raic-accordion-header\">\n                    <h3 class=\"raic-accordion-title\"><strong>Preuves \u00e0 l\u2019appui<\/strong><\/h3>\n                    <button class=\"raic-accordion-toggle\" aria-label=\"Toggle accordion item\">\n                        <span class=\"raic-icon-plus\"><\/span>\n                    <\/button>\n                <\/div>\n                <div class=\"raic-accordion-content\">\n                    <p>Les parrains doivent \u00e9galement fournir des preuves \u00e0 l\u2019appui correspondant \u00e0 la ou aux cat\u00e9gories s\u00e9lectionn\u00e9es.<br \/>\nLes exemples suivants sont fournis \u00e0 titre indicatif, sans toutefois s\u2019y limiter :<\/p>\n<ul>\n  <strong>Cat\u00e9gorie 1<\/strong><\/li>\n<p>  Lettres provenant d\u2019organismes communautaires, de clients, d\u2019associations professionnelles, etc.<\/li>\n<p>  <strong>Cat\u00e9gorie 2<\/strong><\/li>\n<p>  T\u00e9moignages et\/ou prix en conception architecturale, en gestion de conception ou en innovation.<\/li>\n<p>  <strong>Cat\u00e9gorie 3<\/strong><\/li>\n<p>  Listes de publications, aper\u00e7u des recherches ou t\u00e9moignages d\u2019\u00e9tudiants.<\/li>\n<\/ul>\n                <\/div>\n            <\/div>\n                    <div class=\"raic-accordion-item\">\n                <div class=\"raic-accordion-header\">\n                    <h3 class=\"raic-accordion-title\"><strong>Exigences relatives \u00e0 la mise en candidature<\/strong><\/h3>\n                    <button class=\"raic-accordion-toggle\" aria-label=\"Toggle accordion item\">\n                        <span class=\"raic-icon-plus\"><\/span>\n                    <\/button>\n                <\/div>\n                <div class=\"raic-accordion-content\">\n                    <p>Un membre ou un Fellow ne peut appuyer qu\u2019une seule mise en candidature par ann\u00e9e.<\/p>\n<ol>\n<li>Seulement un (1) des cinq (5) membres appuyant la mise en candidature peut provenir de la m\u00eame organisation que le candidat (le parrain ou les r\u00e9f\u00e9rents).<\/li>\n<li>Le processus de mise en candidature est bas\u00e9 sur les r\u00e9gions, mais les parrains et les r\u00e9f\u00e9rents d\u2019une r\u00e9gion donn\u00e9e peuvent proposer la candidature de tout membre provenant de n\u2019importe quelle r\u00e9gion du Canada.<\/li>\n<li>Un Fellow de l\u2019IRAC doit agir \u00e0 titre de parrain (le \u00ab parrain \u00bb), pr\u00e9parer le curriculum vit\u00e6, la citation, et recueillir toute la documentation justificative pour le candidat.<\/li>\n<li>Le parrain est responsable de s\u2019assurer que tous les documents sont soumis correctement et agit comme interm\u00e9diaire entre le processus d\u2019\u00e9valuation et les membres de l\u2019IRAC fournissant des r\u00e9f\u00e9rences (d\u00e9sign\u00e9s ci-apr\u00e8s comme les \u00ab r\u00e9f\u00e9rents \u00bb).<\/li>\n<li>Les pr\u00e9sidents r\u00e9gionaux, membres des comit\u00e9s r\u00e9gionaux, membres du Comit\u00e9 national du Coll\u00e8ge des Fellows et membres du conseil d\u2019administration de l\u2019IRAC ne sont pas autoris\u00e9s \u00e0 proposer une candidature.<\/li>\n<\/ol>\n                <\/div>\n            <\/div>\n                    <div class=\"raic-accordion-item\">\n                <div class=\"raic-accordion-header\">\n                    <h3 class=\"raic-accordion-title\"><strong>Exigences relatives \u00e0 la soumission<\/strong><\/h3>\n                    <button class=\"raic-accordion-toggle\" aria-label=\"Toggle accordion item\">\n                        <span class=\"raic-icon-plus\"><\/span>\n                    <\/button>\n                <\/div>\n                <div class=\"raic-accordion-content\">\n                    <ol>\n<li><strong>Les pr\u00e9sidents r\u00e9gionaux, les membres des comit\u00e9s r\u00e9gionaux, les membres du Comit\u00e9 national et les membres du conseil d\u2019administration de l\u2019Institut ne peuvent agir \u00e0 titre de parrains ni de r\u00e9f\u00e9rents pour les candidats \u00e0 la distinction de Fellow.<\/strong><\/li>\n<li>La mise en candidature doit inclure des lettres d\u2019appui du parrain et de chacune des quatre r\u00e9f\u00e9rences appuyant la candidature. Chaque lettre d\u2019appui, d\u2019un maximum de 400 mots, doit fournir des \u00e9l\u00e9ments de preuve attestant des qualifications du candidat selon la cat\u00e9gorie choisie par le parrain.<\/li>\n<li>Les candidatures retenues doivent d\u00e9montrer de la rigueur dans la pr\u00e9sentation des preuves justifiant les qualifications du candidat d\u00e9crites dans les lettres d\u2019appui. (Les lettres doivent \u00eatre adress\u00e9es au comit\u00e9 r\u00e9gional ou au pr\u00e9sident r\u00e9gional de la r\u00e9gion o\u00f9 le dossier de candidature est soumis.)<br \/>\n  <a href=\"https:\/\/raic.org\/about\/college-of-fellows\/committees\/\" target=\"_blank\" rel=\"noopener noreferrer\">Pr\u00e9sidents r\u00e9gionaux<\/a><\/li>\n<li><strong>Tous les dossiers de mise en candidature doivent \u00eatre soumis en ligne \u00e0 la r\u00e9gion o\u00f9 le candidat r\u00e9side habituellement, avant la date limite fix\u00e9e chaque ann\u00e9e.<\/strong><\/li>\n<li>La mise en candidature \u00e0 la distinction de Fellow est <strong>CONFIDENTIELLE ET DOIT DEMEURER ANONYME<\/strong>. Tous les parrains et r\u00e9f\u00e9rents doivent respecter la confidentialit\u00e9 et ne doivent avoir aucun contact direct avec le candidat concernant la mise en candidature.<\/li>\n<li>Le candidat doit \u00eatre membre en r\u00e8gle de l\u2019IRAC et avoir \u00e9t\u00e9 membre de l\u2019IRAC pendant au moins cinq (5) ann\u00e9es (non cons\u00e9cutives) au cours des dix (10) derni\u00e8res ann\u00e9es pr\u00e9c\u00e9dant la date de soumission.<\/li>\n<li>Un candidat ne doit en aucun cas solliciter sa propre mise en candidature, sous quelque forme que ce soit.<\/li>\n<li>Le parrain doit fournir un curriculum vit\u00e6 du candidat ainsi qu\u2019une citation de 250 mots appuyant la cat\u00e9gorie de mise en candidature. Des exemples de citations pr\u00e9c\u00e9dentes et une liste de bonnes et mauvaises pratiques sont disponibles sur le site Web de l\u2019IRAC.<\/li>\n<li>Les parrains et les r\u00e9f\u00e9rents doivent \u00eatre membres en r\u00e8gle de l\u2019IRAC.<\/li>\n<\/ol>\n                <\/div>\n            <\/div>\n                    <div class=\"raic-accordion-item\">\n                <div class=\"raic-accordion-header\">\n                    <h3 class=\"raic-accordion-title\"><strong>Soumissions<\/strong><\/h3>\n                    <button class=\"raic-accordion-toggle\" aria-label=\"Toggle accordion item\">\n                        <span class=\"raic-icon-plus\"><\/span>\n                    <\/button>\n                <\/div>\n                <div class=\"raic-accordion-content\">\n                    <p><strong>Les soumissions doivent \u00eatre effectu\u00e9es par l\u2019entremise de la plateforme de soumission en ligne de l\u2019IRAC.<\/strong><br \/>\nSoumettez votre dossier <a href=\"https:\/\/raic.awardsplatform.com\/\" target=\"_blank\" rel=\"noopener noreferrer\">ici<\/a>.<br \/>\nPour obtenir de plus amples renseignements sur le processus d\u2019attribution du titre de Fellow ou de Fellow honoraire, veuillez \u00e9crire \u00e0<br \/>\n<a href=\"mailto:awards-prix@raic.org\" target=\"_blank\" rel=\"noopener noreferrer\">awards-prix@raic.org<\/a>.<\/p>\n                <\/div>\n            <\/div>\n                    <div class=\"raic-accordion-item\">\n                <div class=\"raic-accordion-header\">\n                    <h3 class=\"raic-accordion-title\"><strong>Date limite<\/strong><\/h3>\n                    <button class=\"raic-accordion-toggle\" aria-label=\"Toggle accordion item\">\n                        <span class=\"raic-icon-plus\"><\/span>\n                    <\/button>\n                <\/div>\n                <div class=\"raic-accordion-content\">\n                    <p>Les soumissions doivent \u00eatre re\u00e7ues avant 22 h (HE), le 31 octobre.<br \/>\nLes candidats sont enti\u00e8rement responsables du respect de l\u2019\u00e9ch\u00e9ance.<br \/>\nCette date et cette heure sont fermes et aucune exception ne sera accord\u00e9e.<\/p>\n                <\/div>\n            <\/div>\n            <\/div>\n<\/div>\n\n\n<div style=\"height:54px\" aria-hidden=\"true\" class=\"wp-block-spacer\"><\/div>\n\n\n\n<h5 class=\"wp-block-heading\"><strong>Candidatures au titre de Fellow honoraire<\/strong><\/h5>\n\n\n\n<div style=\"height:54px\" aria-hidden=\"true\" class=\"wp-block-spacer\"><\/div>\n\n\n\n<blockquote class=\"wp-block-quote has-text-align-left alignleft is-layout-flow wp-block-quote-is-layout-flow\">\n<p class=\"has-text-align-left\">&#8220;Un Fellow honoraire du Coll\u00e8ge de l\u2019IRAC est un membre honoraire de l\u2019IRAC qui s\u2019est distingu\u00e9 par son excellence professionnelle \u00e0 l\u2019\u00e9chelle internationale ou par les services remarquables qu\u2019il a rendus \u00e0 la profession ou \u00e0 la collectivit\u00e9, au Canada ou \u00e0 l\u2019\u00e9tranger.<br>Le titre de Fellow honoraire est conf\u00e9r\u00e9 \u00e0 vie et constitue l\u2019une des plus hautes distinctions que l\u2019IRAC puisse accorder \u00e0 une personne non membre.&#8221;&nbsp;<\/p>\n<cite>R\u00e8gles et r\u00e8glements du Coll\u00e8ge des Fellows&nbsp;<\/cite><\/blockquote>\n\n\n\n<div style=\"height:54px\" aria-hidden=\"true\" class=\"wp-block-spacer\"><\/div>\n\n\n\n<div class=\"raic-anchor-target-point wp-block-raic-blocks-raic-anchor-target\" id=\"section-209a1b\" aria-label=\"Candidatures \u2013 Fellows honoraires\" data-menu-label=\"Candidatures \u2013 Fellows honoraires\">\n        <\/div>\n\n\n<h5 class=\"wp-block-heading has-text-align-left\"><strong>Lignes directrices pour la mise en candidature de personnes pour la distinction de Fellow honoraire&nbsp;<\/strong><\/h5>\n\n\n<div class=\"raic-content-section container wp-block-raic-blocks-raic-accordion\" id=\"section-accordion\">\n        \n    <div class=\"raic-accordion\">\n                    <div class=\"raic-accordion-item\">\n                <div class=\"raic-accordion-header\">\n                    <h3 class=\"raic-accordion-title\"><strong>Processus de mise en candidature <\/strong><\/h3>\n                    <button class=\"raic-accordion-toggle\" aria-label=\"Toggle accordion item\">\n                        <span class=\"raic-icon-plus\"><\/span>\n                    <\/button>\n                <\/div>\n                <div class=\"raic-accordion-content\">\n                    <p>Un Fellow de l\u2019Institut (d\u00e9sign\u00e9 comme le \u00ab parrain \u00bb) peut proposer la candidature de toute personne \u00e0 la distinction de Fellow honoraire du Coll\u00e8ge de l\u2019IRAC.<br \/>\nLes mises en candidature doivent \u00eatre appuy\u00e9es par au moins deux (2) membres agissant \u00e0 titre de r\u00e9f\u00e9rences (d\u00e9sign\u00e9s comme les \u00ab r\u00e9f\u00e9rents \u00bb).  <\/p>\n<p>La distinction de Fellow honoraire peut \u00eatre d\u00e9cern\u00e9e \u00e0 un architecte international ou \u00e0 un professionnel connexe en reconnaissance de ses contributions exceptionnelles au milieu b\u00e2ti et de l\u2019une (1) ou plusieurs des qualit\u00e9s suivantes :  <\/p>\n<ul>\n<li>Service distingu\u00e9 rendu \u00e0 la profession d\u2019architecte ou \u00e0 la collectivit\u00e9 en g\u00e9n\u00e9ral, soutenu par des contributions b\u00e9n\u00e9voles li\u00e9es \u00e0 l\u2019architecture.<\/li>\n<li>Contributions distingu\u00e9es \u00e0 la profession favorisant l\u2019excellence dans la pratique de l\u2019architecture gr\u00e2ce \u00e0 un leadership au sein de la fonction publique ou d\u2019organismes de l\u2019industrie.<\/li>\n<li>Contribution distingu\u00e9e par l\u2019excellence en conception architecturale, en gestion de la conception ou en innovation, appuy\u00e9e par la reconnaissance des pairs ou par des prix de design.<\/li>\n<li>Contributions universitaires distingu\u00e9es, appuy\u00e9es par la recherche, les publications ou l\u2019enseignement dans le domaine de l\u2019architecture ou dans un domaine connexe.<\/li>\n<li>Contribution distingu\u00e9e au mentorat d\u2019\u00e9tudiants, de stagiaires ou d\u2019architectes, favorisant le d\u00e9veloppement de leur carri\u00e8re.<\/li>\n<\/ul>\n                <\/div>\n            <\/div>\n                    <div class=\"raic-accordion-item\">\n                <div class=\"raic-accordion-header\">\n                    <h3 class=\"raic-accordion-title\"><strong>Preuves \u00e0 l\u2019appui\u00a0<\/strong><\/h3>\n                    <button class=\"raic-accordion-toggle\" aria-label=\"Toggle accordion item\">\n                        <span class=\"raic-icon-plus\"><\/span>\n                    <\/button>\n                <\/div>\n                <div class=\"raic-accordion-content\">\n                    <ol>\n<li>Le parrain et les membres agissant \u00e0 titre de r\u00e9f\u00e9rences doivent fournir des preuves \u00e0 l\u2019appui pour soutenir la mise en candidature.<\/li>\n<li>Les architectes titulaires d\u2019un permis au Canada ne sont pas admissibles \u00e0 une mise en candidature \u00e0 titre de Fellow honoraire.<br \/>\n  Les parrains souhaitant proposer la candidature d\u2019une personne d\u00e9tenant un permis canadien doivent se r\u00e9f\u00e9rer au processus de mise en candidature pour la distinction de Fellow.<br \/>\n  [Lien vers la page de mise en candidature pour la distinction de Fellow]<\/li>\n<li>Un membre ou un Fellow ne peut appuyer qu\u2019une seule mise en candidature au cours d\u2019une m\u00eame ann\u00e9e.<\/li>\n<li>Un Fellow de l\u2019IRAC doit agir \u00e0 titre de parrain (le \u00ab parrain \u00bb), pr\u00e9parer le curriculum vit\u00e6, la citation et recueillir toute la documentation justificative pour le candidat.<br \/>\n  Le parrain est responsable de s\u2019assurer que tous les documents sont soumis correctement, conform\u00e9ment aux exigences prescrites.<\/li>\n<\/ol>\n                <\/div>\n            <\/div>\n                    <div class=\"raic-accordion-item\">\n                <div class=\"raic-accordion-header\">\n                    <h3 class=\"raic-accordion-title\"><strong>Exigences relatives \u00e0 la mise en candidature<\/strong><\/h3>\n                    <button class=\"raic-accordion-toggle\" aria-label=\"Toggle accordion item\">\n                        <span class=\"raic-icon-plus\"><\/span>\n                    <\/button>\n                <\/div>\n                <div class=\"raic-accordion-content\">\n                    <ol>\n<li>La mise en candidature doit inclure des lettres d\u2019appui, <strong>d\u2019un maximum de 400 mots<\/strong>, provenant du parrain et d\u2019au moins deux (2) membres r\u00e9f\u00e9rences appuyant la candidature du candidat.<\/li>\n<li>Toutes les lettres d\u2019appui doivent \u00e9galement fournir des \u00e9l\u00e9ments de preuve attestant des qualifications ou des contributions du candidat.<br \/>\n  Les candidatures retenues doivent d\u00e9montrer de la rigueur dans la pr\u00e9sentation des preuves justifiant les qualifications d\u00e9crites dans les lettres d\u2019appui.<\/li>\n<li>Les lettres doivent \u00eatre adress\u00e9es au Coll\u00e8ge des Fellows de l\u2019IRAC, Comit\u00e9 national, et \u00eatre sign\u00e9es par le parrain ou les r\u00e9f\u00e9rents.<\/li>\n<li>La mise en candidature \u00e0 la distinction de Fellow honoraire est <strong>CONFIDENTIELLE ET DOIT DEMEURER ANONYME<\/strong>.<br \/>\n  Tous les parrains et r\u00e9f\u00e9rents doivent respecter la confidentialit\u00e9 et ne doivent avoir aucun contact direct avec le candidat concernant la mise en candidature.<\/li>\n<li>Le parrain doit fournir un curriculum vit\u00e6 du candidat ainsi qu\u2019une citation de 250 mots appuyant la cat\u00e9gorie de mise en candidature.<br \/>\n  Des exemples de citations pr\u00e9c\u00e9dentes et une liste de bonnes et mauvaises pratiques peuvent \u00eatre consult\u00e9s ici.<\/li>\n<li>Les parrains et les r\u00e9f\u00e9rents doivent \u00eatre membres en r\u00e8gle de l\u2019IRAC.<\/li>\n<\/ol>\n                <\/div>\n            <\/div>\n                    <div class=\"raic-accordion-item\">\n                <div class=\"raic-accordion-header\">\n                    <h3 class=\"raic-accordion-title\"><strong>Soumissions<\/strong><\/h3>\n                    <button class=\"raic-accordion-toggle\" aria-label=\"Toggle accordion item\">\n                        <span class=\"raic-icon-plus\"><\/span>\n                    <\/button>\n                <\/div>\n                <div class=\"raic-accordion-content\">\n                    <p><strong>Les soumissions doivent \u00eatre effectu\u00e9es par l\u2019entremise de la plateforme de soumission en ligne de l\u2019IRAC.<\/strong><br \/>\nSoumettez votre dossier <a href=\"https:\/\/raic.awardsplatform.com\/\" target=\"_blank\" rel=\"noopener noreferrer\">ici<\/a>.<br \/>\nPour obtenir de plus amples renseignements sur le processus d\u2019attribution du titre de Fellow ou de Fellow honoraire, veuillez \u00e9crire \u00e0<br \/>\n<a href=\"mailto:awards-prix@raic.org\" target=\"_blank\" rel=\"noopener noreferrer\">awards-prix@raic.org<\/a>.<\/p>\n                <\/div>\n            <\/div>\n                    <div class=\"raic-accordion-item\">\n                <div class=\"raic-accordion-header\">\n                    <h3 class=\"raic-accordion-title\"><strong>Date limite<\/strong><\/h3>\n                    <button class=\"raic-accordion-toggle\" aria-label=\"Toggle accordion item\">\n                        <span class=\"raic-icon-plus\"><\/span>\n                    <\/button>\n                <\/div>\n                <div class=\"raic-accordion-content\">\n                    <p>Les soumissions doivent \u00eatre re\u00e7ues avant 22 h (HE), le 31 octobre.<br \/>\nLes candidats sont enti\u00e8rement responsables du respect des d\u00e9lais de soumission.<br \/>\nCette date et cette heure sont fermes, sans exception.<\/p>\n                <\/div>\n            <\/div>\n            <\/div>\n<\/div>","protected":false},"excerpt":{"rendered":"<p>L\u2019appel de mises en candidature est maintenant termin\u00e9 et rouvrira en juillet 2026. Mises en candidature pour la distinction de Fellow &#8220;Un Fellow du Coll\u00e8ge de l\u2019IRAC est un membre de l\u2019IRAC qui s\u2019est distingu\u00e9 par son excellence professionnelle ou par les services remarquables qu\u2019il a rendus \u00e0 la profession ou \u00e0 la collectivit\u00e9 en [&hellip;]<\/p>\n","protected":false},"author":3,"featured_media":0,"parent":37004,"menu_order":2,"comment_status":"closed","ping_status":"closed","template":"template-two-column-narrow.php","meta":{"_acf_changed":false,"footnotes":""},"class_list":["post-37029","page","type-page","status-publish","hentry"],"acf":[],"_links":{"self":[{"href":"https:\/\/raic.org\/fr\/wp-json\/wp\/v2\/pages\/37029","targetHints":{"allow":["GET"]}}],"collection":[{"href":"https:\/\/raic.org\/fr\/wp-json\/wp\/v2\/pages"}],"about":[{"href":"https:\/\/raic.org\/fr\/wp-json\/wp\/v2\/types\/page"}],"author":[{"embeddable":true,"href":"https:\/\/raic.org\/fr\/wp-json\/wp\/v2\/users\/3"}],"replies":[{"embeddable":true,"href":"https:\/\/raic.org\/fr\/wp-json\/wp\/v2\/comments?post=37029"}],"version-history":[{"count":4,"href":"https:\/\/raic.org\/fr\/wp-json\/wp\/v2\/pages\/37029\/revisions"}],"predecessor-version":[{"id":59399,"href":"https:\/\/raic.org\/fr\/wp-json\/wp\/v2\/pages\/37029\/revisions\/59399"}],"up":[{"embeddable":true,"href":"https:\/\/raic.org\/fr\/wp-json\/wp\/v2\/pages\/37004"}],"wp:attachment":[{"href":"https:\/\/raic.org\/fr\/wp-json\/wp\/v2\/media?parent=37029"}],"curies":[{"name":"wp","href":"https:\/\/api.w.org\/{rel}","templated":true}]}}