{"id":37027,"date":"2025-07-29T15:22:48","date_gmt":"2025-07-29T19:22:48","guid":{"rendered":"https:\/\/staging.raic.symbiodev.xyz\/?page_id=37027"},"modified":"2025-12-10T14:19:06","modified_gmt":"2025-12-10T19:19:06","slug":"comites","status":"publish","type":"page","link":"https:\/\/raic.org\/fr\/a-propos\/college-des-fellows\/comites\/","title":{"rendered":"Comit\u00e9s"},"content":{"rendered":"\n<div style=\"height:50px\" aria-hidden=\"true\" class=\"wp-block-spacer\"><\/div>\n\n\n\n<h3 class=\"wp-block-heading\"><strong>Comit\u00e9 national<\/strong><\/h3>\n\n\n\n<table id=\"tablepress-18\" class=\"tablepress tablepress-id-18\">\n<thead>\n<tr class=\"row-1\">\n\t<th class=\"column-1\">Poste<\/th><th class=\"column-2\">Membre<\/th>\n<\/tr>\n<\/thead>\n<tbody class=\"row-hover\">\n<tr class=\"row-2\">\n\t<td class=\"column-1\">Chanceli\u00e8re<\/td><td class=\"column-2\"><a href=\"mailto:gerrie@gerriedoyle.com\" target=\"_blank\">Gerrie Doyle<\/a>, FRAIC<\/td>\n<\/tr>\n<tr class=\"row-3\">\n\t<td class=\"column-1\">Doyen<\/td><td class=\"column-2\"><a href=\"mailto:ytleong@torontomu.ca\" target=\"_blank\">Yew-Thong Leong<\/a>, FRAIC<\/td>\n<\/tr>\n<tr class=\"row-4\">\n\t<td class=\"column-1\">Registraire<\/td><td class=\"column-2\"><a href=\"mailto:lmedek@hotmail.com\" target=\"_blank\">Liza Medek<\/a>, FRAIC<\/td>\n<\/tr>\n<tr class=\"row-5\">\n\t<td class=\"column-1\">Pr\u00e9sident sortant<\/td><td class=\"column-2\"><a href=\"mailto:mjcox.architect@gmail.com\" target=\"_blank\">Michael Cox<\/a>, PP\/FRAIC<\/td>\n<\/tr>\n<tr class=\"row-6\">\n\t<td class=\"column-1\">Pr\u00e9sident sortant<\/td><td class=\"column-2\"><a href=\"mailto:jbrown@housebrand.ca\" target=\"_blank\">John Brown<\/a>,  PP\/FRAIC<\/td>\n<\/tr>\n<\/tbody>\n<\/table>\n<!-- #tablepress-18 from cache -->\n\n\n\n<div style=\"height:50px\" aria-hidden=\"true\" class=\"wp-block-spacer\"><\/div>\n\n\n\n<h3 class=\"wp-block-heading\"><strong>Pr\u00e9sidents des comit\u00e9s r\u00e9gionaux<\/strong><\/h3>\n\n\n\n<table id=\"tablepress-19\" class=\"tablepress tablepress-id-19\">\n<thead>\n<tr class=\"row-1\">\n\t<th class=\"column-1\">R\u00e9gion<\/th><th class=\"column-2\">Membre<\/th>\n<\/tr>\n<\/thead>\n<tbody class=\"row-hover\">\n<tr class=\"row-2\">\n\t<td class=\"column-1\">Atlantique<\/td><td class=\"column-2\"><a href=\"mailto:silva@9ystudio.com\" target=\"_blank\">Silva Stojak<\/a>, FRAIC<\/td>\n<\/tr>\n<tr class=\"row-3\">\n\t<td class=\"column-1\">Qu\u00e9bec<\/td><td class=\"column-2\"><a href=\"mailto:pboutinarch@outlook.com\" target=\"_blank\">Paule Boutin<\/a>, AP\/FRAIC<\/td>\n<\/tr>\n<tr class=\"row-4\">\n\t<td class=\"column-1\">Ontario (Nord-Est et Nunavut)<\/td><td class=\"column-2\"><a href=\"mailto:David@dacaulfeild.com\" target=\"_blank\">David Caulfeild<\/a>, FRAIC<\/td>\n<\/tr>\n<tr class=\"row-5\">\n\t<td class=\"column-1\">Ontario (Sud-Ouest)<\/td><td class=\"column-2\"><a href=\"mailto:valerie@gowhastings.com\" target=\"_blank\">Valerie Gow<\/a>, FRAIC, <a href=\"mailto:catkinson@torontomu.ca\" target=\"_blank\">Cheryl Atkinson<\/a>, FRAIC<\/td>\n<\/tr>\n<tr class=\"row-6\">\n\t<td class=\"column-1\">Manitoba<\/td><td class=\"column-2\">Vacant<\/td>\n<\/tr>\n<tr class=\"row-7\">\n\t<td class=\"column-1\">Saskatchewan<\/td><td class=\"column-2\"><a href=\"mailto:derek.kindrachuk@kaa.ca\" target=\"_blank\">Derek Kindrachuk<\/a>, FRAIC<\/td>\n<\/tr>\n<tr class=\"row-8\">\n\t<td class=\"column-1\">Alberta &amp; NWT<\/td><td class=\"column-2\"><a href=\"mailto:farhad@fmarch.ca\" target=\"_blank\">Farhad Mortezaee<\/a>, FRAIC<\/td>\n<\/tr>\n<tr class=\"row-9\">\n\t<td class=\"column-1\">Colombie-Britannique \/Yukon<\/td><td class=\"column-2\"><a href=\"mailto:walker@mckinleystudios.com\" target=\"_blank\">Walker McKinley<\/a>, FRAIC<\/td>\n<\/tr>\n<tr class=\"row-10\">\n\t<td class=\"column-1\">Section de Victoria<\/td><td class=\"column-2\"><a href=\"mailto:christopherggower@gmail.com\" target=\"_blank\">Chris Gower<\/a>, FRAIC<\/td>\n<\/tr>\n<\/tbody>\n<\/table>\n<!-- #tablepress-19 from cache -->\n\n\n\n<div style=\"height:50px\" aria-hidden=\"true\" class=\"wp-block-spacer\"><\/div>\n\n\n\n<p><\/p>\n","protected":false},"excerpt":{"rendered":"<p>Comit\u00e9 national Pr\u00e9sidents des comit\u00e9s r\u00e9gionaux<\/p>\n","protected":false},"author":3,"featured_media":0,"parent":37004,"menu_order":1,"comment_status":"closed","ping_status":"closed","template":"template-two-column-wide.php","meta":{"_acf_changed":false,"footnotes":""},"class_list":["post-37027","page","type-page","status-publish","hentry"],"acf":[],"_links":{"self":[{"href":"https:\/\/raic.org\/fr\/wp-json\/wp\/v2\/pages\/37027","targetHints":{"allow":["GET"]}}],"collection":[{"href":"https:\/\/raic.org\/fr\/wp-json\/wp\/v2\/pages"}],"about":[{"href":"https:\/\/raic.org\/fr\/wp-json\/wp\/v2\/types\/page"}],"author":[{"embeddable":true,"href":"https:\/\/raic.org\/fr\/wp-json\/wp\/v2\/users\/3"}],"replies":[{"embeddable":true,"href":"https:\/\/raic.org\/fr\/wp-json\/wp\/v2\/comments?post=37027"}],"version-history":[{"count":4,"href":"https:\/\/raic.org\/fr\/wp-json\/wp\/v2\/pages\/37027\/revisions"}],"predecessor-version":[{"id":52935,"href":"https:\/\/raic.org\/fr\/wp-json\/wp\/v2\/pages\/37027\/revisions\/52935"}],"up":[{"embeddable":true,"href":"https:\/\/raic.org\/fr\/wp-json\/wp\/v2\/pages\/37004"}],"wp:attachment":[{"href":"https:\/\/raic.org\/fr\/wp-json\/wp\/v2\/media?parent=37027"}],"curies":[{"name":"wp","href":"https:\/\/api.w.org\/{rel}","templated":true}]}}