{"id":37025,"date":"2025-07-28T11:07:46","date_gmt":"2025-07-28T15:07:46","guid":{"rendered":"https:\/\/staging.raic.symbiodev.xyz\/?page_id=37025"},"modified":"2025-12-10T14:15:57","modified_gmt":"2025-12-10T19:15:57","slug":"anciens-presidents","status":"publish","type":"page","link":"https:\/\/raic.org\/fr\/a-propos\/gouvernance\/anciens-presidents\/","title":{"rendered":"Anciens pr\u00e9sidents"},"content":{"rendered":"\n<div style=\"height:20px\" aria-hidden=\"true\" class=\"wp-block-spacer\"><\/div>\n\n\n\n<p class=\"has-text-align-left\">Nous exprimons notre sinc\u00e8re gratitude \u00e0 tous les anciens pr\u00e9sidents pour leur leadership exceptionnel, leur d\u00e9vouement et leur engagement. Leur vision et leur d\u00e9termination ont contribu\u00e9 \u00e0 fa\u00e7onner notre organisation et \u00e0 faire progresser la profession d\u2019architecte au Canada. Nous rendons hommage avec fiert\u00e9 \u00e0 leurs contributions durables et \u00e0 l\u2019h\u00e9ritage qu\u2019ils laissent derri\u00e8re eux.<\/p>\n\n\n\n<div style=\"height:20px\" aria-hidden=\"true\" class=\"wp-block-spacer\"><\/div>\n\n\n\n<table id=\"tablepress-27\" class=\"tablepress tablepress-id-27\">\n<thead>\n<tr class=\"row-1\">\n\t<th class=\"column-1\">Membres<\/th><th class=\"column-2\">Dur\u00e9e du mandat<\/th>\n<\/tr>\n<\/thead>\n<tbody class=\"row-hover\">\n<tr class=\"row-2\">\n\t<td class=\"column-1\">John Brown, PP\/FRAIC,\u00a0 Calgary<\/td><td class=\"column-2\">2020-2022<\/td>\n<\/tr>\n<tr class=\"row-3\">\n\t<td class=\"column-1\">Michael J. Cox, PP\/FRAIC, Brandon<\/td><td class=\"column-2\">2017-2020<\/td>\n<\/tr>\n<tr class=\"row-4\">\n\t<td class=\"column-1\">Ewa Bieniecka, AP\/FIRAC, Montreal<\/td><td class=\"column-2\">2017<\/td>\n<\/tr>\n<tr class=\"row-5\">\n\t<td class=\"column-1\">Allan Teramura, PP\/FRAIC, Ottawa<\/td><td class=\"column-2\">2016<\/td>\n<\/tr>\n<tr class=\"row-6\">\n\t<td class=\"column-1\">Samuel \u00d3ghale Oboh, PP\/FRAIC, Edmonton<\/td><td class=\"column-2\">2015<\/td>\n<\/tr>\n<tr class=\"row-7\">\n\t<td class=\"column-1\">Wayne De Angelis, PP\/FRAIC, Vancouver<\/td><td class=\"column-2\">2014<\/td>\n<\/tr>\n<tr class=\"row-8\">\n\t<td class=\"column-1\">Paul E. Frank, PP\/FRAIC, Halifax<\/td><td class=\"column-2\">2013<\/td>\n<\/tr>\n<tr class=\"row-9\">\n\t<td class=\"column-1\">David Craddock, PP\/FRAIC, Toronto<\/td><td class=\"column-2\">2012<\/td>\n<\/tr>\n<tr class=\"row-10\">\n\t<td class=\"column-1\">Stuart Howard, PP\/FRAIC, Vancouver<\/td><td class=\"column-2\">2011<\/td>\n<\/tr>\n<tr class=\"row-11\">\n\t<td class=\"column-1\">Ranjit (Randy) K. Dhar, PP\/FRAIC, Toronto<\/td><td class=\"column-2\">2009-2010<\/td>\n<\/tr>\n<tr class=\"row-12\">\n\t<td class=\"column-1\">Paule Boutin, AP\/FIRAC, Montr\u00e9al<\/td><td class=\"column-2\">2008-2009<\/td>\n<\/tr>\n<tr class=\"row-13\">\n\t<td class=\"column-1\">Kiyoshi Matsuzaki, PP\/FRAIC, Vancouver*<\/td><td class=\"column-2\">2007-2008<\/td>\n<\/tr>\n<tr class=\"row-14\">\n\t<td class=\"column-1\">Vivian Manasc , PP\/FRAIC, Edmonton<\/td><td class=\"column-2\">2006-2007<\/td>\n<\/tr>\n<tr class=\"row-15\">\n\t<td class=\"column-1\">Yves Gosselin, AP\/FIRAC, Ottawa<\/td><td class=\"column-2\">2005-2006<\/td>\n<\/tr>\n<tr class=\"row-16\">\n\t<td class=\"column-1\">Christopher Fillingham, PP\/FRAIC, Toronto*<\/td><td class=\"column-2\">2004-2005<\/td>\n<\/tr>\n<tr class=\"row-17\">\n\t<td class=\"column-1\">Bonnie Maples, PP\/FRAIC, Vancouver*<\/td><td class=\"column-2\">2003-2004<\/td>\n<\/tr>\n<tr class=\"row-18\">\n\t<td class=\"column-1\">Ronald Keenberg, PP\/FRAIC, Ottawa<\/td><td class=\"column-2\">2002-2003<\/td>\n<\/tr>\n<tr class=\"row-19\">\n\t<td class=\"column-1\">Diarmuid Nash, PP\/FRAIC, Toronto<\/td><td class=\"column-2\">2001-2002<\/td>\n<\/tr>\n<tr class=\"row-20\">\n\t<td class=\"column-1\">David Simpson, PP\/FRAIC, Ottawa<\/td><td class=\"column-2\">2000-2001<\/td>\n<\/tr>\n<tr class=\"row-21\">\n\t<td class=\"column-1\">Eliseo Temprano, PP\/FRAIC, Ottawa<\/td><td class=\"column-2\">1999-2000<\/td>\n<\/tr>\n<tr class=\"row-22\">\n\t<td class=\"column-1\">Eva Matsuzaki, PP\/FRAIC, Vancouver<\/td><td class=\"column-2\">1998-1999<\/td>\n<\/tr>\n<tr class=\"row-23\">\n\t<td class=\"column-1\">Barry J. Hobin, PP\/FRAIC, Ottawa<\/td><td class=\"column-2\">1997-1998<\/td>\n<\/tr>\n<tr class=\"row-24\">\n\t<td class=\"column-1\">Bill Chomik, PP\/FRAIC, RCA, Calgary<\/td><td class=\"column-2\">1995-1997<\/td>\n<\/tr>\n<tr class=\"row-25\">\n\t<td class=\"column-1\">Paul-Andr\u00e9 T\u00e9treault, AP\/FIRAC, Montr\u00e9al*<\/td><td class=\"column-2\">1994-1995<\/td>\n<\/tr>\n<tr class=\"row-26\">\n\t<td class=\"column-1\">J. Brian Sim, PP\/FRAIC, Vancouver<\/td><td class=\"column-2\">1993-1994<\/td>\n<\/tr>\n<tr class=\"row-27\">\n\t<td class=\"column-1\">Roy Willwerth, PP\/FRAIC, Halifax<\/td><td class=\"column-2\">1992-1993<\/td>\n<\/tr>\n<tr class=\"row-28\">\n\t<td class=\"column-1\">David W. Edwards, PP\/FRAIC, Regina<\/td><td class=\"column-2\">1991-1992<\/td>\n<\/tr>\n<tr class=\"row-29\">\n\t<td class=\"column-1\">Richard Young, PP\/FRAIC, Toronto<\/td><td class=\"column-2\">1990-1991<\/td>\n<\/tr>\n<tr class=\"row-30\">\n\t<td class=\"column-1\">Esmail Baniassad, PP\/FRAIC, Halifax*<\/td><td class=\"column-2\">1989-1990<\/td>\n<\/tr>\n<tr class=\"row-31\">\n\t<td class=\"column-1\">Alfred C. Roberts, PP\/FRAIC, Niagara-on-the-Lake*<\/td><td class=\"column-2\">1988-1989<\/td>\n<\/tr>\n<tr class=\"row-32\">\n\t<td class=\"column-1\">Terence J. Williams, PP\/FRAIC, Victoria<\/td><td class=\"column-2\">1987-1988<\/td>\n<\/tr>\n<tr class=\"row-33\">\n\t<td class=\"column-1\">Rudy P. Friesen, PP\/FRAIC, Manitoba<\/td><td class=\"column-2\">1986-1987<\/td>\n<\/tr>\n<tr class=\"row-34\">\n\t<td class=\"column-1\">Brian E. Eldred, PP\/FRAIC, Edmonton*<\/td><td class=\"column-2\">1985-1986<\/td>\n<\/tr>\n<tr class=\"row-35\">\n\t<td class=\"column-1\">W. Kirk Banadyga, PP\/FRAIC, Regina<\/td><td class=\"column-2\">1984-1985<\/td>\n<\/tr>\n<tr class=\"row-36\">\n\t<td class=\"column-1\">Patrick Blouin, PP\/FRAIC, Montr\u00e9al*<\/td><td class=\"column-2\">1983-1984<\/td>\n<\/tr>\n<tr class=\"row-37\">\n\t<td class=\"column-1\">G. Macy DuBois, PP\/FRAIC, Toronto*<\/td><td class=\"column-2\">1982-1983<\/td>\n<\/tr>\n<tr class=\"row-38\">\n\t<td class=\"column-1\">J. Douglas Miller, PP\/FRAIC, Charlottetown*<\/td><td class=\"column-2\">1981-1982<\/td>\n<\/tr>\n<tr class=\"row-39\">\n\t<td class=\"column-1\">David H. Hambleton, PP\/FRAIC, Victoria*<\/td><td class=\"column-2\">1980-1981<\/td>\n<\/tr>\n<tr class=\"row-40\">\n\t<td class=\"column-1\">Gilbert R. Beatson, PP\/FRAIC, Calgary*<\/td><td class=\"column-2\">1979-1980<\/td>\n<\/tr>\n<tr class=\"row-41\">\n\t<td class=\"column-1\">Irving D. Boigon, PP\/FRAIC, Toronto*<\/td><td class=\"column-2\">1978-1979<\/td>\n<\/tr>\n<tr class=\"row-42\">\n\t<td class=\"column-1\">W. Donald Baldwin, PP\/FRAIC, Winnipeg*<\/td><td class=\"column-2\">1977-1978<\/td>\n<\/tr>\n<tr class=\"row-43\">\n\t<td class=\"column-1\">Charles H. Cullum, PP\/FRAIC, St.John's*<\/td><td class=\"column-2\">1976-1977<\/td>\n<\/tr>\n<tr class=\"row-44\">\n\t<td class=\"column-1\">Fred T. Hollingsworth, PP\/FRAIC, Vancouver*<\/td><td class=\"column-2\">1975-1976<\/td>\n<\/tr>\n<tr class=\"row-45\">\n\t<td class=\"column-1\">Bernard Wood, PP\/FRAIC, Edmonton*<\/td><td class=\"column-2\">1974-1975<\/td>\n<\/tr>\n<tr class=\"row-46\">\n\t<td class=\"column-1\">Allan F. Duffus, PP\/FRAIC, Halifax*<\/td><td class=\"column-2\">1973-1974<\/td>\n<\/tr>\n<tr class=\"row-47\">\n\t<td class=\"column-1\">C.F.T. Rounthwaite, PP\/FRAIC, Toronto*<\/td><td class=\"column-2\">1972-1973<\/td>\n<\/tr>\n<tr class=\"row-48\">\n\t<td class=\"column-1\">Jean-Louis Lalonde, AP\/FIRAC, Montr\u00e9al*<\/td><td class=\"column-2\">1971-1972<\/td>\n<\/tr>\n<tr class=\"row-49\">\n\t<td class=\"column-1\">Gordon R. Arnott, PP\/FRAIC, Regina*<\/td><td class=\"column-2\">1970-1971<\/td>\n<\/tr>\n<tr class=\"row-50\">\n\t<td class=\"column-1\">Wm. G. Leithead, PP\/FRAIC, Vancouver*<\/td><td class=\"column-2\">1969-1970<\/td>\n<\/tr>\n<tr class=\"row-51\">\n\t<td class=\"column-1\">Norman H. McMurrich, PP\/FRAIC, Toronto*<\/td><td class=\"column-2\">1968-1969<\/td>\n<\/tr>\n<tr class=\"row-52\">\n\t<td class=\"column-1\">James E. Searle, PP\/FRAIC, Winnipeg*<\/td><td class=\"column-2\">1967-1968<\/td>\n<\/tr>\n<tr class=\"row-53\">\n\t<td class=\"column-1\">Charles A.E. Fowler, PP\/FRAIC, Halifax*<\/td><td class=\"column-2\">1966-1967<\/td>\n<\/tr>\n<tr class=\"row-54\">\n\t<td class=\"column-1\">G\u00e9rard Venne, PP\/FRAIC, Qu\u00e9bec*<\/td><td class=\"column-2\">1965-1966<\/td>\n<\/tr>\n<tr class=\"row-55\">\n\t<td class=\"column-1\">F. Bruce Brown, PP\/FRAIC, Toronto*<\/td><td class=\"column-2\">1964-1965<\/td>\n<\/tr>\n<tr class=\"row-56\">\n\t<td class=\"column-1\">John L. Davies, PP\/FRAIC, Vancouver*<\/td><td class=\"column-2\">1962-1964<\/td>\n<\/tr>\n<tr class=\"row-57\">\n\t<td class=\"column-1\">Harland Steele, PP\/FRAIC, Toronto*<\/td><td class=\"column-2\">1960-1962<\/td>\n<\/tr>\n<tr class=\"row-58\">\n\t<td class=\"column-1\">Maurice Payette, PP\/FRAIC, Montr\u00e9al*<\/td><td class=\"column-2\">1958-1960<\/td>\n<\/tr>\n<tr class=\"row-59\">\n\t<td class=\"column-1\">D.E. Kertland, PP\/FRAIC, Toronto*<\/td><td class=\"column-2\">1956-1958<\/td>\n<\/tr>\n<tr class=\"row-60\">\n\t<td class=\"column-1\">A.J.C. Paine, PP\/FRAIC, Montr\u00e9al*<\/td><td class=\"column-2\">1954-1956<\/td>\n<\/tr>\n<tr class=\"row-61\">\n\t<td class=\"column-1\">R. Scholfield Morris, PP\/FRAIC, Toronto*<\/td><td class=\"column-2\">1952-1954<\/td>\n<\/tr>\n<tr class=\"row-62\">\n\t<td class=\"column-1\">J. Roxburgh Smith, PP\/FRAIC, Montr\u00e9al*<\/td><td class=\"column-2\">1950-1952<\/td>\n<\/tr>\n<tr class=\"row-63\">\n\t<td class=\"column-1\">A.J. Hazelgrove, PP\/FRAIC, Ottawa*<\/td><td class=\"column-2\">1948-1950<\/td>\n<\/tr>\n<tr class=\"row-64\">\n\t<td class=\"column-1\">David Chas, PP\/FRAIC, Montr\u00e9al*<\/td><td class=\"column-2\">1946-1948<\/td>\n<\/tr>\n<tr class=\"row-65\">\n\t<td class=\"column-1\">Forsey Page, PP\/FRAIC, Toronto*<\/td><td class=\"column-2\">1944-1946<\/td>\n<\/tr>\n<tr class=\"row-66\">\n\t<td class=\"column-1\">Gordon McL. Pitts, PP\/FRAIC, Montr\u00e9al*<\/td><td class=\"column-2\">1942-1944<\/td>\n<\/tr>\n<tr class=\"row-67\">\n\t<td class=\"column-1\">Burwell R. Coon, PP\/FRAIC, Toronto*<\/td><td class=\"column-2\">1940-1942<\/td>\n<\/tr>\n<tr class=\"row-68\">\n\t<td class=\"column-1\">H.L. Fetherstonhaugh, PP\/FRAIC, Montr\u00e9al*<\/td><td class=\"column-2\">1938-1940<\/td>\n<\/tr>\n<tr class=\"row-69\">\n\t<td class=\"column-1\">W.L. Somerville, PP\/FRAIC, Toronto*<\/td><td class=\"column-2\">1936-1938<\/td>\n<\/tr>\n<tr class=\"row-70\">\n\t<td class=\"column-1\">W.S. Maxwell, PP\/FRAIC, Montr\u00e9al*<\/td><td class=\"column-2\">1934-1936<\/td>\n<\/tr>\n<tr class=\"row-71\">\n\t<td class=\"column-1\">Gordon M. West, PP\/FRAIC, Toronto*<\/td><td class=\"column-2\">1932-1934<\/td>\n<\/tr>\n<tr class=\"row-72\">\n\t<td class=\"column-1\">Percy E. Nobbs, PP\/FRAIC, Montr\u00e9al*<\/td><td class=\"column-2\">1929-1932<\/td>\n<\/tr>\n<tr class=\"row-73\">\n\t<td class=\"column-1\">J.P. Hynes, PP\/FRAIC, Toronto*<\/td><td class=\"column-2\">1926-1929<\/td>\n<\/tr>\n<tr class=\"row-74\">\n\t<td class=\"column-1\">John S. Archibald, PP\/FRAIC, Montr\u00e9al*<\/td><td class=\"column-2\">1924-1926<\/td>\n<\/tr>\n<tr class=\"row-75\">\n\t<td class=\"column-1\">Lewis H. Jordan, PP\/MRAIC, Winnipeg*<\/td><td class=\"column-2\">1922-1924<\/td>\n<\/tr>\n<tr class=\"row-76\">\n\t<td class=\"column-1\">David R. Brown, PP\/FRAIC, Montr\u00e9al*<\/td><td class=\"column-2\">1920-1922<\/td>\n<\/tr>\n<tr class=\"row-77\">\n\t<td class=\"column-1\">A. Frank Wickson, PP\/FRAIC, Toronto*<\/td><td class=\"column-2\">1918-1920<\/td>\n<\/tr>\n<tr class=\"row-78\">\n\t<td class=\"column-1\">J.P. Ouellet, PP\/FRAIC, Qu\u00e9bec*<\/td><td class=\"column-2\">1916-1918<\/td>\n<\/tr>\n<tr class=\"row-79\">\n\t<td class=\"column-1\">J.H.G. Russell, PP\/FRAIC, Winnipeg*<\/td><td class=\"column-2\">1912-1916<\/td>\n<\/tr>\n<tr class=\"row-80\">\n\t<td class=\"column-1\">F.S. Baker, PP\/MRAIC, Toronto*<\/td><td class=\"column-2\">1910-1912<\/td>\n<\/tr>\n<tr class=\"row-81\">\n\t<td class=\"column-1\">A.F. Dunlop, PP\/MRAIC, Montr\u00e9al*<\/td><td class=\"column-2\">1907-1910<\/td>\n<\/tr>\n<\/tbody>\n<\/table>\n<!-- #tablepress-27 from cache -->\n\n\n\n<p>* d\u00e9c\u00e9d\u00e9(e)<\/p>\n","protected":false},"excerpt":{"rendered":"<p>Nous exprimons notre sinc\u00e8re gratitude \u00e0 tous les anciens pr\u00e9sidents pour leur leadership exceptionnel, leur d\u00e9vouement et leur engagement. Leur vision et leur d\u00e9termination ont contribu\u00e9 \u00e0 fa\u00e7onner notre organisation et \u00e0 faire progresser la profession d\u2019architecte au Canada. Nous rendons hommage avec fiert\u00e9 \u00e0 leurs contributions durables et \u00e0 l\u2019h\u00e9ritage qu\u2019ils laissent derri\u00e8re eux. [&hellip;]<\/p>\n","protected":false},"author":3,"featured_media":0,"parent":14773,"menu_order":2,"comment_status":"closed","ping_status":"closed","template":"template-two-column-narrow.php","meta":{"_acf_changed":false,"footnotes":""},"class_list":["post-37025","page","type-page","status-publish","hentry"],"acf":[],"_links":{"self":[{"href":"https:\/\/raic.org\/fr\/wp-json\/wp\/v2\/pages\/37025","targetHints":{"allow":["GET"]}}],"collection":[{"href":"https:\/\/raic.org\/fr\/wp-json\/wp\/v2\/pages"}],"about":[{"href":"https:\/\/raic.org\/fr\/wp-json\/wp\/v2\/types\/page"}],"author":[{"embeddable":true,"href":"https:\/\/raic.org\/fr\/wp-json\/wp\/v2\/users\/3"}],"replies":[{"embeddable":true,"href":"https:\/\/raic.org\/fr\/wp-json\/wp\/v2\/comments?post=37025"}],"version-history":[{"count":4,"href":"https:\/\/raic.org\/fr\/wp-json\/wp\/v2\/pages\/37025\/revisions"}],"predecessor-version":[{"id":52929,"href":"https:\/\/raic.org\/fr\/wp-json\/wp\/v2\/pages\/37025\/revisions\/52929"}],"up":[{"embeddable":true,"href":"https:\/\/raic.org\/fr\/wp-json\/wp\/v2\/pages\/14773"}],"wp:attachment":[{"href":"https:\/\/raic.org\/fr\/wp-json\/wp\/v2\/media?parent=37025"}],"curies":[{"name":"wp","href":"https:\/\/api.w.org\/{rel}","templated":true}]}}