{"id":37022,"date":"2025-04-23T19:56:21","date_gmt":"2025-04-23T23:56:21","guid":{"rendered":"https:\/\/staging.raic.symbiodev.xyz\/?page_id=37022"},"modified":"2025-12-15T14:19:45","modified_gmt":"2025-12-15T19:19:45","slug":"comites-de-gouvernance","status":"publish","type":"page","link":"https:\/\/raic.org\/fr\/a-propos\/gouvernance\/comites-de-gouvernance\/","title":{"rendered":"Comit\u00e9s de gouvernance"},"content":{"rendered":"\n<h4 class=\"wp-block-heading\"><strong>Comit\u00e9 de direction<\/strong><\/h4>\n\n\n\n<div style=\"height:20px\" aria-hidden=\"true\" class=\"wp-block-spacer\"><\/div>\n\n\n\n<table id=\"tablepress-6\" class=\"tablepress tablepress-id-6\">\n<thead>\n<tr class=\"row-1\">\n\t<th class=\"column-1\">Membership<\/th><th class=\"column-2\">Position<\/th><th class=\"column-3\">Terms of Office<\/th>\n<\/tr>\n<\/thead>\n<tbody class=\"row-hover\">\n<tr class=\"row-2\">\n\t<td class=\"column-1\">Jonathan Bisson, FIRAC<\/td><td class=\"column-2\">Chair - President<\/td><td class=\"column-3\">Ends June 30, 2026<\/td>\n<\/tr>\n<tr class=\"row-3\">\n\t<td class=\"column-1\">Johanna Hurme, FRAIC<\/td><td class=\"column-2\">President Elect<\/td><td class=\"column-3\">Ends June 30, 2026<\/td>\n<\/tr>\n<tr class=\"row-4\">\n\t<td class=\"column-1\">Patrick Stewart, FRAIC<\/td><td class=\"column-2\">Treasurer<\/td><td class=\"column-3\">Ends June 30, 2026<\/td>\n<\/tr>\n<tr class=\"row-5\">\n\t<td class=\"column-1\">Jason Robbins, PP\/FRAIC<\/td><td class=\"column-2\">Immediate Past President<\/td><td class=\"column-3\">Ends June 30, 2026<\/td>\n<\/tr>\n<tr class=\"row-6\">\n\t<td class=\"column-1\">Mike Brennan, Hon. MRAIC<\/td><td class=\"column-2\">CEO (ex-officio)<\/td><td class=\"column-3\">N\/A<\/td>\n<\/tr>\n<\/tbody>\n<\/table>\n<!-- #tablepress-6 from cache -->\n\n\n\n<div class=\"raic-generic-button-wrapper has-text-align-left wp-block-raic-blocks-raic-generic-button\">\n    <a href=\"https:\/\/raic.org\/sites\/raic.org\/wp-content\/uploads\/2025\/11\/Mandat-du-Comite-de-direction-de-lIRAC_2020.pdf\" \n       class=\"raic-generic-btn raic-secondary-btn-style\"\n       target=\"_blank\" rel=\"noopener noreferrer\">\n        Mandat du Comit\u00e9 de direction    <\/a>\n<\/div>\n\n\n\n\n<div class=\"raic-anchor-target-point wp-block-raic-blocks-raic-anchor-target\" id=\"section-17ed19\" aria-label=\"Audit, finances et risques\" data-menu-label=\"Audit, finances et risques\">\n        <\/div>\n\n\n<div style=\"height:10px\" aria-hidden=\"true\" class=\"wp-block-spacer\"><\/div>\n\n\n\n<hr class=\"wp-block-separator has-alpha-channel-opacity\"\/>\n\n\n\n<h4 class=\"wp-block-heading\"><strong>Comit\u00e9 des finances, de v\u00e9rification et des risques<\/strong><\/h4>\n\n\n\n<div style=\"height:20px\" aria-hidden=\"true\" class=\"wp-block-spacer\"><\/div>\n\n\n\n<table id=\"tablepress-7\" class=\"tablepress tablepress-id-7\">\n<thead>\n<tr class=\"row-1\">\n\t<th class=\"column-1\">Membership<\/th><th class=\"column-2\">Position<\/th><th class=\"column-3\">Terms of Office<\/th>\n<\/tr>\n<\/thead>\n<tbody class=\"row-hover\">\n<tr class=\"row-2\">\n\t<td class=\"column-1\">Patrick Stewart, FRAIC<\/td><td class=\"column-2\">Chair-Treasurer<\/td><td class=\"column-3\">Ends June 30, 2026<\/td>\n<\/tr>\n<tr class=\"row-3\">\n\t<td class=\"column-1\">Cynthia Dovell, FRAIC<\/td><td class=\"column-2\">Board Member - Reg. Director Alberta\/NWT<\/td><td class=\"column-3\">Ends June 30, 2026<\/td>\n<\/tr>\n<tr class=\"row-4\">\n\t<td class=\"column-1\">Paul Frank, PP\/FRAIC<\/td><td class=\"column-2\">Board Member - Reg. Director Atlantic<\/td><td class=\"column-3\">Ends June 30, 2027<\/td>\n<\/tr>\n<tr class=\"row-5\">\n\t<td class=\"column-1\">Deirdre Ellis, MRAIC<\/td><td class=\"column-2\">Board Member - Reg. Director Quebec<\/td><td class=\"column-3\">Ends June 30, 2027<\/td>\n<\/tr>\n<tr class=\"row-6\">\n\t<td class=\"column-1\">Grace Zhou<\/td><td class=\"column-2\">Member from the public at large<\/td><td class=\"column-3\">Ends June 30, 2026<\/td>\n<\/tr>\n<tr class=\"row-7\">\n\t<td class=\"column-1\">Mike Brennan, Hon. MRAIC<\/td><td class=\"column-2\">CEO (ex-officio)<\/td><td class=\"column-3\">N\/A<\/td>\n<\/tr>\n<\/tbody>\n<\/table>\n<!-- #tablepress-7 from cache -->\n\n\n\n<div class=\"raic-generic-button-wrapper has-text-align-left wp-block-raic-blocks-raic-generic-button\">\n    <a href=\"https:\/\/raic.org\/sites\/raic.org\/wp-content\/uploads\/2025\/11\/Mandat-du-Comite-FVR-de-lIRAC_2020.pdf\" \n       class=\"raic-generic-btn raic-secondary-btn-style\"\n       target=\"_blank\" rel=\"noopener noreferrer\">\n        Mandat du Comit\u00e9 des finances, de v\u00e9rification et des risques    <\/a>\n<\/div>\n\n\n\n\n<div class=\"raic-anchor-target-point wp-block-raic-blocks-raic-anchor-target\" id=\"section-e0bfc3\" aria-label=\"Gouvernance\" data-menu-label=\"Gouvernance\">\n        <\/div>\n\n\n<div style=\"height:10px\" aria-hidden=\"true\" class=\"wp-block-spacer\"><\/div>\n\n\n\n<hr class=\"wp-block-separator has-alpha-channel-opacity\"\/>\n\n\n\n<h4 class=\"wp-block-heading\"><strong>Comit\u00e9 de gouvernance<\/strong><\/h4>\n\n\n\n<div style=\"height:20px\" aria-hidden=\"true\" class=\"wp-block-spacer\"><\/div>\n\n\n\n<table id=\"tablepress-8\" class=\"tablepress tablepress-id-8\">\n<thead>\n<tr class=\"row-1\">\n\t<th class=\"column-1\">Membership<\/th><th class=\"column-2\">Position<\/th><th class=\"column-3\">Terms of Office<\/th>\n<\/tr>\n<\/thead>\n<tbody class=\"row-hover\">\n<tr class=\"row-2\">\n\t<td class=\"column-1\">Brian Hall, Hon. MRAIC<\/td><td class=\"column-2\">Co-Chair - Member at large<\/td><td class=\"column-3\">Ends June 30, 2026<\/td>\n<\/tr>\n<tr class=\"row-3\">\n\t<td class=\"column-1\">Jason Robbins, PP\/FRAIC<\/td><td class=\"column-2\">Co-Chair - Board Member - Immediate Past President<\/td><td class=\"column-3\">Ends June 30, 2026<\/td>\n<\/tr>\n<tr class=\"row-4\">\n\t<td class=\"column-1\">Gerrie Doyle, FRAIC<\/td><td class=\"column-2\">Board Member - Rep. Director COF<\/td><td class=\"column-3\">Ends June 30, 2026<\/td>\n<\/tr>\n<tr class=\"row-5\">\n\t<td class=\"column-1\">Valerie Allen, FRAIC<\/td><td class=\"column-2\">Board Member - Regional Director Ontario North, East and Nunavut<\/td><td class=\"column-3\">Ends June 30, 2027<\/td>\n<\/tr>\n<tr class=\"row-6\">\n\t<td class=\"column-1\">Todd Burke<\/td><td class=\"column-2\">Member at large<\/td><td class=\"column-3\">Ends July 30, 2028<\/td>\n<\/tr>\n<tr class=\"row-7\">\n\t<td class=\"column-1\">Mike Brennan, Hon. MRAIC<\/td><td class=\"column-2\">CEO (ex-officio)<\/td><td class=\"column-3\">N\/A<\/td>\n<\/tr>\n<\/tbody>\n<\/table>\n<!-- #tablepress-8 from cache -->\n\n\n\n<div class=\"raic-generic-button-wrapper has-text-align-left wp-block-raic-blocks-raic-generic-button\">\n    <a href=\"https:\/\/raic.org\/sites\/raic.org\/wp-content\/uploads\/2025\/11\/Mandat-du-Comite-de-gouvernance-de-lIRAC_2020.pdf\" \n       class=\"raic-generic-btn raic-secondary-btn-style\"\n       target=\"_blank\" rel=\"noopener noreferrer\">\n        Mandat du Comit\u00e9 de gouvernance    <\/a>\n<\/div>\n\n\n\n\n<div class=\"raic-anchor-target-point wp-block-raic-blocks-raic-anchor-target\" id=\"section-68d358\" aria-label=\"Nominations\" data-menu-label=\"Nominations\">\n        <\/div>\n\n\n<div style=\"height:10px\" aria-hidden=\"true\" class=\"wp-block-spacer\"><\/div>\n\n\n\n<hr class=\"wp-block-separator has-alpha-channel-opacity\"\/>\n\n\n\n<h4 class=\"wp-block-heading\"><strong>Comit\u00e9 des candidatures<\/strong><\/h4>\n\n\n\n<div style=\"height:20px\" aria-hidden=\"true\" class=\"wp-block-spacer\"><\/div>\n\n\n\n<table id=\"tablepress-24\" class=\"tablepress tablepress-id-24\">\n<thead>\n<tr class=\"row-1\">\n\t<th class=\"column-1\">Membres<\/th><th class=\"column-2\">Position<\/th><th class=\"column-3\">Mandat<\/th>\n<\/tr>\n<\/thead>\n<tbody class=\"row-striping row-hover\">\n<tr class=\"row-2\">\n\t<td class=\"column-1\">Paul Blaser, MRAIC<\/td><td class=\"column-2\">Copr\u00e9sident - Administrateur r\u00e9gional : Saskatchewan<\/td><td class=\"column-3\">Prend fin le 30 juin 2027<\/td>\n<\/tr>\n<tr class=\"row-3\">\n\t<td class=\"column-1\">Brian Hall, Hon. MRAIC<\/td><td class=\"column-2\">Copr\u00e9sident - Membre \u00e0 titre individuel<\/td><td class=\"column-3\">Prend fin le 30 juin 2026<\/td>\n<\/tr>\n<tr class=\"row-4\">\n\t<td class=\"column-1\">Fiona Hamilton, MRAIC<\/td><td class=\"column-2\">Administratrice repr\u00e9sentant les stagiaires et architectes stagiaires<\/td><td class=\"column-3\">Prend fin le 30 juin 2027<\/td>\n<\/tr>\n<tr class=\"row-5\">\n\t<td class=\"column-1\">Deirdre Ellis, MRAIC<\/td><td class=\"column-2\">Administratrice r\u00e9gionale : Qu\u00e9bec<\/td><td class=\"column-3\">Prend fin le 30 juin 2027<\/td>\n<\/tr>\n<tr class=\"row-6\">\n\t<td class=\"column-1\">Jennifer Kinnunen, MRAIC<\/td><td class=\"column-2\">Membre \u00e0 titre individuel<\/td><td class=\"column-3\">Prend fin le 30 juin 2026<\/td>\n<\/tr>\n<tr class=\"row-7\">\n\t<td class=\"column-1\">Mike Brennan, Hon. MRAIC<\/td><td class=\"column-2\">CEO (ex-officio)<\/td><td class=\"column-3\">N\/A<\/td>\n<\/tr>\n<\/tbody>\n<\/table>\n<!-- #tablepress-24 from cache -->\n\n\n\n<div class=\"raic-generic-button-wrapper has-text-align-left wp-block-raic-blocks-raic-generic-button\">\n    <a href=\"https:\/\/raic.org\/sites\/raic.org\/wp-content\/uploads\/2025\/11\/Mandat-du-comite-des-Candidatures-de-lIRAC_2020.pdf\" \n       class=\"raic-generic-btn raic-secondary-btn-style\"\n       target=\"_blank\" rel=\"noopener noreferrer\">\n        Mandat du Comit\u00e9 des candidatures    <\/a>\n<\/div>\n\n\n\n\n<div style=\"height:10px\" aria-hidden=\"true\" class=\"wp-block-spacer\"><\/div>\n\n\n\n<hr class=\"wp-block-separator has-alpha-channel-opacity\"\/>\n\n\n\n<h4 class=\"wp-block-heading\"><strong>Comit\u00e9 d&#8217;examen des plaintes<\/strong><\/h4>\n\n\n\n<div class=\"raic-anchor-target-point wp-block-raic-blocks-raic-anchor-target\" id=\"section-7cafd1\" aria-label=\"Plaintes et examens\" data-menu-label=\"Plaintes et examens\">\n        <\/div>\n\n\n<div style=\"height:20px\" aria-hidden=\"true\" class=\"wp-block-spacer\"><\/div>\n\n\n\n<table id=\"tablepress-25\" class=\"tablepress tablepress-id-25\">\n<thead>\n<tr class=\"row-1\">\n\t<th class=\"column-1\">Membres<\/th><th class=\"column-2\">Position<\/th><th class=\"column-3\">Mandat<\/th>\n<\/tr>\n<\/thead>\n<tbody class=\"row-hover\">\n<tr class=\"row-2\">\n\t<td class=\"column-1\">Bill Chomik, PP\/FRAIC<\/td><td class=\"column-2\">Copr\u00e9sident - Membre \u00e0 titre individuel<\/td><td class=\"column-3\">Prend fin le 30 juin 2026<\/td>\n<\/tr>\n<tr class=\"row-3\">\n\t<td class=\"column-1\">Eliseo Temprano, PP\/FRAIC\u00a0<\/td><td class=\"column-2\">Copr\u00e9sident - Membre \u00e0 titre individuel<\/td><td class=\"column-3\">Prend fin le 30 juin 2026<\/td>\n<\/tr>\n<tr class=\"row-4\">\n\t<td class=\"column-1\">Don Oliver, FRAIC<\/td><td class=\"column-2\">Membre \u00e0 titre individuel<\/td><td class=\"column-3\">Prend fin le 30 juin 2026<\/td>\n<\/tr>\n<tr class=\"row-5\">\n\t<td class=\"column-1\">Jim Wagner, FRAIC<\/td><td class=\"column-2\">Membre \u00e0 titre individuel<\/td><td class=\"column-3\">Prend fin le 30 juin 2026<\/td>\n<\/tr>\n<tr class=\"row-6\">\n\t<td class=\"column-1\">Arup Datta, FRAIC<\/td><td class=\"column-2\">Membre \u00e0 titre individuel<\/td><td class=\"column-3\">Prend fin le 30 juin 2026<\/td>\n<\/tr>\n<\/tbody>\n<\/table>\n<!-- #tablepress-25 from cache -->\n\n\n\n<div class=\"raic-generic-button-wrapper has-text-align-left wp-block-raic-blocks-raic-generic-button\">\n    <a href=\"https:\/\/raic.org\/sites\/raic.org\/wp-content\/uploads\/2025\/11\/Mandat-du-Comite-dexamen-des-plaintes-de-lIRAC_2020.pdf\" \n       class=\"raic-generic-btn raic-secondary-btn-style\"\n       target=\"_blank\" rel=\"noopener noreferrer\">\n        Mandat du Comit\u00e9 d&#039;examen des plaintes    <\/a>\n<\/div>\n\n\n\n\n<div class=\"raic-anchor-target-point wp-block-raic-blocks-raic-anchor-target\" id=\"section-bd03f3\" aria-label=\"Appels\" data-menu-label=\"Appels\">\n        <\/div>\n\n\n<div style=\"height:10px\" aria-hidden=\"true\" class=\"wp-block-spacer\"><\/div>\n\n\n\n<hr class=\"wp-block-separator has-alpha-channel-opacity\"\/>\n\n\n\n<h4 class=\"wp-block-heading\"><strong>Comit\u00e9 d&#8217;appel<\/strong><\/h4>\n\n\n\n<div style=\"height:20px\" aria-hidden=\"true\" class=\"wp-block-spacer\"><\/div>\n\n\n\n<table id=\"tablepress-26\" class=\"tablepress tablepress-id-26\">\n<thead>\n<tr class=\"row-1\">\n\t<th class=\"column-1\">Membres<\/th><th class=\"column-2\">Position<\/th><th class=\"column-3\">Mandat<\/th>\n<\/tr>\n<\/thead>\n<tbody class=\"row-striping row-hover\">\n<tr class=\"row-2\">\n\t<td class=\"column-1\">Paule Boutin, PP\/FIRAC<\/td><td class=\"column-2\">Copr\u00e9sidente - Membre \u00e0 titre individuel<\/td><td class=\"column-3\">Prend fin le 30 juin, 2026<\/td>\n<\/tr>\n<tr class=\"row-3\">\n\t<td class=\"column-1\">Stan Britton, FRAIC<\/td><td class=\"column-2\">Membre \u00e0 titre individuel<\/td><td class=\"column-3\">Prend fin le 30 juin 2026<\/td>\n<\/tr>\n<tr class=\"row-4\">\n\t<td class=\"column-1\">Kirk Banadyga, PP\/FRAIC<\/td><td class=\"column-2\">Membre \u00e0 titre individuel<\/td><td class=\"column-3\">Prend fin le 30 juin 2026<\/td>\n<\/tr>\n<\/tbody>\n<\/table>\n<!-- #tablepress-26 from cache -->\n\n\n\n<div class=\"raic-generic-button-wrapper has-text-align-left wp-block-raic-blocks-raic-generic-button\">\n    <a href=\"https:\/\/raic.org\/sites\/raic.org\/wp-content\/uploads\/2025\/11\/Mandat-du-Comite-dappel-de-lIRAC_2020.pdf\" \n       class=\"raic-generic-btn raic-secondary-btn-style\"\n       target=\"_blank\" rel=\"noopener noreferrer\">\n        Mandat du Comit\u00e9 d&#039;appel    <\/a>\n<\/div>\n\n\n\n\n<p><\/p>\n","protected":false},"excerpt":{"rendered":"<p>Comit\u00e9 de direction Comit\u00e9 des finances, de v\u00e9rification et des risques Comit\u00e9 de gouvernance Comit\u00e9 des candidatures Comit\u00e9 d&#8217;examen des plaintes Comit\u00e9 d&#8217;appel<\/p>\n","protected":false},"author":3,"featured_media":0,"parent":14773,"menu_order":0,"comment_status":"closed","ping_status":"closed","template":"template-two-column-narrow.php","meta":{"_acf_changed":false,"footnotes":""},"class_list":["post-37022","page","type-page","status-publish","hentry"],"acf":[],"_links":{"self":[{"href":"https:\/\/raic.org\/fr\/wp-json\/wp\/v2\/pages\/37022","targetHints":{"allow":["GET"]}}],"collection":[{"href":"https:\/\/raic.org\/fr\/wp-json\/wp\/v2\/pages"}],"about":[{"href":"https:\/\/raic.org\/fr\/wp-json\/wp\/v2\/types\/page"}],"author":[{"embeddable":true,"href":"https:\/\/raic.org\/fr\/wp-json\/wp\/v2\/users\/3"}],"replies":[{"embeddable":true,"href":"https:\/\/raic.org\/fr\/wp-json\/wp\/v2\/comments?post=37022"}],"version-history":[{"count":4,"href":"https:\/\/raic.org\/fr\/wp-json\/wp\/v2\/pages\/37022\/revisions"}],"predecessor-version":[{"id":54633,"href":"https:\/\/raic.org\/fr\/wp-json\/wp\/v2\/pages\/37022\/revisions\/54633"}],"up":[{"embeddable":true,"href":"https:\/\/raic.org\/fr\/wp-json\/wp\/v2\/pages\/14773"}],"wp:attachment":[{"href":"https:\/\/raic.org\/fr\/wp-json\/wp\/v2\/media?parent=37022"}],"curies":[{"name":"wp","href":"https:\/\/api.w.org\/{rel}","templated":true}]}}