{"id":37015,"date":"2025-04-23T20:35:06","date_gmt":"2025-04-24T00:35:06","guid":{"rendered":"https:\/\/staging.raic.symbiodev.xyz\/?page_id=37015"},"modified":"2025-10-28T13:12:57","modified_gmt":"2025-10-28T17:12:57","slug":"nouvelles","status":"publish","type":"page","link":"https:\/\/raic.org\/fr\/a-propos\/nouvelles\/","title":{"rendered":"Nouvelles"},"content":{"rendered":"\n<div class=\"raic-news-page-block-wrapper raic-news-page align  wp-block-raic-blocks-raic-news-listing\" data-block-id=\"raic-news-6a03a02d12b93\">\n    <div class=\"raic-filters-sticky-trigger d-none\" id=\"raic-news-6a03a02d12b93-stickyFilterTrigger\">\n        <button type=\"button\" class=\"btn btn-outline-secondary w-100\">\n            News Filters <span class=\"icon-wrapper\"><i class=\"bi bi-chevron-down\"><\/i><\/span>\n        <\/button>\n    <\/div>\n    <div class=\"container\">\n                    <h2 class=\"raic-news-header\">Nouvelles<\/h2>\n        \n        <div class=\"raic-news-search mt-4\" id=\"raic-news-6a03a02d12b93-mainFilterArea\">\n            <div class=\"d-lg-none\">\n                <div class=\"raic-filters-mobile\" id=\"raic-news-6a03a02d12b93-mobileFilters\">\n                    <div class=\"raic-search-input mb-3\">\n                        <input type=\"text\" class=\"raic-news-search-field\" placeholder=\"Mots-cl\u00e9s de recherche\">\n                        <button type=\"button\" class=\"raic-news-search-button\" aria-label=\"Rechercher des nouvelles\">\n                            <i class=\"bi bi-search\"><\/i>\n                        <\/button>\n                    <\/div>\n\n                                        <div class=\"raic-multiselect\" data-taxonomy=\"news-topic\">\n                        <button type=\"button\" class=\"raic-multiselect-toggle\" data-default-text=\"Tous les sujets\">\n                            Tous les sujets                        <\/button>\n                        <div class=\"raic-multiselect-options\">\n                                                            <label><input type=\"checkbox\" value=\"actualites-generales\"> Actualit\u00e9s g\u00e9n\u00e9rales<\/label>\n                                                            <label><input type=\"checkbox\" value=\"advocacy-and-engagement\"> Advocacy and Engagement<\/label>\n                                                            <label><input type=\"checkbox\" value=\"annonce\"> Annonce<\/label>\n                                                            <label><input type=\"checkbox\" value=\"announcement\"> Announcement<\/label>\n                                                            <label><input type=\"checkbox\" value=\"defense-des-interets-et-mobilisation\"> D\u00e9fense des int\u00e9r\u00eats et mobilisation<\/label>\n                                                            <label><input type=\"checkbox\" value=\"en-memoire\"> En m\u00e9moire<\/label>\n                                                            <label><input type=\"checkbox\" value=\"evenement\"> \u00c9v\u00e9nement<\/label>\n                                                            <label><input type=\"checkbox\" value=\"event\"> Event<\/label>\n                                                            <label><input type=\"checkbox\" value=\"partenariats\"> Partenariats<\/label>\n                                                            <label><input type=\"checkbox\" value=\"prix-et-distinctions\"> Prix et distinctions<\/label>\n                                                            <label><input type=\"checkbox\" value=\"services-consultatifs\"> Services Consultatifs<\/label>\n                                                    <\/div>\n                    <\/div>\n                    \n                                        <div class=\"raic-multiselect\" data-taxonomy=\"news-result\">\n                        <button type=\"button\" class=\"raic-multiselect-toggle\" data-default-text=\"Tous les r\u00e9sultats\">\n                            Tous les r\u00e9sultats                        <\/button>\n                        <div class=\"raic-multiselect-options\">\n                                                            <label><input type=\"checkbox\" value=\"media-release-2\"> Communiqu\u00e9 de presse<\/label>\n                                                            <label><input type=\"checkbox\" value=\"declarations-et-lettres\"> D\u00e9clarations et lettres<\/label>\n                                                            <label><input type=\"checkbox\" value=\"journal-de-lirac\"> Journal de l&#039;IRAC<\/label>\n                                                            <label><input type=\"checkbox\" value=\"news-2\"> Nouvelles<\/label>\n                                                    <\/div>\n                    <\/div>\n                    \n                    <div class=\"raic-mobile-filter-actions\">\n                        <button type=\"button\" class=\"btn btn-outline-secondary btn-clear raic-news-clear-filters\">Clear<\/button>\n                        <button type=\"button\" class=\"btn btn-primary btn-apply raic-news-apply-filters\">Apply <i class=\"bi bi-arrow-right-short\"><\/i><\/button>\n                    <\/div>\n                <\/div>\n            <\/div>\n\n            <div class=\"raic-news-filters-wrapper d-none d-lg-flex\">\n                <div class=\"raic-search-input\">\n                    <input type=\"text\" class=\"raic-news-search-field\" placeholder=\"Mots-cl\u00e9s de recherche\">\n                    <button type=\"button\" class=\"raic-news-search-button\" aria-label=\"Rechercher des nouvelles\">\n                        <i class=\"bi bi-search\"><\/i>\n                    <\/button>\n                <\/div>\n\n                <div class=\"raic-filters-desktop\">\n                    <div class=\"raic-filter-label\">Filtrer par<\/div>\n                                        <div class=\"raic-multiselect\" data-taxonomy=\"news-topic\">\n                        <button type=\"button\" class=\"raic-multiselect-toggle\" data-default-text=\"Tous les sujets\">Tous les sujets<\/button>\n                        <div class=\"raic-multiselect-options\">\n                                                            <label><input type=\"checkbox\" value=\"actualites-generales\"> Actualit\u00e9s g\u00e9n\u00e9rales<\/label>\n                                                            <label><input type=\"checkbox\" value=\"advocacy-and-engagement\"> Advocacy and Engagement<\/label>\n                                                            <label><input type=\"checkbox\" value=\"annonce\"> Annonce<\/label>\n                                                            <label><input type=\"checkbox\" value=\"announcement\"> Announcement<\/label>\n                                                            <label><input type=\"checkbox\" value=\"defense-des-interets-et-mobilisation\"> D\u00e9fense des int\u00e9r\u00eats et mobilisation<\/label>\n                                                            <label><input type=\"checkbox\" value=\"en-memoire\"> En m\u00e9moire<\/label>\n                                                            <label><input type=\"checkbox\" value=\"evenement\"> \u00c9v\u00e9nement<\/label>\n                                                            <label><input type=\"checkbox\" value=\"event\"> Event<\/label>\n                                                            <label><input type=\"checkbox\" value=\"partenariats\"> Partenariats<\/label>\n                                                            <label><input type=\"checkbox\" value=\"prix-et-distinctions\"> Prix et distinctions<\/label>\n                                                            <label><input type=\"checkbox\" value=\"services-consultatifs\"> Services Consultatifs<\/label>\n                                                    <\/div>\n                    <\/div>\n                    \n                                        <div class=\"raic-multiselect\" data-taxonomy=\"news-result\">\n                        <button type=\"button\" class=\"raic-multiselect-toggle\" data-default-text=\"Tous les r\u00e9sultats\">Tous les r\u00e9sultats<\/button>\n                        <div class=\"raic-multiselect-options\">\n                                                            <label><input type=\"checkbox\" value=\"media-release-2\"> Communiqu\u00e9 de presse<\/label>\n                                                            <label><input type=\"checkbox\" value=\"declarations-et-lettres\"> D\u00e9clarations et lettres<\/label>\n                                                            <label><input type=\"checkbox\" value=\"journal-de-lirac\"> Journal de l&#039;IRAC<\/label>\n                                                            <label><input type=\"checkbox\" value=\"news-2\"> Nouvelles<\/label>\n                                                    <\/div>\n                    <\/div>\n                                    <\/div>\n            <\/div>\n            <div class=\"raic-clear-filters text-end mt-2 d-none\">\n                <a href=\"#\" class=\"raic-news-clear-filters-desktop\">R\u00e9initialiser filtres<\/a>\n            <\/div>\n        <\/div>\n\n        <div class=\"raic-news-grid\">\n                        <div class=\"raic-news-grid-loading\" style=\"text-align: center; padding: 20px;\">Chargement des nouvelles<\/div>\n        <\/div>\n\n        <div class=\"raic-load-more\" style=\"display: none;\">             <button type=\"button\" class=\"raic-news-load-more-button\">Charger Plus<\/button>\n        <\/div>\n         <div class=\"raic-news-no-results\" style=\"display: none; text-align: center; padding: 20px;\">Aucune nouvelle trouv\u00e9e.<\/div>\n    <\/div>\n<\/div>\n\n","protected":false},"excerpt":{"rendered":"","protected":false},"author":3,"featured_media":0,"parent":36991,"menu_order":4,"comment_status":"closed","ping_status":"closed","template":"","meta":{"_acf_changed":false,"footnotes":""},"class_list":["post-37015","page","type-page","status-publish","hentry"],"acf":[],"_links":{"self":[{"href":"https:\/\/raic.org\/fr\/wp-json\/wp\/v2\/pages\/37015","targetHints":{"allow":["GET"]}}],"collection":[{"href":"https:\/\/raic.org\/fr\/wp-json\/wp\/v2\/pages"}],"about":[{"href":"https:\/\/raic.org\/fr\/wp-json\/wp\/v2\/types\/page"}],"author":[{"embeddable":true,"href":"https:\/\/raic.org\/fr\/wp-json\/wp\/v2\/users\/3"}],"replies":[{"embeddable":true,"href":"https:\/\/raic.org\/fr\/wp-json\/wp\/v2\/comments?post=37015"}],"version-history":[{"count":2,"href":"https:\/\/raic.org\/fr\/wp-json\/wp\/v2\/pages\/37015\/revisions"}],"predecessor-version":[{"id":37017,"href":"https:\/\/raic.org\/fr\/wp-json\/wp\/v2\/pages\/37015\/revisions\/37017"}],"up":[{"embeddable":true,"href":"https:\/\/raic.org\/fr\/wp-json\/wp\/v2\/pages\/36991"}],"wp:attachment":[{"href":"https:\/\/raic.org\/fr\/wp-json\/wp\/v2\/media?parent=37015"}],"curies":[{"name":"wp","href":"https:\/\/api.w.org\/{rel}","templated":true}]}}