{"id":37013,"date":"2025-04-23T19:58:33","date_gmt":"2025-04-23T23:58:33","guid":{"rendered":"https:\/\/staging.raic.symbiodev.xyz\/?page_id=37013"},"modified":"2026-01-22T11:19:00","modified_gmt":"2026-01-22T16:19:00","slug":"partenariats-corporatifs","status":"publish","type":"page","link":"https:\/\/raic.org\/fr\/a-propos\/partenariats-corporatifs\/","title":{"rendered":"Partenariats corporatifs"},"content":{"rendered":"\n<div class=\"raic-max-width-container raic-max-width-narrow container\">\n    \n\n<h4 class=\"wp-block-heading\"><strong>Qu\u2019est-ce qu\u2019un partenariat corporatif de l\u2019IRAC ?<\/strong><\/h4>\n\n\n\n<div style=\"height:25px\" aria-hidden=\"true\" class=\"wp-block-spacer\"><\/div>\n\n\n\n<p>Joignez-vous \u00e0 nous pour fa\u00e7onner l\u2019avenir de l\u2019architecture au Canada.<br>Devenir partenaire de l\u2019IRAC, c\u2019est saisir l\u2019occasion d\u2019entrer en relation avec des architectes de partout au pays, d\u2019\u00e9largir votre r\u00e9seau et de contribuer \u00e0 notre mission continue de promouvoir l\u2019excellence dans l\u2019environnement b\u00e2ti et la profession du design.<\/p>\n\n\n\n<p>Gr\u00e2ce \u00e0 ce partenariat, votre organisation obtient un acc\u00e8s privil\u00e9gi\u00e9 \u00e0 un r\u00e9seau diversifi\u00e9 et engag\u00e9 d\u2019architectes, de leaders de l\u2019industrie et de d\u00e9cideurs cl\u00e9s \u00e0 travers le Canada.<br>Que vous cherchiez \u00e0 \u00e9largir votre port\u00e9e, accro\u00eetre votre visibilit\u00e9 ou associer votre marque \u00e0 l\u2019innovation et \u00e0 l\u2019excellence dans l\u2019environnement b\u00e2ti, l\u2019IRAC offre tout au long de l\u2019ann\u00e9e des occasions uniques de vous connecter, de collaborer et de cro\u00eetre.<\/p>\n\n\n\n<p><strong>L\u2019IRAC offre une vari\u00e9t\u00e9 d\u2019occasions de partenariat corporatif con\u00e7ues pour appuyer les objectifs de votre entreprise.<\/strong><\/p>\n\n\n\n<p>Les options comprennent :<\/p>\n\n\n\n<ul class=\"wp-block-list\">\n<li><strong>Partenariats r\u00e9ciproques<\/strong><\/li>\n\n\n\n<li><strong>Adh\u00e9sion corporative<\/strong><\/li>\n\n\n\n<li><strong>Occasions de commandite<\/strong><\/li>\n\n\n\n<li><strong>Occasions d\u2019exposition<\/strong><\/li>\n\n\n\n<li><strong>Partenariats d\u2019affinit\u00e9<\/strong><\/li>\n<\/ul>\n\n\n\n<p>Des descriptions d\u00e9taill\u00e9es de chaque option sont pr\u00e9sent\u00e9es ci-dessous.<\/p>\n\n\n\n<p><strong>Int\u00e9ress\u00e9 par un partenariat corporatif ?<\/strong><br><strong><a href=\"https:\/\/outlook.office.com\/bookwithme\/user\/bf5b977f8b604d9a9382067dad2faa84%40raic.org?anonymous&amp;ismsaljsauthenabled\" target=\"_blank\" rel=\"noreferrer noopener\">Planifiez un appel d\u00e8s aujourd\u2019hui.<\/a><\/strong><\/p>\n\n\n\n<div style=\"height:25px\" aria-hidden=\"true\" class=\"wp-block-spacer\"><\/div>\n\n\n\n<div class=\"raic-anchor-target-point wp-block-raic-blocks-raic-anchor-target\" id=\"section-483093\" aria-label=\"Adh\u00e9sion corporative\" data-menu-label=\"Adh\u00e9sion corporative\">\n        <\/div>\n\n\n<hr class=\"wp-block-separator has-alpha-channel-opacity\" \/>\n\n\n\n<div style=\"height:25px\" aria-hidden=\"true\" class=\"wp-block-spacer\"><\/div>\n\n\n\n<h2 class=\"wp-block-heading\"><strong>Adh\u00e9sion corporative&nbsp;<\/strong><\/h2>\n\n\n\n<div style=\"height:25px\" aria-hidden=\"true\" class=\"wp-block-spacer\"><\/div>\n\n\n\n<p>Devenez membre affili\u00e9 corporatif pour faire conna\u00eetre vos produits et services aux membres de l\u2019IRAC tout au long de l\u2019ann\u00e9e \u2014 gr\u00e2ce \u00e0 votre propre page Web sur le site de l\u2019IRAC, \u00e0 un acc\u00e8s au guide des ressources, \u00e0 une mise en vedette dans le bulletin \u00e9lectronique, et plus encore.<\/p>\n\n\n\n<p>Devenez un partenaire strat\u00e9gique pour profiter d\u2019avantages suppl\u00e9mentaires avec l\u2019IRAC.<br>Obtenez un rabais de 25 % lorsque vous devenez membre affili\u00e9 corporatif annuel et commanditaire de nos principaux \u00e9v\u00e9nements tout au long de 2026.<\/p>\n\n\n\n<p><strong><a href=\"https:\/\/raic.org\/fr\/a-propos\/partenariats-corporatifs\/forfait-de-partenariat-corporatif\/\" target=\"_blank\" rel=\"noreferrer noopener\">En savoir plus<\/a><\/strong> <br><a href=\"https:\/\/raic.org\/fr\/a-propos\/partenariats-corporatifs\/partenaires-corporatifs-actuels\/\" target=\"_blank\" rel=\"noreferrer noopener\"><strong>Voir nos membres corporatifs actuels<\/strong><br><\/a><strong><a href=\"https:\/\/docs.google.com\/forms\/d\/e\/1FAIpQLSeO37s0sWwCzJ2A9CtF7PopirM1zv8xdr-FXIjXTyPrFNvDCg\/viewform?usp=header\" target=\"_blank\" rel=\"noreferrer noopener\">Soumettre une demande d\u00e8s aujourd\u2019hui<\/a><\/strong><\/p>\n\n\n\n<div style=\"height:25px\" aria-hidden=\"true\" class=\"wp-block-spacer\"><\/div>\n\n\n\n<div class=\"raic-anchor-target-point wp-block-raic-blocks-raic-anchor-target\" id=\"section-0cec3b\" aria-label=\"Commandite\" data-menu-label=\"Commandite\">\n        <\/div>\n\n\n<hr class=\"wp-block-separator has-alpha-channel-opacity\" \/>\n\n\n\n<div style=\"height:25px\" aria-hidden=\"true\" class=\"wp-block-spacer\"><\/div>\n\n\n\n<h2 class=\"wp-block-heading\"><strong>Occasions de commandite<\/strong><\/h2>\n\n\n\n<div style=\"height:25px\" aria-hidden=\"true\" class=\"wp-block-spacer\"><\/div>\n\n\n\n<p><strong><a href=\"https:\/\/conference.raic.org\/fr\/\" target=\"_blank\" rel=\"noreferrer noopener\">Conf\u00e9rence de l\u2019IRAC sur l\u2019architecture 2026<\/a><\/strong><br>L\u2019Institut royal d\u2019architecture du Canada (IRAC) invite les propositions pour des s\u00e9ances de formation continue et des visites architecturales dans le cadre de la Conf\u00e9rence de l\u2019IRAC sur l\u2019architecture 2026, qui se tiendra du 5 au 8 mai 2026, en personne \u00e0 Vancouver (C.-B.). L\u2019\u00e9v\u00e9nement comprendra \u00e9galement une composante \u00e0 la demande pour les s\u00e9ances de formation continue. Le prospectus de commandite et d\u2019exposition est disponible <a href=\"https:\/\/conference.raic.org\/fr\/sponsorship-page\" target=\"_blank\" rel=\"noreferrer noopener\">ici<\/a>.<\/p>\n\n\n\n<p><strong><a href=\"https:\/\/raic.org\/sites\/raic.org\/wp-content\/uploads\/2025\/09\/chopchat_25-26_sponsorshipprospectus_en_2.pdf\">S\u00e9rie CHOP CHAT 2025-2026<\/a><\/strong><br>Vous souhaitez une visibilit\u00e9 soutenue et de grande qualit\u00e9 aupr\u00e8s des architectes canadiens? Commanditez la s\u00e9rie CHOP Chat de l\u2019IRAC! Compos\u00e9e de 37 s\u00e9ances hebdomadaires offertes en ligne sur une p\u00e9riode de 10 mois, cette s\u00e9rie explore le Manuel canadien des pratiques de l\u2019architecture (MCPA) en permettant aux auteurs du manuel d\u2019\u00e9changer directement avec les praticiens lors de discussions interactives. Ne manquez pas cette occasion \u2014 plus de 200 architectes sont d\u00e9j\u00e0 inscrits \u00e0 cette s\u00e9rie! Le prospectus de commandite est disponible <a href=\"https:\/\/raic.org\/sites\/raic.org\/wp-content\/uploads\/2025\/09\/chopchat_25-26_sponsorshipprospectus_en_2.pdf\" target=\"_blank\" rel=\"noreferrer noopener\">ici<\/a>.<\/p>\n\n\n\n<p><strong><a href=\"https:\/\/raic.org\/sites\/raic.org\/wp-content\/uploads\/2025\/11\/prospectus_deepdive_august2025_fr.pdf\" target=\"_blank\" rel=\"noreferrer noopener\">Une immersion profonde : S\u00e9rie de tables rondes pour les professionnels de la rel\u00e8ve<\/a><\/strong><br>Cette s\u00e9rie de tables rondes engageante et interactive est con\u00e7ue pour les professionnels en architecture en d\u00e9but de carri\u00e8re, afin d\u2019explorer les tenants et aboutissants du m\u00e9tier et de r\u00e9pondre aux questions qu\u2019ils ont toujours voulu poser, mais qu\u2019ils n\u2019ont jamais os\u00e9. En tant que commanditaire de cette s\u00e9rie, votre entreprise sera mise en valeur comme commanditaire unique de la table ronde de votre choix, avec une visibilit\u00e9 sur les documents de la session, y compris lors de l\u2019inscription et tout au long de la session. Le prospectus de parrainage est disponible&nbsp;<a href=\"https:\/\/raic.org\/sites\/raic.org\/wp-content\/uploads\/2025\/11\/prospectus_deepdive_august2025_fr.pdf\" target=\"_blank\" rel=\"noreferrer noopener\">ici.<\/a><\/p>\n\n\n\n<p><strong>Distinctions et prix<\/strong><br>Pour en savoir plus sur les occasions de commandite li\u00e9es aux distinctions et prix, consultez le <a href=\"https:\/\/raic.org\/wp-content\/uploads\/2025\/11\/Award-Sponsorship_Aug-21-2025-1.pdf\" target=\"_blank\" rel=\"noreferrer noopener\">prospectus de commandite.<\/a><\/p>\n\n\n\n<div style=\"height:25px\" aria-hidden=\"true\" class=\"wp-block-spacer\"><\/div>\n\n\n\n<hr class=\"wp-block-separator has-alpha-channel-opacity\" \/>\n\n\n\n<div style=\"height:25px\" aria-hidden=\"true\" class=\"wp-block-spacer\"><\/div>\n\n\n\n<h2 class=\"wp-block-heading\"><strong>Occasions d\u2019exposition <\/strong>&nbsp;<\/h2>\n\n\n\n<div style=\"height:25px\" aria-hidden=\"true\" class=\"wp-block-spacer\"><\/div>\n\n\n\n<p><strong>Conf\u00e9rence de l\u2019IRAC sur l\u2019architecture 2027<br><\/strong>Pr\u00e9sentez vos produits et services aux principaux d\u00e9cideurs des secteurs de l\u2019architecture, du design et de la construction.<br>Le Salon d\u2019exposition est un volet dynamique de la Conf\u00e9rence de l\u2019IRAC, offrant plus de 12 heures d\u2019interaction avec les d\u00e9l\u00e9gu\u00e9s \u2014 une occasion unique d\u2019\u00e9tablir des relations, de g\u00e9n\u00e9rer des pistes et d\u2019accro\u00eetre la visibilit\u00e9 de votre marque.<\/p>\n\n\n\n<p>Les ventes de stands ouvriront au d\u00e9but de l\u2019automne 2026.<\/p>\n\n\n\n<div style=\"height:25px\" aria-hidden=\"true\" class=\"wp-block-spacer\"><\/div>\n\n\n\n<div class=\"raic-anchor-target-point wp-block-raic-blocks-raic-anchor-target\" id=\"section-5e2d0e\" aria-label=\"Partenariats d\u2019affinit\u00e9\u00a0\" data-menu-label=\"Partenariats d\u2019affinit\u00e9\u00a0\">\n        <\/div>\n\n\n<hr class=\"wp-block-separator has-alpha-channel-opacity\" \/>\n\n\n\n<div style=\"height:25px\" aria-hidden=\"true\" class=\"wp-block-spacer\"><\/div>\n\n\n\n<h2 class=\"wp-block-heading\"><strong>Partenariats d\u2019affinit\u00e9&nbsp;<\/strong><\/h2>\n\n\n\n<div style=\"height:25px\" aria-hidden=\"true\" class=\"wp-block-spacer\"><\/div>\n\n\n\n<p>Un partenariat d\u2019affinit\u00e9 avec l\u2019IRAC repr\u00e9sente une occasion unique d\u2019associer votre marque \u00e0 la principale voix de l\u2019architecture au Canada \u2014 tout en offrant une valeur ajout\u00e9e directement \u00e0 nos membres.<\/p>\n\n\n\n<p>Les partenaires d\u2019affinit\u00e9 proposent des offres, des services ou des avantages exclusifs qui enrichissent l\u2019exp\u00e9rience d\u2019adh\u00e9sion \u00e0 l\u2019IRAC.<br>En retour, votre entreprise b\u00e9n\u00e9ficie d\u2019une visibilit\u00e9 accrue gr\u00e2ce \u00e0 nos plateformes nationales, incluant une pr\u00e9sence sur le site Web de l\u2019IRAC, des occasions promotionnelles dans les communications destin\u00e9es aux membres, ainsi qu\u2019une reconnaissance en tant que partenaire de confiance soutenant la communaut\u00e9 architecturale.<\/p>\n\n\n\n<p>Int\u00e9ress\u00e9? R\u00e9servez un appel d\u00e8s <a href=\"https:\/\/outlook.office.com\/bookwithme\/user\/bf5b977f8b604d9a9382067dad2faa84%40raic.org?anonymous&amp;ismsaljsauthenabled\" target=\"_blank\" rel=\"noreferrer noopener\">aujourd\u2019hui.<\/a><\/p>\n\n\n\n<div style=\"height:25px\" aria-hidden=\"true\" class=\"wp-block-spacer\"><\/div>\n\n\n\n<hr class=\"wp-block-separator has-alpha-channel-opacity\" \/>\n\n\n\n<div style=\"height:25px\" aria-hidden=\"true\" class=\"wp-block-spacer\"><\/div>\n\n\n\n<h2 class=\"wp-block-heading\"><strong>Partenariats r\u00e9ciproques<\/strong><\/h2>\n\n\n\n<div style=\"height:25px\" aria-hidden=\"true\" class=\"wp-block-spacer\"><\/div>\n\n\n\n<p>Devenez partenaire r\u00e9ciproque de l\u2019IRAC et collaborez \u00e0 la r\u00e9alisation d\u2019objectifs communs visant \u00e0 soutenir la profession d\u2019architecte partout au Canada. Gr\u00e2ce \u00e0 un partenariat r\u00e9ciproque, les deux organisations b\u00e9n\u00e9ficient d\u2019une reconnaissance mutuelle, d\u2019occasions promotionnelles partag\u00e9es, d\u2019un \u00e9change de ressources et de programmes collaboratifs. Ensemble, nous pouvons renforcer notre impact collectif, \u00e9largir notre port\u00e9e et mieux servir la communaut\u00e9 architecturale.<\/p>\n\n\n\n<p>Int\u00e9ress\u00e9? \u00c9crivez-nous \u00e0 <a href=\"mailto:corporatepartners@raic.org\">corporatepartners@raic.org<\/a>. <\/p>\n\n\n\n<div style=\"height:25px\" aria-hidden=\"true\" class=\"wp-block-spacer\"><\/div>\n\n\n\n<div class=\"raic-anchor-target-point wp-block-raic-blocks-raic-anchor-target\" id=\"section-7753d2\" aria-label=\"T\u00e9moignages de nos partenaires\" data-menu-label=\"T\u00e9moignages de nos partenaires\">\n        <\/div>\n\n\n<hr class=\"wp-block-separator has-alpha-channel-opacity\" \/>\n\n\n\n<div style=\"height:25px\" aria-hidden=\"true\" class=\"wp-block-spacer\"><\/div>\n\n\n\n<h2 class=\"wp-block-heading\"><strong>T\u00e9moignages de nos partenaires&nbsp;<\/strong><\/h2>\n\n\n\n<div class=\"wp-block-raic-blocks-raic-block-quote\">\n    <blockquote class=\"raic-block-quote\">\n                \n        <p class=\"raic-block-quote-text\">L\u2019adh\u00e9sion corporative de l\u2019ICPC \u00e0 l\u2019IRAC ouvre la voie \u00e0 de nouvelles connexions et \u00e0 des occasions de r\u00e9seautage, favorisant la croissance et la collaboration au sein de l\u2019industrie.<br>Nous croyons que notre partenariat avec l\u2019IRAC peut mener \u00e0 la cr\u00e9ation de solutions qui fa\u00e7onnent les communaut\u00e9s architecturales et du b\u00e9ton pr\u00e9fabriqu\u00e9 gr\u00e2ce \u00e0 des approches favorisant la r\u00e9silience.<\/p>\n        \n                    <cite class=\"raic-block-quote-byline\">\n                                    Brian J Hall | Canadian Precast\/Prestressed Concrete Institute | Directeur g\u00e9n\u00e9ral                            <\/cite>\n            <\/blockquote>\n<\/div>\n\n\n<div style=\"height:25px\" aria-hidden=\"true\" class=\"wp-block-spacer\"><\/div>\n\n\n\n<div class=\"wp-block-raic-blocks-raic-block-quote\">\n    <blockquote class=\"raic-block-quote\">\n                \n        <p class=\"raic-block-quote-text\">R\u00e9seau Construction Links est fier d\u2019\u00eatre un affili\u00e9 corporatif de l\u2019Institut royal d\u2019architecture du Canada (IRAC) depuis 2020. Ce partenariat a jou\u00e9 un r\u00f4le essentiel dans l\u2019\u00e9largissement de notre port\u00e9e aupr\u00e8s des architectes et des concepteurs partout au Canada et ailleurs. En tant que membre pr\u00e9cieux de notre r\u00e9seau, l\u2019IRAC partage son contenu avec notre public tout au long de l\u2019ann\u00e9e, cr\u00e9ant ainsi une relation mutuellement b\u00e9n\u00e9fique que nous appr\u00e9cions grandement.<\/p>\n        \n                    <cite class=\"raic-block-quote-byline\">\n                                    Arnie Gess | Construction Links Network | Pr\u00e9sident et \u00e9diteur                            <\/cite>\n            <\/blockquote>\n<\/div>\n\n\n<div style=\"height:25px\" aria-hidden=\"true\" class=\"wp-block-spacer\"><\/div>\n\n\n\n<div class=\"wp-block-raic-blocks-raic-block-quote\">\n    <blockquote class=\"raic-block-quote\">\n                \n        <p class=\"raic-block-quote-text\">Owens Corning, en tant que membre affili\u00e9 corporatif de l\u2019IRAC, se positionne \u00e0 l\u2019avant-garde de l\u2019industrie mondiale des mat\u00e9riaux de construction. Notre engagement ind\u00e9fectible envers l\u2019innovation en mati\u00e8re de mat\u00e9riaux nous pousse \u00e0 contribuer activement \u00e0 un avenir durable.<br>Nous sommes extr\u00eamement fiers de collaborer avec l\u2019IRAC et ses membres afin de b\u00e2tir un monde plus r\u00e9silient et plus conscient des enjeux climatiques.<\/p>\n        \n                    <cite class=\"raic-block-quote-byline\">\n                                    Salvatore Ciarlo | Owens Corning | Directeur des services techniques et du d\u00e9veloppement des march\u00e9s                            <\/cite>\n            <\/blockquote>\n<\/div>\n\n\n<div style=\"height:25px\" aria-hidden=\"true\" class=\"wp-block-spacer\"><\/div>\n\n<\/div>","protected":false},"excerpt":{"rendered":"","protected":false},"author":3,"featured_media":0,"parent":36991,"menu_order":3,"comment_status":"closed","ping_status":"closed","template":"template-two-column-wide.php","meta":{"_acf_changed":false,"footnotes":""},"class_list":["post-37013","page","type-page","status-publish","hentry"],"acf":[],"_links":{"self":[{"href":"https:\/\/raic.org\/fr\/wp-json\/wp\/v2\/pages\/37013","targetHints":{"allow":["GET"]}}],"collection":[{"href":"https:\/\/raic.org\/fr\/wp-json\/wp\/v2\/pages"}],"about":[{"href":"https:\/\/raic.org\/fr\/wp-json\/wp\/v2\/types\/page"}],"author":[{"embeddable":true,"href":"https:\/\/raic.org\/fr\/wp-json\/wp\/v2\/users\/3"}],"replies":[{"embeddable":true,"href":"https:\/\/raic.org\/fr\/wp-json\/wp\/v2\/comments?post=37013"}],"version-history":[{"count":4,"href":"https:\/\/raic.org\/fr\/wp-json\/wp\/v2\/pages\/37013\/revisions"}],"predecessor-version":[{"id":56261,"href":"https:\/\/raic.org\/fr\/wp-json\/wp\/v2\/pages\/37013\/revisions\/56261"}],"up":[{"embeddable":true,"href":"https:\/\/raic.org\/fr\/wp-json\/wp\/v2\/pages\/36991"}],"wp:attachment":[{"href":"https:\/\/raic.org\/fr\/wp-json\/wp\/v2\/media?parent=37013"}],"curies":[{"name":"wp","href":"https:\/\/api.w.org\/{rel}","templated":true}]}}