{"id":37004,"date":"2025-04-23T19:57:08","date_gmt":"2025-04-23T23:57:08","guid":{"rendered":"https:\/\/staging.raic.symbiodev.xyz\/?page_id=37004"},"modified":"2026-03-05T10:09:03","modified_gmt":"2026-03-05T15:09:03","slug":"college-des-fellows","status":"publish","type":"page","link":"https:\/\/raic.org\/fr\/a-propos\/college-des-fellows\/","title":{"rendered":"Coll\u00e8ge des fellows"},"content":{"rendered":"\n<div style=\"height:25px\" aria-hidden=\"true\" class=\"wp-block-spacer\"><\/div>\n\n\n\n<h4 class=\"wp-block-heading\"><strong>Mission du Coll\u00e8ge des fellows<\/strong><\/h4>\n\n\n\n<p>\u00c9tabli en 1941, le Coll\u00e8ge des fellows soutient l&#8217;IRAC dans sa mission de renforcer et de faire progresser la profession d\u2019architecture.<\/p>\n\n\n\n<p>Le Coll\u00e8ge reconna\u00eet officiellement les membres \u2014 et, \u00e0 l\u2019occasion, les non-membres distingu\u00e9s \u2014 qui ont apport\u00e9 des contributions exceptionnelles \u00e0 l\u2019architecture. Le titre de fellow est l\u2019une des plus hautes distinctions d\u00e9cern\u00e9es par l\u2019IRAC, c\u00e9l\u00e9brant les r\u00e9alisations d\u2019individus dans des domaines tels que la recherche, l\u2019enseignement, le service public ou l\u2019excellence professionnelle, au Canada comme \u00e0 l\u2019\u00e9tranger.<\/p>\n\n\n\n<div style=\"height:50px\" aria-hidden=\"true\" class=\"wp-block-spacer\"><\/div>\n\n\n\n<h5 class=\"wp-block-heading\"><strong>Histoire du Coll\u00e8ge des fellows de l&#8217;IRAC<\/strong><\/h5>\n\n\n\n<p>Le Coll\u00e8ge des fellows a \u00e9t\u00e9 cr\u00e9\u00e9 par le Conseil de l&#8217;Institut royal d&#8217;architecture du Canada le 17 janvier 1941. Lors de cette m\u00eame r\u00e9union, le Conseil a choisi les titres des dirigeants du Coll\u00e8ge : chancelier, doyen et registraire. La premi\u00e8re c\u00e9r\u00e9monie d&#8217;intronisation a eu lieu le 21 f\u00e9vrier 1941 au <em>Arts and Letters Club<\/em> de Toronto.<\/p>\n\n\n\n<div class=\"wp-block-buttons is-layout-flex wp-block-buttons-is-layout-flex\">\n<div class=\"wp-block-button\"><a class=\"wp-block-button__link wp-element-button\" href=\"https:\/\/raic.org\/sites\/raic.org\/wp-content\/uploads\/2026\/03\/FR_History-of-RAIC-book.pdf\">En savoir plus<\/a><\/div>\n<\/div>\n\n\n\n<div style=\"height:50px\" aria-hidden=\"true\" class=\"wp-block-spacer\"><\/div>\n\n\n\n<h5 class=\"wp-block-heading\"><strong>Le rituel d\u2019installation<\/strong><\/h5>\n\n\n\n<p>Le rituel a \u00e9t\u00e9 soigneusement con\u00e7u par A. J. Hazelgrove et G. McL. Pitts. Lors de la c\u00e9r\u00e9monie, chaque nouveau fellow recevait un col en soie moir\u00e9e rouge bord\u00e9 d\u2019un galon dor\u00e9, auquel \u00e9tait suspendue la m\u00e9daille de l\u2019IRAC. Les fellows en r\u00e8gle \u00e9taient autoris\u00e9s \u00e0 porter la m\u00e9daille non seulement lors de la convocation, mais aussi \u00e0 d\u2019autres \u00e9v\u00e9nements officiels de l\u2019IRAC.<\/p>\n\n\n\n<p>Les \u00e9l\u00e9ments d\u00e9taill\u00e9s de la c\u00e9r\u00e9monie \u2014 y compris les robes du chancelier, du doyen et du registraire, l\u2019organisation des places et les proc\u00e9dures script\u00e9es \u2014 ont tous \u00e9t\u00e9 formalis\u00e9s d\u00e8s le d\u00e9part.<\/p>\n\n\n\n<p>Bien que le rituel ait \u00e9volu\u00e9 au fil du temps, ses principes fondamentaux demeurent intacts. Les premi\u00e8res modifications sont apparues en 1948 et, en 1951, une mise \u00e0 jour importante a permis la pr\u00e9sence des \u00ab dames et visiteurs \u00bb lors de la c\u00e9r\u00e9monie d\u2019installation. La premi\u00e8re femme a re\u00e7u le titre de fellow en 1973.<\/p>\n\n\n\n<p>Au cours des ann\u00e9es 1960 et 1970, la c\u00e9r\u00e9monie est devenue plus courte et plus efficace. Aujourd\u2019hui, des citations imprim\u00e9es d\u00e9taill\u00e9es sont incluses dans des livrets comm\u00e9moratifs distribu\u00e9s aux nouveaux fellows lors de la convocation.<\/p>\n","protected":false},"excerpt":{"rendered":"<p>Mission du Coll\u00e8ge des fellows \u00c9tabli en 1941, le Coll\u00e8ge des fellows soutient l&#8217;IRAC dans sa mission de renforcer et de faire progresser la profession d\u2019architecture. Le Coll\u00e8ge reconna\u00eet officiellement les membres \u2014 et, \u00e0 l\u2019occasion, les non-membres distingu\u00e9s \u2014 qui ont apport\u00e9 des contributions exceptionnelles \u00e0 l\u2019architecture. Le titre de fellow est l\u2019une des [&hellip;]<\/p>\n","protected":false},"author":2114,"featured_media":0,"parent":36991,"menu_order":3,"comment_status":"closed","ping_status":"closed","template":"template-two-column-wide.php","meta":{"_acf_changed":false,"footnotes":""},"class_list":["post-37004","page","type-page","status-publish","hentry"],"acf":[],"_links":{"self":[{"href":"https:\/\/raic.org\/fr\/wp-json\/wp\/v2\/pages\/37004","targetHints":{"allow":["GET"]}}],"collection":[{"href":"https:\/\/raic.org\/fr\/wp-json\/wp\/v2\/pages"}],"about":[{"href":"https:\/\/raic.org\/fr\/wp-json\/wp\/v2\/types\/page"}],"author":[{"embeddable":true,"href":"https:\/\/raic.org\/fr\/wp-json\/wp\/v2\/users\/2114"}],"replies":[{"embeddable":true,"href":"https:\/\/raic.org\/fr\/wp-json\/wp\/v2\/comments?post=37004"}],"version-history":[{"count":4,"href":"https:\/\/raic.org\/fr\/wp-json\/wp\/v2\/pages\/37004\/revisions"}],"predecessor-version":[{"id":61831,"href":"https:\/\/raic.org\/fr\/wp-json\/wp\/v2\/pages\/37004\/revisions\/61831"}],"up":[{"embeddable":true,"href":"https:\/\/raic.org\/fr\/wp-json\/wp\/v2\/pages\/36991"}],"wp:attachment":[{"href":"https:\/\/raic.org\/fr\/wp-json\/wp\/v2\/media?parent=37004"}],"curies":[{"name":"wp","href":"https:\/\/api.w.org\/{rel}","templated":true}]}}