{"id":36986,"date":"2025-07-28T11:05:29","date_gmt":"2025-07-28T15:05:29","guid":{"rendered":"https:\/\/staging.raic.symbiodev.xyz\/?page_id=36986"},"modified":"2025-12-10T14:14:45","modified_gmt":"2025-12-10T19:14:45","slug":"groupes-de-travail-du-conseil","status":"publish","type":"page","link":"https:\/\/raic.org\/fr\/a-propos\/gouvernance\/groupes-de-travail-du-conseil\/","title":{"rendered":"Groupes de travail du conseil"},"content":{"rendered":"\n<div style=\"height:25px\" aria-hidden=\"true\" class=\"wp-block-spacer\"><\/div>\n\n\n\n<h4 class=\"wp-block-heading\"><strong>Groupe de travail autochtone<\/strong><\/h4>\n\n\n\n<div style=\"height:20px\" aria-hidden=\"true\" class=\"wp-block-spacer\"><\/div>\n\n\n\n<p>Le Groupe de travail autochtone (GTA) de l\u2019Institut royal d\u2019architecture du Canada (IRAC) a \u00e9t\u00e9 officiellement lanc\u00e9 le 9 juin 2016 sur le territoire des Snuneymuxw (Nanaimo, Colombie-Britannique), dans le cadre du Festival d\u2019architecture 2016 de l\u2019IRAC. L\u2019objectif principal du GTA est de promouvoir et de soutenir le design et l\u2019architecture autochtones au Canada, dans les collectivit\u00e9s rurales, m\u00e9tisses et nordiques, les Premi\u00e8res Nations ainsi que dans les milieux urbains, et de d\u00e9fendre les int\u00e9r\u00eats des communaut\u00e9s autochtones en collaboration avec elles.<\/p>\n\n\n\n<table id=\"tablepress-28\" class=\"tablepress tablepress-id-28\">\n<thead>\n<tr class=\"row-1\">\n\t<th class=\"column-1\">Membres<\/th><th class=\"column-2\">Mandat<\/th>\n<\/tr>\n<\/thead>\n<tbody class=\"row-hover\">\n<tr class=\"row-2\">\n\t<td class=\"column-1\">Eladia Smoke, FRAIC, (Co-Pr\u00e9sidente)<\/td><td class=\"column-2\">Prend find le 31 d\u00e9cembre 2027<\/td>\n<\/tr>\n<tr class=\"row-3\">\n\t<td class=\"column-1\">Sim\u2019oogit Ksi-Baxhlkw | Dr. Patrick R. Stewart, FRAIC (Nisga\u2019a), FRAIC, (Co-Pr\u00e9sident)<\/td><td class=\"column-2\">Prend find le 30 juin 2026<\/td>\n<\/tr>\n<\/tbody>\n<\/table>\n<!-- #tablepress-28 from cache -->\n\n\n\n<div class=\"raic-generic-button-wrapper has-text-align-left wp-block-raic-blocks-raic-generic-button\">\n    <a href=\"https:\/\/raic.org\/sites\/raic.org\/wp-content\/uploads\/2025\/11\/ITF-Terms-of-Reference_Approved-by-BoD-May-29-2025.pdf\" \n       class=\"raic-generic-btn raic-secondary-btn-style\"\n       target=\"_blank\" rel=\"noopener noreferrer\">\n        Mandat du Groupe de travail autochtone    <\/a>\n<\/div>\n\n\n\n\n<div class=\"raic-generic-button-wrapper has-text-align-left wp-block-raic-blocks-raic-generic-button\">\n    <a href=\"mailto:itf@raic.org\" \n       class=\"raic-generic-btn raic-primary-btn-style\"\n       target=\"_blank\" rel=\"noopener noreferrer\">\n        Contactez-nous    <\/a>\n<\/div>\n\n\n\n\n<hr class=\"wp-block-separator has-alpha-channel-opacity\"\/>\n\n\n\n<div style=\"height:20px\" aria-hidden=\"true\" class=\"wp-block-spacer\"><\/div>\n\n\n\n<h4 class=\"wp-block-heading\"><strong>Groupe de travail sur la v\u00e9rit\u00e9 et la r\u00e9conciliation<\/strong><\/h4>\n\n\n\n<div style=\"height:20px\" aria-hidden=\"true\" class=\"wp-block-spacer\"><\/div>\n\n\n\n<p>Le Groupe de travail sur la v\u00e9rit\u00e9 et la r\u00e9conciliation (GTVR) de l\u2019IRAC, form\u00e9 en 2020 pour compl\u00e9ter le travail du Groupe de travail autochtone, oriente l\u2019IRAC dans la poursuite de la r\u00e9conciliation. Ses travaux comprennent l\u2019examen du rapport final de la CVR, l\u2019identification des appels \u00e0 l\u2019action et des appels \u00e0 la justice pertinents, ainsi que l\u2019harmonisation des efforts avec la mission de l\u2019IRAC \u2014 notamment par l\u2019adoption de la DNUDPA.<\/p>\n\n\n\n<table id=\"tablepress-29\" class=\"tablepress tablepress-id-29\">\n<thead>\n<tr class=\"row-1\">\n\t<th class=\"column-1\">Membres<\/th><th class=\"column-2\">Mandat<\/th>\n<\/tr>\n<\/thead>\n<tbody class=\"row-hover\">\n<tr class=\"row-2\">\n\t<td class=\"column-1\">Aiden Callison, MRAIC<\/td><td class=\"column-2\">Prend fin le 31 d\u00e9cembre 2027<\/td>\n<\/tr>\n<tr class=\"row-3\">\n\t<td class=\"column-1\">Jennifer Cutbill, FRAIC (Co-Pr\u00e9sidente)<\/td><td class=\"column-2\">Prend fin le 31 d\u00e9cembre 2026<\/td>\n<\/tr>\n<tr class=\"row-4\">\n\t<td class=\"column-1\">Marie-Louise Gidaro, FRAIC<\/td><td class=\"column-2\">Prend fin le 31 d\u00e9cembre 2027<\/td>\n<\/tr>\n<tr class=\"row-5\">\n\t<td class=\"column-1\">Jennifer Kinnunen, MRAIC<\/td><td class=\"column-2\">Prend fin le 31 d\u00e9cembre 2027<\/td>\n<\/tr>\n<tr class=\"row-6\">\n\t<td class=\"column-1\">Sim\u2019oogit Ksi-Baxhlkw | Dr. Patrick R. Stewart, FRAIC (Nisga\u2019a), FRAIC<\/td><td class=\"column-2\">Prend fin le 31 d\u00e9cembre 2027<\/td>\n<\/tr>\n<tr class=\"row-7\">\n\t<td class=\"column-1\">Darian McKinney, MRAIC (Co-Pr\u00e9sident)<\/td><td class=\"column-2\">Prend fin le 31 d\u00e9cembre 2026<\/td>\n<\/tr>\n<\/tbody>\n<\/table>\n<!-- #tablepress-29 from cache -->\n\n\n\n<div class=\"raic-generic-button-wrapper has-text-align-left wp-block-raic-blocks-raic-generic-button\">\n    <a href=\"https:\/\/raic.org\/sites\/raic.org\/wp-content\/uploads\/2025\/11\/TRTF-Terms-of-Reference_Approved-by-BoD-May-29-2025.pdf\" \n       class=\"raic-generic-btn raic-secondary-btn-style\"\n       target=\"_blank\" rel=\"noopener noreferrer\">\n        Mandat du Groupe de travail sur la v\u00e9rit\u00e9 et la r\u00e9conciliation    <\/a>\n<\/div>\n\n\n\n\n<div class=\"raic-generic-button-wrapper has-text-align-left wp-block-raic-blocks-raic-generic-button\">\n    <a href=\"mailto:itf@raic.org\" \n       class=\"raic-generic-btn raic-primary-btn-style\"\n       target=\"_blank\" rel=\"noopener noreferrer\">\n        Contactez-nous    <\/a>\n<\/div>\n\n\n\n\n<hr class=\"wp-block-separator has-alpha-channel-opacity\"\/>\n","protected":false},"excerpt":{"rendered":"<p>Groupe de travail autochtone Le Groupe de travail autochtone (GTA) de l\u2019Institut royal d\u2019architecture du Canada (IRAC) a \u00e9t\u00e9 officiellement lanc\u00e9 le 9 juin 2016 sur le territoire des Snuneymuxw (Nanaimo, Colombie-Britannique), dans le cadre du Festival d\u2019architecture 2016 de l\u2019IRAC. L\u2019objectif principal du GTA est de promouvoir et de soutenir le design et l\u2019architecture [&hellip;]<\/p>\n","protected":false},"author":3,"featured_media":0,"parent":14773,"menu_order":1,"comment_status":"closed","ping_status":"closed","template":"template-two-column-narrow.php","meta":{"_acf_changed":false,"footnotes":""},"class_list":["post-36986","page","type-page","status-publish","hentry"],"acf":[],"_links":{"self":[{"href":"https:\/\/raic.org\/fr\/wp-json\/wp\/v2\/pages\/36986","targetHints":{"allow":["GET"]}}],"collection":[{"href":"https:\/\/raic.org\/fr\/wp-json\/wp\/v2\/pages"}],"about":[{"href":"https:\/\/raic.org\/fr\/wp-json\/wp\/v2\/types\/page"}],"author":[{"embeddable":true,"href":"https:\/\/raic.org\/fr\/wp-json\/wp\/v2\/users\/3"}],"replies":[{"embeddable":true,"href":"https:\/\/raic.org\/fr\/wp-json\/wp\/v2\/comments?post=36986"}],"version-history":[{"count":3,"href":"https:\/\/raic.org\/fr\/wp-json\/wp\/v2\/pages\/36986\/revisions"}],"predecessor-version":[{"id":52928,"href":"https:\/\/raic.org\/fr\/wp-json\/wp\/v2\/pages\/36986\/revisions\/52928"}],"up":[{"embeddable":true,"href":"https:\/\/raic.org\/fr\/wp-json\/wp\/v2\/pages\/14773"}],"wp:attachment":[{"href":"https:\/\/raic.org\/fr\/wp-json\/wp\/v2\/media?parent=36986"}],"curies":[{"name":"wp","href":"https:\/\/api.w.org\/{rel}","templated":true}]}}