{"id":35295,"date":"2017-01-18T11:11:05","date_gmt":"2017-01-18T16:11:05","guid":{"rendered":"https:\/\/staging.raic.symbiodev.xyz\/?page_id=35295"},"modified":"2026-02-11T12:07:10","modified_gmt":"2026-02-11T17:07:10","slug":"fondation-de-lirac","status":"publish","type":"page","link":"https:\/\/raic.org\/fr\/fondation-de-lirac\/","title":{"rendered":"Fondation de l\u2019IRAC"},"content":{"rendered":"\n<h2 class=\"wp-block-heading has-text-align-center\"><strong>Soutenir la prochaine g\u00e9n\u00e9ration d\u2019architectes canadiens<\/strong><\/h2>\n\n\n\n<p class=\"has-text-align-center\">&nbsp;Nos bourses et prix soutiennent les \u00e9tudiants, les dipl\u00f4m\u00e9s, les stagiaires et les architectes en d\u00e9but de carri\u00e8re, futurs cr\u00e9ateurs de notre environnement b\u00e2ti<\/p>\n\n\n\n<h2 class=\"wp-block-heading\">\u00c0 propos de la Fondation<\/h2>\n\n\n\n<p>La Fondation de l\u2019IRAC est un organisme de bienfaisance enregistr\u00e9, cr\u00e9\u00e9 en 1964 pour fournir du soutien financier aux \u00e9tudiants et \u00e9tudiantes en architecture et aux architectes du Canada..<\/p>\n\n\n\n<div class=\"raic-anchor-target-point wp-block-raic-blocks-raic-anchor-target\" id=\"section-61616d\" aria-label=\"\u00c0 propos de la Fondation\" data-menu-label=\"\u00c0 propos de la Fondation\">\n        <\/div>\n\n<div class=\"raic-content-section container wp-block-raic-blocks-raic-accordion\" id=\"section-accordion\">\n            <h2 class=\"raic-section-heading raic-subsection-heading\"><\/h2>\n        \n    <div class=\"raic-accordion\">\n                    <div class=\"raic-accordion-item\">\n                <div class=\"raic-accordion-header\">\n                    <h3 class=\"raic-accordion-title\">Objectifs<\/h3>\n                    <button class=\"raic-accordion-toggle\" aria-label=\"Toggle accordion item\">\n                        <span class=\"raic-icon-plus\"><\/span>\n                    <\/button>\n                <\/div>\n                <div class=\"raic-accordion-content\">\n                    <p>La Fondation g\u00e8re un ensemble de fonds et administre l\u2019attribution annuelle des bourses et prix financ\u00e9s par ces fonds, en poursuivant les objectifs suivants :<\/p>\n<p>\u2022Promouvoir le d\u00e9bat public sur les id\u00e9es architecturales qui influencent la soci\u00e9t\u00e9 et l\u2019environnement b\u00e2ti. <\/p>\n<p>\u2022Soutenir la recherche universitaire en architecture.<\/p>\n<p>\u2022Fournir une aide financi\u00e8re aux \u00e9tudiants et \u00e9tudiantes en architecture, aux stagiaires et aux candidats et candidates \u00e0 la profession d\u2019architecte. <\/p>\n<p>Ces objectifs sont poursuivis en harmonie avec les priorit\u00e9s du Plan strat\u00e9gique de l\u2019IRAC : <\/p>\n<p>\u2022Action climatique <\/p>\n<p>\u2022R\u00e9conciliation avec les peoples autochtones<\/p>\n<p>\u2022\u00c9quit\u00e9, diversit\u00e9 et inclusion <\/p>\n<p>\u2022Innovation technique et sociale<\/p>\n                <\/div>\n            <\/div>\n                    <div class=\"raic-accordion-item\">\n                <div class=\"raic-accordion-header\">\n                    <h3 class=\"raic-accordion-title\">Financement <\/h3>\n                    <button class=\"raic-accordion-toggle\" aria-label=\"Toggle accordion item\">\n                        <span class=\"raic-icon-plus\"><\/span>\n                    <\/button>\n                <\/div>\n                <div class=\"raic-accordion-content\">\n                    <p>Les fonds administr\u00e9s par la Fondation de l\u2019IRAC pour financer les bourses et prix qu\u2019elle attribue ont \u00e9t\u00e9 \u00e9tablis au fil des ans gr\u00e2ce \u00e0 des legs testamentaires de membres de l\u2019IRAC et \u00e0 des dons provenant de fellows et de membres de l\u2019IRAC, de sections r\u00e9gionales du Coll\u00e8ge des fellows, d\u2019autres fondations et de personnes ext\u00e9rieures \u00e0 la profession. <\/p>\n<p>Des dons r\u00e9cents ont permis \u00e0 la Fondation d\u2019ajouter cinq nouveaux prix et bourses depuis 2021 et elle esp\u00e8re pouvoir en ajouter d\u2019autres au cours de l\u2019ann\u00e9e acad\u00e9mique 2026-2027. Aidez-nous \u00e0 soutenir la rel\u00e8ve en architecture en <a href=\"https:\/\/raic.org\/fr\/fondation-de-lirac\/soutenez-la-fondation-de-lirac\/comment-faire-un-don\/\">faisant un don <\/a><\/p>\n                <\/div>\n            <\/div>\n                    <div class=\"raic-accordion-item\">\n                <div class=\"raic-accordion-header\">\n                    <h3 class=\"raic-accordion-title\">Gouvernance<\/h3>\n                    <button class=\"raic-accordion-toggle\" aria-label=\"Toggle accordion item\">\n                        <span class=\"raic-icon-plus\"><\/span>\n                    <\/button>\n                <\/div>\n                <div class=\"raic-accordion-content\">\n                    <p>La Fondation de l\u2019IRAC est dirig\u00e9e par un conseil d\u2019administration compos\u00e9 du pr\u00e9sident sortant de l\u2019IRAC, de la chanceli\u00e8re du Coll\u00e8ge des fellows de l\u2019IRAC, du pr\u00e9sident sortant de la Fondation, de fellows de l\u2019IRAC, d\u2019architectes et de repr\u00e9sentants et repr\u00e9sentantes des secteurs connexes du design et de l\u2019industrie de la construction. <\/p>\n                <\/div>\n            <\/div>\n                    <div class=\"raic-accordion-item\">\n                <div class=\"raic-accordion-header\">\n                    <h3 class=\"raic-accordion-title\">Administrateurs<\/h3>\n                    <button class=\"raic-accordion-toggle\" aria-label=\"Toggle accordion item\">\n                        <span class=\"raic-icon-plus\"><\/span>\n                    <\/button>\n                <\/div>\n                <div class=\"raic-accordion-content\">\n                    <p>b\u00e2timents. Stuart a \u00e9t\u00e9 pr\u00e9sident de l\u2019IRAC, de l\u2019AIBC et du CCAC et il est un membre fondateur de la section canadienne de l\u2019AIA, sur le conseil d\u2019administration de laquelle il si\u00e8ge encore.<br \/>\nContact: stuart.howard@raicf.ca TBC <\/p>\n                <\/div>\n            <\/div>\n            <\/div>\n<\/div>\n\n\n<div class=\"raic-anchor-target-point wp-block-raic-blocks-raic-anchor-target\" id=\"section-d5f38a\" aria-label=\"Nouvelles\" data-menu-label=\"Nouvelles\">\n        <\/div>\n\n\n<h2 class=\"wp-block-heading\">Nouvelles<\/h2>\n\n\n        <div class=\"raic-recent-posts my-4\">\n\n                            \n                    <div class=\"row align-items-start py-4 border-bottom border-secondary border-opacity-25\">\n                        <div class=\"col-auto\">\n                            <i class=\"bi bi-newspaper fs-5 text-primary\"><\/i>\n                        <\/div>\n                        <div class=\"col\">\n                            <h6 class='raic-recent-post-title'><a href=\"https:\/\/raic.org\/fr\/nouvelles\/in-memoriam-yves-gosselin\/\" class=\"text-decoration-none text-black\">\u00c0 la m\u00e9moire d\u2019Yves Gosselin<\/a><\/h6>\n                            <small class=\"text-muted\">27, January 2026<\/small>\n                            <p class=\"my-3\">C\u2019est avec un grand respect que la Fondation de l\u2019IRAC rend hommage \u00e0 Yves Gosselin, AP\/FIRAC, dont les contributions \u00e0 la profession architecturale tout au long de sa carri\u00e8re ont \u00e9t\u00e9 marquantes. Yve\u2026<\/p>\n                            <a href=\"https:\/\/raic.org\/fr\/nouvelles\/in-memoriam-yves-gosselin\/\" class=\"text-decoration-none d-flex align-items-center gap-2 view-all-link\">En savoir plus <i class=\"bi bi-arrow-right transition-arrow\"><\/i><\/a>\n                        <\/div>\n                    <\/div>\n                \n                    <div class=\"row align-items-start py-4 border-bottom border-secondary border-opacity-25\">\n                        <div class=\"col-auto\">\n                            <i class=\"bi bi-newspaper fs-5 text-primary\"><\/i>\n                        <\/div>\n                        <div class=\"col\">\n                            <h6 class='raic-recent-post-title'><a href=\"https:\/\/raic.org\/fr\/nouvelles\/valeur-record-des-bourses-et-prix-de-la-fondation-en-2025\/\" class=\"text-decoration-none text-black\">Valeur record des bourses et prix de la Fondation en 2025<\/a><\/h6>\n                            <small class=\"text-muted\">27, January 2026<\/small>\n                            <p class=\"my-3\">En 2025, la valeur totale des bourses et prix attribu\u00e9s par la Fondation de l\u2019IRAC a \u00e9t\u00e9 de 80&nbsp;900 $, ce qui repr\u00e9sente une augmentation substantielle par rapport aux montants distribu\u00e9s lors des\u2026<\/p>\n                            <a href=\"https:\/\/raic.org\/fr\/nouvelles\/valeur-record-des-bourses-et-prix-de-la-fondation-en-2025\/\" class=\"text-decoration-none d-flex align-items-center gap-2 view-all-link\">En savoir plus <i class=\"bi bi-arrow-right transition-arrow\"><\/i><\/a>\n                        <\/div>\n                    <\/div>\n                                        \n                        <div class=\"d-flex justify-content-end mt-3\">\n                <a href=\"\/about\/news\/\" class=\"fw-semibold text-decoration-none d-flex align-items-center gap-2 view-all-link\">\n                    Voir tout                    <i class=\"bi bi-arrow-right transition-arrow\"><\/i>\n                <\/a>\n            <\/div>\n                    <\/div>\n        \n\n\n\n<div class=\"raic-anchor-target-point wp-block-raic-blocks-raic-anchor-target\" id=\"section-25a08e\" aria-label=\"Contact \" data-menu-label=\"Contact \">\n        <\/div>","protected":false},"excerpt":{"rendered":"<p>Soutenir la prochaine g\u00e9n\u00e9ration d\u2019architectes canadiens &nbsp;Nos bourses et prix soutiennent les \u00e9tudiants, les dipl\u00f4m\u00e9s, les stagiaires et les architectes en d\u00e9but de carri\u00e8re, futurs cr\u00e9ateurs de notre environnement b\u00e2ti \u00c0 propos de la Fondation La Fondation de l\u2019IRAC est un organisme de bienfaisance enregistr\u00e9, cr\u00e9\u00e9 en 1964 pour fournir du soutien financier aux \u00e9tudiants [&hellip;]<\/p>\n","protected":false},"author":3,"featured_media":0,"parent":0,"menu_order":0,"comment_status":"closed","ping_status":"closed","template":"template-foundation.php","meta":{"_acf_changed":false,"footnotes":""},"class_list":["post-35295","page","type-page","status-publish","hentry"],"acf":[],"_links":{"self":[{"href":"https:\/\/raic.org\/fr\/wp-json\/wp\/v2\/pages\/35295","targetHints":{"allow":["GET"]}}],"collection":[{"href":"https:\/\/raic.org\/fr\/wp-json\/wp\/v2\/pages"}],"about":[{"href":"https:\/\/raic.org\/fr\/wp-json\/wp\/v2\/types\/page"}],"author":[{"embeddable":true,"href":"https:\/\/raic.org\/fr\/wp-json\/wp\/v2\/users\/3"}],"replies":[{"embeddable":true,"href":"https:\/\/raic.org\/fr\/wp-json\/wp\/v2\/comments?post=35295"}],"version-history":[{"count":3,"href":"https:\/\/raic.org\/fr\/wp-json\/wp\/v2\/pages\/35295\/revisions"}],"predecessor-version":[{"id":60566,"href":"https:\/\/raic.org\/fr\/wp-json\/wp\/v2\/pages\/35295\/revisions\/60566"}],"wp:attachment":[{"href":"https:\/\/raic.org\/fr\/wp-json\/wp\/v2\/media?parent=35295"}],"curies":[{"name":"wp","href":"https:\/\/api.w.org\/{rel}","templated":true}]}}