{"id":35034,"date":"2025-04-24T19:27:40","date_gmt":"2025-04-24T23:27:40","guid":{"rendered":"https:\/\/staging.raic.symbiodev.xyz\/?page_id=35034"},"modified":"2025-11-18T09:22:41","modified_gmt":"2025-11-18T14:22:41","slug":"reconnaissance-du-territoire","status":"publish","type":"page","link":"https:\/\/raic.org\/fr\/reconnaissance-du-territoire\/","title":{"rendered":"Reconnaissance du territoire"},"content":{"rendered":"\n<p>L\u2019Institut royal d\u2019architecture du Canada reconna\u00eet que nous vivons, apprenons et b\u00e9n\u00e9ficions des territoires traditionnels et non c\u00e9d\u00e9s de nombreuses nations autochtones \u00e0 travers ce que l\u2019on appelle aujourd\u2019hui le Canada. Nous reconnaissons la pr\u00e9sence continue, les cultures et les contributions des Premi\u00e8res Nations, des Inuits et des M\u00e9tis d\u2019un oc\u00e9an \u00e0 l\u2019autre.<\/p>\n\n\n\n<p>En tant qu\u2019organisation nationale, nous nous engageons \u00e0 \u00e9tablir des partenariats significatifs, \u00e0 soutenir des projets dirig\u00e9s par des Autochtones et \u00e0 poser des gestes concrets en faveur de la r\u00e9conciliation, conform\u00e9ment aux Appels \u00e0 l\u2019action de la Commission de v\u00e9rit\u00e9 et r\u00e9conciliation et \u00e0 la D\u00e9claration des Nations Unies sur les droits des peuples autochtones.<\/p>\n\n\n\n<figure class=\"wp-block-image size-large\"><img decoding=\"async\" width=\"1024\" height=\"646\" data-src=\"https:\/\/raic.org\/sites\/raic.org\/wp-content\/uploads\/2025\/11\/Screenshot-2025-04-30-091159-1024x646.png\" alt=\"\" class=\"wp-image-38534 lazyload\" data-srcset=\"https:\/\/raic.org\/sites\/raic.org\/wp-content\/uploads\/2025\/11\/Screenshot-2025-04-30-091159-1024x646.png 1024w, https:\/\/raic.org\/sites\/raic.org\/wp-content\/uploads\/2025\/11\/Screenshot-2025-04-30-091159-300x189.png 300w, https:\/\/raic.org\/sites\/raic.org\/wp-content\/uploads\/2025\/11\/Screenshot-2025-04-30-091159-768x484.png 768w, https:\/\/raic.org\/sites\/raic.org\/wp-content\/uploads\/2025\/11\/Screenshot-2025-04-30-091159.png 1262w\" data-sizes=\"(max-width: 1024px) 100vw, 1024px\" src=\"data:image\/svg+xml;base64,PHN2ZyB3aWR0aD0iMSIgaGVpZ2h0PSIxIiB4bWxucz0iaHR0cDovL3d3dy53My5vcmcvMjAwMC9zdmciPjwvc3ZnPg==\" style=\"--smush-placeholder-width: 1024px; --smush-placeholder-aspect-ratio: 1024\/646;\" \/><\/figure>\n","protected":false},"excerpt":{"rendered":"<p>L\u2019Institut royal d\u2019architecture du Canada reconna\u00eet que nous vivons, apprenons et b\u00e9n\u00e9ficions des territoires traditionnels et non c\u00e9d\u00e9s de nombreuses nations autochtones \u00e0 travers ce que l\u2019on appelle aujourd\u2019hui le Canada. Nous reconnaissons la pr\u00e9sence continue, les cultures et les contributions des Premi\u00e8res Nations, des Inuits et des M\u00e9tis d\u2019un oc\u00e9an \u00e0 l\u2019autre. En tant [&hellip;]<\/p>\n","protected":false},"author":8,"featured_media":0,"parent":0,"menu_order":0,"comment_status":"closed","ping_status":"closed","template":"template-two-column-narrow.php","meta":{"_acf_changed":false,"footnotes":""},"class_list":["post-35034","page","type-page","status-publish","hentry"],"acf":[],"_links":{"self":[{"href":"https:\/\/raic.org\/fr\/wp-json\/wp\/v2\/pages\/35034","targetHints":{"allow":["GET"]}}],"collection":[{"href":"https:\/\/raic.org\/fr\/wp-json\/wp\/v2\/pages"}],"about":[{"href":"https:\/\/raic.org\/fr\/wp-json\/wp\/v2\/types\/page"}],"author":[{"embeddable":true,"href":"https:\/\/raic.org\/fr\/wp-json\/wp\/v2\/users\/8"}],"replies":[{"embeddable":true,"href":"https:\/\/raic.org\/fr\/wp-json\/wp\/v2\/comments?post=35034"}],"version-history":[{"count":2,"href":"https:\/\/raic.org\/fr\/wp-json\/wp\/v2\/pages\/35034\/revisions"}],"predecessor-version":[{"id":42682,"href":"https:\/\/raic.org\/fr\/wp-json\/wp\/v2\/pages\/35034\/revisions\/42682"}],"wp:attachment":[{"href":"https:\/\/raic.org\/fr\/wp-json\/wp\/v2\/media?parent=35034"}],"curies":[{"name":"wp","href":"https:\/\/api.w.org\/{rel}","templated":true}]}}