{"id":34865,"date":"2025-06-25T17:06:04","date_gmt":"2025-06-25T21:06:04","guid":{"rendered":"https:\/\/staging.raic.symbiodev.xyz\/?page_id=34865"},"modified":"2025-12-10T16:24:55","modified_gmt":"2025-12-10T21:24:55","slug":"irac-connects","status":"publish","type":"page","link":"https:\/\/raic.org\/fr\/communaute-evenements\/irac-connects\/","title":{"rendered":"IRAC Connects"},"content":{"rendered":"\n<div style=\"height:50px\" aria-hidden=\"true\" class=\"wp-block-spacer\"><\/div>\n\n\n\n<p>IRAC Connects est une communaut\u00e9 virtuelle o\u00f9 les membres peuvent partager des id\u00e9es, discuter des d\u00e9fis li\u00e9s \u00e0 la pratique, poser des questions, lire et partager des articles de blogue et des nouvelles, faire connaissance avec d\u2019autres membres de l\u2019IRAC et profiter des connaissances, ressources et informations mises en commun. Tous les membres de l\u2019IRAC sont automatiquement membres de IRAC Connects, un avantage r\u00e9serv\u00e9 exclusivement aux membres. IRAC Connects est une communaut\u00e9 dynamique qui favorise le d\u00e9veloppement, l\u2019apprentissage et les occasions de r\u00e9seautage pour les membres de l\u2019IRAC.<\/p>\n\n\n\n<p><strong>Nouveau sur la plateforme ?<\/strong> Commencez par notre <a href=\"https:\/\/raicconnects.raic.org\/new-page3\/tutorial\" target=\"_blank\" rel=\"noreferrer noopener\">tutoriel<\/a>.<\/p>\n\n\n\n<div class=\"raic-generic-button-wrapper has-text-align-left wp-block-raic-blocks-raic-generic-button\">\n    <a href=\"https:\/\/raicconnects.raic.org\/home\" \n       class=\"raic-generic-btn raic-secondary-btn-style\"\n       target=\"_blank\" rel=\"noopener noreferrer\">\n        Connectez-vous maintenant    <\/a>\n<\/div>\n\n\n\n\n<div style=\"height:10px\" aria-hidden=\"true\" class=\"wp-block-spacer\"><\/div>\n\n\n<div class=\"raic-content-section container wp-block-raic-blocks-raic-accordion\" id=\"section-accordion\">\n            <h2 class=\"raic-section-heading raic-subsection-heading\">D\u00e9couvrez ce que vous pouvez faire sur IRAC Connects<\/h2>\n        \n    <div class=\"raic-accordion\">\n                    <div class=\"raic-accordion-item\">\n                <div class=\"raic-accordion-header\">\n                    <h3 class=\"raic-accordion-title\">Profil<\/h3>\n                    <button class=\"raic-accordion-toggle\" aria-label=\"Toggle accordion item\">\n                        <span class=\"raic-icon-plus\"><\/span>\n                    <\/button>\n                <\/div>\n                <div class=\"raic-accordion-content\">\n                    <ul>\n<li>Cr\u00e9ez votre profil en ajoutant vos coordonn\u00e9es, votre biographie, votre formation, votre historique d\u2019emploi, et plus encore<\/li>\n<li>Affichez les badges et rubans que vous avez obtenus<\/li>\n<li>Ajoutez une photo de profil et faites la promotion de vos m\u00e9dias sociaux gr\u00e2ce \u00e0 des liens<\/li>\n<li>Constituez une liste de contacts et envoyez des messages<\/li>\n<\/ul>\n                <\/div>\n            <\/div>\n                    <div class=\"raic-accordion-item\">\n                <div class=\"raic-accordion-header\">\n                    <h3 class=\"raic-accordion-title\">Communaut\u00e9s<\/h3>\n                    <button class=\"raic-accordion-toggle\" aria-label=\"Toggle accordion item\">\n                        <span class=\"raic-icon-plus\"><\/span>\n                    <\/button>\n                <\/div>\n                <div class=\"raic-accordion-content\">\n                    <ul>\n<li>Explorez et joignez des communaut\u00e9s selon vos domaines d\u2019int\u00e9r\u00eat<\/li>\n<li>Recherchez d\u2019autres membres de l\u2019IRAC par nom, lieu ou formation<\/li>\n<li>Communiquez avec vos pairs gr\u00e2ce \u00e0 la fonction de messagerie de la plateforme<\/li>\n<li>Restez \u00e0 jour gr\u00e2ce aux notifications en temps r\u00e9el ou sous forme de r\u00e9sum\u00e9 quotidien<\/li>\n<li>D\u00e9couvrez des professionnels aux int\u00e9r\u00eats similaires<\/li>\n<\/ul>\n                <\/div>\n            <\/div>\n                    <div class=\"raic-accordion-item\">\n                <div class=\"raic-accordion-header\">\n                    <h3 class=\"raic-accordion-title\">Discussions<\/h3>\n                    <button class=\"raic-accordion-toggle\" aria-label=\"Toggle accordion item\">\n                        <span class=\"raic-icon-plus\"><\/span>\n                    <\/button>\n                <\/div>\n                <div class=\"raic-accordion-content\">\n                    <ul>\n<li>Partagez une id\u00e9e ou un conseil, offrez un point de vue, une r\u00e9troaction ou une recommandation<\/li>\n<li>Faites une recherche pour trouver de l\u2019information ou des discussions sur un sujet pr\u00e9cis<\/li>\n<li>Montrez votre soutien en choisissant \u00ab J\u2019aime \u00bb sur une publication<\/li>\n<li>Apprenez de l\u2019exp\u00e9rience et de l\u2019expertise des autres membres<\/li>\n<li>Utilisez les @mentions pour informer vos pairs d\u2019une publication susceptible de les int\u00e9resser<\/li>\n<\/ul>\n                <\/div>\n            <\/div>\n                    <div class=\"raic-accordion-item\">\n                <div class=\"raic-accordion-header\">\n                    <h3 class=\"raic-accordion-title\">Biblioth\u00e8ques<\/h3>\n                    <button class=\"raic-accordion-toggle\" aria-label=\"Toggle accordion item\">\n                        <span class=\"raic-icon-plus\"><\/span>\n                    <\/button>\n                <\/div>\n                <div class=\"raic-accordion-content\">\n                    <ul>\n<li>Cr\u00e9ez et explorez les biblioth\u00e8ques des communaut\u00e9s<\/li>\n<li>Partagez une photo, un fichier, une vid\u00e9o ou un lien vers un site Web<\/li>\n<li>T\u00e9l\u00e9chargez des ressources et laissez vos commentaires ou r\u00e9troactions<\/li>\n<\/ul>\n                <\/div>\n            <\/div>\n                    <div class=\"raic-accordion-item\">\n                <div class=\"raic-accordion-header\">\n                    <h3 class=\"raic-accordion-title\">Calendrier des \u00e9v\u00e9nements<\/h3>\n                    <button class=\"raic-accordion-toggle\" aria-label=\"Toggle accordion item\">\n                        <span class=\"raic-icon-plus\"><\/span>\n                    <\/button>\n                <\/div>\n                <div class=\"raic-accordion-content\">\n                    <ul>\n<li>Informez-vous sur les \u00e9v\u00e9nements \u00e0 venir dans les communaut\u00e9s<\/li>\n<li>T\u00e9l\u00e9chargez l\u2019\u00e9v\u00e9nement pour l\u2019ajouter \u00e0 votre propre calendrier<\/li>\n<\/ul>\n                <\/div>\n            <\/div>\n            <\/div>\n<\/div>\n\n\n<div style=\"height:2px\" aria-hidden=\"true\" class=\"wp-block-spacer\"><\/div>\n\n\n\n<div class=\"raic-generic-button-wrapper has-text-align-left wp-block-raic-blocks-raic-generic-button\">\n    <a href=\"https:\/\/raicconnects.raic.org\/home\" \n       class=\"raic-generic-btn raic-primary-btn-style\"\n       >\n        Participez \u00e0 la conversation    <\/a>\n<\/div>\n\n\n\n\n<p>Si vous avez des questions concernant IRAC Connects, contactez-nous \u00e0 <a href=\"mailto:connects@raic.org\">connects@raic.org<\/a>.<br><\/p>\n\n\n\n<div style=\"height:25px\" aria-hidden=\"true\" class=\"wp-block-spacer\"><\/div>\n\n\n\n<p><\/p>\n","protected":false},"excerpt":{"rendered":"<p>IRAC Connects est une communaut\u00e9 virtuelle o\u00f9 les membres peuvent partager des id\u00e9es, discuter des d\u00e9fis li\u00e9s \u00e0 la pratique, poser des questions, lire et partager des articles de blogue et des nouvelles, faire connaissance avec d\u2019autres membres de l\u2019IRAC et profiter des connaissances, ressources et informations mises en commun. Tous les membres de l\u2019IRAC [&hellip;]<\/p>\n","protected":false},"author":1,"featured_media":0,"parent":5221,"menu_order":0,"comment_status":"closed","ping_status":"closed","template":"template-single-column-max-width.php","meta":{"_acf_changed":false,"footnotes":""},"class_list":["post-34865","page","type-page","status-publish","hentry"],"acf":[],"_links":{"self":[{"href":"https:\/\/raic.org\/fr\/wp-json\/wp\/v2\/pages\/34865","targetHints":{"allow":["GET"]}}],"collection":[{"href":"https:\/\/raic.org\/fr\/wp-json\/wp\/v2\/pages"}],"about":[{"href":"https:\/\/raic.org\/fr\/wp-json\/wp\/v2\/types\/page"}],"author":[{"embeddable":true,"href":"https:\/\/raic.org\/fr\/wp-json\/wp\/v2\/users\/1"}],"replies":[{"embeddable":true,"href":"https:\/\/raic.org\/fr\/wp-json\/wp\/v2\/comments?post=34865"}],"version-history":[{"count":4,"href":"https:\/\/raic.org\/fr\/wp-json\/wp\/v2\/pages\/34865\/revisions"}],"predecessor-version":[{"id":53038,"href":"https:\/\/raic.org\/fr\/wp-json\/wp\/v2\/pages\/34865\/revisions\/53038"}],"up":[{"embeddable":true,"href":"https:\/\/raic.org\/fr\/wp-json\/wp\/v2\/pages\/5221"}],"wp:attachment":[{"href":"https:\/\/raic.org\/fr\/wp-json\/wp\/v2\/media?parent=34865"}],"curies":[{"name":"wp","href":"https:\/\/api.w.org\/{rel}","templated":true}]}}