{"id":34860,"date":"2019-06-18T11:26:22","date_gmt":"2019-06-18T15:26:22","guid":{"rendered":"https:\/\/staging.raic.symbiodev.xyz\/?page_id=34860"},"modified":"2026-02-18T15:11:06","modified_gmt":"2026-02-18T20:11:06","slug":"chapitres","status":"publish","type":"page","link":"https:\/\/raic.org\/fr\/chapitres\/","title":{"rendered":"Chapitres"},"content":{"rendered":"\n<div style=\"height:25px\" aria-hidden=\"true\" class=\"wp-block-spacer\"><\/div>\n\n\n\n<p>L\u2019Institut royal d\u2019architecture du Canada (IRAC) est un organisme \u00e0 but non lucratif qui a commenc\u00e9 ses activit\u00e9s en 1907 et est r\u00e9gi par un conseil d\u2019administration. L\u2019IRAC compte environ 5 000 membres et son bureau national est situ\u00e9 \u00e0 Ottawa.<\/p>\n\n\n\n<p>Afin de renforcer l\u2019IRAC et d\u2019en faire une organisation autonome ax\u00e9e sur ses membres, le conseil d\u2019administration a d\u00e9cid\u00e9, lorsque cela est possible, d\u2019\u00e9tablir des sections dans les provinces ou territoires. Cette approche vise \u00e0 mieux r\u00e9pondre aux besoins de repr\u00e9sentation, de formation et de r\u00e9seautage des membres, tout en permettant \u00e0 l\u2019organisation de r\u00e9aliser sa mission et sa vision.<\/p>\n\n\n\n<figure class=\"wp-block-image size-large\"><img decoding=\"async\" width=\"1024\" height=\"683\" data-src=\"https:\/\/raic.org\/sites\/raic.org\/wp-content\/uploads\/2026\/02\/Chapter_1200x800_FR-1024x683.jpg\" alt=\"\" class=\"wp-image-61049 lazyload\" data-srcset=\"https:\/\/raic.org\/sites\/raic.org\/wp-content\/uploads\/2026\/02\/Chapter_1200x800_FR-1024x683.jpg 1024w, https:\/\/raic.org\/sites\/raic.org\/wp-content\/uploads\/2026\/02\/Chapter_1200x800_FR-300x200.jpg 300w, https:\/\/raic.org\/sites\/raic.org\/wp-content\/uploads\/2026\/02\/Chapter_1200x800_FR-768x512.jpg 768w, https:\/\/raic.org\/sites\/raic.org\/wp-content\/uploads\/2026\/02\/Chapter_1200x800_FR.jpg 1200w\" data-sizes=\"(max-width: 1024px) 100vw, 1024px\" src=\"data:image\/svg+xml;base64,PHN2ZyB3aWR0aD0iMSIgaGVpZ2h0PSIxIiB4bWxucz0iaHR0cDovL3d3dy53My5vcmcvMjAwMC9zdmciPjwvc3ZnPg==\" style=\"--smush-placeholder-width: 1024px; --smush-placeholder-aspect-ratio: 1024\/683;\" \/><\/figure>\n\n\n\n<p>Une section de l\u2019IRAC peut repr\u00e9senter les besoins des membres de l\u2019IRAC dans une seule province ou un seul territoire, ou regrouper deux provinces ou territoires ou plus. L\u2019IRAC a adopt\u00e9 un mod\u00e8le \u00ab f\u00e9d\u00e9r\u00e9 \u00bb pour ses sections. Dans ce mod\u00e8le, les sections de l\u2019IRAC ne sont pas des entit\u00e9s juridiques distinctes ; elles sont plut\u00f4t r\u00e9gies par le conseil d\u2019administration de l\u2019IRAC et conform\u00e9ment aux r\u00e8glements administratifs, r\u00e8gles, politiques, directives et priorit\u00e9s strat\u00e9giques de l\u2019IRAC.<\/p>\n\n\n\n<p>Des sections de l\u2019IRAC sont actuellement \u00e9tablies dans les trois provinces suivantes :<\/p>\n\n\n\n<div style=\"height:0px\" aria-hidden=\"true\" class=\"wp-block-spacer\"><\/div>\n\n\n\n<ul class=\"wp-block-list\">\n<li><a href=\"https:\/\/raic.org\/fr\/chapitres\/alberta\/\" target=\"_blank\" rel=\"noreferrer noopener\">Alberta<\/a><\/li>\n\n\n\n<li><a href=\"https:\/\/raic.org\/fr\/chapitres\/colombie-britannique\/\" target=\"_blank\" rel=\"noreferrer noopener\">Colombie-Britannique<\/a><\/li>\n\n\n\n<li><a href=\"https:\/\/raic.org\/fr\/chapitres\/chapitre-de-la-nouvelle-ecosse\/\" target=\"_blank\" rel=\"noreferrer noopener\">Nouvelle-\u00c9cosse<\/a><\/li>\n<\/ul>\n\n\n\n<div style=\"height:25px\" aria-hidden=\"true\" class=\"wp-block-spacer\"><\/div>\n\n\n\n<h6 class=\"wp-block-heading\"><strong>B\u00e9n\u00e9voles<\/strong><\/h6>\n\n\n\n<p>Vous souhaitez faire du b\u00e9n\u00e9volat au sein d\u2019un chapitre ou d\u2019un r\u00e9seau dans votre r\u00e9gion? Vous souhaitez cr\u00e9er un nouveau r\u00e9seau? Communiquez avec nous pour nous faire part de votre int\u00e9r\u00eat <a href=\"https:\/\/docs.google.com\/forms\/d\/e\/1FAIpQLSdPNgbMHxn4v7wlqnEN2ulSzmvLRSl-mXFYBZ6C2LN2Di8qDQ\/viewform?pli=1\" target=\"_blank\" rel=\"noreferrer noopener\">ici.<\/a><\/p>\n\n\n\n<div style=\"height:25px\" aria-hidden=\"true\" class=\"wp-block-spacer\"><\/div>\n\n\n\n<h6 class=\"wp-block-heading\"><strong>Chronologie des sections et r\u00e9seaux de l\u2019IRAC<\/strong><\/h6>\n\n\n\n<div style=\"height:25px\" aria-hidden=\"true\" class=\"wp-block-spacer\"><\/div>\n\n\n<div class=\"align wp-block-tlgb-b-timeline-block\" id='BTimelineBlock-1'\n  data-attributes='{&quot;timelines&quot;:[{&quot;icon&quot;:&quot;&quot;,&quot;date&quot;:&quot;2004&quot;,&quot;label&quot;:&quot;2008-2018&quot;,&quot;description&quot;:&quot;Sections Metro Vancouver, \\u00cele de Vancouver et Edmonton \\u00e9tablies\\n&quot;,&quot;isAddTinyEditor&quot;:false},{&quot;icon&quot;:&quot;&quot;,&quot;date&quot;:&quot;2004&quot;,&quot;label&quot;:&quot;2019-01-01&quot;,&quot;description&quot;:&quot;Colombie-Britannique \\u2014 chapitres \\u00e9tablis\\n&quot;,&quot;isAddTinyEditor&quot;:false},{&quot;icon&quot;:&quot;&quot;,&quot;date&quot;:&quot;2004&quot;,&quot;label&quot;:&quot;2019-02-01&quot;,&quot;description&quot;:&quot;Metro Vancouver \\u2192 R\\u00e9seau Metro Vancouver&quot;,&quot;isAddTinyEditor&quot;:false},{&quot;icon&quot;:&quot;&quot;,&quot;date&quot;:&quot;2004&quot;,&quot;label&quot;:&quot;2019-03-01&quot;,&quot;description&quot;:&quot;\\u00cele de Vancouver \\u2192 R\\u00e9seau Mid Island\\n&quot;,&quot;isAddTinyEditor&quot;:false},{&quot;icon&quot;:&quot;&quot;,&quot;date&quot;:&quot;2004&quot;,&quot;label&quot;:&quot;2019-04-01&quot;,&quot;description&quot;:&quot;Chapitre Alberta \\u00e9tabli\\n\\n\\n\\n&quot;,&quot;isAddTinyEditor&quot;:false},{&quot;icon&quot;:&quot;&quot;,&quot;date&quot;:&quot;2004&quot;,&quot;label&quot;:&quot;2019-08-01&quot;,&quot;description&quot;:&quot;R\\u00e9seau Calgary \\u00e9tabli\\n\\n&quot;,&quot;isAddTinyEditor&quot;:false},{&quot;icon&quot;:&quot;&quot;,&quot;date&quot;:&quot;2004&quot;,&quot;label&quot;:&quot;2020-01-01&quot;,&quot;description&quot;:&quot;Nouvelle-\\u00c9cosse \\u2014 chapitre \\u00e9tabli\\n&quot;,&quot;isAddTinyEditor&quot;:false},{&quot;icon&quot;:&quot;&quot;,&quot;date&quot;:&quot;02-02-2002&quot;,&quot;label&quot;:&quot;2021-01-01&quot;,&quot;description&quot;:&quot;R\\u00e9seau Halifax \\u00e9tabli&quot;,&quot;isAddTinyEditor&quot;:false},{&quot;icon&quot;:&quot;&quot;,&quot;date&quot;:&quot;02-02-2002&quot;,&quot;label&quot;:&quot;2021-06-01&quot;,&quot;description&quot;:&quot;R\\u00e9seau C\\u00f4te-Sud N.-\\u00c9. \\u00e9tabli&quot;,&quot;isAddTinyEditor&quot;:false},{&quot;icon&quot;:&quot;&quot;,&quot;date&quot;:&quot;02-02-2002&quot;,&quot;label&quot;:&quot;2022-01-01&quot;,&quot;description&quot;:&quot;R\\u00e9seau Vall\\u00e9e d\\u2019Annapolis N.-\\u00c9. \\u00e9tabli&quot;,&quot;isAddTinyEditor&quot;:false},{&quot;icon&quot;:&quot;&quot;,&quot;date&quot;:&quot;02-02-2002&quot;,&quot;label&quot;:&quot;2022-06&quot;,&quot;description&quot;:&quot;Victoria \\u2192 R\\u00e9seau de la C\\u00f4te-Sud&quot;,&quot;isAddTinyEditor&quot;:false}],&quot;type&quot;:&quot;horizontal&quot;,&quot;labelLocation&quot;:&quot;top&quot;,&quot;startIndex&quot;:3,&quot;verticalTrigger&quot;:&quot;5px&quot;,&quot;barBackground&quot;:&quot;rgba(255, 179, 47, 1)&quot;,&quot;barDotColor&quot;:&quot;rgba(250, 158, 0, 1)&quot;,&quot;itemBorder&quot;:{&quot;width&quot;:&quot;1px&quot;,&quot;color&quot;:&quot;#263DC9&quot;},&quot;labelTypo&quot;:{&quot;fontSize&quot;:{&quot;desktop&quot;:&quot;20px&quot;,&quot;tablet&quot;:16,&quot;mobile&quot;:16},&quot;fontWeight&quot;:600,&quot;fontVariant&quot;:&quot;600&quot;,&quot;isUploadFont&quot;:false,&quot;lineHeight&quot;:&quot;150%&quot;,&quot;letterSpace&quot;:&quot;1px&quot;},&quot;labelColor&quot;:&quot;#000&quot;,&quot;align&quot;:&quot;&quot;,&quot;itemPosition&quot;:&quot;right&quot;,&quot;vigibleItems&quot;:4,&quot;moveItem&quot;:2,&quot;rtlMode&quot;:false,&quot;itemBg&quot;:&quot;#ffffff&quot;,&quot;itemColor&quot;:&quot;#333333&quot;,&quot;itemTypo&quot;:{&quot;fontSize&quot;:{&quot;desktop&quot;:14,&quot;tablet&quot;:14,&quot;mobile&quot;:14}},&quot;horizontalDatePosition&quot;:&quot;bottom&quot;,&quot;contentBorder&quot;:{&quot;width&quot;:&quot;1px&quot;,&quot;style&quot;:&quot;solid&quot;,&quot;color&quot;:&quot;#72aee6&quot;},&quot;theme&quot;:&quot;default&quot;,&quot;timelineBar&quot;:{&quot;width&quot;:&quot;3px&quot;,&quot;dotSize&quot;:20,&quot;progressBarbgColor&quot;:{&quot;color&quot;:&quot;linear-gradient(to bottom, #ff6a00, #ee0979)&quot;}},&quot;dateStyles&quot;:{&quot;dateTypo&quot;:{&quot;fontSize&quot;:{&quot;desktop&quot;:14,&quot;tablet&quot;:14,&quot;mobile&quot;:14}},&quot;dateColor&quot;:&quot;black&quot;,&quot;dateContainerSize&quot;:50,&quot;dateBg&quot;:{&quot;color&quot;:&quot;#06b6d4&quot;}},&quot;iconStyles&quot;:{&quot;iconColor&quot;:&quot;orangered&quot;,&quot;iconColorHover&quot;:&quot;red&quot;,&quot;iconSize&quot;:40,&quot;iconContainerSize&quot;:40,&quot;background&quot;:{&quot;normal&quot;:{&quot;color&quot;:&quot;white&quot;},&quot;hover&quot;:{&quot;color&quot;:&quot;red&quot;}},&quot;borderControl&quot;:{&quot;width&quot;:&quot;1px&quot;,&quot;color&quot;:&quot;rgba(18, 235, 195, 1)&quot;,&quot;style&quot;:&quot;inset&quot;},&quot;iconBorderHover&quot;:&quot;1px solid #efefef&quot;}}'><\/div>\n\n\n<div style=\"height:50px\" aria-hidden=\"true\" class=\"wp-block-spacer\"><\/div>\n\n\n\n<div class=\"raic-text-image-section wp-block-raic-blocks-raic-text-image-alternating\" data-aos=\"fade-in\" data-aos-duration=\"1000\">\n    <div class=\"container\">\n        <div class=\"row align-items-center\">\n            <div class=\"col-lg-6 mb-4 mb-lg-0\">\n                <div class=\"raic-content-image\">\n                    <img decoding=\"async\" width=\"584\" height=\"594\" data-src=\"https:\/\/raic.org\/sites\/raic.org\/wp-content\/uploads\/2025\/07\/00x0-Home-membership-widget-2.png\" class=\"img-fluid lazyload\" alt=\"\" data-srcset=\"https:\/\/raic.org\/sites\/raic.org\/wp-content\/uploads\/2025\/07\/00x0-Home-membership-widget-2.png 584w, https:\/\/raic.org\/sites\/raic.org\/wp-content\/uploads\/2025\/07\/00x0-Home-membership-widget-2-295x300.png 295w, https:\/\/raic.org\/sites\/raic.org\/wp-content\/uploads\/2025\/07\/00x0-Home-membership-widget-2-300x305.png 300w\" data-sizes=\"(max-width: 584px) 100vw, 584px\" src=\"data:image\/svg+xml;base64,PHN2ZyB3aWR0aD0iMSIgaGVpZ2h0PSIxIiB4bWxucz0iaHR0cDovL3d3dy53My5vcmcvMjAwMC9zdmciPjwvc3ZnPg==\" style=\"--smush-placeholder-width: 584px; --smush-placeholder-aspect-ratio: 584\/594;\" \/>                <\/div>\n            <\/div>\n            <div class=\"col-lg-6\">\n                <div class=\"raic-text-content\">\n\n                                            <div class=\"raic-content-badge\">\n                            <span>Adh\u00e9rez<\/span>\n                        <\/div>\n                    \n                                             <h2 class=\"raic-content-title\">\n                             Fa\u00e7onner l\u2019avenir architectural                         <\/h2>\n                    \n                                            <p class=\"raic-content-description\">\n                             L\u2019IRAC fait progresser la profession en menant des actions de repr\u00e9sentation significatives, en offrant une formation de pointe et en rassemblant les architectes d\u2019un oc\u00e9an \u00e0 l\u2019autre.                        <\/p>\n                    \n                                                                <div class=\"raic-content-actions\">\n                                                            <a href=\"https:\/\/raic.org\/fr\/adherer\/pourquoi-adhere\/\" class=\"raic-btn-primary\" aria-label=\"Pourquoi adh\u00e9rer - Fa\u00e7onner l\u2019avenir architectural\" target=\"_blank\" rel=\"noopener noreferrer\">\n                                    Pourquoi adh\u00e9rer <i class=\"bi bi-arrow-right-short\"><\/i>\n                                <\/a>\n                            \n                                                             <a href=\"https:\/\/raic.org\/fr\/a-propos\/l-institut\/\" class=\"raic-btn-outline\" aria-label=\"\u00c0 propos de nous - Fa\u00e7onner l\u2019avenir architectural\" target=\"_blank\" rel=\"noopener noreferrer\">\n                                     \u00c0 propos de nous <i class=\"bi bi-arrow-right-short\"><\/i>\n                                 <\/a>\n                                                    <\/div>\n                    \n                <\/div>\n            <\/div>\n\n        <\/div>     <\/div> <\/div>\n","protected":false},"excerpt":{"rendered":"<p>L\u2019Institut royal d\u2019architecture du Canada (IRAC) est un organisme \u00e0 but non lucratif qui a commenc\u00e9 ses activit\u00e9s en 1907 et est r\u00e9gi par un conseil d\u2019administration. L\u2019IRAC compte environ 5 000 membres et son bureau national est situ\u00e9 \u00e0 Ottawa. Afin de renforcer l\u2019IRAC et d\u2019en faire une organisation autonome ax\u00e9e sur ses membres, [&hellip;]<\/p>\n","protected":false},"author":3,"featured_media":0,"parent":0,"menu_order":0,"comment_status":"closed","ping_status":"closed","template":"template-two-column-wide.php","meta":{"_acf_changed":false,"footnotes":""},"class_list":["post-34860","page","type-page","status-publish","hentry"],"acf":[],"_links":{"self":[{"href":"https:\/\/raic.org\/fr\/wp-json\/wp\/v2\/pages\/34860","targetHints":{"allow":["GET"]}}],"collection":[{"href":"https:\/\/raic.org\/fr\/wp-json\/wp\/v2\/pages"}],"about":[{"href":"https:\/\/raic.org\/fr\/wp-json\/wp\/v2\/types\/page"}],"author":[{"embeddable":true,"href":"https:\/\/raic.org\/fr\/wp-json\/wp\/v2\/users\/3"}],"replies":[{"embeddable":true,"href":"https:\/\/raic.org\/fr\/wp-json\/wp\/v2\/comments?post=34860"}],"version-history":[{"count":3,"href":"https:\/\/raic.org\/fr\/wp-json\/wp\/v2\/pages\/34860\/revisions"}],"predecessor-version":[{"id":61053,"href":"https:\/\/raic.org\/fr\/wp-json\/wp\/v2\/pages\/34860\/revisions\/61053"}],"wp:attachment":[{"href":"https:\/\/raic.org\/fr\/wp-json\/wp\/v2\/media?parent=34860"}],"curies":[{"name":"wp","href":"https:\/\/api.w.org\/{rel}","templated":true}]}}