{"id":34855,"date":"2025-06-25T17:02:00","date_gmt":"2025-06-25T21:02:00","guid":{"rendered":"https:\/\/staging.raic.symbiodev.xyz\/?page_id=34855"},"modified":"2025-12-10T14:35:12","modified_gmt":"2025-12-10T19:35:12","slug":"congres-darchitecture-de-lirac","status":"publish","type":"page","link":"https:\/\/raic.org\/fr\/communaute-evenements\/congres-darchitecture-de-lirac\/","title":{"rendered":"Congr\u00e8s d\u2019architecture de l\u2019IRAC"},"content":{"rendered":"\n<div style=\"height:50px\" aria-hidden=\"true\" class=\"wp-block-spacer\"><\/div>\n\n\n\n<h4 class=\"wp-block-heading\"><strong>\u00c0 propos<\/strong><\/h4>\n\n\n\n<div style=\"height:15px\" aria-hidden=\"true\" class=\"wp-block-spacer\"><\/div>\n\n\n\n<div style=\"height:25px\" aria-hidden=\"true\" class=\"wp-block-spacer\"><\/div>\n\n\n\n<p>Le Congr\u00e8s d&#8217;architecture 2026 est un rassemblement national qui r\u00e9unit des architectes et des leaders de l\u2019industrie de partout au Canada afin d\u2019examiner les enjeux essentiels qui fa\u00e7onnent l\u2019avenir de la profession. Dirig\u00e9 par L\u2019Institut royal d\u2019architecture du Canada \u2014 la seule association professionnelle nationale au pays d\u00e9di\u00e9e \u00e0 l\u2019architecture \u2014 le Congress encourage une r\u00e9flexion d\u2019ensemble, une action collective et un dialogue constructif et significatif.<\/p>\n\n\n\n<p>Tenu chaque ann\u00e9e au d\u00e9but d\u2019octobre pour co\u00efncider avec la <strong>Journ\u00e9e mondiale de l\u2019architecture<\/strong> (le premier lundi d\u2019octobre), le Congress est con\u00e7u pour <strong>stimuler l\u2019action, inspirer l\u2019apprentissage et renforcer les liens<\/strong> au sein de la communaut\u00e9 architecturale.<\/p>\n\n\n\n<p>Contrairement aux congr\u00e8s traditionnels, le Congress ne met pas l\u2019accent sur la formation continue ni sur une vari\u00e9t\u00e9 de s\u00e9ances. Il offre plut\u00f4t un forum cibl\u00e9 permettant <strong>d\u2019examiner en profondeur un seul enjeu d\u2019importance nationale<\/strong> pour la profession, en mettant l\u2019accent sur la collaboration, la strat\u00e9gie et une r\u00e9flexion \u00e0 l\u2019\u00e9chelle des syst\u00e8mes.<\/p>\n\n\n\n<div style=\"height:25px\" aria-hidden=\"true\" class=\"wp-block-spacer\"><\/div>\n\n\n\n<h6 class=\"wp-block-heading\"><strong>Le Congress est con\u00e7u pour :<\/strong><\/h6>\n\n\n\n<div style=\"height:15px\" aria-hidden=\"true\" class=\"wp-block-spacer\"><\/div>\n\n\n\n<ul class=\"wp-block-list\">\n<li><strong>STIMULER<\/strong> l\u2019action et l\u2019apprentissage afin de faire progresser l\u2019architecture au Canada<\/li>\n\n\n\n<li><strong>CR\u00c9ER<\/strong> et renforcer des relations entre les secteurs et les r\u00e9gions<\/li>\n\n\n\n<li><strong>PARTAGER<\/strong> des id\u00e9es audacieuses, des strat\u00e9gies et des pratiques exemplaires<\/li>\n<\/ul>\n\n\n\n<div style=\"height:15px\" aria-hidden=\"true\" class=\"wp-block-spacer\"><\/div>\n\n\n\n<h6 class=\"wp-block-heading\"><strong>Parmi les principaux r\u00e9sultats possibles, on retrouve :<\/strong><\/h6>\n\n\n\n<div style=\"height:15px\" aria-hidden=\"true\" class=\"wp-block-spacer\"><\/div>\n\n\n\n<ul class=\"wp-block-list\">\n<li>Des documents de r\u00e9flexion, des rapports ou des prises de position<\/li>\n\n\n\n<li>Des recommandations strat\u00e9giques pour l&#8217;IRAC et d\u2019autres parties prenantes<\/li>\n\n\n\n<li>Des sources d\u2019inspiration pour de futurs th\u00e8mes du Congress<\/li>\n\n\n\n<li>Un engagement accru au sein de la profession sur des enjeux critiques et d\u2019actualit\u00e9<\/li>\n<\/ul>\n\n\n\n<p>Depuis son lancement en 2020, le Congress combine des \u00e9v\u00e9nements virtuels et en personne, les \u00e9ditions r\u00e9centes ayant eu lieu \u00e0 <strong>Whistler (2023)<\/strong> et \u00e0 <strong>Saint Andrews (2024)<\/strong>. Jusqu\u2019\u00e0 pr\u00e9sent, les Congress ont port\u00e9 principalement sur l\u2019action climatique et la durabilit\u00e9.<\/p>\n\n\n\n<p>L\u2019\u00e9v\u00e9nement continue d\u2019\u00e9voluer en tant que plateforme de dialogue national et d\u2019action collective sur le r\u00f4le de l\u2019architecture dans un monde en transformation.<\/p>\n\n\n\n<div style=\"height:25px\" aria-hidden=\"true\" class=\"wp-block-spacer\"><\/div>\n\n\n\n<div class=\"raic-anchor-target-point wp-block-raic-blocks-raic-anchor-target\" id=\"section-17e65b\" aria-label=\"\u00c9v\u00e9nements \u00e0 venir\" data-menu-label=\"\u00c9v\u00e9nements \u00e0 venir\">\n        <\/div>\n\n\n<h4 class=\"wp-block-heading\"><strong>\u00c9v\u00e9nements \u00e0 venir<\/strong><\/h4>\n\n\n\n<div style=\"height:25px\" aria-hidden=\"true\" class=\"wp-block-spacer\"><\/div>\n\n\n\n<p>L&#8217;IRAC planifie activement les prochaines \u00e9ditions du Congress, la prochaine rencontre en personne \u00e9tant pr\u00e9vue pour <strong>2027<\/strong>. Bien que les d\u00e9tails soient encore en \u00e9laboration, le RAIC demeure d\u00e9termin\u00e9 \u00e0 rassembler la communaut\u00e9 architecturale autour de sujets d\u2019importance nationale et \u00e0 offrir un espace pour une vision ambitieuse, un dialogue strat\u00e9gique et un impact collectif. Des mises \u00e0 jour seront partag\u00e9es \u00e0 mesure que la planification progressera.<\/p>\n\n\n\n<div style=\"height:25px\" aria-hidden=\"true\" class=\"wp-block-spacer\"><\/div>\n\n\n\n<h4 class=\"wp-block-heading\"><strong>Merci \u00e0 nos commanditaires pr\u00e9c\u00e9dents<\/strong><\/h4>\n\n\n\n<div style=\"height:50px\" aria-hidden=\"true\" class=\"wp-block-spacer\"><\/div>\n\n\n\n<div class=\"raic-anchor-target-point wp-block-raic-blocks-raic-anchor-target\" id=\"section-27bfcd\" aria-label=\"Commanditaires\" data-menu-label=\"Commanditaires\">\n        <\/div>\n\n\n<h4 class=\"wp-block-heading has-text-align-left raic-heading-border\"><strong>Commanditaires 2024<\/strong><\/h4>\n\n\n\n<p class=\"has-text-align-left\"><\/p>\n\n\n\n<div style=\"height:50px\" aria-hidden=\"true\" class=\"wp-block-spacer\"><\/div>\n\n\n<div class=\"wp-block-image\">\n<figure class=\"alignleft size-full\"><img decoding=\"async\" width=\"702\" height=\"598\" data-src=\"https:\/\/raic.org\/sites\/raic.org\/wp-content\/uploads\/2025\/08\/image.png\" alt=\"\" class=\"wp-image-15177 lazyload\" data-srcset=\"https:\/\/raic.org\/sites\/raic.org\/wp-content\/uploads\/2025\/08\/image.png 702w, https:\/\/raic.org\/sites\/raic.org\/wp-content\/uploads\/2025\/08\/image-300x256.png 300w\" data-sizes=\"(max-width: 702px) 100vw, 702px\" src=\"data:image\/svg+xml;base64,PHN2ZyB3aWR0aD0iMSIgaGVpZ2h0PSIxIiB4bWxucz0iaHR0cDovL3d3dy53My5vcmcvMjAwMC9zdmciPjwvc3ZnPg==\" style=\"--smush-placeholder-width: 702px; --smush-placeholder-aspect-ratio: 702\/598;\" \/><\/figure>\n<\/div>\n\n\n<div style=\"height:50px\" aria-hidden=\"true\" class=\"wp-block-spacer\"><\/div>\n\n\n\n<h4 class=\"wp-block-heading has-text-align-left raic-heading-border\"><strong>Commanditaires 2023<\/strong><\/h4>\n\n\n\n<p class=\"has-text-align-left\"><\/p>\n\n\n\n<div style=\"height:50px\" aria-hidden=\"true\" class=\"wp-block-spacer\"><\/div>\n\n\n<div class=\"wp-block-image\">\n<figure class=\"alignleft size-full\"><img decoding=\"async\" width=\"648\" height=\"606\" data-src=\"https:\/\/raic.org\/sites\/raic.org\/wp-content\/uploads\/2025\/08\/image-1.png\" alt=\"\" class=\"wp-image-15179 lazyload\" data-srcset=\"https:\/\/raic.org\/sites\/raic.org\/wp-content\/uploads\/2025\/08\/image-1.png 648w, https:\/\/raic.org\/sites\/raic.org\/wp-content\/uploads\/2025\/08\/image-1-300x281.png 300w\" data-sizes=\"(max-width: 648px) 100vw, 648px\" src=\"data:image\/svg+xml;base64,PHN2ZyB3aWR0aD0iMSIgaGVpZ2h0PSIxIiB4bWxucz0iaHR0cDovL3d3dy53My5vcmcvMjAwMC9zdmciPjwvc3ZnPg==\" style=\"--smush-placeholder-width: 648px; --smush-placeholder-aspect-ratio: 648\/606;\" \/><\/figure>\n<\/div>\n\n<div class=\"wp-block-image\">\n<figure class=\"alignleft size-full\"><img decoding=\"async\" width=\"664\" height=\"255\" data-src=\"https:\/\/raic.org\/sites\/raic.org\/wp-content\/uploads\/2025\/08\/image-2.png\" alt=\"\" class=\"wp-image-15181 lazyload\" data-srcset=\"https:\/\/raic.org\/sites\/raic.org\/wp-content\/uploads\/2025\/08\/image-2.png 664w, https:\/\/raic.org\/sites\/raic.org\/wp-content\/uploads\/2025\/08\/image-2-300x115.png 300w\" data-sizes=\"(max-width: 664px) 100vw, 664px\" src=\"data:image\/svg+xml;base64,PHN2ZyB3aWR0aD0iMSIgaGVpZ2h0PSIxIiB4bWxucz0iaHR0cDovL3d3dy53My5vcmcvMjAwMC9zdmciPjwvc3ZnPg==\" style=\"--smush-placeholder-width: 664px; --smush-placeholder-aspect-ratio: 664\/255;\" \/><\/figure>\n<\/div>\n\n<div class=\"wp-block-image\">\n<figure class=\"alignleft size-full\"><img decoding=\"async\" width=\"702\" height=\"573\" data-src=\"https:\/\/raic.org\/sites\/raic.org\/wp-content\/uploads\/2025\/08\/image-3.png\" alt=\"\" class=\"wp-image-15183 lazyload\" data-srcset=\"https:\/\/raic.org\/sites\/raic.org\/wp-content\/uploads\/2025\/08\/image-3.png 702w, https:\/\/raic.org\/sites\/raic.org\/wp-content\/uploads\/2025\/08\/image-3-300x245.png 300w\" data-sizes=\"(max-width: 702px) 100vw, 702px\" src=\"data:image\/svg+xml;base64,PHN2ZyB3aWR0aD0iMSIgaGVpZ2h0PSIxIiB4bWxucz0iaHR0cDovL3d3dy53My5vcmcvMjAwMC9zdmciPjwvc3ZnPg==\" style=\"--smush-placeholder-width: 702px; --smush-placeholder-aspect-ratio: 702\/573;\" \/><\/figure>\n<\/div>\n\n\n<div style=\"height:50px\" aria-hidden=\"true\" class=\"wp-block-spacer\"><\/div>\n\n\n\n<h4 class=\"wp-block-heading has-text-align-left raic-heading-border\"><strong>Commanditaires 2021<\/strong><\/h4>\n\n\n\n<p class=\"has-text-align-left\"><\/p>\n\n\n\n<div style=\"height:50px\" aria-hidden=\"true\" class=\"wp-block-spacer\"><\/div>\n\n\n<div class=\"wp-block-image\">\n<figure class=\"alignleft size-full\"><img decoding=\"async\" width=\"702\" height=\"306\" data-src=\"https:\/\/raic.org\/sites\/raic.org\/wp-content\/uploads\/2025\/08\/image-4.png\" alt=\"\" class=\"wp-image-15185 lazyload\" data-srcset=\"https:\/\/raic.org\/sites\/raic.org\/wp-content\/uploads\/2025\/08\/image-4.png 702w, https:\/\/raic.org\/sites\/raic.org\/wp-content\/uploads\/2025\/08\/image-4-300x131.png 300w\" data-sizes=\"(max-width: 702px) 100vw, 702px\" src=\"data:image\/svg+xml;base64,PHN2ZyB3aWR0aD0iMSIgaGVpZ2h0PSIxIiB4bWxucz0iaHR0cDovL3d3dy53My5vcmcvMjAwMC9zdmciPjwvc3ZnPg==\" style=\"--smush-placeholder-width: 702px; --smush-placeholder-aspect-ratio: 702\/306;\" \/><\/figure>\n<\/div>\n\n<div class=\"wp-block-image\">\n<figure class=\"alignleft size-full\"><img decoding=\"async\" width=\"610\" height=\"864\" data-src=\"https:\/\/raic.org\/sites\/raic.org\/wp-content\/uploads\/2025\/08\/image-5.png\" alt=\"\" class=\"wp-image-15187 lazyload\" data-srcset=\"https:\/\/raic.org\/sites\/raic.org\/wp-content\/uploads\/2025\/08\/image-5.png 610w, https:\/\/raic.org\/sites\/raic.org\/wp-content\/uploads\/2025\/08\/image-5-212x300.png 212w, https:\/\/raic.org\/sites\/raic.org\/wp-content\/uploads\/2025\/08\/image-5-300x425.png 300w\" data-sizes=\"(max-width: 610px) 100vw, 610px\" src=\"data:image\/svg+xml;base64,PHN2ZyB3aWR0aD0iMSIgaGVpZ2h0PSIxIiB4bWxucz0iaHR0cDovL3d3dy53My5vcmcvMjAwMC9zdmciPjwvc3ZnPg==\" style=\"--smush-placeholder-width: 610px; --smush-placeholder-aspect-ratio: 610\/864;\" \/><\/figure>\n<\/div>\n\n\n<div style=\"height:100px\" aria-hidden=\"true\" class=\"wp-block-spacer\"><\/div>\n","protected":false},"excerpt":{"rendered":"<p>\u00c0 propos Le Congr\u00e8s d&#8217;architecture 2026 est un rassemblement national qui r\u00e9unit des architectes et des leaders de l\u2019industrie de partout au Canada afin d\u2019examiner les enjeux essentiels qui fa\u00e7onnent l\u2019avenir de la profession. Dirig\u00e9 par L\u2019Institut royal d\u2019architecture du Canada \u2014 la seule association professionnelle nationale au pays d\u00e9di\u00e9e \u00e0 l\u2019architecture \u2014 le Congress [&hellip;]<\/p>\n","protected":false},"author":3,"featured_media":0,"parent":5221,"menu_order":1,"comment_status":"closed","ping_status":"closed","template":"template-two-column-narrow.php","meta":{"_acf_changed":false,"footnotes":""},"class_list":["post-34855","page","type-page","status-publish","hentry"],"acf":[],"_links":{"self":[{"href":"https:\/\/raic.org\/fr\/wp-json\/wp\/v2\/pages\/34855","targetHints":{"allow":["GET"]}}],"collection":[{"href":"https:\/\/raic.org\/fr\/wp-json\/wp\/v2\/pages"}],"about":[{"href":"https:\/\/raic.org\/fr\/wp-json\/wp\/v2\/types\/page"}],"author":[{"embeddable":true,"href":"https:\/\/raic.org\/fr\/wp-json\/wp\/v2\/users\/3"}],"replies":[{"embeddable":true,"href":"https:\/\/raic.org\/fr\/wp-json\/wp\/v2\/comments?post=34855"}],"version-history":[{"count":3,"href":"https:\/\/raic.org\/fr\/wp-json\/wp\/v2\/pages\/34855\/revisions"}],"predecessor-version":[{"id":52958,"href":"https:\/\/raic.org\/fr\/wp-json\/wp\/v2\/pages\/34855\/revisions\/52958"}],"up":[{"embeddable":true,"href":"https:\/\/raic.org\/fr\/wp-json\/wp\/v2\/pages\/5221"}],"wp:attachment":[{"href":"https:\/\/raic.org\/fr\/wp-json\/wp\/v2\/media?parent=34855"}],"curies":[{"name":"wp","href":"https:\/\/api.w.org\/{rel}","templated":true}]}}