{"id":34850,"date":"2025-06-24T19:09:35","date_gmt":"2025-06-24T23:09:35","guid":{"rendered":"https:\/\/staging.raic.symbiodev.xyz\/?page_id=34850"},"modified":"2026-03-19T13:20:03","modified_gmt":"2026-03-19T17:20:03","slug":"conference-darchitecture-de-lirac","status":"publish","type":"page","link":"https:\/\/raic.org\/fr\/communaute-evenements\/conference-darchitecture-de-lirac\/","title":{"rendered":"Conf\u00e9rence d\u2019architecture de l\u2019IRAC"},"content":{"rendered":"\n<div style=\"height:50px\" aria-hidden=\"true\" class=\"wp-block-spacer\"><\/div>\n\n\n\n<div class=\"wp-block-columns is-layout-flex wp-container-core-columns-is-layout-9d6595d7 wp-block-columns-is-layout-flex\">\n<div class=\"wp-block-column is-layout-flow wp-block-column-is-layout-flow\">\n<p>L\u2019IRAC est heureuse d\u2019annoncer les dates et lieux confirm\u00e9s de ses futures conf\u00e9rences de 2026 \u00e0 2030.<\/p>\n\n\n\n<p><br>Anciennement connu sous le nom de <em>Festival de l\u2019architecture<\/em>, le futur Conf\u00e9rence de l\u2019IRAC sur l\u2019architecture demeurera le principal rassemblement annuel au Canada r\u00e9unissant des leaders et de nouveaux talents en architecture et en design, des \u00e9tudiants, des professeurs et des professionnels alli\u00e9s. Il s\u2019agit du lieu par excellence pour les acteurs du milieu souhaitant \u00e9changer, renforcer la profession et se tenir \u00e0 jour sur les \u00e9volutions de la pratique \u2014 de la durabilit\u00e9 \u00e0 la transformation num\u00e9rique.<\/p>\n\n\n\n<p>Les conf\u00e9rences de l\u2019IRAC sont con\u00e7ues pour favoriser la r\u00e9ussite professionnelle et \u00e9ducative. Elles proposent des s\u00e9ances d\u2019apprentissage de grande qualit\u00e9, y compris de la formation continue, des visites guid\u00e9es, des activit\u00e9s de r\u00e9seautage et plus encore. Les participants, peu importe leur \u00e9tape de carri\u00e8re, en repartiront avec de nouvelles perspectives, de l\u2019inspiration et des id\u00e9es concr\u00e8tes \u00e0 mettre en pratique.<\/p>\n\n\n\n<p>L\u2019IRAC a travaill\u00e9 avec diligence pour confirmer les dates et les lieux de ses conf\u00e9rences \u00e0 venir. En fixant ces dates \u00e0 l\u2019avance, les membres pourront planifier leurs d\u00e9placements t\u00f4t et profiter des meilleurs tarifs sur les installations, les visites et l\u2019h\u00e9bergement.<\/p>\n\n\n\n<div style=\"height:25px\" aria-hidden=\"true\" class=\"wp-block-spacer\"><\/div>\n\n\n\n<div class=\"wp-block-raic-blocks-raic-block-quote\">\n    <blockquote class=\"raic-block-quote\">\n                \n        <p class=\"raic-block-quote-text\">&#8220;La conf\u00e9rence de l\u2019IRAC est le plus grand rassemblement annuel de professionnels de l\u2019architecture au Canada. D\u2019ann\u00e9e en ann\u00e9e, cet \u00e9v\u00e9nement contribue \u00e0 rehausser le profil de l\u2019architecture canadienne et \u00e0 promouvoir l\u2019excellence au sein de la profession.\u201d<\/p>\n        \n                    <cite class=\"raic-block-quote-byline\">\n                                     Michael Cox, Ancien pr\u00e9sident de l\u2019IRAC                            <\/cite>\n            <\/blockquote>\n<\/div>\n\n\n<div style=\"height:50px\" aria-hidden=\"true\" class=\"wp-block-spacer\"><\/div>\n\n\n\n<h3 class=\"wp-block-heading\"><strong>Conf\u00e9rences futures de l\u2019IRAC \u2014 R\u00e9servez ces dates<\/strong><\/h3>\n\n\n\n<div style=\"height:50px\" aria-hidden=\"true\" class=\"wp-block-spacer\"><\/div>\n\n\n\n<p>Inscrivez ces rendez-vous \u00e0 votre calendrier et joignez-vous \u00e0 nous \u00e0 Vancouver, Calgary et Montr\u00e9al pour ces \u00e9v\u00e9nements exceptionnels.<\/p>\n\n\n\n<p><strong><a href=\"https:\/\/conference.raic.org\/fr\/\" target=\"_blank\" rel=\"noreferrer noopener\">Conf\u00e9rence de l\u2019IRAC 2026<\/a><\/strong><br>5 au 8 mai 2026<br>Vancouver (Colombie-Britannique)<\/p>\n\n\n\n<p><strong>Conf\u00e9rence de l\u2019IRAC 2027<\/strong><br>5 au 8 mai 2027<br>Calgary (Alberta)<\/p>\n\n\n\n<p><strong>Conf\u00e9rence de l\u2019IRAC 2028<\/strong><br>\u00c0 venir \u2013 d\u00e9tails bient\u00f4t disponibles<\/p>\n\n\n\n<p><strong>Conf\u00e9rence de l\u2019IRAC 2029<\/strong><br>3 au 6 juin 2029<br>Montr\u00e9al (Qu\u00e9bec)<\/p>\n\n\n\n<p><strong>Conf\u00e9rence de l\u2019IRAC 2030<\/strong><br>7 au 11 mai 2030<br>Vancouver (Colombie-Britannique)<\/p>\n<\/div>\n<\/div>\n\n\n\n<div style=\"height:50px\" aria-hidden=\"true\" class=\"wp-block-spacer\"><\/div>\n\n\n\n<div class=\"wp-block-columns is-layout-flex wp-container-core-columns-is-layout-9d6595d7 wp-block-columns-is-layout-flex\">\n<div class=\"wp-block-column is-layout-flow wp-block-column-is-layout-flow\">\n<h3 class=\"wp-block-heading\"><strong>Possibilit\u00e9s de commandite : <\/strong><\/h3>\n\n\n\n<h6 class=\"wp-block-heading\"><strong>Soyez vu. Soyez reconnu.<\/strong><\/h6>\n\n\n\n<p>Faites conna\u00eetre votre organisation \u00e0 la communaut\u00e9 architecturale canadienne lors de la <strong>Conf\u00e9rence de l\u2019IRAC sur l\u2019architecture 2026<\/strong>. Choisissez parmi une gamme d\u2019options de commandite \u2014 ou cr\u00e9ez une activation sur mesure \u2014 pour assurer une pr\u00e9sence marquante et m\u00e9morable \u00e0 cet \u00e9v\u00e9nement national.<\/p>\n\n\n\n<p>Le prospectus de commandite est disponible <a href=\"https:\/\/conference.raic.org\/fr\/sponsorship-page\" target=\"_blank\" rel=\"noreferrer noopener\">ici.<\/a><\/p>\n\n\n\n<p>Pour en savoir plus sur les partenariats et les possibilit\u00e9s de commandite, veuillez communiquer avec: <strong><a href=\"mailto:corporatepartners@raic.org\" target=\"_blank\" rel=\"noreferrer noopener\">corporatepartners@raic.org<\/a><\/strong><\/p>\n\n\n\n<div style=\"height:25px\" aria-hidden=\"true\" class=\"wp-block-spacer\"><\/div>\n\n\n\n<h3 class=\"wp-block-heading\"><strong>Exposants et Salon Expo<\/strong><\/h3>\n\n\n\n<h6 class=\"wp-block-heading\"><strong>Connectez-vous avec la communaut\u00e9 architecturale!<\/strong><\/h6>\n\n\n\n<p>Pr\u00e9sentez vos produits et services aux principaux d\u00e9cideurs des secteurs de l\u2019architecture, du design et de la construction. Le salon Expo est une composante dynamique de la Conf\u00e9rence de l\u2019IRAC, offrant plus de 12 heures d\u2019interactions avec les d\u00e9l\u00e9gu\u00e9s \u2014 une occasion unique d\u2019\u00e9tablir des relations, de g\u00e9n\u00e9rer des pistes et d\u2019accro\u00eetre la visibilit\u00e9 de votre marque.<\/p>\n\n\n\n<p>Les ventes de stands ouvriront au d\u00e9but de l\u2019automne 2026 <strong>pour la Conf\u00e9rence sur l\u2019architecture de l\u2019IRAC 2027.<\/strong><\/p>\n\n\n\n<p><a href=\"mailto:corporatepartners@raic.org\" target=\"_blank\" rel=\"noreferrer noopener\">Communiquez avec nous<\/a> pour en savoir plus sur les possibilit\u00e9s de commandite et\/ou de participation \u00e0 titre d\u2019exposant. <\/p>\n<\/div>\n<\/div>\n\n\n\n<div style=\"height:100px\" aria-hidden=\"true\" class=\"wp-block-spacer\"><\/div>\n","protected":false},"excerpt":{"rendered":"<p>L\u2019IRAC est heureuse d\u2019annoncer les dates et lieux confirm\u00e9s de ses futures conf\u00e9rences de 2026 \u00e0 2030. Anciennement connu sous le nom de Festival de l\u2019architecture, le futur Conf\u00e9rence de l\u2019IRAC sur l\u2019architecture demeurera le principal rassemblement annuel au Canada r\u00e9unissant des leaders et de nouveaux talents en architecture et en design, des \u00e9tudiants, des [&hellip;]<\/p>\n","protected":false},"author":3,"featured_media":0,"parent":5221,"menu_order":0,"comment_status":"closed","ping_status":"closed","template":"","meta":{"_acf_changed":false,"footnotes":""},"class_list":["post-34850","page","type-page","status-publish","hentry"],"acf":[],"_links":{"self":[{"href":"https:\/\/raic.org\/fr\/wp-json\/wp\/v2\/pages\/34850","targetHints":{"allow":["GET"]}}],"collection":[{"href":"https:\/\/raic.org\/fr\/wp-json\/wp\/v2\/pages"}],"about":[{"href":"https:\/\/raic.org\/fr\/wp-json\/wp\/v2\/types\/page"}],"author":[{"embeddable":true,"href":"https:\/\/raic.org\/fr\/wp-json\/wp\/v2\/users\/3"}],"replies":[{"embeddable":true,"href":"https:\/\/raic.org\/fr\/wp-json\/wp\/v2\/comments?post=34850"}],"version-history":[{"count":4,"href":"https:\/\/raic.org\/fr\/wp-json\/wp\/v2\/pages\/34850\/revisions"}],"predecessor-version":[{"id":62283,"href":"https:\/\/raic.org\/fr\/wp-json\/wp\/v2\/pages\/34850\/revisions\/62283"}],"up":[{"embeddable":true,"href":"https:\/\/raic.org\/fr\/wp-json\/wp\/v2\/pages\/5221"}],"wp:attachment":[{"href":"https:\/\/raic.org\/fr\/wp-json\/wp\/v2\/media?parent=34850"}],"curies":[{"name":"wp","href":"https:\/\/api.w.org\/{rel}","templated":true}]}}