{"id":19395,"date":"2023-04-30T12:03:30","date_gmt":"2023-04-30T16:03:30","guid":{"rendered":"https:\/\/staging.raic.symbiodev.xyz\/?page_id=19395"},"modified":"2026-03-13T09:25:24","modified_gmt":"2026-03-13T13:25:24","slug":"les-contrats-numeriques-de-lirac-2","status":"publish","type":"page","link":"https:\/\/raic.org\/fr\/les-contrats-numeriques-de-lirac-2\/","title":{"rendered":"Les contrats num\u00e9riques de l\u2019IRAC"},"content":{"rendered":"\n<div style=\"height:15px\" aria-hidden=\"true\" class=\"wp-block-spacer\"><\/div>\n\n\n\n<div class=\"raic-text-image-section wp-block-raic-blocks-raic-text-image-alternating\" data-aos=\"fade-in\" data-aos-duration=\"1000\">\n    <div class=\"container\">\n        <div class=\"row align-items-center\">\n            <div class=\"col-lg-6 mb-4 mb-lg-0\">\n                <div class=\"raic-content-image\">\n                    <img decoding=\"async\" width=\"550\" height=\"304\" data-src=\"https:\/\/raic.org\/sites\/raic.org\/wp-content\/uploads\/2025\/09\/11x0-Digital-Contracts-550x340-1.png\" class=\"img-fluid lazyload\" alt=\"\" data-srcset=\"https:\/\/raic.org\/sites\/raic.org\/wp-content\/uploads\/2025\/09\/11x0-Digital-Contracts-550x340-1.png 550w, https:\/\/raic.org\/sites\/raic.org\/wp-content\/uploads\/2025\/09\/11x0-Digital-Contracts-550x340-1-300x166.png 300w\" data-sizes=\"(max-width: 550px) 100vw, 550px\" src=\"data:image\/svg+xml;base64,PHN2ZyB3aWR0aD0iMSIgaGVpZ2h0PSIxIiB4bWxucz0iaHR0cDovL3d3dy53My5vcmcvMjAwMC9zdmciPjwvc3ZnPg==\" style=\"--smush-placeholder-width: 550px; --smush-placeholder-aspect-ratio: 550\/304;\" \/>                <\/div>\n            <\/div>\n            <div class=\"col-lg-6\">\n                <div class=\"raic-text-content\">\n\n                                            <div class=\"raic-content-badge\">\n                            <span>L\u2019avenir de l\u2019architecture rencontre la pratique de confiance<\/span>\n                        <\/div>\n                    \n                                             <h2 class=\"raic-content-title\">\n                             <strong>Sourcer et g\u00e9rer vos contrats en format num\u00e9rique<\/strong>                         <\/h2>\n                    \n                                            <p class=\"raic-content-description\">\n                             L\u2019IRAC a cr\u00e9\u00e9 les contrats types standardis\u00e9s canadiens et poursuit cet h\u00e9ritage avec la plateforme de contrats num\u00e9riques de l\u2019IRAC.                        <\/p>\n                    \n                                                                <div class=\"raic-content-actions\">\n                            \n                                                             <a href=\"https:\/\/contracts.raic.org\" class=\"raic-btn-outline\" aria-label=\"Acc\u00e9der aux contrats num\u00e9riques - Sourcer et g\u00e9rer vos contrats en format num\u00e9rique\">\n                                     Acc\u00e9der aux contrats num\u00e9riques <i class=\"bi bi-arrow-right-short\"><\/i>\n                                 <\/a>\n                                                    <\/div>\n                    \n                <\/div>\n            <\/div>\n\n        <\/div>     <\/div> <\/div>\n\n\n\n<p>En utilisant les nouvelles \u00e9ditions num\u00e9riques des contrats types normalis\u00e9s de l\u2019IRAC, vous participez \u00e0 une tradition \u00e9prouv\u00e9e et intemporelle de perfectionnement de la pratique au sein de la profession d\u2019architecte. La plateforme de contrats num\u00e9riques de l\u2019IRAC est pr\u00eate \u00e0 l\u2019emploi, avec tous les outils n\u00e9cessaires pour cr\u00e9er, ex\u00e9cuter et g\u00e9rer vos services professionnels. Elle est con\u00e7ue pour faire circuler l\u2019information d\u2019un type de contrat \u00e0 un autre, de fa\u00e7on fluide et intuitive.<\/p>\n\n\n\n<h6 class=\"wp-block-heading\"><strong>NOUVEAUT\u00c9! Formulaire type pour les ordres de changement<\/strong><\/h6>\n\n\n\n<p>Dans le cadre de la transition vers une plateforme de contrats num\u00e9riques, l\u2019IRAC a lanc\u00e9 un nouveau formulaire type pour les ordres de changement applicables aux services professionnels de conception. Ce nouveau formulaire d\u2019entente compl\u00e9mentaire de l\u2019IRAC consigne les changements et, surtout, facilite l\u2019entente sur les services additionnels \u00e0 int\u00e9grer \u00e0 votre <strong>Document Six de l\u2019IRAC<\/strong>, pendant la r\u00e9alisation de votre projet.<\/p>\n\n\n\n<h6 class=\"wp-block-heading\"><strong>Types de contrats<\/strong><\/h6>\n\n\n\n<p>Les <strong>contrats types standardis\u00e9s de l\u2019IRAC<\/strong> conviennent \u00e0 un large \u00e9ventail de services professionnels, incluant\u202f:<\/p>\n\n\n\n<div class=\"wp-block-columns is-layout-flex wp-container-core-columns-is-layout-9d6595d7 wp-block-columns-is-layout-flex\">\n<div class=\"wp-block-column is-layout-flow wp-block-column-is-layout-flow\">\n<figure class=\"wp-block-image size-full\"><img decoding=\"async\" width=\"1080\" height=\"1398\" data-src=\"https:\/\/raic.org\/sites\/raic.org\/wp-content\/uploads\/2025\/09\/Cover_Doc-6_EN.png\" alt=\"\" class=\"wp-image-25822 lazyload\" data-srcset=\"https:\/\/raic.org\/sites\/raic.org\/wp-content\/uploads\/2025\/09\/Cover_Doc-6_EN.png 1080w, https:\/\/raic.org\/sites\/raic.org\/wp-content\/uploads\/2025\/09\/Cover_Doc-6_EN-232x300.png 232w, https:\/\/raic.org\/sites\/raic.org\/wp-content\/uploads\/2025\/09\/Cover_Doc-6_EN-791x1024.png 791w, https:\/\/raic.org\/sites\/raic.org\/wp-content\/uploads\/2025\/09\/Cover_Doc-6_EN-768x994.png 768w, https:\/\/raic.org\/sites\/raic.org\/wp-content\/uploads\/2025\/09\/Cover_Doc-6_EN-300x388.png 300w\" data-sizes=\"(max-width: 1080px) 100vw, 1080px\" src=\"data:image\/svg+xml;base64,PHN2ZyB3aWR0aD0iMSIgaGVpZ2h0PSIxIiB4bWxucz0iaHR0cDovL3d3dy53My5vcmcvMjAwMC9zdmciPjwvc3ZnPg==\" style=\"--smush-placeholder-width: 1080px; --smush-placeholder-aspect-ratio: 1080\/1398;\" \/><\/figure>\n\n\n\n<p><strong>Document 6 de l\u2019IRAC<\/strong><\/p>\n<\/div>\n\n\n\n<div class=\"wp-block-column is-layout-flow wp-block-column-is-layout-flow\">\n<figure class=\"wp-block-image size-large\"><img decoding=\"async\" width=\"791\" height=\"1024\" data-src=\"https:\/\/raic.org\/sites\/raic.org\/wp-content\/uploads\/2025\/09\/Cover_Doc-6-SA_EN-791x1024.png\" alt=\"\" class=\"wp-image-25826 lazyload\" data-srcset=\"https:\/\/raic.org\/sites\/raic.org\/wp-content\/uploads\/2025\/09\/Cover_Doc-6-SA_EN-791x1024.png 791w, https:\/\/raic.org\/sites\/raic.org\/wp-content\/uploads\/2025\/09\/Cover_Doc-6-SA_EN-232x300.png 232w, https:\/\/raic.org\/sites\/raic.org\/wp-content\/uploads\/2025\/09\/Cover_Doc-6-SA_EN-768x994.png 768w, https:\/\/raic.org\/sites\/raic.org\/wp-content\/uploads\/2025\/09\/Cover_Doc-6-SA_EN-300x388.png 300w, https:\/\/raic.org\/sites\/raic.org\/wp-content\/uploads\/2025\/09\/Cover_Doc-6-SA_EN.png 1080w\" data-sizes=\"(max-width: 791px) 100vw, 791px\" src=\"data:image\/svg+xml;base64,PHN2ZyB3aWR0aD0iMSIgaGVpZ2h0PSIxIiB4bWxucz0iaHR0cDovL3d3dy53My5vcmcvMjAwMC9zdmciPjwvc3ZnPg==\" style=\"--smush-placeholder-width: 791px; --smush-placeholder-aspect-ratio: 791\/1024;\" \/><\/figure>\n\n\n\n<p><strong>Document 6SA de l\u2019IRAC<\/strong><\/p>\n<\/div>\n\n\n\n<div class=\"wp-block-column is-layout-flow wp-block-column-is-layout-flow\">\n<figure class=\"wp-block-image size-full\"><img decoding=\"async\" width=\"1080\" height=\"1398\" data-src=\"https:\/\/raic.org\/sites\/raic.org\/wp-content\/uploads\/2025\/09\/Cover_Doc-9_EN.png\" alt=\"\" class=\"wp-image-25834 lazyload\" data-srcset=\"https:\/\/raic.org\/sites\/raic.org\/wp-content\/uploads\/2025\/09\/Cover_Doc-9_EN.png 1080w, https:\/\/raic.org\/sites\/raic.org\/wp-content\/uploads\/2025\/09\/Cover_Doc-9_EN-232x300.png 232w, https:\/\/raic.org\/sites\/raic.org\/wp-content\/uploads\/2025\/09\/Cover_Doc-9_EN-791x1024.png 791w, https:\/\/raic.org\/sites\/raic.org\/wp-content\/uploads\/2025\/09\/Cover_Doc-9_EN-768x994.png 768w, https:\/\/raic.org\/sites\/raic.org\/wp-content\/uploads\/2025\/09\/Cover_Doc-9_EN-300x388.png 300w\" data-sizes=\"(max-width: 1080px) 100vw, 1080px\" src=\"data:image\/svg+xml;base64,PHN2ZyB3aWR0aD0iMSIgaGVpZ2h0PSIxIiB4bWxucz0iaHR0cDovL3d3dy53My5vcmcvMjAwMC9zdmciPjwvc3ZnPg==\" style=\"--smush-placeholder-width: 1080px; --smush-placeholder-aspect-ratio: 1080\/1398;\" \/><\/figure>\n\n\n\n<p><strong>Document 9 de l\u2019IRAC<\/strong><\/p>\n<\/div>\n\n\n\n<div class=\"wp-block-column is-layout-flow wp-block-column-is-layout-flow\">\n<figure class=\"wp-block-image size-large\"><img decoding=\"async\" width=\"791\" height=\"1024\" data-src=\"https:\/\/raic.org\/sites\/raic.org\/wp-content\/uploads\/2025\/09\/Cover_Doc-9_SA_EN-791x1024.png\" alt=\"\" class=\"wp-image-25838 lazyload\" data-srcset=\"https:\/\/raic.org\/sites\/raic.org\/wp-content\/uploads\/2025\/09\/Cover_Doc-9_SA_EN-791x1024.png 791w, https:\/\/raic.org\/sites\/raic.org\/wp-content\/uploads\/2025\/09\/Cover_Doc-9_SA_EN-232x300.png 232w, https:\/\/raic.org\/sites\/raic.org\/wp-content\/uploads\/2025\/09\/Cover_Doc-9_SA_EN-768x994.png 768w, https:\/\/raic.org\/sites\/raic.org\/wp-content\/uploads\/2025\/09\/Cover_Doc-9_SA_EN-300x388.png 300w, https:\/\/raic.org\/sites\/raic.org\/wp-content\/uploads\/2025\/09\/Cover_Doc-9_SA_EN.png 1080w\" data-sizes=\"(max-width: 791px) 100vw, 791px\" src=\"data:image\/svg+xml;base64,PHN2ZyB3aWR0aD0iMSIgaGVpZ2h0PSIxIiB4bWxucz0iaHR0cDovL3d3dy53My5vcmcvMjAwMC9zdmciPjwvc3ZnPg==\" style=\"--smush-placeholder-width: 791px; --smush-placeholder-aspect-ratio: 791\/1024;\" \/><\/figure>\n\n\n\n<p><strong>Document 9SA de l\u2019IRAC<\/strong><\/p>\n<\/div>\n<\/div>\n\n\n\n<div class=\"raic-anchor-target-point wp-block-raic-blocks-raic-anchor-target\" id=\"section-b9bc80\" aria-label=\"Pourquoi les contrats num\u00e9riques de l\u2019IRAC\" data-menu-label=\"Pourquoi les contrats num\u00e9riques de l\u2019IRAC\">\n        <\/div>\n\n\n<div style=\"height:25px\" aria-hidden=\"true\" class=\"wp-block-spacer\"><\/div>\n\n\n\n<h3 class=\"wp-block-heading\"><strong>Pourquoi les architectes et leurs clients pr\u00e9f\u00e8rent les contrats num\u00e9riques de l\u2019IRAC<\/strong><\/h3>\n\n\n\n<div style=\"height:25px\" aria-hidden=\"true\" class=\"wp-block-spacer\"><\/div>\n\n\n\n<ul class=\"wp-block-list list-style-checkmark\">\n<li>Aide contextuelle affich\u00e9e aux c\u00f4t\u00e9s du texte contractuel pour un flux de travail cibl\u00e9 dans une interface conviviale<\/li>\n\n\n\n<li>Navigation et flux de travail flexibles \u2014 commencez et arr\u00eatez l\u2019\u00e9dition selon vos besoins<\/li>\n\n\n\n<li>Distribution simplifi\u00e9e, avec la possibilit\u00e9 d\u2019int\u00e9grer votre lettre d\u2019accompagnement et d\u2019autres documents en un seul contrat concis<\/li>\n\n\n\n<li>Productivit\u00e9 int\u00e9gr\u00e9e gr\u00e2ce \u00e0 des outils comme l\u2019acc\u00e8s au carnet d\u2019adresses et la v\u00e9rification orthographique<\/li>\n\n\n\n<li>Approbation simplifi\u00e9e du contrat par signature manuscrite traditionnelle ou signature \u00e9lectronique tra\u00e7able \u00e0 l\u2019\u00e9chelle mondiale<\/li>\n\n\n\n<li>Authenticit\u00e9 garantie de tous les contrats types canadiens de l\u2019IRAC gr\u00e2ce \u00e0 un nouveau <strong>sceau d\u2019autorisation num\u00e9rique<\/strong> de l\u2019IRAC<\/li>\n<\/ul>\n\n\n\n<div style=\"height:25px\" aria-hidden=\"true\" class=\"wp-block-spacer\"><\/div>\n\n\n\n<h6 class=\"wp-block-heading\"><strong>Ce que les utilisateurs disent des contrats num\u00e9riques de l\u2019IRAC<\/strong><\/h6>\n\n\n\n<div class=\"wp-block-raic-blocks-raic-block-quote\">\n    <blockquote class=\"raic-block-quote\">\n                \n        <p class=\"raic-block-quote-text\">Cette nouvelle plateforme r\u00e9duira consid\u00e9rablement le temps et les efforts habituellement n\u00e9cessaires pour compl\u00e9ter les documents contractuels \u2014 une belle avanc\u00e9e pour l\u2019ensemble de l\u2019industrie!<\/p>\n        \n                    <cite class=\"raic-block-quote-byline\">\n                                    Stephanie Helen Tremblay (elle) &#8211; architecte, PA LEEDBD+C, PMP &#8211; architect, LEEDBD+C AP, PMP                            <\/cite>\n            <\/blockquote>\n<\/div>\n\n\n<div class=\"wp-block-raic-blocks-raic-block-quote\">\n    <blockquote class=\"raic-block-quote\">\n                \n        <p class=\"raic-block-quote-text\"><p>Ravi de d\u00e9couvrir les nouveaux contrats \u00e9lectroniques de l\u2019IRAC! Les indications utiles sont d\u00e9sormais affich\u00e9es juste \u00e0 c\u00f4t\u00e9 du formulaire de contrat. Les choix que vous faites pour les services, les assurances, etc., rayent ou suppriment imm\u00e9diatement les clauses qui ne sont plus pertinentes.<\/p><\/p>\n        \n                    <cite class=\"raic-block-quote-byline\">\n                                    Brian Oakley, AAA FRAIC                            <\/cite>\n            <\/blockquote>\n<\/div>\n\n\n<div class=\"raic-anchor-target-point wp-block-raic-blocks-raic-anchor-target\" id=\"section-3dbca6\" aria-label=\"Commencez d\u00e8s maintenant\" data-menu-label=\"Commencez d\u00e8s maintenant\">\n        <\/div>\n\n\n<div style=\"height:25px\" aria-hidden=\"true\" class=\"wp-block-spacer\"><\/div>\n\n\n\n<h4 class=\"wp-block-heading\"><strong>Commencez d\u00e8s maintenant<\/strong><\/h4>\n\n\n\n<p>Cr\u00e9ez, \u00e9mettez et g\u00e9rez vos contrats en ligne \u2014 tout \u00e0 partir d\u2019un seul compte! Un <strong>compte IRAC<\/strong> est requis pour acc\u00e9der \u00e0 la plateforme num\u00e9rique.<\/p>\n\n\n\n<p><strong>Nouveau dans les contrats num\u00e9riques? Regardez la d\u00e9monstration!<\/strong><\/p>\n\n\n\n<div class=\"wp-block-columns is-layout-flex wp-container-core-columns-is-layout-9d6595d7 wp-block-columns-is-layout-flex\">\n<div class=\"wp-block-column is-vertically-aligned-center is-layout-flow wp-block-column-is-layout-flow\">\n<figure class=\"wp-block-embed is-type-video is-provider-vimeo wp-block-embed-vimeo wp-embed-aspect-16-9 wp-has-aspect-ratio\"><div class=\"wp-block-embed__wrapper\">\n<iframe data-src=\"https:\/\/player.vimeo.com\/video\/1105868480?dnt=1&amp;app_id=122963\" width=\"500\" height=\"281\" frameborder=\"0\" allow=\"autoplay; fullscreen; picture-in-picture; clipboard-write; encrypted-media; web-share\" referrerpolicy=\"strict-origin-when-cross-origin\" src=\"data:image\/svg+xml;base64,PHN2ZyB3aWR0aD0iMSIgaGVpZ2h0PSIxIiB4bWxucz0iaHR0cDovL3d3dy53My5vcmcvMjAwMC9zdmciPjwvc3ZnPg==\" class=\"lazyload\" data-load-mode=\"1\"><\/iframe>\n<\/div><\/figure>\n<\/div>\n\n\n\n<div class=\"wp-block-column is-layout-flow wp-block-column-is-layout-flow\"><section class=\"raic-general-cta raic-general-cta--no-margin-bottom wp-block-raic-blocks-raic-cta-banner\" ><div class=\"container\"><div class=\"raic-general-cta-container\"><div class=\"raic-general-cta-content\"><h2 class=\"raic-general-cta-title\"><strong>Vous avez un compte de l\u2019IRAC ?<\/strong><\/h2><\/div><div class=\"raic-general-cta-action\"><a href=\"https:\/\/contracts.raic.org\/#\/login\" class=\"raic-general-cta-btn\" target=\"_blank\" rel=\"noopener noreferrer\" aria-label=\"Acc\u00e9der aux contrats  - Vous avez un compte de l\u2019IRAC ?\">Acc\u00e9der aux contrats  <i class=\"bi bi-arrow-right\" aria-hidden=\"true\"><\/i><\/a><\/div><\/div><\/div><\/section><\/div>\n\n\n\n<div class=\"wp-block-column is-layout-flow wp-block-column-is-layout-flow\"><section class=\"raic-general-cta raic-general-cta--no-margin-bottom wp-block-raic-blocks-raic-cta-banner\" ><div class=\"container\"><div class=\"raic-general-cta-container\"><div class=\"raic-general-cta-content\"><h2 class=\"raic-general-cta-title\"><strong>Vous n\u2019avez pas de compte de l\u2019IRAC ?<\/strong><\/h2><\/div><div class=\"raic-general-cta-action\"><a href=\"https:\/\/raic.org\/user\/register\" class=\"raic-general-cta-btn\"   aria-label=\"Inscrivez-vous d\u2019abord - Vous n\u2019avez pas de compte de l\u2019IRAC ?\">Inscrivez-vous d\u2019abord <i class=\"bi bi-arrow-right\" aria-hidden=\"true\"><\/i><\/a><\/div><\/div><\/div><\/section><\/div>\n<\/div>\n\n\n\n<p><strong>Des questions?<\/strong> \u00c9crivez-nous \u00e0\u202f:&nbsp;<a href=\"mailto:digital_contracts@raic.org\">digital_contracts@raic.org<\/a><\/p>\n\n\n\n<div style=\"height:25px\" aria-hidden=\"true\" class=\"wp-block-spacer\"><\/div>\n\n\n\n<div class=\"raic-anchor-target-point wp-block-raic-blocks-raic-anchor-target\" id=\"section-a21eca\" aria-label=\"FAQs\" data-menu-label=\"FAQs\">\n        <\/div>\n\n<div class=\"raic-content-section container wp-block-raic-blocks-raic-accordion\" id=\"section-accordion\">\n            <h2 class=\"raic-section-heading raic-subsection-heading\">FAQs<\/h2>\n        \n    <div class=\"raic-accordion\">\n                    <div class=\"raic-accordion-item\">\n                <div class=\"raic-accordion-header\">\n                    <h3 class=\"raic-accordion-title\"><strong>Comment acc\u00e9der \u00e0 la plateforme des contrats num\u00e9riques de l\u2019IRAC?<\/strong><\/h3>\n                    <button class=\"raic-accordion-toggle\" aria-label=\"Toggle accordion item\">\n                        <span class=\"raic-icon-plus\"><\/span>\n                    <\/button>\n                <\/div>\n                <div class=\"raic-accordion-content\">\n                    <p>Pour acc\u00e9der \u00e0 la plateforme des contrats num\u00e9riques de l\u2019IRAC, vous devez d\u2019abord vous connecter \u00e0 votre compte utilisateur de l\u2019IRAC, Mon portail (coin sup\u00e9rieur droit). Une fois connect\u00e9(e), cliquez sur le bouton Contrats num\u00e9riques de l\u2019IRAC dans votre tableau de bord.<\/p>\n                <\/div>\n            <\/div>\n                    <div class=\"raic-accordion-item\">\n                <div class=\"raic-accordion-header\">\n                    <h3 class=\"raic-accordion-title\"><strong>Quels sont les <strong>nouveaux accords suppl\u00e9mentaires RAIC Document 6SA et 9SA<\/strong>?<\/strong><\/h3>\n                    <button class=\"raic-accordion-toggle\" aria-label=\"Toggle accordion item\">\n                        <span class=\"raic-icon-plus\"><\/span>\n                    <\/button>\n                <\/div>\n                <div class=\"raic-accordion-content\">\n                    <p>Les nouveaux accords suppl\u00e9mentaires de l\u2019IRAC \u2014 Documents 6SA et 9SA \u2014 permettent de conclure rapidement une entente entre les architectes, les clients et les consultants en cas de modification de la port\u00e9e du projet, de la port\u00e9e des services, de l\u2019\u00e9ch\u00e9ancier du projet ou des honoraires professionnels.<\/p>\n                <\/div>\n            <\/div>\n                    <div class=\"raic-accordion-item\">\n                <div class=\"raic-accordion-header\">\n                    <h3 class=\"raic-accordion-title\"><strong>Comment ces nouvelles \u00e9ditions num\u00e9riques de 2022 des contrats num\u00e9riques de l\u2019IRAC am\u00e9lioreront-elles la pratique? <\/strong><\/h3>\n                    <button class=\"raic-accordion-toggle\" aria-label=\"Toggle accordion item\">\n                        <span class=\"raic-icon-plus\"><\/span>\n                    <\/button>\n                <\/div>\n                <div class=\"raic-accordion-content\">\n                    <p>Les contrats num\u00e9riques de l\u2019IRAC devraient r\u00e9duire consid\u00e9rablement le temps et les efforts n\u00e9cessaires pour r\u00e9diger, assembler, approuver, conserver et g\u00e9rer les contrats, les accords suppl\u00e9mentaires et les ordres de services pour les architectes, les clients et les consultants, gr\u00e2ce \u00e0 une vaste collection accessible par le biais d\u2019un compte utilisateur individuel prot\u00e9g\u00e9 par mot de passe, permettant un stockage et une consultation faciles partout o\u00f9 l\u2019acc\u00e8s \u00e0 Internet est disponible.<\/p>\n<p>La plateforme des contrats num\u00e9riques de l\u2019IRAC est le r\u00e9sultat de la r\u00e9ponse de l\u2019IRAC \u00e0 un besoin clairement exprim\u00e9 de mettre en place un syst\u00e8me refl\u00e9tant les pratiques contemporaines et futures des architectes, des clients et des consultants du XXIe si\u00e8cle.<\/p>\n                <\/div>\n            <\/div>\n                    <div class=\"raic-accordion-item\">\n                <div class=\"raic-accordion-header\">\n                    <h3 class=\"raic-accordion-title\"><strong>Devrai-je encore utiliser les sceaux d\u2019autorisation de l\u2019IRAC pour les contrats?<\/strong><\/h3>\n                    <button class=\"raic-accordion-toggle\" aria-label=\"Toggle accordion item\">\n                        <span class=\"raic-icon-plus\"><\/span>\n                    <\/button>\n                <\/div>\n                <div class=\"raic-accordion-content\">\n                    <p>Afin de simplifier les op\u00e9rations commerciales des architectes, les sceaux d\u2019autorisation de l\u2019IRAC sont d\u00e9sormais appliqu\u00e9s \u00e9lectroniquement au document final dans la plateforme des contrats num\u00e9riques de l\u2019IRAC, \u00e9liminant ainsi la n\u00e9cessit\u00e9 d\u2019acheter ou d\u2019entreposer des sceaux d\u2019autorisation autocollants de l\u2019IRAC.<\/p>\n                <\/div>\n            <\/div>\n                    <div class=\"raic-accordion-item\">\n                <div class=\"raic-accordion-header\">\n                    <h3 class=\"raic-accordion-title\"><strong><strong>Apr\u00e8s l\u2019achat de vos contrats num\u00e9riques de l\u2019IRAC, devez-vous les utiliser dans un d\u00e9lai pr\u00e9cis?<\/strong><\/strong><\/h3>\n                    <button class=\"raic-accordion-toggle\" aria-label=\"Toggle accordion item\">\n                        <span class=\"raic-icon-plus\"><\/span>\n                    <\/button>\n                <\/div>\n                <div class=\"raic-accordion-content\">\n                    <p>Vous n\u2019\u00eates pas tenu(e) d\u2019utiliser vos contrats num\u00e9riques de l\u2019IRAC imm\u00e9diatement apr\u00e8s l\u2019achat. Vos contrats peuvent demeurer \u00e0 l\u2019\u00e9tat d\u2019\u00e9bauche jusqu\u2019\u00e0 ce qu\u2019ils soient pr\u00eats \u00e0 \u00eatre finalis\u00e9s, ou \u00eatre r\u00e9utilis\u00e9s si un projet est annul\u00e9 avant l\u2019\u00e9tape de la signature. Il suffit de modifier le nom du projet et d\u2019ajuster le contenu du contrat pour qu\u2019il corresponde \u00e0 votre nouveau projet.<\/p>\n                <\/div>\n            <\/div>\n                    <div class=\"raic-accordion-item\">\n                <div class=\"raic-accordion-header\">\n                    <h3 class=\"raic-accordion-title\"><strong>Combien cela co\u00fbte-t-il<\/strong><\/h3>\n                    <button class=\"raic-accordion-toggle\" aria-label=\"Toggle accordion item\">\n                        <span class=\"raic-icon-plus\"><\/span>\n                    <\/button>\n                <\/div>\n                <div class=\"raic-accordion-content\">\n                    <p><!-- wp:table --><\/p>\n<figure class=\"wp-block-table\">\n<table class=\"has-fixed-layout\">\n<thead>\n<tr>\n<th>Type de contrat<\/th>\n<th class=\"has-text-align-left\" data-align=\"left\">Prix membre<\/th>\n<th class=\"has-text-align-left\" data-align=\"left\">Prix non-membre<\/th>\n<\/tr>\n<\/thead>\n<tbody>\n<tr>\n<td>Document 6 (un contrat)<\/td>\n<td class=\"has-text-align-left\" data-align=\"left\">105,00&nbsp;$<\/td>\n<td class=\"has-text-align-left\" data-align=\"left\">167,50&nbsp;$<\/td>\n<\/tr>\n<tr>\n<td>Document 9 (un contrat)<\/td>\n<td class=\"has-text-align-left\" data-align=\"left\">105,00&nbsp;$<\/td>\n<td class=\"has-text-align-left\" data-align=\"left\">167,50&nbsp;$<\/td>\n<\/tr>\n<tr>\n<td>Document 9 (trois contrats ou plus)<\/td>\n<td class=\"has-text-align-left\" data-align=\"left\">270&nbsp;$ plus 90&nbsp;$ pour chaque contrat additionnel<\/td>\n<td class=\"has-text-align-left\" data-align=\"left\">435&nbsp;$ plus 145&nbsp;$ pour chaque contrat additionnel<\/td>\n<\/tr>\n<tr>\n<td>Accord suppl\u00e9mentaire \u2013 Document 6 ou 9<\/td>\n<td class=\"has-text-align-left\" data-align=\"left\">78,75&nbsp;$<\/td>\n<td class=\"has-text-align-left\" data-align=\"left\">120,75&nbsp;$<\/td>\n<\/tr>\n<\/tbody>\n<\/table>\n<\/figure>\n<p><!-- \/wp:table --><\/p>\n                <\/div>\n            <\/div>\n                    <div class=\"raic-accordion-item\">\n                <div class=\"raic-accordion-header\">\n                    <h3 class=\"raic-accordion-title\"><strong>Existe-t-il des versions du Document Six et du Document Neuf de l\u2019IRAC que l\u2019on peut utiliser pour se pr\u00e9parer \u00e0 l\u2019ExAC?<\/strong><\/h3>\n                    <button class=\"raic-accordion-toggle\" aria-label=\"Toggle accordion item\">\n                        <span class=\"raic-icon-plus\"><\/span>\n                    <\/button>\n                <\/div>\n                <div class=\"raic-accordion-content\">\n                    <p>L\u2019IRAC pr\u00e9pare des versions sp\u00e9cialement filigran\u00e9es du Contrat canadien type de services d\u2019architecture \u2013 Document Six et du Contrat canadien type entre l\u2019architecte et le consultant \u2013 Document Neuf \u00e0 des fins de pr\u00e9paration \u00e0 l\u2019ExAC. Ces versions peuvent \u00eatre utilis\u00e9es uniquement dans le cadre de la pr\u00e9paration \u00e0 l\u2019ExAC. L\u2019autorisation d\u2019utilisation \u00e0 cette fin est accord\u00e9e aux stagiaires inscrits aupr\u00e8s de l\u2019un des organismes provinciaux ou territoriaux de d\u00e9livrance des permis au Canada et qui sont des candidats officiellement inscrits \u00e0 l\u2019ExAC. Les documents sont disponibles entre le 1er juin et le 15 novembre. Pour toute question, veuillez communiquer avec digital_contracts@raic.org<br \/>\n.<\/p>\n                <\/div>\n            <\/div>\n            <\/div>\n<\/div>\n\n\n<div style=\"height:50px\" aria-hidden=\"true\" class=\"wp-block-spacer\"><\/div>\n\n\n\n<p><\/p>\n","protected":false},"excerpt":{"rendered":"<p>En utilisant les nouvelles \u00e9ditions num\u00e9riques des contrats types normalis\u00e9s de l\u2019IRAC, vous participez \u00e0 une tradition \u00e9prouv\u00e9e et intemporelle de perfectionnement de la pratique au sein de la profession d\u2019architecte. La plateforme de contrats num\u00e9riques de l\u2019IRAC est pr\u00eate \u00e0 l\u2019emploi, avec tous les outils n\u00e9cessaires pour cr\u00e9er, ex\u00e9cuter et g\u00e9rer vos services professionnels. [&hellip;]<\/p>\n","protected":false},"author":3,"featured_media":0,"parent":0,"menu_order":0,"comment_status":"closed","ping_status":"closed","template":"template-two-column-narrow.php","meta":{"_acf_changed":false,"footnotes":""},"class_list":["post-19395","page","type-page","status-publish","hentry"],"acf":[],"_links":{"self":[{"href":"https:\/\/raic.org\/fr\/wp-json\/wp\/v2\/pages\/19395","targetHints":{"allow":["GET"]}}],"collection":[{"href":"https:\/\/raic.org\/fr\/wp-json\/wp\/v2\/pages"}],"about":[{"href":"https:\/\/raic.org\/fr\/wp-json\/wp\/v2\/types\/page"}],"author":[{"embeddable":true,"href":"https:\/\/raic.org\/fr\/wp-json\/wp\/v2\/users\/3"}],"replies":[{"embeddable":true,"href":"https:\/\/raic.org\/fr\/wp-json\/wp\/v2\/comments?post=19395"}],"version-history":[{"count":4,"href":"https:\/\/raic.org\/fr\/wp-json\/wp\/v2\/pages\/19395\/revisions"}],"predecessor-version":[{"id":62075,"href":"https:\/\/raic.org\/fr\/wp-json\/wp\/v2\/pages\/19395\/revisions\/62075"}],"wp:attachment":[{"href":"https:\/\/raic.org\/fr\/wp-json\/wp\/v2\/media?parent=19395"}],"curies":[{"name":"wp","href":"https:\/\/api.w.org\/{rel}","templated":true}]}}