{"id":17770,"date":"2025-04-24T19:28:26","date_gmt":"2025-04-24T23:28:26","guid":{"rendered":"https:\/\/staging.raic.symbiodev.xyz\/?page_id=17770"},"modified":"2026-01-15T14:32:12","modified_gmt":"2026-01-15T19:32:12","slug":"accessibilite","status":"publish","type":"page","link":"https:\/\/raic.org\/fr\/accessibilite\/","title":{"rendered":"Accessibilit\u00e9"},"content":{"rendered":"\n<h5 class=\"wp-block-heading\"><strong>Notre engagement<\/strong><\/h5>\n\n\n\n<p>\u00c0 l&#8217;Institut royal d&#8217;architecture du Canada (IRAC), nous croyons que tout le monde devrait avoir un acc\u00e8s \u00e9gal \u00e0 notre site Web. Nous respectons la Loi sur l&#8217;accessibilit\u00e9 pour les personnes handicap\u00e9es de l&#8217;Ontario (LAPHO) et les normes WCAG 2.1 niveau AA afin d&#8217;assurer une exp\u00e9rience num\u00e9rique inclusive.<\/p>\n\n\n\n<h5 class=\"wp-block-heading\"><strong>Ce que nous faisons<\/strong><\/h5>\n\n\n\n<p>Nous veillons \u00e0 ce que notre site Web et nos services num\u00e9riques soient :<\/p>\n\n\n\n<p><\/p>\n\n\n\n<ul class=\"wp-block-list\">\n<li>Faciles \u00e0 naviguer et \u00e0 utiliser avec des technologies d&#8217;assistance<\/li>\n\n\n\n<li>Compatibles avec les lecteurs d&#8217;\u00e9cran<\/li>\n\n\n\n<li>Adapt\u00e9s \u00e0 l&#8217;utilisation du clavier<\/li>\n\n\n\n<li>\u00c9quip\u00e9s de sous-titres et de transcriptions pour les contenus multim\u00e9dias<\/li>\n\n\n\n<li>R\u00e9guli\u00e8rement r\u00e9vis\u00e9s afin d&#8217;am\u00e9liorer leur accessibilit\u00e9<\/li>\n<\/ul>\n\n\n\n<p>Veuillez noter que les transcriptions ne sont pas disponibles pour certaines vid\u00e9os plus anciennes.<\/p>\n\n\n\n<h5 class=\"wp-block-heading\"><strong>Besoin d&#8217;aide ?<\/strong><\/h5>\n\n\n\n<p>Nous sommes l\u00e0 pour vous aider ! Si vous rencontrez des probl\u00e8mes d&#8217;accessibilit\u00e9, veuillez nous contacter :<\/p>\n\n\n\n<ul class=\"wp-block-list\">\n<li><strong>Courriel : <\/strong><a href=\"mailto:HR@raic.org\" rel=\"nofollow\">HR@raic.org<\/a><\/li>\n\n\n\n<li><strong>T\u00e9l\u00e9phone : <\/strong>613 241-3600, sans frais : 1 844 856-7242, poste 0, R\u00e9ception<\/li>\n\n\n\n<li><strong>Courrier : <\/strong>6118 James Bell Drive, Manotick (ON) K4M 1B3<\/li>\n<\/ul>\n\n\n\n<p>Nous nous effor\u00e7ons de r\u00e9pondre aux pr\u00e9occupations li\u00e9es \u00e0 l\u2019accessibilit\u00e9 dans un d\u00e9lai d\u2019un jour ouvrable et de prendre les mesures appropri\u00e9es pour r\u00e9soudre les probl\u00e8mes.<\/p>\n\n\n\n<h5 class=\"wp-block-heading\"><strong>Mise \u00e0 jour<\/strong><\/h5>\n\n\n\n<p>Nous r\u00e9visons et mettons r\u00e9guli\u00e8rement \u00e0 jour nos pratiques en mati\u00e8re d\u2019accessibilit\u00e9 afin de respecter les normes les plus r\u00e9centes.<\/p>\n","protected":false},"excerpt":{"rendered":"<p>Notre engagement \u00c0 l&#8217;Institut royal d&#8217;architecture du Canada (IRAC), nous croyons que tout le monde devrait avoir un acc\u00e8s \u00e9gal \u00e0 notre site Web. Nous respectons la Loi sur l&#8217;accessibilit\u00e9 pour les personnes handicap\u00e9es de l&#8217;Ontario (LAPHO) et les normes WCAG 2.1 niveau AA afin d&#8217;assurer une exp\u00e9rience num\u00e9rique inclusive. Ce que nous faisons Nous [&hellip;]<\/p>\n","protected":false},"author":3,"featured_media":0,"parent":0,"menu_order":0,"comment_status":"closed","ping_status":"closed","template":"template-two-column-wide.php","meta":{"_acf_changed":false,"footnotes":""},"class_list":["post-17770","page","type-page","status-publish","hentry"],"acf":[],"_links":{"self":[{"href":"https:\/\/raic.org\/fr\/wp-json\/wp\/v2\/pages\/17770","targetHints":{"allow":["GET"]}}],"collection":[{"href":"https:\/\/raic.org\/fr\/wp-json\/wp\/v2\/pages"}],"about":[{"href":"https:\/\/raic.org\/fr\/wp-json\/wp\/v2\/types\/page"}],"author":[{"embeddable":true,"href":"https:\/\/raic.org\/fr\/wp-json\/wp\/v2\/users\/3"}],"replies":[{"embeddable":true,"href":"https:\/\/raic.org\/fr\/wp-json\/wp\/v2\/comments?post=17770"}],"version-history":[{"count":4,"href":"https:\/\/raic.org\/fr\/wp-json\/wp\/v2\/pages\/17770\/revisions"}],"predecessor-version":[{"id":55793,"href":"https:\/\/raic.org\/fr\/wp-json\/wp\/v2\/pages\/17770\/revisions\/55793"}],"wp:attachment":[{"href":"https:\/\/raic.org\/fr\/wp-json\/wp\/v2\/media?parent=17770"}],"curies":[{"name":"wp","href":"https:\/\/api.w.org\/{rel}","templated":true}]}}