{"id":15862,"date":"2025-05-23T17:15:59","date_gmt":"2025-05-23T21:15:59","guid":{"rendered":"https:\/\/staging.raic.symbiodev.xyz\/join\/renew-membership\/"},"modified":"2026-03-30T10:45:36","modified_gmt":"2026-03-30T14:45:36","slug":"renouvellement","status":"publish","type":"page","link":"https:\/\/raic.org\/fr\/adherer\/renouvellement\/","title":{"rendered":"Renouvellement de l\u2019adh\u00e9sion"},"content":{"rendered":"\n<div style=\"height:50px\" aria-hidden=\"true\" class=\"wp-block-spacer\"><\/div>\n\n\n\n\n\n<p>Renouveler votre adh\u00e9sion \u00e0 l\u2019IRAC n\u2019est pas qu\u2019une simple d\u00e9marche administrative. C\u2019est un engagement significatif envers l\u2019avenir de l\u2019architecture au Canada. Ensemble, nos membres font progresser l\u2019excellence en design, b\u00e2tissent des collectivit\u00e9s inclusives et durables, et contribuent \u00e0 fa\u00e7onner un environnement b\u00e2ti meilleur.<\/p>\n\n\n\n<div class=\"raic-generic-button-wrapper has-text-align-left wp-block-raic-blocks-raic-generic-button\">\n    <a href=\"\/fr\/civicrm\/contribute\/transact\/?reset=1&#038;id=57\" \n       class=\"raic-generic-btn raic-primary-btn-style\"\n       >\n        Renouvelez d\u00e8s maintenant    <\/a>\n<\/div>\n\n\n\n\n<div style=\"height:25px\" aria-hidden=\"true\" class=\"wp-block-spacer\"><\/div>\n\n\n\n<h4 class=\"wp-block-heading raic-heading-border\">Pourquoi renouveler ?<\/h4>\n\n\n\n<p>De l\u2019appui aux premiers pas de carri\u00e8re jusqu\u2019\u00e0 la reconnaissance de votre h\u00e9ritage b\u00e2ti, l\u2019adh\u00e9sion \u00e0 l\u2019IRAC \u00e9volue avec vous. En renouvelant, vous :<\/p>\n\n\n\n<ul class=\"wp-block-list\">\n<li><strong>Faites progresser l\u2019excellence en design :<\/strong> Soutenez des normes \u00e9lev\u00e9es et l\u2019innovation qui ont un impact concret.<\/li>\n<\/ul>\n\n\n\n<ul class=\"wp-block-list\">\n<li><strong>Renforcez votre pratique :<\/strong> Acc\u00e9dez \u00e0 des outils professionnels, \u00e0 la formation continue et \u00e0 des occasions de reconnaissance qui favorisent votre r\u00e9ussite.<\/li>\n<\/ul>\n\n\n\n<ul class=\"wp-block-list\">\n<li><strong>Faites la promotion de l\u2019\u00e9quit\u00e9 sociale :<\/strong> Contribuez \u00e0 b\u00e2tir une profession inclusive o\u00f9 chacun et chacune a sa place.<\/li>\n<\/ul>\n\n\n\n<ul class=\"wp-block-list\">\n<li><strong>D\u00e9fendez la responsabilit\u00e9 environnementale :<\/strong> Contribuez \u00e0 orienter un design conscient du climat et \u00e0 r\u00e9duire l\u2019empreinte de l\u2019environnement b\u00e2ti.<\/li>\n<\/ul>\n\n\n\n<ul class=\"wp-block-list\">\n<li><strong>Vous engagez envers la r\u00e9conciliation :<\/strong> Faites partie d\u2019une communaut\u00e9 nationale qui valorise et amplifie le leadership autochtone en design.<\/li>\n<\/ul>\n\n\n\n<div style=\"height:25px\" aria-hidden=\"true\" class=\"wp-block-spacer\"><\/div>\n\n\n\n<h4 class=\"wp-block-heading raic-heading-border\">Comment renouveler<\/h4>\n\n\n\n<p>Les membres peuvent renouveler leur adh\u00e9sion en ouvrant une session dans le Portail des membres de l\u2019IRAC et en s\u00e9lectionnant la banni\u00e8re rouge de renouvellement en haut \u00e0 droite. Vous pourrez choisir de payer en ligne par carte de cr\u00e9dit ou de demander une facture afin de r\u00e9gler par ch\u00e8que.<\/p>\n\n\n\n<p>Besoin d\u2019aide? Communiquez avec nous \u00e0&nbsp;<a href=\"mailto:adhesion@raic.org\">adhesion@raic.org<\/a>&nbsp;ou au 613-241-3600 poste 2000.&nbsp;<\/p>\n\n\n\n<div style=\"height:25px\" aria-hidden=\"true\" class=\"wp-block-spacer\"><\/div>\n\n\n<section class=\"raic-general-cta raic-general-cta--no-margin-bottom wp-block-raic-blocks-raic-cta-banner\" ><div class=\"container\"><div class=\"raic-general-cta-container\"><div class=\"raic-general-cta-content\"><h2 class=\"raic-general-cta-title\"><strong>Pr\u00eat \u00e0 renouveler?<\/strong><\/h2><p class=\"raic-general-cta-description\">Votre adh\u00e9sion renforce une communaut\u00e9 de professionnels qui b\u00e2tissent des espaces inclusifs, durables et porteurs d\u2019impact pour toutes et tous. Merci de renouveler votre engagement envers l\u2019avenir de l\u2019architecture.\u00a0<\/p><\/div><div class=\"raic-general-cta-action\"><a href=\"\/fr\/civicrm\/contribute\/transact\/?reset=1&#038;id=57\" class=\"raic-general-cta-btn\"   aria-label=\"Renouvelez d\u00e8s maintenant - Pr\u00eat \u00e0 renouveler?\">Renouvelez d\u00e8s maintenant <i class=\"bi bi-arrow-right\" aria-hidden=\"true\"><\/i><\/a><\/div><\/div><\/div><\/section>\n\n\n<p><\/p>\n","protected":false},"excerpt":{"rendered":"<p>Renouveler votre adh\u00e9sion \u00e0 l\u2019IRAC n\u2019est pas qu\u2019une simple d\u00e9marche administrative. C\u2019est un engagement significatif envers l\u2019avenir de l\u2019architecture au Canada. Ensemble, nos membres font progresser l\u2019excellence en design, b\u00e2tissent des collectivit\u00e9s inclusives et durables, et contribuent \u00e0 fa\u00e7onner un environnement b\u00e2ti meilleur. Pourquoi renouveler ? De l\u2019appui aux premiers pas de carri\u00e8re jusqu\u2019\u00e0 la [&hellip;]<\/p>\n","protected":false},"author":1,"featured_media":0,"parent":15838,"menu_order":5,"comment_status":"closed","ping_status":"closed","template":"template-two-column-narrow.php","meta":{"_acf_changed":false,"footnotes":""},"class_list":["post-15862","page","type-page","status-publish","hentry"],"acf":[],"_links":{"self":[{"href":"https:\/\/raic.org\/fr\/wp-json\/wp\/v2\/pages\/15862","targetHints":{"allow":["GET"]}}],"collection":[{"href":"https:\/\/raic.org\/fr\/wp-json\/wp\/v2\/pages"}],"about":[{"href":"https:\/\/raic.org\/fr\/wp-json\/wp\/v2\/types\/page"}],"author":[{"embeddable":true,"href":"https:\/\/raic.org\/fr\/wp-json\/wp\/v2\/users\/1"}],"replies":[{"embeddable":true,"href":"https:\/\/raic.org\/fr\/wp-json\/wp\/v2\/comments?post=15862"}],"version-history":[{"count":4,"href":"https:\/\/raic.org\/fr\/wp-json\/wp\/v2\/pages\/15862\/revisions"}],"predecessor-version":[{"id":62800,"href":"https:\/\/raic.org\/fr\/wp-json\/wp\/v2\/pages\/15862\/revisions\/62800"}],"up":[{"embeddable":true,"href":"https:\/\/raic.org\/fr\/wp-json\/wp\/v2\/pages\/15838"}],"wp:attachment":[{"href":"https:\/\/raic.org\/fr\/wp-json\/wp\/v2\/media?parent=15862"}],"curies":[{"name":"wp","href":"https:\/\/api.w.org\/{rel}","templated":true}]}}