{"id":15838,"date":"2025-05-20T15:19:51","date_gmt":"2025-05-20T19:19:51","guid":{"rendered":"https:\/\/staging.raic.symbiodev.xyz\/join\/"},"modified":"2026-01-20T20:57:58","modified_gmt":"2026-01-21T01:57:58","slug":"adherer","status":"publish","type":"page","link":"https:\/\/raic.org\/fr\/adherer\/","title":{"rendered":"Adh\u00e9rer"},"content":{"rendered":"<div class=\"raic-text-section wp-block-raic-blocks-raic-text-section-with-heading\" data-aos=\"fade-in\" data-aos-duration=\"1000\">\n    <div class=\"container\">         <div class=\"raic-section-header\">\n            <h2 class=\"raic-section-title\">Adh\u00e9sion<\/h2>\n        <\/div>\n        <div class=\"raic-section-content\">\n            <p class=\"raic-section-description\">\n                Adh\u00e9rez \u00e0 l\u2019IRAC, le principal porte-parole de l\u2019excellence dans le cadre b\u00e2ti au Canada et faites partie d\u2019un r\u00e9seau cr\u00e9atif, inclusif et engag\u00e9 de plus de 5 000 architectes et professionnels du design.            <\/p>\n        <\/div>\n    <\/div>\n<\/div>\n\n\n<div class=\"raic-text-image-section wp-block-raic-blocks-raic-text-image-alternating\" data-aos=\"fade-in\" data-aos-duration=\"1000\">\n    <div class=\"container\">\n        <div class=\"row align-items-center\">\n            <div class=\"col-lg-6 mb-4 mb-lg-0\">\n                <div class=\"raic-content-image\">\n                    <img decoding=\"async\" width=\"601\" height=\"500\" data-src=\"https:\/\/raic.org\/sites\/raic.org\/wp-content\/uploads\/2025\/05\/join-image-2.png\" class=\"img-fluid lazyload\" alt=\"Join image 2\" data-srcset=\"https:\/\/raic.org\/sites\/raic.org\/wp-content\/uploads\/2025\/05\/join-image-2.png 601w, https:\/\/raic.org\/sites\/raic.org\/wp-content\/uploads\/2025\/05\/join-image-2-300x250.png 300w\" data-sizes=\"(max-width: 601px) 100vw, 601px\" src=\"data:image\/svg+xml;base64,PHN2ZyB3aWR0aD0iMSIgaGVpZ2h0PSIxIiB4bWxucz0iaHR0cDovL3d3dy53My5vcmcvMjAwMC9zdmciPjwvc3ZnPg==\" style=\"--smush-placeholder-width: 601px; --smush-placeholder-aspect-ratio: 601\/500;\" \/>                <\/div>\n            <\/div>\n            <div class=\"col-lg-6\">\n                <div class=\"raic-text-content\">\n\n                                            <div class=\"raic-content-badge\">\n                            <span>Avantages pour les membres<\/span>\n                        <\/div>\n                    \n                                             <h2 class=\"raic-content-title\">\n                             Perfectionnement professionnel et programmes de formation<strong><strong>\u00a0<\/strong>\u00a0<\/strong>                         <\/h2>\n                    \n                                            <p class=\"raic-content-description\">\n                             Les programmes de perfectionnement professionnel et de formation de l\u2019IRAC sont reconnus pour leur grande qualit\u00e9, leur accessibilit\u00e9 et la diversit\u00e9 des sujets abord\u00e9s. En tant que membre, vous b\u00e9n\u00e9ficiez d\u2019un acc\u00e8s gratuit ou \u00e0 tarif r\u00e9duit \u00e0 l\u2019ensemble de ces programmes, afin de soutenir votre d\u00e9veloppement \u00e0 chaque \u00e9tape de votre carri\u00e8re.\u00a0                        <\/p>\n                    \n                                                                <div class=\"raic-content-actions\">\n                                                            <a href=\"https:\/\/raic.org\/fr\/developpement-professionnel\/education-continue\/\" class=\"raic-btn-primary\" aria-label=\"Pour en savoir plus - Perfectionnement professionnel et programmes de formation\u00a0\u00a0\" target=\"_blank\" rel=\"noopener noreferrer\">\n                                    Pour en savoir plus <i class=\"bi bi-arrow-right-short\"><\/i>\n                                <\/a>\n                            \n                                                             <a href=\"https:\/\/raic.org\/fr\/adherer\/pourquoi-adhere\/\" class=\"raic-btn-outline\" aria-label=\"D\u00e9couvrir les avantages - Perfectionnement professionnel et programmes de formation\u00a0\u00a0\" target=\"_blank\" rel=\"noopener noreferrer\">\n                                     D\u00e9couvrir les avantages <i class=\"bi bi-arrow-right-short\"><\/i>\n                                 <\/a>\n                                                    <\/div>\n                    \n                <\/div>\n            <\/div>\n\n        <\/div>     <\/div> <\/div>\n\n\n\n<div class=\"raic-text-image-section raic-text-image-section--flipped raic-text-image-section--has-bg wp-block-raic-blocks-raic-text-image-alternating\" data-aos=\"fade-in\" data-aos-duration=\"1000\">\n    <div class=\"container\">\n        <div class=\"row align-items-center\">\n            <div class=\"col-lg-6 mb-4 mb-lg-0 order-lg-2 order-1\">\n                <div class=\"raic-content-image\">\n                    <img decoding=\"async\" width=\"535\" height=\"420\" data-src=\"https:\/\/raic.org\/sites\/raic.org\/wp-content\/uploads\/2025\/05\/join-image-4.png\" class=\"img-fluid lazyload\" alt=\"join Image 4\" data-srcset=\"https:\/\/raic.org\/sites\/raic.org\/wp-content\/uploads\/2025\/05\/join-image-4.png 535w, https:\/\/raic.org\/sites\/raic.org\/wp-content\/uploads\/2025\/05\/join-image-4-300x236.png 300w\" data-sizes=\"(max-width: 535px) 100vw, 535px\" src=\"data:image\/svg+xml;base64,PHN2ZyB3aWR0aD0iMSIgaGVpZ2h0PSIxIiB4bWxucz0iaHR0cDovL3d3dy53My5vcmcvMjAwMC9zdmciPjwvc3ZnPg==\" style=\"--smush-placeholder-width: 535px; --smush-placeholder-aspect-ratio: 535\/420;\" \/>                <\/div>\n            <\/div>\n            <div class=\"col-lg-6 order-lg-1 order-2\">\n                <div class=\"raic-text-content\">\n\n                                            <div class=\"raic-content-badge\">\n                            <span>Qui peut se joindre<\/span>\n                        <\/div>\n                    \n                                             <h2 class=\"raic-content-title\">\n                             Trouvez la cat\u00e9gorie d\u2019adh\u00e9sion qui vous convient                         <\/h2>\n                    \n                                            <p class=\"raic-content-description\">\n                             L\u2019IRAC propose un large \u00e9ventail d\u2019options d\u2019adh\u00e9sion con\u00e7ues pour appuyer les professionnels \u00e0 chaque \u00e9tape de leur carri\u00e8re. Que vous commenciez tout juste, que vous souhaitiez perfectionner votre expertise ou que vous soyez bien \u00e9tabli dans le domaine, il existe une cat\u00e9gorie d\u2019adh\u00e9sion adapt\u00e9e \u00e0 vos besoins pour vous aider \u00e0 \u00e9tablir des liens, \u00e9voluer et r\u00e9ussir.                        <\/p>\n                    \n                                                                <div class=\"raic-content-actions\">\n                                                            <a href=\"https:\/\/raic.org\/fr\/adherer\/qui-peut-se-joindre\/\" class=\"raic-btn-primary\" aria-label=\"Pour en savoir plus - Trouvez la cat\u00e9gorie d\u2019adh\u00e9sion qui vous convient\" target=\"_blank\" rel=\"noopener noreferrer\">\n                                    Pour en savoir plus <i class=\"bi bi-arrow-right-short\"><\/i>\n                                <\/a>\n                            \n                                                    <\/div>\n                    \n                <\/div>\n            <\/div>\n\n        <\/div>     <\/div> <\/div>\n\n\n\n<section class=\"raic-quicklinks-section raic-quicklinks-section--default is-style-default wp-block-raic-blocks-raic-quick-links\" data-aos=\"fade-in\" data-aos-duration=\"1000\">\n    <div class=\"container\">\n                    <div class=\"raic-quicklinks-header\">\n                <h3>Quicklinks<\/h3>\n            <\/div>\n        \n        \n        \n        \n                    <div class=\"raic-quicklinks-grid\">\n                                    <a href=\"https:\/\/raic.org\/join\/how-to-join\/\"\n                       class=\"raic-quicklink-item\"\n                       >\n\n                                                        <div class=\"raic-quicklink-icon\" style=\"mask-image: url(https:\/\/raic.org\/sites\/raic.org\/wp-content\/uploads\/2025\/08\/How-to-join-1.svg); -webkit-mask-image: url(https:\/\/raic.org\/sites\/raic.org\/wp-content\/uploads\/2025\/08\/How-to-join-1.svg);\"><\/div>\n                            \n                                                <div class=\"raic-quicklink-label\">\n                            Adh\u00e9rez maintenant                        <\/div>\n                    <\/a>\n                                    <a href=\"https:\/\/raic.org\/fr\/adherer\/pourquoi-adhere\/\"\n                       class=\"raic-quicklink-item\"\n                       >\n\n                                                        <div class=\"raic-quicklink-icon\" style=\"mask-image: url(https:\/\/raic.org\/sites\/raic.org\/wp-content\/uploads\/2025\/08\/Why-join-1.svg); -webkit-mask-image: url(https:\/\/raic.org\/sites\/raic.org\/wp-content\/uploads\/2025\/08\/Why-join-1.svg);\"><\/div>\n                            \n                                                <div class=\"raic-quicklink-label\">\n                            Pourquoi adh\u00e9rer                        <\/div>\n                    <\/a>\n                                    <a href=\"https:\/\/raic.org\/fr\/adherer\/qui-peut-se-joindre\/\"\n                       class=\"raic-quicklink-item\"\n                       >\n\n                                                        <div class=\"raic-quicklink-icon\" style=\"mask-image: url(https:\/\/raic.org\/sites\/raic.org\/wp-content\/uploads\/2025\/08\/Who-can-join-1.svg); -webkit-mask-image: url(https:\/\/raic.org\/sites\/raic.org\/wp-content\/uploads\/2025\/08\/Who-can-join-1.svg);\"><\/div>\n                            \n                                                <div class=\"raic-quicklink-label\">\n                            Qui peut se joindre                        <\/div>\n                    <\/a>\n                                    <a href=\"https:\/\/raic.org\/fr\/adherer\/faq-adhesion\/\"\n                       class=\"raic-quicklink-item\"\n                       >\n\n                                                        <div class=\"raic-quicklink-icon\" style=\"mask-image: url(https:\/\/raic.org\/sites\/raic.org\/wp-content\/uploads\/2025\/08\/FAQs-1.svg); -webkit-mask-image: url(https:\/\/raic.org\/sites\/raic.org\/wp-content\/uploads\/2025\/08\/FAQs-1.svg);\"><\/div>\n                            \n                                                <div class=\"raic-quicklink-label\">\n                            FAQs                        <\/div>\n                    <\/a>\n                            <\/div>\n            <\/div>\n<\/section>\n\n\n<div style=\"height:0px\" aria-hidden=\"true\" class=\"wp-block-spacer\"><\/div>\n\n\n<div class=\"raic-text-section wp-block-raic-blocks-raic-text-section-with-heading\" data-aos=\"fade-in\" data-aos-duration=\"1000\">\n    <div class=\"container\">         <div class=\"raic-section-header\">\n            <h2 class=\"raic-section-title\">T\u00e9moignages<\/h2>\n        <\/div>\n        <div class=\"raic-section-content\">\n            <p class=\"raic-section-description\">\n                Voici ce que nos membres disent :            <\/p>\n        <\/div>\n    <\/div>\n<\/div>\n\n\n<div style=\"height:25px\" aria-hidden=\"true\" class=\"wp-block-spacer\"><\/div>\n\n\n\n<div class=\"wp-block-group is-content-justification-center is-nowrap is-layout-flex wp-container-core-group-is-layout-94bc23d7 wp-block-group-is-layout-flex\">\n<div class=\"wp-block-columns is-layout-flex wp-container-core-columns-is-layout-9d6595d7 wp-block-columns-is-layout-flex\">\n<div class=\"wp-block-column is-layout-flow wp-block-column-is-layout-flow\" style=\"flex-basis:100%\">\n<div class=\"wp-block-raic-blocks-raic-block-quote\">\n    <blockquote class=\"raic-block-quote\">\n                \n        <p class=\"raic-block-quote-text\">&#8220;Mon adh\u00e9sion m\u2019a permis de cr\u00e9er des liens avec un groupe de Canadiens partageant les m\u00eames valeurs. Elle m\u2019a aussi donn\u00e9 acc\u00e8s \u00e0 des occasions d\u2019approfondir mes connaissances en architecture gr\u00e2ce \u00e0 des programmes de formation, des ateliers, des conf\u00e9rences, ainsi qu\u2019\u00e0 une plateforme o\u00f9 des architectes \u00e9changent des id\u00e9es par l\u2019entremise de infolettres, de rencontres et de sites Web.&#8221;<\/p>\n        \n                    <cite class=\"raic-block-quote-byline\">\n                                    Harriet Burdett-Moulton, FRAIC                            <\/cite>\n            <\/blockquote>\n<\/div><\/div>\n<\/div>\n<\/div>\n\n\n\n<div class=\"wp-block-columns is-layout-flex wp-container-core-columns-is-layout-9d6595d7 wp-block-columns-is-layout-flex\">\n<div class=\"wp-block-column is-layout-flow wp-block-column-is-layout-flow\" style=\"flex-basis:100%\">\n<div class=\"wp-block-raic-blocks-raic-block-quote\">\n    <blockquote class=\"raic-block-quote\">\n                \n        <p class=\"raic-block-quote-text\">&#8220;<em>Mon adh\u00e9sion est pr\u00e9cieuse parce que l\u2019IRAC offre des occasions de contribuer \u00e0 des changements positifs au sein de notre profession. En tant que propri\u00e9taire d\u2019une petite entreprise, \u00eatre membre me donne aussi acc\u00e8s \u00e0 des contrats dont je ne serais peut-\u00eatre pas inform\u00e9 autrement.<\/em>&#8220;<\/p>\n        \n                    <cite class=\"raic-block-quote-byline\">\n                                    Allison Gonsalves, MRAIC                            <\/cite>\n            <\/blockquote>\n<\/div><\/div>\n<\/div>\n\n\n\n<div style=\"height:25px\" aria-hidden=\"true\" class=\"wp-block-spacer\"><\/div>\n\n\n<section style=\"margin-bottom:-32px;\" class=\"raic-general-cta raic-general-cta--has-image raic-general-cta--full-width raic-general-cta--align-left wp-block-raic-blocks-raic-cta-banner\" ><img decoding=\"async\" data-src=\"https:\/\/raic.org\/wp-content\/uploads\/2025\/05\/geometric-vector-1.svg\" alt=\"\" class=\"raic-general-cta-bg lazyload\" src=\"data:image\/svg+xml;base64,PHN2ZyB3aWR0aD0iMSIgaGVpZ2h0PSIxIiB4bWxucz0iaHR0cDovL3d3dy53My5vcmcvMjAwMC9zdmciPjwvc3ZnPg==\"><div class=\"container\"><div class=\"raic-general-cta-container\"><div class=\"raic-general-cta-content\"><h2 class=\"raic-general-cta-title\"><strong>Vous \u00e9tiez d\u00e9j\u00e0 membre?<\/strong>\u00a0<\/h2><p class=\"raic-general-cta-description\">Connectez-vous \u00e0 votre tableau de bord sur le <strong>Portail des membres<\/strong> pour r\u00e9activer votre adh\u00e9sion. Vous ne vous souvenez plus de vos identifiants ? <br>\u00c9crivez-nous \u00e0 <a href=\"mailto:adhesion@raic.org\">adhesion@raic.org<\/a>.<\/p><\/div><div class=\"raic-general-cta-action\"><a href=\"https:\/\/raic.org\/fr\/my-portal\/dashboard\/\" class=\"raic-general-cta-btn\"   aria-label=\"R\u00e9activez votre adh\u00e9sion - Vous \u00e9tiez d\u00e9j\u00e0 membre?\u00a0\">R\u00e9activez votre adh\u00e9sion <i class=\"bi bi-arrow-right\" aria-hidden=\"true\"><\/i><\/a><\/div><\/div><\/div><\/section>","protected":false},"excerpt":{"rendered":"","protected":false},"author":1,"featured_media":1099,"parent":0,"menu_order":0,"comment_status":"closed","ping_status":"closed","template":"","meta":{"_acf_changed":false,"footnotes":""},"class_list":["post-15838","page","type-page","status-publish","has-post-thumbnail","hentry"],"acf":[],"_links":{"self":[{"href":"https:\/\/raic.org\/fr\/wp-json\/wp\/v2\/pages\/15838","targetHints":{"allow":["GET"]}}],"collection":[{"href":"https:\/\/raic.org\/fr\/wp-json\/wp\/v2\/pages"}],"about":[{"href":"https:\/\/raic.org\/fr\/wp-json\/wp\/v2\/types\/page"}],"author":[{"embeddable":true,"href":"https:\/\/raic.org\/fr\/wp-json\/wp\/v2\/users\/1"}],"replies":[{"embeddable":true,"href":"https:\/\/raic.org\/fr\/wp-json\/wp\/v2\/comments?post=15838"}],"version-history":[{"count":4,"href":"https:\/\/raic.org\/fr\/wp-json\/wp\/v2\/pages\/15838\/revisions"}],"predecessor-version":[{"id":56147,"href":"https:\/\/raic.org\/fr\/wp-json\/wp\/v2\/pages\/15838\/revisions\/56147"}],"wp:featuredmedia":[{"embeddable":true,"href":"https:\/\/raic.org\/fr\/wp-json\/wp\/v2\/media\/1099"}],"wp:attachment":[{"href":"https:\/\/raic.org\/fr\/wp-json\/wp\/v2\/media?parent=15838"}],"curies":[{"name":"wp","href":"https:\/\/api.w.org\/{rel}","templated":true}]}}