{"id":15826,"date":"2025-05-23T14:19:14","date_gmt":"2025-05-23T18:19:14","guid":{"rendered":"https:\/\/staging.raic.symbiodev.xyz\/who-can-join\/"},"modified":"2025-12-10T12:27:13","modified_gmt":"2025-12-10T17:27:13","slug":"qui-peut-se-joindre","status":"publish","type":"page","link":"https:\/\/raic.org\/fr\/adherer\/qui-peut-se-joindre\/","title":{"rendered":"Qui peut se joindre"},"content":{"rendered":"\n<div class=\"raic-anchor-target-point wp-block-raic-blocks-raic-anchor-target\" id=\"section-9d3e0b\" aria-label=\"Membre \u00e0 part enti\u00e8re\" data-menu-label=\"Membre \u00e0 part enti\u00e8re\">\n        <\/div>\n\n\n<h4 class=\"wp-block-heading raic-heading-border\">Membre \u00e0 part enti\u00e8re<\/h4>\n\n\n\n<p>Le statut de membre \u00e0 part enti\u00e8re \u00e0 l&#8217;Institut royal est r\u00e9serv\u00e9 aux personnes qui ont une formation d\u00e9finie en architecture. Les membres \u00e0 part enti\u00e8re se divisent parmis les cat\u00e9gories suivantes :<\/p>\n\n\n\n<ul class=\"wp-block-list\">\n<li>Architectes<\/li>\n\n\n\n<li>Stagiaires ou architectes stagiaires<\/li>\n\n\n\n<li>Dipl\u00f4m\u00e9s en architecture<\/li>\n\n\n\n<li>Professeurs des \u00e9coles universitaires<\/li>\n\n\n\n<li>Architectes \u00e0 la retraite<\/li>\n<\/ul>\n\n\n\n<p>Les membres dans ces cat\u00e9gories peuvent utiliser les titres <strong>MIRAC<\/strong> (membre de l\u2019Institut royal d\u2019architecture du Canada) et <strong>FIRAC<\/strong> (fellow de l\u2019Institut royal d\u2019architecture du Canada).<\/p>\n\n\n\n<details class=\"wp-block-details is-layout-flow wp-block-details-is-layout-flow\"><summary><strong>Crit\u00e8res d\u2019admissibilit\u00e9 au statut de membre \u00e0 part enti\u00e8re<\/strong><\/summary>\n<div style=\"height:15px\" aria-hidden=\"true\" class=\"wp-block-spacer\"><\/div>\n\n\n\n<p>Les personnes admissibles au statut de membre \u00e0 part enti\u00e8re sont :<\/p>\n\n\n\n<div class=\"wp-block-group is-nowrap is-layout-flex wp-container-core-group-is-layout-ad2f72ca wp-block-group-is-layout-flex\">\n<div style=\"height:100px;width:0px\" aria-hidden=\"true\" class=\"wp-block-spacer wp-container-content-b0b89ccb\"><\/div>\n\n\n\n<div class=\"wp-block-group\"><div class=\"wp-block-group__inner-container is-layout-constrained wp-block-group-is-layout-constrained\">\n<ol style=\"list-style-type:lower-roman\" class=\"wp-block-list\">\n<li>E\u0302tre enregistre\u0301 et autorise\u0301 a\u0300 titre d\u2019architecte aupre\u0300s d\u2019un organisme provincial ou territorial de re\u0301glementation sur l\u2019architecture au Canada;<\/li>\n\n\n\n<li>E\u0302tre enregistre\u0301 a\u0300 titre de stagiaire aupre\u0300s d\u2019un organisme provincial ou territorial de re\u0301glementation sur l\u2019architecture au Canada;<\/li>\n\n\n\n<li>E\u0302tre membre a\u0300 temps plein et en re\u0300gle du personnel d\u2019enseignement d\u2019une e\u0301cole d\u2019architecture a\u0300 une universite\u0301 canadienne;<\/li>\n\n\n\n<li>E\u0302tre de\u0301tenteur d\u2019une mai\u0302trise en architecture ou l\u2019e\u0301quivalent dans un programme d\u2019architecture accre\u0301dite\u0301 au Canada;<\/li>\n\n\n\n<li>E\u0302tre diplo\u0302me\u0301 d\u2019un programme d\u2019architecture international et re\u0301sider ou e\u0302tre employe\u0301 au Canada et avoir obtenu une certification du Conseil canadien de certification en architecture ou avoir autrement convaincu le Conseil de ses qualifications;<\/li>\n<\/ol>\n<\/div><\/div>\n<\/div>\n\n\n\n<p><a href=\"https:\/\/roac.ca\/fr\/a-propos-du-roac\/ordres-membres-du-roac\/\">Consultez<\/a> les onze associations provinciales\/territoriales.<\/p>\n<\/details>\n\n\n\n<div style=\"height:20px\" aria-hidden=\"true\" class=\"wp-block-spacer\"><\/div>\n\n\n\n<p>Les architectes d\u00fbment autoris\u00e9s \u00e0 exercer la profession sont \u00e9galement incit\u00e9s \u00e0 utiliser leur titre d\u2019\u00ab architecte \u00bb. Ils indiquent ainsi leur statut professionnel tout en contribuant \u00e0 mieux faire conna\u00eetre les r\u00f4les importants qu\u2019ils assument dans la soci\u00e9t\u00e9.<\/p>\n\n\n\n<div class=\"raic-generic-button-wrapper has-text-align-left wp-block-raic-blocks-raic-generic-button\">\n    <a href=\"\/wp-content\/uploads\/2025\/10\/2026_new_membership_application_fr.pdf\" \n       class=\"raic-generic-btn raic-primary-btn-style\"\n       target=\"_blank\" rel=\"noopener noreferrer\">\n        T\u00e9l\u00e9chargez le formulaire de demande d&#039;adh\u00e9sion    <\/a>\n<\/div>\n\n\n\n\n<div style=\"height:15px\" aria-hidden=\"true\" class=\"wp-block-spacer\"><\/div>\n\n\n\n<h6 class=\"wp-block-heading\"><strong>Autres cat\u00e9gories de membres \u00e0 part enti\u00e8re<\/strong><\/h6>\n\n\n\n<p>Certains membres \u00e0 part enti\u00e8re, en r\u00e8gle aupr\u00e8s de l\u2019IRAC, et qui r\u00e9pondent \u00e0 des crit\u00e8res pr\u00e9cis peuvent faire partie de l\u2019une des cat\u00e9gories de membres suivantes :<\/p>\n\n\n<div class=\"raic-content-section container wp-block-raic-blocks-raic-accordion\" id=\"section-accordion\">\n        \n    <div class=\"raic-accordion\">\n                    <div class=\"raic-accordion-item\">\n                <div class=\"raic-accordion-header\">\n                    <h3 class=\"raic-accordion-title\">Fellows\u00a0<\/h3>\n                    <button class=\"raic-accordion-toggle\" aria-label=\"Toggle accordion item\">\n                        <span class=\"raic-icon-plus\"><\/span>\n                    <\/button>\n                <\/div>\n                <div class=\"raic-accordion-content\">\n                    <p>Le Coll\u00e8ge des fellows reconna\u00eet officiellement les membres et les \u00e9minents profanes qui ont fait une contribution remarquable \u00e0 la profession. Le titre de fellow est un honneur conf\u00e9r\u00e9 aux membres choisis pour avoir contribu\u00e9 \u00e0 la recherche, \u00e0 l\u2019enrichissement des connaissances, au service collectif ou pour avoir rehauss\u00e9 la r\u00e9putation de la profession architecturale au Canada et ailleurs.<\/p>\n<p>Il faut \u00eatre membre de l&#8217;Institut depuis au moins cinq ans pour que la candidature soit prise en consid\u00e9ration. Le titre de fellow est attribu\u00e9 pour la vie et repr\u00e9sente l&#8217;un des plus prestigieux honneurs que l&#8217;Institut conf\u00e8re \u00e0 ses membres.<\/p>\n<p>Les fellows peuvent utiliser l\u2019abr\u00e9viation FIRAC (fellow de l\u2019IRAC).<\/p>\n<p><a href=\"\/a-propos\/college-des-fellows\/\">Pour en savoir plus<\/a><\/p>\n                <\/div>\n            <\/div>\n                    <div class=\"raic-accordion-item\">\n                <div class=\"raic-accordion-header\">\n                    <h3 class=\"raic-accordion-title\">Membres ou Fellows \u00e0 la retraite\u00a0<\/h3>\n                    <button class=\"raic-accordion-toggle\" aria-label=\"Toggle accordion item\">\n                        <span class=\"raic-icon-plus\"><\/span>\n                    <\/button>\n                <\/div>\n                <div class=\"raic-accordion-content\">\n                    <p>Les membres ou les fellows \u00e0 part enti\u00e8re qui prennent leur retraite peuvent continuer d\u2019\u00eatre membres de l\u2019IRAC dans la cat\u00e9gorie des membres \u00e0 la retraite. Ils profitent alors d\u2019une r\u00e9duction des frais d\u2019adh\u00e9sion annuels et ils conservent tous leurs droits et privil\u00e8ges.  <\/p>\n<p>Une lettre confirmant la retraite doit \u00eatre incluse avec le formulaire de renouvellement pour \u00eatre consid\u00e9r\u00e9 pour le statut de retrait\u00e9. <\/p>\n<p>Les membres \u00e0 la retraite peuvent utiliser l\u2019abr\u00e9viation MIRAC (membres de l\u2019IRAC) et les fellows \u00e0 la retraite peuvent utiliser l\u2019abr\u00e9viation FIRAC (fellow de l\u2019IRAC).<\/p>\n                <\/div>\n            <\/div>\n                    <div class=\"raic-accordion-item\">\n                <div class=\"raic-accordion-header\">\n                    <h3 class=\"raic-accordion-title\">Membres ou Fellows \u00e0 vie\u00a0<\/h3>\n                    <button class=\"raic-accordion-toggle\" aria-label=\"Toggle accordion item\">\n                        <span class=\"raic-icon-plus\"><\/span>\n                    <\/button>\n                <\/div>\n                <div class=\"raic-accordion-content\">\n                    <p>Un membre ou un fellow peut acc\u00e9der au statut de membre \u00e0 vie ou fellow \u00e0 vie apr\u00e8s 40 ans d&#8217;adh\u00e9sion \u00e0 l&#8217;IRAC (ou atteindre l\u2019\u00e2ge de 75 ans et avoir \u00e9t\u00e9 membre pendant 10 ans), ou \u00e0 la discr\u00e9tion du conseil d&#8217;administration. Les membres \u00e0 vie conserveront tous les droits et privil\u00e8ges des membres.<\/p>\n<p>Une copie du certificat de l\u2019IRAC ou du certificat de l\u2019association provinciale est requise ou, si ces documents ne sont pas disponibles, une lettre attestant que vous avez \u00e9t\u00e9 membre de l\u2019IRAC sans interruption pendant 40 ans sera prise en consid\u00e9ration.<\/p>\n<p>Les membres \u00e0 vie peuvent utiliser l\u2019abr\u00e9viation MIRAC (membres de l\u2019IRAC) et les fellows \u00e0 vie peuvent utiliser l\u2019abr\u00e9viation FIRAC (fellow de l\u2019IRAC).  <\/p>\n<p>Les membres \u00e0 vie et les fellows \u00e0 vie sont exempt\u00e9s du paiement des frais d\u2019adh\u00e9sion annuels.<\/p>\n                <\/div>\n            <\/div>\n            <\/div>\n<\/div>\n\n\n<div class=\"raic-anchor-target-point wp-block-raic-blocks-raic-anchor-target\" id=\"section-c47d85\" aria-label=\"Affiliate Membership \" data-menu-label=\"Affiliate Membership \">\n        <\/div>\n\n\n<h4 class=\"wp-block-heading raic-heading-border\">Membre affili\u00e9<\/h4>\n\n\n\n<p>Les membres affili\u00e9s de l\u2019Institut royal d\u2019architecture du Canada sont des membres \u0153uvrant dans l\u2019industrie du design et de la construction, et qui sont li\u00e9s \u00e0 la profession architecturale. Ils peuvent \u00eatre des personnes, des soci\u00e9t\u00e9s, des organismes ou d\u2019autres entit\u00e9s.&nbsp;&nbsp;<\/p>\n\n\n\n<p>Les membres affili\u00e9s en r\u00e8gle peuvent indiquer qu\u2019ils sont membres affili\u00e9s de l\u2019Institut royal d\u2019architecture du Canada mais ne peuvent utiliser l\u2019abr\u00e9viation IRAC.<\/p>\n\n\n\n<div class=\"raic-generic-button-wrapper has-text-align-left wp-block-raic-blocks-raic-generic-button\">\n    <a href=\"\/wp-content\/uploads\/2025\/10\/2026_affiliate_fr.pdf\" \n       class=\"raic-generic-btn raic-primary-btn-style\"\n       target=\"_blank\" rel=\"noopener noreferrer\">\n        T\u00e9l\u00e9chargez le formulaire de demande d&#039;adh\u00e9sion &#8211; Affili\u00e9s    <\/a>\n<\/div>\n\n\n\n\n<div class=\"raic-generic-button-wrapper has-text-align-left wp-block-raic-blocks-raic-generic-button\">\n    <a href=\"\/fr\/about\/partenariats-corporatifs\/\" \n       class=\"raic-generic-btn raic-secondary-btn-style\"\n       >\n        Voir les forfaits de partenariats d&#039;entreprise    <\/a>\n<\/div>\n\n\n\n\n<div class=\"raic-anchor-target-point wp-block-raic-blocks-raic-anchor-target\" id=\"section-64a9d7\" aria-label=\"Associate Membership \" data-menu-label=\"Associate Membership \">\n        <\/div>\n\n\n<div style=\"height:40px\" aria-hidden=\"true\" class=\"wp-block-spacer\"><\/div>\n\n\n\n<h4 class=\"wp-block-heading raic-heading-border\">Membre associ\u00e9<\/h4>\n\n\n\n<p>Voici les deux diff\u00e9rentes cat\u00e9gories :<\/p>\n\n\n\n<h6 class=\"wp-block-heading\"><strong>Associ\u00e9 international<\/strong><\/h6>\n\n\n\n<p>Des titulaires d&#8217;un permis d&#8217;exercice de l&#8217;architecture ou de l&#8217;\u00e9quivalent \u00e9mis par un organisme non canadien habilit\u00e9 \u00e0 autoriser ses membres \u00e0 exercer la profession d&#8217;architecte, et qui sont membres en r\u00e8gle de cet organisme. Ces personnes peuvent r\u00e9sider ou non au Canada.<\/p>\n\n\n\n<p>Les associ\u00e9s internationaux de l\u2019Institut royal d\u2019architecture du Canada en r\u00e8gle peuvent signaler ce statut en joignant \u00e0 leur nom le titre <strong>\u00ab associ\u00e9 international de l\u2019IRAC \u00bb<\/strong> et non celui d\u2019associ\u00e9 d&#8217;Architecture Canada | IRAC, ni l\u2019abr\u00e9viation IRAC, ni l\u2019abr\u00e9viation AIIRAC<\/p>\n\n\n\n<div class=\"raic-generic-button-wrapper has-text-align-left wp-block-raic-blocks-raic-generic-button\">\n    <a href=\"\/wp-content\/uploads\/2025\/10\/2026_new_membership_application_fr.pdf\" \n       class=\"raic-generic-btn raic-primary-btn-style\"\n       target=\"_blank\" rel=\"noopener noreferrer\">\n        T\u00e9l\u00e9chargez le formulaire de demande d&#039;adh\u00e9sion    <\/a>\n<\/div>\n\n\n\n\n<div style=\"height:20px\" aria-hidden=\"true\" class=\"wp-block-spacer\"><\/div>\n\n\n\n<h6 class=\"wp-block-heading\"><strong>\u00c9tudiant associ\u00e9<\/strong><\/h6>\n\n\n\n<p>L\u2019adh\u00e9sion \u00e0 titre d\u2019\u00e9tudiant associ\u00e9 est destin\u00e9e aux personnes inscrites dans un programme d\u2019\u00e9tudes en architecture. Pour \u00eatre admissible \u00e0 une adh\u00e9sion gratuite en tant qu\u2019\u00e9tudiant associ\u00e9, il faut \u00eatre inscrit \u00e0 plein temps dans :<\/p>\n\n\n\n<ul class=\"wp-block-list\">\n<li>un programme de baccalaur\u00e9at en architecture ou un domaine connexe dans une \u00e9cole d\u2019architecture universitaire du Canada;<\/li>\n\n\n\n<li>un programme de grade professionnel en architecture dans une \u00e9cole d\u2019architecture universitaire du Canada;<\/li>\n\n\n\n<li>le Centre d\u2019architecture de l\u2019IRAC de l\u2019Universit\u00e9 Athabasca;<\/li>\n\n\n\n<li>le programme Syllabus de l\u2019IRAC.<\/li>\n<\/ul>\n\n\n\n<p>Les \u00e9tudiants associ\u00e9s sont exempt\u00e9s des droits d&#8217;adh\u00e9sion.&nbsp;<\/p>\n\n\n\n<div class=\"raic-generic-button-wrapper has-text-align-left wp-block-raic-blocks-raic-generic-button\">\n    <a href=\"\/wp-content\/uploads\/2025\/10\/2026_student_associate_application_fr.pdf\" \n       class=\"raic-generic-btn raic-primary-btn-style\"\n       target=\"_blank\" rel=\"noopener noreferrer\">\n        T\u00e9l\u00e9chargez le formulaire de demande d&#039;adh\u00e9sion &#8211; \u00c9tudiant    <\/a>\n<\/div>\n\n","protected":false},"excerpt":{"rendered":"<p>Membre \u00e0 part enti\u00e8re Le statut de membre \u00e0 part enti\u00e8re \u00e0 l&#8217;Institut royal est r\u00e9serv\u00e9 aux personnes qui ont une formation d\u00e9finie en architecture. Les membres \u00e0 part enti\u00e8re se divisent parmis les cat\u00e9gories suivantes : Les membres dans ces cat\u00e9gories peuvent utiliser les titres MIRAC (membre de l\u2019Institut royal d\u2019architecture du Canada) et [&hellip;]<\/p>\n","protected":false},"author":1,"featured_media":0,"parent":15838,"menu_order":2,"comment_status":"closed","ping_status":"closed","template":"template-two-column-narrow.php","meta":{"_acf_changed":false,"footnotes":""},"class_list":["post-15826","page","type-page","status-publish","hentry"],"acf":[],"_links":{"self":[{"href":"https:\/\/raic.org\/fr\/wp-json\/wp\/v2\/pages\/15826","targetHints":{"allow":["GET"]}}],"collection":[{"href":"https:\/\/raic.org\/fr\/wp-json\/wp\/v2\/pages"}],"about":[{"href":"https:\/\/raic.org\/fr\/wp-json\/wp\/v2\/types\/page"}],"author":[{"embeddable":true,"href":"https:\/\/raic.org\/fr\/wp-json\/wp\/v2\/users\/1"}],"replies":[{"embeddable":true,"href":"https:\/\/raic.org\/fr\/wp-json\/wp\/v2\/comments?post=15826"}],"version-history":[{"count":4,"href":"https:\/\/raic.org\/fr\/wp-json\/wp\/v2\/pages\/15826\/revisions"}],"predecessor-version":[{"id":52857,"href":"https:\/\/raic.org\/fr\/wp-json\/wp\/v2\/pages\/15826\/revisions\/52857"}],"up":[{"embeddable":true,"href":"https:\/\/raic.org\/fr\/wp-json\/wp\/v2\/pages\/15838"}],"wp:attachment":[{"href":"https:\/\/raic.org\/fr\/wp-json\/wp\/v2\/media?parent=15826"}],"curies":[{"name":"wp","href":"https:\/\/api.w.org\/{rel}","templated":true}]}}